{"id":22905,"date":"2016-05-16T13:27:30","date_gmt":"2016-05-16T13:27:30","guid":{"rendered":"http:\/\/8theme.com\/import\/royal\/demos\/?page_id=22905"},"modified":"2022-02-21T18:16:28","modified_gmt":"2022-02-21T18:16:28","slug":"travel","status":"publish","type":"page","link":"https:\/\/sacredeasttravel.com\/fr\/","title":{"rendered":"Travel"},"content":{"rendered":"<div class=\"vc_row wpb_row vc_row-fluid\"><div class=\"wpb_column vc_column_container vc_col-sm-4\"><div class=\"vc_column-inner\"><div class=\"wpb_wrapper\"><div class=\"banner  align-left valign-middle cursor-pointer banner-font- hover-fade\" onclick=\"window.location='https:\/\/sacredeasttravel.com\/uzbekistan\/tashkent\/'\"><div class=\"banner-content\"><div class=\"banner-inner\"><\/p>\n<div class=\"col-md-12\">\n<p class=\"banner-subtitle color-white\" style=\"text-align: center; margin-bottom: 10px;\">capitale de l'hospitalit\u00e9<\/p>\n<hr class=\"divider white horizontal-break\" style=\"height: 2px; margin: 5px auto!important;\" \/>\n<h2 class=\"banner-title color-white\" style=\"margin: 0px; font-size: 38px; font-weight: 400; text-align: center; letter-spacing: 1px;\">Tachkent<\/h2>\n<hr class=\"divider white horizontal-break\" style=\"height: 2px; margin: 5px auto!important;\" \/>\n<p class=\"banner-subtitle color-white\" style=\"text-align: center; margin-bottom: 10px;\">vous attend<\/p>\n<\/div>\n<p><\/div><\/div><img src=\"https:\/\/sacredeasttravel.com\/wp-content\/uploads\/2021\/03\/tashkent.jpg\" alt=\"\"\/><\/div><\/div><\/div><\/div><div class=\"wpb_column vc_column_container vc_col-sm-8\"><div class=\"vc_column-inner\"><div class=\"wpb_wrapper\"><div class=\"vc_row wpb_row vc_inner vc_row-fluid vc_custom_1406104914743\"><div class=\"wpb_column vc_column_container vc_col-sm-6\"><div class=\"vc_column-inner\"><div class=\"wpb_wrapper\"><div class=\"banner banner-left align-left valign-middle cursor-pointer banner-font- hover-fade\" onclick=\"window.location='https:\/\/sacredeasttravel.com\/uzbekistan\/samarkand\/'\"><div class=\"banner-content\"><div class=\"banner-inner\"><\/p>\n<div class=\"col-md-12\">\n<p class=\"banner-subtitle color-white\" style=\"text-align: center; margin-bottom: 10px;\">une perle de l'Orient<\/p>\n<hr class=\"divider white horizontal-break\" style=\"height: 2px; margin: 5px auto!important;\" \/>\n<h3 class=\"banner-title color-white\" style=\"margin: 0px; font-size: 38px; font-weight: 400; text-align: center; letter-spacing: 1px;\">Samarcande<\/h3>\n<hr class=\"divider white horizontal-break\" style=\"height: 2px; margin: 5px auto!important;\" \/>\n<p class=\"banner-subtitle color-white\" style=\"text-align: center; margin-bottom: 10px;\">vous attend<\/p>\n<\/div>\n<p><\/div><\/div><img src=\"https:\/\/sacredeasttravel.com\/wp-content\/uploads\/2021\/03\/samarkand.jpg\" alt=\"\"\/><\/div><\/div><\/div><\/div><div class=\"wpb_column vc_column_container vc_col-sm-6\"><div class=\"vc_column-inner\"><div class=\"wpb_wrapper\"><div class=\"banner  align-left valign-middle cursor-pointer banner-font- hover-fade\" onclick=\"window.location='https:\/\/sacredeasttravel.com\/uzbekistan\/bukhara\/'\"><div class=\"banner-content\"><div class=\"banner-inner\"><\/p>\n<div class=\"col-md-12\">\n<p class=\"banner-subtitle color-white\" style=\"text-align: center; margin-bottom: 10px;\">la sainte<\/p>\n<hr class=\"divider white horizontal-break\" style=\"height: 2px; margin: 5px auto!important;\" \/>\n<h2 class=\"banner-title color-white\" style=\"margin: 0px; font-size: 38px; font-weight: 400; text-align: center; letter-spacing: 1px;\">Boukhara<\/h2>\n<hr class=\"divider white horizontal-break\" style=\"height: 2px; margin: 5px auto!important;\" \/>\n<p class=\"banner-subtitle color-white\" style=\"text-align: center; margin-bottom: 10px;\">vous attend<\/p>\n<\/div>\n<p><\/div><\/div><img src=\"https:\/\/sacredeasttravel.com\/wp-content\/uploads\/2021\/03\/bukhara.jpg\" alt=\"\"\/><\/div><\/div><\/div><\/div><\/div><div class=\"banner banner-left align-left valign-middle cursor-pointer banner-font- hover-fade\" onclick=\"window.location='#'\"><div class=\"banner-content\"><div class=\"banner-inner\"><\/p>\n<div class=\"col-md-6\">\n<p class=\"banner-subtitle color-white\" style=\"text-align: center; margin-bottom: 10px;\">ville-mus\u00e9e sous le ciel bleu<\/p>\n<hr class=\"divider white horizontal-break\" style=\"height: 2px; margin: 5px auto!important;\" \/>\n<h2 class=\"banner-title color-white\" style=\"margin: 0px; font-size: 38px; font-weight: 400; text-align: center; letter-spacing: 1px;\">Khiva<\/h2>\n<hr class=\"divider white horizontal-break\" style=\"height: 2px; margin: 5px auto!important;\" \/>\n<p class=\"banner-subtitle color-white\" style=\"text-align: center; margin-bottom: 10px;\">vous attend<\/p>\n<\/div>\n<p><\/div><\/div><img src=\"https:\/\/sacredeasttravel.com\/wp-content\/uploads\/2021\/03\/Khiva.jpg\" alt=\"\"\/><\/div><\/div><\/div><\/div><\/div><div class=\"vc_row wpb_row vc_row-fluid vc_custom_1408540472126\"><div class=\"wpb_column vc_column_container vc_col-sm-12\"><div class=\"vc_column-inner\"><div class=\"wpb_wrapper\">\n\t<div class=\"wpb_text_column wpb_content_element\" >\n\t\t<div class=\"wpb_wrapper\">\n\t\t\t<h2 style=\"text-align: center;\">NOS OFFRES CHAUDES<\/h2>\n<hr class=\"divider active horizontal-break small\" \/>\n<p style=\"text-align: center; font-size: 14px;\">D\u00e9couvrez l'Ouzb\u00e9kistan avec Sacred East Travel! Voyagez en suivant l'itin\u00e9raire individuel con\u00e7u sp\u00e9cialement pour vous.<\/p>\n<p style=\"text-align: center; font-size: 14px;\">\u00a0Inventez vos aventures en Ouzb\u00e9kistan aujourd'hui !<\/p>\n\n\t\t<\/div>\n\t<\/div>\n<div class=\"vc_row wpb_row vc_inner vc_row-fluid\"><div class=\"wpb_column vc_column_container vc_col-sm-4\"><div class=\"vc_column-inner\"><div class=\"wpb_wrapper\"><div class=\"banner  align-left valign-top banner-font- hover-zoom\" ><div class=\"banner-content\"><div class=\"banner-inner\"><\/div><\/div><img src=\"https:\/\/sacredeasttravel.com\/wp-content\/uploads\/2021\/03\/tour-to-uzbekistan-600x400.jpg\" alt=\"\"\/><\/div>\n\t<div class=\"wpb_text_column wpb_content_element  vc_custom_1617453497688\" >\n\t\t<div class=\"wpb_wrapper\">\n\t\t\t<h5 style=\"text-align: center;\"><strong>VILLES ET VILLAGES OUZBEKS<\/strong><\/h5>\n<hr class=\"break\" style=\"margin: 20px 0;\" \/>\n<p style=\"font-size: 14px; text-align: justify;\"><em>Le circuit dans les montagnes de Nourata est une unique possibilit\u00e9 de voir la vie du village ouzbek avec tous ses joies. Ici, loin de la civilisation, on commence \u00e0 comprendre le sens de la vie. On prend connaissance de la culture ouzb\u00e8ke originale, des traditions s\u00e9culaires et du mode de vie tranquille des habitants locaux.\u00a0<\/em><\/p>\n<p style=\"text-align: left; font-size: 18px;\"><strong><span class=\"price active\" style=\"display: inline;\">11 jours\/ 9 nuits <\/span><\/strong><\/p>\n\n\t\t<\/div>\n\t<\/div>\n\n\t<div class=\"wpb_text_column wpb_content_element\" >\n\t\t<div class=\"wpb_wrapper\">\n\t\t\t<p><a class=\"btn big filled active\" style=\"text-transform: uppercase;\" href=\"https:\/\/sacredeasttravel.com\/fr\/tours\/uzbek-village-tour\/\">Read more<\/a><\/p>\n\n\t\t<\/div>\n\t<\/div>\n<\/div><\/div><\/div><div class=\"wpb_column vc_column_container vc_col-sm-4\"><div class=\"vc_column-inner\"><div class=\"wpb_wrapper\"><div class=\"banner  align-left valign-top banner-font- hover-zoom\" ><div class=\"banner-content\"><div class=\"banner-inner\"><\/div><\/div><img src=\"https:\/\/sacredeasttravel.com\/wp-content\/uploads\/2021\/04\/horse-riding-tours-to-uzbekistan-600x400.jpg\" alt=\"\"\/><\/div>\n\t<div class=\"wpb_text_column wpb_content_element  vc_custom_1617453488448\" >\n\t\t<div class=\"wpb_wrapper\">\n\t\t\t<h5 style=\"text-align: center;\"><strong>RANDON\u00c9ES \u00c0  CHEVAL EN OUZB\u00c9KISTAN\u00a0<\/strong><\/h5>\n<hr class=\"break\" style=\"margin: 20px 0;\" \/>\n<p style=\"font-size: 14px; text-align: justify;\"><em>L'Ouzb\u00e9kistan est une mosa\u00efque de peuples, cultures et traditions. Nos ballades en Ouzb\u00e9kistan vous am\u00e8neront \u00e0 la rencontre de ces peuples sur la Route de la Soie, \u00e0 la d\u00e9couverte d'anciennes cit\u00e9s caravani\u00e8res v\u00e9ritables joyaux d'architecture : Samarcande, Boukhara... mais aussi des grands espaces d'Asie Centrale, aux d\u00e9serts, oasis, et montagnes, id\u00e9aux pour la randonn\u00e9e.<\/em><\/p>\n<p style=\"text-align: left; font-size: 18px;\"><strong><span class=\"price active\" style=\"display: inline;\">15 jours\/ 13 nuits <\/span><\/strong><\/p>\n\n\t\t<\/div>\n\t<\/div>\n\n\t<div class=\"wpb_text_column wpb_content_element\" >\n\t\t<div class=\"wpb_wrapper\">\n\t\t\t<p><a class=\"btn big filled active\" style=\"text-transform: uppercase;\" href=\"https:\/\/sacredeasttravel.com\/fr\/tours\/horse-riding-program\/\">Read more<\/a><\/p>\n\n\t\t<\/div>\n\t<\/div>\n<\/div><\/div><\/div><div class=\"wpb_column vc_column_container vc_col-sm-4\"><div class=\"vc_column-inner\"><div class=\"wpb_wrapper\"><div class=\"banner  align-left valign-top banner-font- hover-zoom\" ><div class=\"banner-content\"><div class=\"banner-inner\"><\/div><\/div><img src=\"https:\/\/sacredeasttravel.com\/wp-content\/uploads\/2022\/02\/20211031_130550-1.png\" alt=\"\"\/><\/div>\n\t<div class=\"wpb_text_column wpb_content_element  vc_custom_1645465587660\" >\n\t\t<div class=\"wpb_wrapper\">\n\t\t\t<h5 style=\"text-align: center;\"><strong>VOYAGE EN FAMILLE OUZB\u00c9KISTAN<\/strong><\/h5>\n<hr class=\"break\" style=\"margin: 20px 0;\" \/>\n<p style=\"font-size: 14px; text-align: justify;\"><em>En famille, d\u00e9couvrez l\u2019Ouzb\u00e9kistan, un pays magnifique encore trop m\u00e9connu. La grande diversit\u00e9 de ses paysages et les richesses de son patrimoine permettent, au cours d\u2019un m\u00eame voyage, des variations infinies de th\u00e9matiques de d\u00e9couverte et d\u2019aventures, ce qui en fait une destination id\u00e9ale avec des enfants !\u00a0<\/em><\/p>\n<p style=\"text-align: left; font-size: 18px;\"><strong><span class=\"price active\" style=\"display: inline;\">11 jours\/ 9 nuits <\/span><\/strong><\/p>\n\n\t\t<\/div>\n\t<\/div>\n\n\t<div class=\"wpb_text_column wpb_content_element\" >\n\t\t<div class=\"wpb_wrapper\">\n\t\t\t<p><a class=\"btn big filled active\" style=\"text-transform: uppercase;\" href=\"https:\/\/sacredeasttravel.com\/fr\/tours\/gastronomic-tour-to-uzbekistan\/\">Read more<\/a><\/p>\n\n\t\t<\/div>\n\t<\/div>\n<\/div><\/div><\/div><\/div><\/div><\/div><\/div><\/div><div data-vc-full-width=\"true\" data-vc-full-width-init=\"false\" data-vc-parallax=\"1.5\" data-vc-parallax-image=\"https:\/\/sacredeasttravel.com\/wp-content\/uploads\/2022\/02\/Mask-Group-2.png\" class=\"vc_row wpb_row vc_row-fluid cta-block-travel travel-hover-button vc_custom_1645467283875 vc_row-has-fill vc_row-o-full-height vc_row-o-columns-middle vc_row-flex vc_general vc_parallax vc_parallax-content-moving\"><div class=\"wpb_column vc_column_container vc_col-sm-10\"><div class=\"vc_column-inner\"><div class=\"wpb_wrapper\"><\/div><\/div><\/div><\/div><div class=\"vc_row-full-width vc_clearfix\"><\/div><div class=\"vc_row wpb_row vc_row-fluid\"><div class=\"wpb_column vc_column_container vc_col-sm-12\"><div class=\"vc_column-inner\"><div class=\"wpb_wrapper\">\n\t<div class=\"wpb_text_column wpb_content_element\" >\n\t\t<div class=\"wpb_wrapper\">\n\t\t\t<h2 style=\"text-align: center;\">Our Partners<\/h2>\n<hr class=\"divider active horizontal-break small\" \/>\n<p style=\"text-align: center; font-size: 14px;\">Our trusted partners help our travel agents provide you with above and beyond travel experiences. We have spent years building valuable relationships with our partners in the travel industry including cruise lines, tour operators, hotels, car rental companies and more.<\/p>\n\n\t\t<\/div>\n\t<\/div>\n<\/div><\/div><\/div><\/div>","protected":false},"excerpt":{"rendered":"the city of bread Tashkent waiting for you pearl of the east Samarkand waiting for you the beauty of the spirit Bukhara waiting for you...","protected":false},"author":1,"featured_media":0,"parent":0,"menu_order":0,"comment_status":"closed","ping_status":"closed","template":"","meta":[],"_links":{"self":[{"href":"https:\/\/sacredeasttravel.com\/fr\/wp-json\/wp\/v2\/pages\/22905"}],"collection":[{"href":"https:\/\/sacredeasttravel.com\/fr\/wp-json\/wp\/v2\/pages"}],"about":[{"href":"https:\/\/sacredeasttravel.com\/fr\/wp-json\/wp\/v2\/types\/page"}],"author":[{"embeddable":true,"href":"https:\/\/sacredeasttravel.com\/fr\/wp-json\/wp\/v2\/users\/1"}],"replies":[{"embeddable":true,"href":"https:\/\/sacredeasttravel.com\/fr\/wp-json\/wp\/v2\/comments?post=22905"}],"version-history":[{"count":0,"href":"https:\/\/sacredeasttravel.com\/fr\/wp-json\/wp\/v2\/pages\/22905\/revisions"}],"wp:attachment":[{"href":"https:\/\/sacredeasttravel.com\/fr\/wp-json\/wp\/v2\/media?parent=22905"}],"curies":[{"name":"wp","href":"https:\/\/api.w.org\/{rel}","templated":true}]}}