{"id":22989,"date":"2021-04-03T07:20:57","date_gmt":"2021-04-03T07:20:57","guid":{"rendered":"https:\/\/sacredeasttravel.com\/?page_id=22989"},"modified":"2022-02-11T16:43:31","modified_gmt":"2022-02-11T16:43:31","slug":"uzbek-village-tour","status":"publish","type":"page","link":"https:\/\/sacredeasttravel.com\/fr\/tours\/uzbek-village-tour\/","title":{"rendered":"VILLES ET VILLAGES OUZBEKS"},"content":{"rendered":"<div class=\"vc_row wpb_row vc_row-fluid\"><div class=\"wpb_column vc_column_container vc_col-sm-6\"><div class=\"vc_column-inner\"><div class=\"wpb_wrapper\">\n\t<div class=\"wpb_gallery wpb_content_element   clearfix\">\n\t\t<div class=\"wpb_wrapper\"><div class=\"wpb_gallery_slides owl_slider4561 owl-carousel owl-theme owl_slider\" data-interval=\"5\"><a rel=\"lightboxGall\" href=\"https:\/\/sacredeasttravel.com\/wp-content\/uploads\/2021\/04\/UZBEK-VILLAGE-TOUR-1.jpg\"><img class=\"\" src=\"https:\/\/sacredeasttravel.com\/wp-content\/uploads\/2021\/04\/UZBEK-VILLAGE-TOUR-1-600x400.jpg\" width=\"600\" height=\"400\" alt=\"UZBEK-VILLAGE-TOUR\" title=\"UZBEK-VILLAGE-TOUR\" \/><\/a><a rel=\"lightboxGall\" href=\"https:\/\/sacredeasttravel.com\/wp-content\/uploads\/2021\/04\/UZBEK-VILLAGE-TOUR-2-1.jpg\"><img class=\"\" src=\"https:\/\/sacredeasttravel.com\/wp-content\/uploads\/2021\/04\/UZBEK-VILLAGE-TOUR-2-1-600x400.jpg\" width=\"600\" height=\"400\" alt=\"UZBEK-VILLAGE-TOUR-2\" title=\"UZBEK-VILLAGE-TOUR-2\" \/><\/a><a rel=\"lightboxGall\" href=\"https:\/\/sacredeasttravel.com\/wp-content\/uploads\/2021\/04\/UZBEK-VILLAGE-TOUR-3.jpg\"><img class=\"\" src=\"https:\/\/sacredeasttravel.com\/wp-content\/uploads\/2021\/04\/UZBEK-VILLAGE-TOUR-3-600x400.jpg\" width=\"600\" height=\"400\" alt=\"UZBEK-VILLAGE-TOUR-3\" title=\"UZBEK-VILLAGE-TOUR-3\" \/><\/a><\/div>\n\t\t<\/div> \n\t<\/div> <script type=\"text\/javascript\">     jQuery(\".owl_slider4561\").owlCarousel({         items:4,          nav: true,         navText:[\"\",\"\"],         rewind: false,         responsive: {0:{items:1}, 479:{items:1}, 619:{items:1}, 768:{items:1},  1200:{items:1}, 1600:{items:1}}    }); <\/script><\/div><\/div><\/div><div class=\"wpb_column vc_column_container vc_col-sm-6\"><div class=\"vc_column-inner\"><div class=\"wpb_wrapper\">\n\t<div class=\"wpb_text_column wpb_content_element\" >\n\t\t<div class=\"wpb_wrapper\">\n\t\t\t<p><em>Le circuit dans les montagnes de Nourata est une unique possibilit\u00e9 de voir la vie du village ouzbek avec tous ses joies. Ici, loin de la civilisation, on commence \u00e0 comprendre le sens de la vie. On prend connaissance de la culture ouzb\u00e8ke originale, des traditions s\u00e9culaires et du mode de vie tranquille des habitants locaux. \nUne escapade authentique pour une immersion dans la vie locale des villageois ouzbeks habitant dans le sud du pays, entre les anciens Etats Bactrien et Sogdiane. D\u00e9couvrez le village Derbent nich\u00e9 dans les montagnes, dont l\u2019histoire remonte \u00e0 l\u2019\u00e9poque d\u2019Alexandre le Grand. Il y avait rencontr\u00e9 son \u00e9pouse, Roxane, la fille de Sogdiane.\nEt le village de Sintab situ\u00e9 dans la r\u00e9s\u00e8rve naturelle des noyers de montagne des Monts Nourataou, pr\u00e8s de Nourata \u00e0 150km au sud-est de Samarcande. Les paysages \u00e0 couper le souffle et des bergers avec leurs troupeaux de moutons et de vaches, des maisons de pi\u00e8rre situ\u00e9es au creux d\u2019un canyon verdoyant et la population locale compos\u00e9e essentiellement de Tadjiks et la randonn\u00e9e dans les Monts Nouratines\u2026\nEntre paysages magnifiques et hospitalit\u00e9 du peuple ouzbek qui garde son mode de vie traditionnel, cette escapade fait de moments inoubliables. <\/em><em><p> <\/em><em><p><\/em><\/p>\n<hr \/>\n<p><strong>Dur\u00e9e du circuit\u00a0: 11 jours\/ 9 nuits<br \/>\nItin\u00e9raire: Tachkent \u2013 Termez Derbent \u2013 Boukhara \u2013 Asraf - Samarcande \u2014 Shakhrisabz \u2013 Tachkent<\/strong><\/p>\n\n\t\t<\/div>\n\t<\/div>\n<\/div><\/div><\/div><\/div><div class=\"vc_row wpb_row vc_row-fluid\"><div class=\"wpb_column vc_column_container vc_col-sm-12\"><div class=\"vc_column-inner\"><div class=\"wpb_wrapper\">\n\t<div class=\"wpb_text_column wpb_content_element\" >\n\t\t<div class=\"wpb_wrapper\">\n\t\t\t<p><strong>Jour 1. Mardi : PARIS \u2013 TACHKENT (vol)<\/strong><br \/>\nEnvol de Paris. Nuit au bord de I\u2019avion.<\/p>\n<p><strong>Jour 2. Mercredi : TACHKENT<\/strong><br \/>\nArriv\u00e9e matinale \u00e0 Tachkent \u00e0 05h35 par le vol HY 252. Transfert \u00e0 l\u2019h\u00f4tel.\nIl n\u2019y a pas beaucoup de\u00a0 villes au monde, qui comme les villes de l\u2019Ouzb\u00e9kistan peuvent pr\u00e9server pendant des si\u00e8cles la beaut\u00e9 et le souffle des \u00e9poques r\u00e9volues, et les combiner avec le rythme insaisissable et \u00e9ph\u00e9m\u00e8re de la vie moderne. L\u00e0 les ruines des vieux ch\u00e2teaux, des palais, des rues pav\u00e9es, rappelant la grandeur des dirigeants qui ont v\u00e9cu jadis ici, voisinent paisiblement avec des gratte-ciels, des tours, des maisons, des immeubles des bureaux et des banques, des places et des parcs, construits au cours des derni\u00e8res d\u00e9cennies. Ainsi est Tachkent, la capitale de l\u2019Ouzb\u00e9kistan \u2013 la ville de pain, de soie, de coton, de tabac, des fruits.\nVisite panoramique de la capitale de l\u2019Ouzb\u00e9kistan avec\u00a0la place de l\u2019Ind\u00e9pendance, la\u00a0place de Khasti-Imam, le\u00a0mus\u00e9e des Arts appliqu\u00e9s.<br \/>\n<p><\/p>\n<p><strong>Jour 3. Jeudi : TACHKENT \u2013 TERMEZ \u2013 DERBENT<\/strong><br \/>\nTransfert \u00e0 l\u2019a\u00e9roport pour le vol pour Termez HY 1151 \u00e0 7h10 \u2013 9h00. Arriv\u00e9e et transfert \u00e0 l\u2018h\u00f4tel.\nExcursion \u00e0 l\u2019ancien centre bouddhiste \u2013 la ville de Termez. Vous visiterez le khanaka Kokildor-Ota, la forteresse Kyrk-Kyz \u2013 la r\u00e9sidence d\u2019\u00e9t\u00e9 des souverains de la dynastie des Samanides, l\u2019ensemble Sultan Saodat et Zurmala (stupa du Bouddha). Ensuite, vous allez voir les sites arch\u00e9ologiques bouddhistes Kampyrtepa et Fayaztepa, ainsi que le mausol\u00e9e d\u2019Al-Hakim At-Termezi. Visite du mus\u00e9e arch\u00e9ologique. Nuit \u00e0 l\u2019h\u00f4tel.\nAujourd\u2019hui vous allez d\u00e9couvrir le plus beau paysage du pays, traverser les montagnes Gissar Olay, arriv\u00e9e au village Derbent, accueil par une famille et installation chez l\u2019habitant.<\/p>\n<p><strong>Jour 4. Vendredi : DERBENT<\/strong><br \/>\nPetit d\u00e9jeuner.\nRencontre avec les villageois.\n4 \u00e0 5 heures de marche.\nBalade dans le village. C\u2019est le point de passage oblig\u00e9 vers la gorge et les drottes de la Matchay, la for\u00eat de gen\u00e9vriers archa et les lointaines vall\u00e9es tadjikes. On raconte que les grottes de Berloga conserveraient m\u00eame des ours momifi\u00e9s. Randonn\u00e9es sur les collines surplombant le village, arr\u00eat \u00e0 la source. D\u00eener et nuit chez l\u2019habitant.<\/p>\n<p><strong>Jour 5. Samedi : DERBENT \u2013 BOUKHARA<\/strong><br \/>\nRoute pour Boukhara. Arriv\u00e9e et installation \u00e0 l\u2019h\u00f4tel.\nVisite de la forteresse Ark, situ\u00e9 sur le Registan de Boukhara, place centrale de la vieille ville.<br \/>\n<strong><br \/>\nJour 6. Dimanche : BOUKHARA<\/strong><br \/>\nPetit d\u00e9jeuner.\nBoukhara est ville mus\u00e9e au milieu des sables avec l\u2019histoire de deux milles ans rendue c\u00e9l\u00e8bre par son ancien march\u00e9 de tapis. L\u00e9mergence de la ville est entour\u00e9e de nombreuses l\u00e9gendes et contes. Une l\u00e9gende raconte que le fils du roi iranien Siyavouch est arriv\u00e9 \u00e0 Boukhara, a \u00e9pous\u00e9 la fille du roi Afrasiab et a construit l\u00e0-bas la forteresse d\u2019Ark. Les tribus scythes, le roi perse Darius, le conqu\u00e9rant Alexandre le Grand, Gengis Khan et Tamerlan \u2013 tous ils \u00e9taient l\u00e0. Des savants, des \u00e9crivains et des artistes de l\u2019Orient c\u00e9l\u00e8bres dans monde entier ont vecu dans diff\u00e9rents si\u00e8cles ici, \u00e0 Boukhara. Le voyageur italien Marco Polo, qui a visit\u00e9 la ville au XIVe si\u00e8cle, l\u2019a appel\u00e9 une ville de grande splendeur. La c\u00e9l\u00e8bre art\u00e8re commerciale \u2013 la Grande Route de la Soie de Chine en Europe traversait Boukhara et Samarcande dans ces ann\u00e9es.\nVisite de la ville de Boukhara pendant toute la journ\u00e9e :\nLa place Labi-Khaouz  avec un grand bassin d\u2019eau, autour duquel sont situ\u00e9s: la place Poi-Kalian avec le minaret Kalian (XII\u00e8me s.), la mosqu\u00e9e Kalian (XV\u00e8me s.), la medersa Miri-Arab (XVI\u00e8me s.) qui fonctionne toujours. La Medersas d\u2019Ouioubek (XV\u00e8me s.) et d\u2019Abdoulazizkhan (XVII\u00e8me s.). La Medersa Koukeldach (XVI\u00e8me s.) la plus grande de l\u2019Asie Centrale; la medersa Nodir Divan-Begui et khanaka. Visite des monuments situ\u00e9s dans le parc des Samanides. : Mazar Chachma \u2013Ayoub XII\u00e8me et la perle de l\u2019architecture d\u2019Asie Centrale : le mausol\u00e9e des Samanides fini en 908, le plus anciens mausol\u00e9e du monde islamique, construit en premi\u00e8res briques cuites, class\u00e9 par l\u2019UNESCO parmi 10 les plus importants monuments de l\u2019humanit\u00e9. Une jolie mosqu\u00e9e Bolo-Khaouz (XVIII\u00e8me s.) avec une terrasse dot\u00e9e de 20 colonnes en bois.<\/p>\n<p><strong>Jour 7. Lundi : BOUKHARA \u2013 ASRAF<\/strong><br \/>\nPetit d\u00e9jeuner.\nOn prend la route vers le village Asraf. Arriv\u00e9e, acceuil par la famille ouzb\u00e8que et installation chez l\u2019habitant dans la maison de Yahshigul et Rahmat. Balade autour du village.\nD\u00eener et nuit chez l\u2019habitant.<\/p>\n<p><strong>Jour 8. Mardi : ASRAF \u2013 SAMARCANDE<\/strong><br \/>\nMatin\u00e9e consacr\u00e9e \u00e0 la d\u00e9couverte du village de Asraf et la population locale.\nLe village de Asraf pittoresque maison de pi\u00e8rre se situe au creux d\u2019un canyon verdoyant, r\u00e9el contraste avec l\u2019aridit\u00e9 des versants des montagnes, ce qui donne tout son charme et son myst\u00e8re au lieu. Les habitants du village m\u00e8nent leur propre mode de vie, les enfants vont \u00e0 l\u2019\u00e9cole, les adultes s\u2019occupent de l\u2019\u00e9levage du b\u00e9tail et cultivent des fruits et des l\u00e9gumes, des artisants font leurs articles traditionnelles.   \nPossibilit\u00e9 de se balader dans les montagnes jusqu\u2019aux anciennes gravures rupestres et randonn\u00e9e dans les monts Nouratines. Le contact avec la population locale compos\u00e9e essentiellement de Tadjiks se fait tr\u00e8s facilement. L\u2019accueil toujours agr\u00e9able et ouvert permet \u00e0 partager avec un plaisir perceptible tous les secrets du village et des montagnes. D\u00e9jeuner\nPuis vous  prendrez la route de Samarcande. Nuit \u00e0 l\u2019h\u00f4tel.<\/p>\n<p><strong>Jour 9. Mercredi : SAMARCANDE<\/strong><br \/>\nPetit d\u00e9jeuner.\nSamarcande est une des plus anciennes villes de l\u2019Asie centrale qui a plus de 2750 ans. Les ouzbeks disent que Samarcande est aussi vieux que la Terre. La ville a \u00e9t\u00e9 conquise par les soldats d\u2019Alexandre le Grand, les troupes du Califat Arabe, les hordes mongoles de Gengis Khan ! Mais la ville se reconstruisait encore et encore\u2026 A la fin du XIVe si\u00e8cle Samarcande est devenue la capitale de l\u2019empire immense de Timour et l\u2019objet de sa pr\u00e9occupation particuli\u00e8re. De nombreux palais et b\u00e2timents majestueux ont \u00e9t\u00e9 y construits.\nVisite de la ville de Samarcande pendant toute la journ\u00e9e, veritable \u201ccentre du paradis\u201d pour les artistes et les reve\u00fbrs : l\u2019observatoire d\u2019Oulougbek, le mus\u00e9e de la fondation des vestiges d\u2019Afrosiab, l\u2019ensemble Shakhi-Zinda, l\u2019un des plus magnifiques \u00e0 l\u2019est, la mosqu\u00e9e de Bibi-Khanym \u2013 une des plus anciennes mosqu\u00e9es du monde musulman et le plus grand march\u00e9 de Siyob, le mausol\u00e9e de Gour- Emir \u2013 le tombeau familial de Timour et les h\u00e9ritiers de l\u2019empire et la c\u00e9l\u00e8bre place de Reguistan avec ses 3 m\u00e9dersas : Oulougbek, Sherdor et Tilla Kari.<\/p>\n<p><strong>Jour 10. Jeudi : SAMARCANDE \u2013 TACHKENT<\/strong><\/p>\n<p>Le groupe poursuit des ateliers d\u2019artisanat :\nAtelier de papier de soie. A l\u2019arriv\u00e9e \u00e0 l\u2019atelier le groupe boit du th\u00e9 dans la cour et \u00e9coutent l\u2019aper\u00e7u historique de l\u2019atelier, puis on passe \u00e0 l\u2019exploration progressive de la production de papier de soie, papier marbr\u00e9 et masques. En guise de souvenir le groupe prend le papier de soie et marbr\u00e9 \nLa fabrique des tapis de soie qui donne la chance d\u2019observer toutes les \u00e9tapes de la fabrication des tapis : du d\u00e9coconage et de la teinture des fils de soie jusqu\u2019au tissage \u00e0 la main. En guise de souvenir le groupe prend une pelote de fils de soie de la couleur choisie.\nBatik \u2013 la peinture sur tissu. Dans la cour de sa maison la ma\u00eetresse raconte aux invit\u00e9s toutes les \u00e9tapes de la production de tissu peint \u2013 de la coloration du tissu jusqu\u2019au fixation du dessin et la couture des articles. Chaque client peut essayer de peindre un morceau de soie qu\u2019ils prennent alors comme un souvenir.\nDans l\u2019apr\u00e8s-midi on prend la route pour Tachkent. Arriv\u00e9e et transfert \u00e0 l\u2019h\u00f4tel. Installation.\n\n<br><br><b>Jour 11. Vendredi : TACHKENT \u2013 PARIS (vol)<\/b><br><br>\nPetit d\u00e9jeuner.\nTemps libre avant le transfert \u00e0 l\u2019a\u00e9roport pour le vol de retour HY 251 \u00e0 14h55.<\/p>\n<p>&nbsp;<\/p>\n<p><strong><p><\/strong><\/p>\n\n\t\t<\/div>\n\t<\/div>\n<\/div><\/div><\/div><\/div><div class=\"vc_row wpb_row vc_row-fluid\"><div class=\"wpb_column vc_column_container vc_col-sm-12\"><div class=\"vc_column-inner\"><div class=\"wpb_wrapper\">\n\t<div class=\"wpb_text_column wpb_content_element\" >\n\t\t<div class=\"wpb_wrapper\">\n\t\t\t<p><span style=\"color: #ff0000;\"><strong><p><\/strong><\/span><\/p>\n\n\t\t<\/div>\n\t<\/div>\n<div class=\"vc_separator wpb_content_element vc_separator_align_center vc_sep_width_100 vc_sep_pos_align_center vc_sep_color_grey vc_separator-has-text\" ><span class=\"vc_sep_holder vc_sep_holder_l\"><span  class=\"vc_sep_line\"><\/span><\/span><h4>demande de visite<\/h4><span class=\"vc_sep_holder vc_sep_holder_r\"><span  class=\"vc_sep_line\"><\/span><\/span>\n<\/div>\n\t<div class=\"wpb_text_column wpb_content_element\" >\n\t\t<div class=\"wpb_wrapper\">\n\t\t\t<p>[super_form id=&#8221;23011&#8243;]<\/p>\n\n\t\t<\/div>\n\t<\/div>\n<hr class=\"divider\" style=\"height:px;\"\/><\/div><\/div><\/div><\/div>","protected":false},"excerpt":{"rendered":"We invite you to discover some unexplored regions of Uzbekistan, places less visited by tourists, where the charm and traditions of the past are well...","protected":false},"author":1,"featured_media":0,"parent":22999,"menu_order":0,"comment_status":"closed","ping_status":"closed","template":"","meta":[],"_links":{"self":[{"href":"https:\/\/sacredeasttravel.com\/fr\/wp-json\/wp\/v2\/pages\/22989"}],"collection":[{"href":"https:\/\/sacredeasttravel.com\/fr\/wp-json\/wp\/v2\/pages"}],"about":[{"href":"https:\/\/sacredeasttravel.com\/fr\/wp-json\/wp\/v2\/types\/page"}],"author":[{"embeddable":true,"href":"https:\/\/sacredeasttravel.com\/fr\/wp-json\/wp\/v2\/users\/1"}],"replies":[{"embeddable":true,"href":"https:\/\/sacredeasttravel.com\/fr\/wp-json\/wp\/v2\/comments?post=22989"}],"version-history":[{"count":0,"href":"https:\/\/sacredeasttravel.com\/fr\/wp-json\/wp\/v2\/pages\/22989\/revisions"}],"up":[{"embeddable":true,"href":"https:\/\/sacredeasttravel.com\/fr\/wp-json\/wp\/v2\/pages\/22999"}],"wp:attachment":[{"href":"https:\/\/sacredeasttravel.com\/fr\/wp-json\/wp\/v2\/media?parent=22989"}],"curies":[{"name":"wp","href":"https:\/\/api.w.org\/{rel}","templated":true}]}}