{"id":23061,"date":"2021-04-03T12:18:38","date_gmt":"2021-04-03T12:18:38","guid":{"rendered":"https:\/\/sacredeasttravel.com\/?page_id=23061"},"modified":"2021-04-13T18:21:29","modified_gmt":"2021-04-13T18:21:29","slug":"horse-riding-program","status":"publish","type":"page","link":"https:\/\/sacredeasttravel.com\/fr\/tours\/horse-riding-program\/","title":{"rendered":"RANDON\u00c9ES \u00c0  CHEVAL EN OUZB\u00c9KISTAN"},"content":{"rendered":"<div class=\"vc_row wpb_row vc_row-fluid\"><div class=\"wpb_column vc_column_container vc_col-sm-6\"><div class=\"vc_column-inner\"><div class=\"wpb_wrapper\">\n\t<div class=\"wpb_gallery wpb_content_element   clearfix\">\n\t\t<div class=\"wpb_wrapper\"><div class=\"wpb_gallery_slides owl_slider8746 owl-carousel owl-theme owl_slider\" data-interval=\"5\"><a rel=\"lightboxGall\" href=\"https:\/\/sacredeasttravel.com\/wp-content\/uploads\/2021\/04\/horse-riding-program.jpg\"><img class=\"\" src=\"https:\/\/sacredeasttravel.com\/wp-content\/uploads\/2021\/04\/horse-riding-program-600x400.jpg\" width=\"600\" height=\"400\" alt=\"horse-riding-program\" title=\"horse-riding-program\" \/><\/a><a rel=\"lightboxGall\" href=\"https:\/\/sacredeasttravel.com\/wp-content\/uploads\/2021\/04\/horse-riding-program-tours.jpg\"><img class=\"\" src=\"https:\/\/sacredeasttravel.com\/wp-content\/uploads\/2021\/04\/horse-riding-program-tours-600x400.jpg\" width=\"600\" height=\"400\" alt=\"horse-riding-program-tours\" title=\"horse-riding-program-tours\" \/><\/a><a rel=\"lightboxGall\" href=\"https:\/\/sacredeasttravel.com\/wp-content\/uploads\/2021\/04\/horse-riding-program-uzbekistan.jpg\"><img class=\"\" src=\"https:\/\/sacredeasttravel.com\/wp-content\/uploads\/2021\/04\/horse-riding-program-uzbekistan-600x400.jpg\" width=\"600\" height=\"400\" alt=\"horse-riding-program-uzbekistan\" title=\"horse-riding-program-uzbekistan\" \/><\/a><a rel=\"lightboxGall\" href=\"https:\/\/sacredeasttravel.com\/wp-content\/uploads\/2021\/04\/horse-riding-tour.jpg\"><img class=\"\" src=\"https:\/\/sacredeasttravel.com\/wp-content\/uploads\/2021\/04\/horse-riding-tour-600x400.jpg\" width=\"600\" height=\"400\" alt=\"horse-riding-tour\" title=\"horse-riding-tour\" \/><\/a><\/div>\n\t\t<\/div> \n\t<\/div> <script type=\"text\/javascript\">     jQuery(\".owl_slider8746\").owlCarousel({         items:4,          nav: true,         navText:[\"\",\"\"],         rewind: false,         responsive: {0:{items:1}, 479:{items:1}, 619:{items:1}, 768:{items:1},  1200:{items:1}, 1600:{items:1}}    }); <\/script><\/div><\/div><\/div><div class=\"wpb_column vc_column_container vc_col-sm-6\"><div class=\"vc_column-inner\"><div class=\"wpb_wrapper\">\n\t<div class=\"wpb_text_column wpb_content_element\" >\n\t\t<div class=\"wpb_wrapper\">\n\t\t\t<p><em>L'Ouzb\u00e9kistan est une mosa\u00efque de peuples, cultures et traditions. Nos ballades en Ouzb\u00e9kistan vous am\u00e8neront \u00e0 la rencontre de ces peuples sur la Route de la Soie, \u00e0 la d\u00e9couverte d'anciennes cit\u00e9s caravani\u00e8res v\u00e9ritables joyaux d'architecture : Samarcande, Boukhara... mais aussi des grands espaces d'Asie Centrale, aux d\u00e9serts, oasis, et montagnes, id\u00e9aux pour la randonn\u00e9e.\nRandonn\u00e9es \u00e0 cheval de 6 jours pour d\u00e9couvrir les montagnes d'Ouzbekistan, \u00e0 proximit\u00e9 de Samarcande. La  plupart des \u00e9tapes sont effectu\u00e9es \u00e0 cheval \u00e0 travers les montagnes et les villages typiques.<\/em><\/p>\n<hr \/>\n<p><strong>Dur\u00e9e du circuit : 15 jours\/ 13 nuits<\/strong><\/p>\n<p><strong><p><\/strong><\/p>\n<p><strong>Itin\u00e9raire: Tachkent \u2014 Boukhara \u2014 Gijdouvan \u2014 Nurata \u2013Aydarkul \u2013 village Majrum \u2013 village Hayat \u2013 village Uhum \u2013 village Sentob \u2013 village Pangat - Samarcande \u2014 Tachkent<\/strong><\/p>\n\n\t\t<\/div>\n\t<\/div>\n<hr class=\"divider\" style=\"height:px;\"\/><\/div><\/div><\/div><\/div><div class=\"vc_row wpb_row vc_row-fluid\"><div class=\"wpb_column vc_column_container vc_col-sm-12\"><div class=\"vc_column-inner\"><div class=\"wpb_wrapper\">\n\t<div class=\"wpb_text_column wpb_content_element\" >\n\t\t<div class=\"wpb_wrapper\">\n\t\t\t<p><strong>PROGRAMME DU TOUR:<\/strong><\/p>\n<p><strong>\u00a0<\/strong><strong>Jour 1 PARIS \u2013TACHKENT<br \/>\n<\/strong>Vol international. Nuit a bord.<\/p>\n<p><strong>Jour 2  TACHKENT<\/strong><br \/>\nArriv\u00e9e \u00e0 l\u2019a\u00e9roport de Tachkent a 07h00. Acceuil et transfert \u00e0 l\u2019h\u00f4tel. Installation. Petit dejeuner et petit repos D\u00e9part pour un tour de ville de la capitale de l\u2019Ouzb\u00e9kistan riche en parcs et fortaines. Visite de la place Khast Imam ou se dressent le m\u00e9dersa de Barakhan, la mosqu\u00e9e Tilla Sheikh. Promenade \u00e0 travers le march\u00e9 Tchorsu de la vieille ville. D\u00e9jeuner au restaurant. Continuation des visites de la dynamique capitale ouzbek : place du Th\u00e9\u00e2tre d\u2019Op\u00e9ra et de Ballet \u2013 nomm\u00e9 en l'honneur du po\u00e8te ouzbek du XVe si\u00e8cle Alisher-Navo\u00ef, place de l\u2019Ind\u00e9pendance, place Amir Timur, monument du Courage, monument \u00e9rig\u00e9 au victimes du tremblement de terre de 1966, splendide Metro de Tachkent. D\u00eener. Nuit \u00e0 l\u2019h\u00f4tel.<\/p>\n<p><strong>Jour 3 TACHKENT- BOUKHARA (560 km)<\/strong><br \/>\nTrajet en train matinal pour Boukhara (environ 7 heures ). Arriv\u00e9e et installation \u00e0 l\u2019h\u00f4tel. Premieres visites\/balades dans la vieille ville. D\u00eener. Nuit \u00e0 l\u2019h\u00f4tel.<\/p>\n<p><strong>Jour  4 BOUKHARA<\/strong><br \/>\nJourn\u00e9e des visites. Boukhara la divine ! Une des plus anciennes villes de l'Asie Centrale. Centre spirituel et commercial dont l'importance ne baisse pas au cours des si\u00e8cles. Visite de la partie centrale de la ville - Chakhristan: L'ensemble Poi-Kalon, la citadelle Ark et la mosqu\u00e9e Bolo Khauz. Promenade \u00e0 travers le parc des Samanides ou se trouvent le mausol\u00e9e d'Ismail Samani et le mazar Chashma Ayub. D\u00e9jeuner en ville. Continuation de la visite de Boukhara. Visite de m\u00e9dersa de Abdulazizkhan et de m\u00e9dersa d' Oulougbeg. Promenade \u00e0 travers les coupoles marchandes. Visite de la mosqu\u00e9e Magokki Attori et de l'ensemble Labi Khauz. D\u00eener. Nuit \u00e0 l\u2019h\u00f4tel.<\/p>\n<p><strong>Jour  5 BOUKHARA<\/strong><br \/>\nApres le petit d\u00e9jeuner a l'h\u00f4tel d\u00e9part pour la visite de la r\u00e9sidence d'\u00e9t\u00e9 du dernier Emir de Boukhara - Sitora -i- Mokhi Khosa \u00e0 4 km de la ville. Retour en ville et visite de la mosqu\u00e9e Chor Minor. Promenade suivant les ruelles de la partie ancienne de la ville et visite de l'atelier du boulanger gui produit le pain traditionnel ouzbek \"Non\". D\u00e9jeuner en ville. L'apr\u00e8s midi visite libre.<\/p>\n<p><strong>Jour 6  BOUKHARA - GUIJDOUVAN \u2013 NOURATA \u2013 AYDARKUL (240 km)<\/strong><br \/>\nD\u00e9part en direction de Nourata, sur le chemin arr\u00eat \u00e0 Guijdouvan pour visiter l\u2019atelier du ma\u00eetre c\u00e9ramiste Abdullo. Excursion dans le Mus\u00e9e de la C\u00e9ramique et l\u2019atelier de poterie, puis d\u00e9couverte de la broderie traditionnelle en fil de soie pratiqu\u00e9e par les femmes de la famille. Continuation de route, en cours de route nouvel arr\u00eat pour la visite des vestiges de l'ancien caravans\u00e9rail Rabat-i-Malik et du r\u00e9servoir d\u2019eau Sardoba. D\u00e9jeuner dans un restau populaire \u00e0 Nourata. Visite de Nourata avec de l\u2019ensemble Tchachma et la source sacr\u00e9e, puis les ruines d\u2019une antique citadelle d\u2019Alexandre le Grand. Continuation de route vers le lac de Aydarkul, possibilit\u00e9 de baigner dans les eaux transparents du lac. Installation  sous les yourtes.  Promenade \u00e0 pied ou a dos de chameau Baktriane.  En soir\u00e9e d\u00eener autour du feu de camp, avec musiques et chants traditionnels du troubadour kazakh Akyn. Nuit sous la yourte.<\/p>\n<p><strong>Jour 7  AYDARKUL \u2013 MAJRUM - HAYAT (130 km)(4h-5 h de trajet)<\/strong><br \/>\nD\u00e9part \u00e0 8h des yourtes pour rejoindre le village de Majroum, visite du pin mill\u00e9naire et d\u00e9part \u00e0 cheval en compagnie du guide. Apr\u00e8s 2h de trajet, pique - nique sous les muriers et encore 2h de trajet pour rejoindre Hayot. D\u00eener et Nuit chez l\u2019habitant.<\/p>\n<p><strong>Jour 8 HAYAT \u2013 UKHUM \u2013 HAYAT (4h-5 h de trajet)<\/strong><br \/>\nD\u00e9part \u00e0 cheval par le col pour rejoindre le village de Ukhum. Visite du moulin et d\u00e9jeuner chez le meunier. Suite de la route pour revenir \u00e0 Hayot par les villages. D\u00eener et Nuit chez l\u2019habitant a Hayot.<\/p>\n<p><strong>Jour 9 HAYAT (4h-5h de trajet)<\/strong><br \/>\nBalade de 2h le matin pour d\u00e9couvrir le parc et les mouflons  D\u00e9jeuner dans la famille. Balade l\u2019apr\u00e8s midi de l\u2019autre cot\u00e9 vers la for\u00eat (2h). D\u00eener et Nuit chez l\u2019habitant a Hayot.<\/p>\n<p><strong>Jour 10 HAYAT - SENTOB (4h-5 h de trajet)<\/strong><br \/>\nD\u00e9part de la maison \u00e0 cheval avec accompagnateur. Arr\u00eat pour pique niquer derri\u00e8re le col apr\u00e8s 3h de trajet. Suite du trajet jusqu\u2019\u00e0 la Guest house de Sentob. D\u00eener et nuit chez l\u2019habitant.<\/p>\n<p><strong>Jour 11 SENTOB - LAC FOZILMAN (4h-5 h de trajet)<\/strong><br \/>\nJournee de randonn\u00e9e \u00e0 cheval jusqu\u2019au lac Fozilman.  D\u00e9jeuner pic-nic. Diner autour du feu. Nuit sous la tente pr\u00e8s du lac.<\/p>\n<p><strong>Jour 12 LAC FOZILMAN - PANGAT (4h-5 h de trajet)<\/strong><br \/>\nContinuation de randonn\u00e9e \u00e0 cheval pour atteindre le village Pangat. D\u00eener et nuit chez l\u2019habitant.<\/p>\n<p><strong>Jour 13 PANGAT - SAMARCANDE<\/strong><br \/>\nTransfert \u00e0 Samarcande avec arr\u00eats photos. Arriv\u00e9e et installation \u00e0 h\u00f4tel. Apr\u00e8s midi, debut des visites. D\u00eener et nuit \u00e0 l\u2019h\u00f4tel.<\/p>\n<p><strong>Jour 14  SAMARCANDE - TACHKENT (300 km)<\/strong><br \/>\nJourn\u00e9e des visites de Samarcande. Depart en train \u00ab AFRAOSIAB \u00bb pour Tachkent \u00e0 17h00. Arriv\u00e9e a 19h10. Installation. Diner.Nuit \u00e0 l\u2019h\u00f4tel<br><br>\n<strong>Jour 15 TACHKENT - PARIS<\/strong>\n<br>\nEnvol \u00e0 destination de PARIS sur vol r\u00e9gulier (repas \u00e0 bord).<\/p>\n\n\t\t<\/div>\n\t<\/div>\n<\/div><\/div><\/div><\/div><div class=\"vc_row wpb_row vc_row-fluid\"><div class=\"wpb_column vc_column_container vc_col-sm-12\"><div class=\"vc_column-inner\"><div class=\"wpb_wrapper\">\n\t<div class=\"wpb_text_column wpb_content_element\" >\n\t\t<div class=\"wpb_wrapper\">\n\t\t\t<p><span style=\"color: #ff0000;\"><strong><p><\/strong><\/span><\/p>\n\n\t\t<\/div>\n\t<\/div>\n<div class=\"vc_separator wpb_content_element vc_separator_align_center vc_sep_width_100 vc_sep_pos_align_center vc_sep_color_grey vc_separator-has-text\" ><span class=\"vc_sep_holder vc_sep_holder_l\"><span  class=\"vc_sep_line\"><\/span><\/span><h4>demande de visite<\/h4><span class=\"vc_sep_holder vc_sep_holder_r\"><span  class=\"vc_sep_line\"><\/span><\/span>\n<\/div>\n\t<div class=\"wpb_text_column wpb_content_element\" >\n\t\t<div class=\"wpb_wrapper\">\n\t\t\t<p>[super_form id=&#8221;23011&#8243;]<\/p>\n\n\t\t<\/div>\n\t<\/div>\n<hr class=\"divider\" style=\"height:px;\"\/><\/div><\/div><\/div><\/div>","protected":false},"excerpt":{"rendered":"Horse\u00a0 riding\u00a0 tour\u00a0 is\u00a0 meant\u00a0 for\u00a0 people\u00a0 loving\u00a0 nature,\u00a0 horses\u00a0 and\u00a0 adventures. The Uzbekistan is a mosaic of peoples, cultures and traditions. Our ballads in...","protected":false},"author":1,"featured_media":0,"parent":22999,"menu_order":0,"comment_status":"closed","ping_status":"closed","template":"","meta":[],"_links":{"self":[{"href":"https:\/\/sacredeasttravel.com\/fr\/wp-json\/wp\/v2\/pages\/23061"}],"collection":[{"href":"https:\/\/sacredeasttravel.com\/fr\/wp-json\/wp\/v2\/pages"}],"about":[{"href":"https:\/\/sacredeasttravel.com\/fr\/wp-json\/wp\/v2\/types\/page"}],"author":[{"embeddable":true,"href":"https:\/\/sacredeasttravel.com\/fr\/wp-json\/wp\/v2\/users\/1"}],"replies":[{"embeddable":true,"href":"https:\/\/sacredeasttravel.com\/fr\/wp-json\/wp\/v2\/comments?post=23061"}],"version-history":[{"count":0,"href":"https:\/\/sacredeasttravel.com\/fr\/wp-json\/wp\/v2\/pages\/23061\/revisions"}],"up":[{"embeddable":true,"href":"https:\/\/sacredeasttravel.com\/fr\/wp-json\/wp\/v2\/pages\/22999"}],"wp:attachment":[{"href":"https:\/\/sacredeasttravel.com\/fr\/wp-json\/wp\/v2\/media?parent=23061"}],"curies":[{"name":"wp","href":"https:\/\/api.w.org\/{rel}","templated":true}]}}