{"id":23102,"date":"2021-04-09T19:09:51","date_gmt":"2021-04-09T19:09:51","guid":{"rendered":"https:\/\/sacredeasttravel.com\/?page_id=23102"},"modified":"2021-04-13T17:54:31","modified_gmt":"2021-04-13T17:54:31","slug":"navruz-spring-holiday-in-uzbekistan","status":"publish","type":"page","link":"https:\/\/sacredeasttravel.com\/fr\/tours\/navruz-spring-holiday-in-uzbekistan\/","title":{"rendered":"NAVRUZ-SPRING HOLIDAY IN UZBEKISTAN"},"content":{"rendered":"<div class=\"vc_row wpb_row vc_row-fluid\"><div class=\"wpb_column vc_column_container vc_col-sm-6\"><div class=\"vc_column-inner\"><div class=\"wpb_wrapper\">\n\t<div class=\"wpb_gallery wpb_content_element   clearfix\">\n\t\t<div class=\"wpb_wrapper\"><div class=\"wpb_gallery_slides owl_slider9843 owl-carousel owl-theme owl_slider\" data-interval=\"5\"><a rel=\"lightboxGall\" href=\"https:\/\/sacredeasttravel.com\/wp-content\/uploads\/2021\/04\/img2-2.png\"><img class=\"\" src=\"https:\/\/sacredeasttravel.com\/wp-content\/uploads\/2021\/04\/img2-2.png\" width=\"600\" height=\"400\" alt=\"img2\" title=\"img2\" \/><\/a><a rel=\"lightboxGall\" href=\"https:\/\/sacredeasttravel.com\/wp-content\/uploads\/2021\/04\/img3-2.png\"><img class=\"\" src=\"https:\/\/sacredeasttravel.com\/wp-content\/uploads\/2021\/04\/img3-2.png\" width=\"600\" height=\"400\" alt=\"img3\" title=\"img3\" \/><\/a><a rel=\"lightboxGall\" href=\"https:\/\/sacredeasttravel.com\/wp-content\/uploads\/2021\/04\/imgg1.png\"><img class=\"\" src=\"https:\/\/sacredeasttravel.com\/wp-content\/uploads\/2021\/04\/imgg1.png\" width=\"600\" height=\"400\" alt=\"imgg1\" title=\"imgg1\" \/><\/a><\/div>\n\t\t<\/div> \n\t<\/div> <script type=\"text\/javascript\">     jQuery(\".owl_slider9843\").owlCarousel({         items:4,          nav: true,         navText:[\"\",\"\"],         rewind: false,         responsive: {0:{items:1}, 479:{items:1}, 619:{items:1}, 768:{items:1},  1200:{items:1}, 1600:{items:1}}    }); <\/script><\/div><\/div><\/div><div class=\"wpb_column vc_column_container vc_col-sm-6\"><div class=\"vc_column-inner\"><div class=\"wpb_wrapper\">\n\t<div class=\"wpb_text_column wpb_content_element\" >\n\t\t<div class=\"wpb_wrapper\">\n\t\t\t<p><em>Navrouz \u2013c\u2019est la f\u00eate du printemps en Ouzb\u00e9kistan.Navrouz, symbolise l'unit\u00e9 culturelle et des traditions vieilles de plus de trois mill\u00e9naires, c\u00e9l\u00e9br\u00e9e par plus de 300 millions de personnes dans le monde.Cette f\u00eate est profond\u00e9ment enracin\u00e9e parmi les rituels et les traditions du zoroastrisme.\nLe v\u00e9ritable printemps arrive en Asie centrale avec le Navrouz, f\u00eate pr\u00e9islamique, c\u00e9l\u00e9br\u00e9e les jours de l\u2019\u00e9quinoxe printanier,les 21-22 mars. Autrefois d\u2019apr\u00e8s le calendrier oriental, c\u2019\u00e9tait aussi le d\u00e9but de la nouvelle ann\u00e9e.\nLes ouzb\u00e8kes commencent \u00e0 se pr\u00e9parer \u00e0 cette f\u00eate en faisant un grand nettoyage de printemps dans leurs maisons, s'ach\u00e8tent des nouveaux v\u00eatements pour la nouvelle ann\u00e9e,des fleurs et plantent les arbres.\nUn carnaval se deplace dans les rues du pays avec la musique et les chants.On peut y voir des personnages des contes populaires avec des masques,des danseurs,les jeunes filles avec un plat de bl\u00e9 germe, \u00ab Soumalak \u00bb, plat de f\u00eate.\nLes plats traditionnels sont pr\u00e9par\u00e9s et partag\u00e9s entre proches et voisins. C\u2019est aussi une f\u00eate pour les enfants, qui s\u2019amusent \u00e0 faire de porte-\u00e0-porte en chantant des chansons pour recevoir des cadeaux.\nDes activit\u00e9s sportives et culturelles sont organis\u00e9es dans tout le pays: combats de coqs, lutte,courses de chevaux ,bouzkachi (le bouzkachi est un jeu \u00e9questre ancestral) et bien d'autres.<\/em><\/p>\n<hr \/>\n<p><strong>Dur\u00e9e du circuit\u00a0: 11 jours\/ 9 nuits<br \/>\nItin\u00e9raire: Tachkent \u2013 Samarcande \u2013 Village Fozil Yo\u2019ldoshe \u2013 Samarcande \u2013 Boukhara -  Tachkent<\/strong><\/p>\n\n\t\t<\/div>\n\t<\/div>\n<\/div><\/div><\/div><\/div><div class=\"vc_row wpb_row vc_row-fluid\"><div class=\"wpb_column vc_column_container vc_col-sm-12\"><div class=\"vc_column-inner\"><div class=\"wpb_wrapper\">\n\t<div class=\"wpb_text_column wpb_content_element\" >\n\t\t<div class=\"wpb_wrapper\">\n\t\t\t<p><strong>PROGRAMME DU TOUR:<\/strong><\/p>\n<p>&nbsp;<\/p>\n<p><strong>JOUR 1 -17 MARS TACHKENT<\/strong><br \/>\nArriv\u00e9e \u00e0 Tachkent. Accueil \u00e0 l'a\u00e9roport et transfert et installation \u00e0 l'h\u00f4tel. Visites de la ville.\nD\u00e9jeuner et d\u00eener en ville.Nuit \u00e0 l\u2019h\u00f4tel.<\/p>\n<p><strong>JOUR 2- 18 MARS TACHKENT - SAMARCANDE<\/strong><br \/>\nD\u00e9part \u00e0 Samarkand en train rapide \u00ab Afrosiob \u00bb \u00e0 08 h 00.\nArriv\u00e9e \u00e0 10 h 20.Transfert et installation \u00e0 l'h\u00f4tel. Visites de la ville: mausol\u00e9e des Timourides, ensemble de R\u00e9ghistan.\nApr\u00e8s midi continuation des visites: n\u00e9cropole Shakhi-Zinda, observatoire d'Oulough-bek, le mus\u00e9e d\u2019histoire de Samarkand \u00ab Afrosiab \u00bb, mosqu\u00e9e Bib-khanym et le march\u00e9 de Samarkand.\nD\u00e9jeuner et d\u00eener en ville. Nuit \u00e0 l\u2019h\u00f4tel.<\/p>\n<p><strong>JOUR 3- 19 MARS SAMARCANDE - VILLAGE FOZIL YO\u2019LDOSHE - SAMARCANDE<\/strong><br \/>\nD\u00e9part au village Fozil Yo\u2019ldoshe pour assister aux festivit\u00e9s organis\u00e9s pour la f\u00eate \u00ab Navrouz \u00bb.Arriv\u00e9e au village et installation chez l\u2019habitant.Vous participez \u00e0 la pr\u00e9paration du \u00ab Soumalak \u00bb, plat de f\u00eate et vous verrez \u00e9galement le spectacle de danse et chants folkloriques organis\u00e9s \u00e0 l\u2019occasion de la f\u00eate. D\u00e9jeuner.\nApr\u00e8s nous allons voir le jeu de \u00ab Bouzkashi \u00bb.Retour \u00e0 Samarkand.D\u00eener en ville et nuit \u00e0 l\u2019h\u00f4tel.<\/p>\n<p><strong>JOUR 4- 20 MARS SAMARCANDE - BOUKHARA<\/strong><br \/>\nTransfert \u00e0 Boukhara (350 km, environ 5 hrs de route). D\u00e9jeuner sur la route. Arriv\u00e9e \u00e0 Boukhara, installation \u00e0 l'h\u00f4tel.Premi\u00e8re d\u00e9couverte de la ville,promenade dans Boukhara.D\u00eener.<\/p>\n<p><strong>JOUR 5- 21 MARS BOUKHARA<\/strong><br \/>\nVisites de Boukhara. Vous pourrez ressentir l'atmosph\u00e8re de la ville m\u00e9di\u00e9vale en visitant l'ensemble Lyabi-Khaouz, ensemble Poi-Kalon, minaret Kalyan (\u00e9rig\u00e9 au XII s., il servait de phare aux p\u00e8lerins et n\u00e9gociants qui se pr\u00e9cipitaient vers cette ville sainte), mosqu\u00e9e Kalyan, m\u00e9dersa Miri-Arab (toujours en activit\u00e9), m\u00e9dersa d'Oulough-bek, mausol\u00e9e des Samanides, citadelle Ark etc. D\u00eener dans la cour d'une ancienne m\u00e9dersa: vous gouterez du plov ouzbek et contemplerez le concert folklorique.<\/p>\n<p><strong>JOUR 6- 22 MARS BOUKHARA - TACHKENT<\/strong><br \/>\nPetit d\u00e9jeuner \u00e0 l'h\u00f4tel. Continuation des visites: ensemble de Bakhaouddin Nakshbandi, ma\u00eetre- soufi, chef d'une confr\u00e9rie tr\u00e8s puissante, Nakshbandia, reconnu comme son 5 e scheik.\nR\u00e9sidence d'\u00e9t\u00e9 du dernier emir de Boukhara \u2013 Sitorai-Mokhi-Khossa (d\u00e9but du XX s.). D\u00e9jeuner en ville.\nApr\u00e8s-midi libre.Le soir transfert \u00e0 la gare et d\u00e9parten train pour Tachkent.Arriv\u00e9e et installation \u00e0 l\u2019h\u00f4tel. D\u00eener. Nuit \u00e0 l\u2019h\u00f4tel.<\/p>\n<p><strong>\u00a0JOUR 7- 23 MARS TACHKENT - EUROPE<\/strong><br \/>\nVisites de la ville de Tachkent \u2013 capitale, centre administratif, \u00e9conomique et culturel du pays.\nVisites de l'ensemble Khast-Imam, place Ind\u00e9pendance, m\u00e9tropolitain de Tachkent. D\u00e9jeuner et transfert \u00e0 l'a\u00e9roport pour le vol international.<br><br>\n<b>Programme detaill\u00e9 et le prix sur demande<\/b><\/p>\n<p class=\" translation-block\"><p><\/p>\n<p class=\" translation-block\"><p><\/p>\n<p class=\" translation-block\"><p><\/p>\n\n\t\t<\/div>\n\t<\/div>\n<\/div><\/div><\/div><\/div><div class=\"vc_row wpb_row vc_row-fluid\"><div class=\"wpb_column vc_column_container vc_col-sm-12\"><div class=\"vc_column-inner\"><div class=\"wpb_wrapper\">\n\t<div class=\"wpb_text_column wpb_content_element\" >\n\t\t<div class=\"wpb_wrapper\">\n\t\t\t<p><span style=\"color: #ff0000;\"><strong><p><\/strong><\/span><\/p>\n\n\t\t<\/div>\n\t<\/div>\n<div class=\"vc_separator wpb_content_element vc_separator_align_center vc_sep_width_100 vc_sep_pos_align_center vc_sep_color_grey vc_separator-has-text\" ><span class=\"vc_sep_holder vc_sep_holder_l\"><span  class=\"vc_sep_line\"><\/span><\/span><h4>demande de visite<\/h4><span class=\"vc_sep_holder vc_sep_holder_r\"><span  class=\"vc_sep_line\"><\/span><\/span>\n<\/div>\n\t<div class=\"wpb_text_column wpb_content_element\" >\n\t\t<div class=\"wpb_wrapper\">\n\t\t\t<p>[super_form id=&#8221;23011&#8243;]<\/p>\n\n\t\t<\/div>\n\t<\/div>\n<hr class=\"divider\" style=\"height:px;\"\/><\/div><\/div><\/div><\/div>","protected":false},"excerpt":{"rendered":"The most cherished public holiday is Navruz ('new day'), the Central Asian new year that falls on March 21 in Uzbekistan. During this two-day festival...","protected":false},"author":1,"featured_media":0,"parent":22999,"menu_order":0,"comment_status":"closed","ping_status":"closed","template":"","meta":[],"_links":{"self":[{"href":"https:\/\/sacredeasttravel.com\/fr\/wp-json\/wp\/v2\/pages\/23102"}],"collection":[{"href":"https:\/\/sacredeasttravel.com\/fr\/wp-json\/wp\/v2\/pages"}],"about":[{"href":"https:\/\/sacredeasttravel.com\/fr\/wp-json\/wp\/v2\/types\/page"}],"author":[{"embeddable":true,"href":"https:\/\/sacredeasttravel.com\/fr\/wp-json\/wp\/v2\/users\/1"}],"replies":[{"embeddable":true,"href":"https:\/\/sacredeasttravel.com\/fr\/wp-json\/wp\/v2\/comments?post=23102"}],"version-history":[{"count":0,"href":"https:\/\/sacredeasttravel.com\/fr\/wp-json\/wp\/v2\/pages\/23102\/revisions"}],"up":[{"embeddable":true,"href":"https:\/\/sacredeasttravel.com\/fr\/wp-json\/wp\/v2\/pages\/22999"}],"wp:attachment":[{"href":"https:\/\/sacredeasttravel.com\/fr\/wp-json\/wp\/v2\/media?parent=23102"}],"curies":[{"name":"wp","href":"https:\/\/api.w.org\/{rel}","templated":true}]}}