{"id":23107,"date":"2021-04-09T19:37:12","date_gmt":"2021-04-09T19:37:12","guid":{"rendered":"https:\/\/sacredeasttravel.com\/?page_id=23107"},"modified":"2021-04-13T18:01:26","modified_gmt":"2021-04-13T18:01:26","slug":"bike-tour-across-uzbekistan","status":"publish","type":"page","link":"https:\/\/sacredeasttravel.com\/fr\/tours\/bike-tour-across-uzbekistan\/","title":{"rendered":"BIKE TOUR ACROSS UZBEKISTAN"},"content":{"rendered":"<div class=\"vc_row wpb_row vc_row-fluid\"><div class=\"wpb_column vc_column_container vc_col-sm-6\"><div class=\"vc_column-inner\"><div class=\"wpb_wrapper\">\n\t<div class=\"wpb_gallery wpb_content_element   clearfix\">\n\t\t<div class=\"wpb_wrapper\"><div class=\"wpb_gallery_slides owl_slider4252 owl-carousel owl-theme owl_slider\" data-interval=\"5\"><a rel=\"lightboxGall\" href=\"https:\/\/sacredeasttravel.com\/wp-content\/uploads\/2021\/04\/img.png\"><img class=\"\" src=\"https:\/\/sacredeasttravel.com\/wp-content\/uploads\/2021\/04\/img.png\" width=\"600\" height=\"400\" alt=\"img\" title=\"img\" \/><\/a><a rel=\"lightboxGall\" href=\"https:\/\/sacredeasttravel.com\/wp-content\/uploads\/2021\/04\/img2-3.png\"><img class=\"\" src=\"https:\/\/sacredeasttravel.com\/wp-content\/uploads\/2021\/04\/img2-3.png\" width=\"600\" height=\"400\" alt=\"img2\" title=\"img2\" \/><\/a><a rel=\"lightboxGall\" href=\"https:\/\/sacredeasttravel.com\/wp-content\/uploads\/2021\/04\/img3-3.png\"><img class=\"\" src=\"https:\/\/sacredeasttravel.com\/wp-content\/uploads\/2021\/04\/img3-3.png\" width=\"600\" height=\"400\" alt=\"img3\" title=\"img3\" \/><\/a><\/div>\n\t\t<\/div> \n\t<\/div> <script type=\"text\/javascript\">     jQuery(\".owl_slider4252\").owlCarousel({         items:4,          nav: true,         navText:[\"\",\"\"],         rewind: false,         responsive: {0:{items:1}, 479:{items:1}, 619:{items:1}, 768:{items:1},  1200:{items:1}, 1600:{items:1}}    }); <\/script><\/div><\/div><\/div><div class=\"wpb_column vc_column_container vc_col-sm-6\"><div class=\"vc_column-inner\"><div class=\"wpb_wrapper\">\n\t<div class=\"wpb_text_column wpb_content_element\" >\n\t\t<div class=\"wpb_wrapper\">\n\t\t\t<p><em>\u00a0L\u2019Ouzb\u00e9kistan \u00e9tant situ\u00e9 dans le carrefour de la Grande Route de la Soie est un pays id\u00e9al pour d\u00e9couvrir les merveilles architecturales et la vie des divers \u00e9thnies qui habitent dans des grandes villes importantes et bien dans des villages \u00e9loign\u00e9s de la civilisation. Le trajet traverse de nombreux villages entre Samarcande et Boukhara, \u00e0 travers les \u00e9tandus de la steppe, du d\u00e9sert, de vall\u00e9es de montagnes luxuriantes et au-dessus d\u2019un plateau pour une vue imprenable.\nUne premi\u00e8re en Ouzb\u00e9kistan, la d\u00e9couverte du patrimoine culturel et des richesses naturelles et humaines \u00e0 v\u00e9los. Circuit dynamique \u00e0 v\u00e9lo avec des \u00e9tapes de 5 \u00e0 7 heures de 250 km environ, mixte route asphalt\u00e9e et piste, avec une moyenne de 60 km par jour \u00e0 travers des cha\u00eenes de montagnes, des vall\u00e9es isol\u00e9es et des plateau immenses. De nombreuses visites et rencontres avec les populations locales sont les points forts de ce circuit. Bien que le voyage soit accessible \u00e0 tous, il convient n\u00e9anmoins d'\u00eatre en bonne condition physique et d'\u00eatre habitu\u00e9 au v\u00e9lo. Les \u00e9tapes \u00e0 v\u00e9lo sont programm\u00e9es sur une distance maximale ne d\u00e9passant pas les 70 km par jour. Cependant, elles peuvent vari\u00e9es et \u00eatre soit raccourcies, soit allong\u00e9es selon les capacit\u00e9s physiques des participants et selon les conditions territoriales. En compagnie d'un guide professionnel vous vous impr\u00e9gnerez de l'histoire des cit\u00e9s l\u00e9gendaires de la route de la soie, Boukhara et Samarcande la turquoise. Vous parcourez les paysages vari\u00e9s du d\u00e9sert Kyzylkum et des montagnes de Nourata.<\/em><\/p>\n<hr \/>\n<p><strong><p> <\/strong><\/p>\n<p><strong><p><\/strong><\/p>\n<p>&nbsp;<\/p>\n<hr \/>\n<p><strong>Dur\u00e9e du circuit : 11 jours\/ 9 nuits<\/strong><\/p>\n<p><strong>Itin\u00e9raire: Tachkent - Boukhara - O\u2019rtagurgon - Sarmish - Nurata - Aydarkul - Kizilcha \u2013 Josh \u2013 Koshrabod  - Mitan - Samarcande \u2013 Tachkent<\/strong><\/p>\n<p><strong><p><\/strong><\/p>\n<p class=\" translation-block\"><p><\/p>\n\n\t\t<\/div>\n\t<\/div>\n<\/div><\/div><\/div><\/div><div class=\"vc_row wpb_row vc_row-fluid\"><div class=\"wpb_column vc_column_container vc_col-sm-12\"><div class=\"vc_column-inner\"><div class=\"wpb_wrapper\">\n\t<div class=\"wpb_text_column wpb_content_element\" >\n\t\t<div class=\"wpb_wrapper\">\n\t\t\t<p><strong>PROGRAMME DU TOUR:<\/strong><\/p>\n<p><strong>Jour 01 \u2013 FRANCE \u2013 TACHKENT<\/strong><\/p>\n<p>Vol Paris - Tachkent. D\u00eener.  Nuit \u00e0 bord.<\/p>\n<p><strong>Jour 02  - TACHKENT<\/strong><\/p>\n<p>Arriv\u00e9e \u00e0 Tachkent. Formalit\u00e9s d\u2019immigration\/dou\u00e2ne. Accueil. Petit d\u00e9jeuner. Installation apres 12h00. Visites de la vieille ville de Tachkent. Remise des v\u00e9los et pr\u00e9sentation du programme du circuit. Fin d\u2019apr\u00e8s midi libre pour les r\u00e9glages des v\u00e9los. Diner. Nuit \u00e0 l\u2019h\u00f4tel.<\/p>\n<p><strong>Jour 03  - TACHKENT - BOUKHARA (560 km)<\/strong><\/p>\n<p>D\u00e9part matinal en train rapide pour Boukhara. Arriv\u00e9e la gare de Kogon. Transfert pour Boukhara (10 km). Installation. Apres midi, d\u00e9but des visites. Nuit \u00e0 l\u2019h\u00f4tel.  Pr\u00e9voir portage bagages et v\u00e9los par v\u00e9hicule.<\/p>\n<p><strong>Jour 04 \u2013 BOUKHARA<\/strong><\/p>\n<p>Visites guid\u00e9es de la vieille ville. Nuit \u00e0 l\u2019h\u00f4tel.<\/p>\n<p>&nbsp;<\/p>\n<p><strong>Jour 05 -BOUKHARA \u2013 O\u2019RTAGURGON \u2013 SARMISH  (140 km)<\/strong><\/p>\n<p>Transfert en voiture\u00e0 O\u2019rtagurgon (70 km). Continuation \u00e0 v\u00e9lo vers Sarmish en passant par les villages agricoles (70 km). D\u00e9jeuner en course de route. Arriv\u00e9e \u00e0 Sarmish, une vraie r\u00e9serve des dessins rupestres datant d\u2019\u00e2ge de bronze.  Installation sous la tente. Petite ballade pour visiter les dessins. D\u00eener. Nuit sous le tente.<\/p>\n<p><strong>Jour 06 - SARMISH - NURATA \u2013 AYDARKUL (135 km)<\/strong><\/p>\n<p>Continuation en bus vers Nourata (70 km). Arriv\u00e9e \u00e0 Nurata. Visite de la mosqu\u00e9e et du bassin aux poissons sacr\u00e9s. D\u00e9jeuner de mouton grill\u00e9 dans un chaikhana. Dans l\u2019apr\u00e8s midi, d\u00e9part en v\u00e9lo en direction du lac Aydarkul  (60 km) pour une nuit sous la yourte au milieu de la steppe d\u00e9sertique. Installation. Vous rejoindrez les rives du lac Aidarkul a 8 km, une reserve d\u2019eau ou vous aurez peut etre la chance d\u2019observer un grand nombre d\u2019oiseaux. Promenade et baignade possible. Retour au campement. D\u00eener. Soir\u00e9e autour du feu avec un troubadour Kazakh. Nuit sous la yourte (4-6 personnes par yourte).<\/p>\n<p><strong>Jour 07 - AYDARKUL  \u2013 KIZILCHA \u2013 JOSH \u2013 KOSHRABOD - MITAN  (215 km)<\/strong><\/p>\n<p>Route en bus jusqu\u2019\u00e0 Kizilcha (50 km), puis passage en velo pour rejoindre la ville Josh (60 km) \u00e0 travers le col Boyqoro, 1016 m, jolie ballade \u00e0 travers des villages agricoles. En cours de route d\u00e9jeuner chez l\u2019habitant. Depuis Josh, passage en bus pour arriver a  Mitan (105 km). D\u00eener et nuit \u00e0 la maison d\u2019h\u00f4te.\nPr\u00e9voir occupation pour les \u00ab non p\u00e9dalant \u00bb ne faisant pas la piste ou 2\u00e8me v\u00e9hicule.<\/p>\n<p><strong>Jour 08 - MITAN \u2013 SAMARCANDE (65km)<\/strong><\/p>\n<p>Depart en v\u00e9lo \u00e0 travers des villages agricoles jusqu\u2019au village Dahbed (50 km). D\u00e9jeuner dans un chaikhana (salon de th\u00e9) \u00e0 Dahbed. Continuation de route en bus jusqu\u2019\u00e0 Samarcande (15 km). Arriv\u00e9e en fin d\u2019apres-midi \u00e0 Samarcande. Installation \u00e0 l\u2019h\u00f4tel. D\u00eener et nuit \u00e0 l\u2019h\u00f4tel.<\/p>\n<p><strong>Jour 09 - SAMARCANDE<\/strong><\/p>\n<p>Visite de la ville. Nuit \u00e0 l\u2019H\u00f4tel.<\/p>\n<p><strong>Jour 10 \u2013 SAMARCANDE - TACHKENT (310 km)<\/strong><\/p>\n<p>Matin\u00e9e visite de la ville. Apres \u2013 midi libre. Transfert \u00e0 la gare 16h00. D\u00e9part en train rapide (train Espagnol Talgo) \u00e0 17h00 pour Tachkent. Arriv\u00e9e \u00e0 19h10. Transfert \u00e0 l'h\u00f4tel. Installation. D\u00eener d\u2019adieu. Nuit \u00e0 l'h\u00f4tel.<\/p>\n<p class=\" translation-block\"><p><\/p>\n<p><strong><p><\/strong><\/p>\n<p><strong>Jour 11 - TACHKENT \u2013 FRANCE<\/strong><\/p>\n<p>Transfert \u00e0 l\u2019a\u00e9roport. Vol  de retour.<\/p>\n<p><strong>Programme detaill\u00e9 et le prix sur demande<\/strong><\/p>\n<p><p><\/p>\n<p><strong><p><\/strong><\/p>\n<p><p><\/p>\n<p><strong><p><\/strong><\/p>\n<p><p><\/p>\n\n\t\t<\/div>\n\t<\/div>\n<\/div><\/div><\/div><\/div><div class=\"vc_row wpb_row vc_row-fluid\"><div class=\"wpb_column vc_column_container vc_col-sm-12\"><div class=\"vc_column-inner\"><div class=\"wpb_wrapper\">\n\t<div class=\"wpb_text_column wpb_content_element\" >\n\t\t<div class=\"wpb_wrapper\">\n\t\t\t<p><span style=\"color: #ff0000;\"><strong><p><\/strong><\/span><\/p>\n\n\t\t<\/div>\n\t<\/div>\n<div class=\"vc_separator wpb_content_element vc_separator_align_center vc_sep_width_100 vc_sep_pos_align_center vc_sep_color_grey vc_separator-has-text\" ><span class=\"vc_sep_holder vc_sep_holder_l\"><span  class=\"vc_sep_line\"><\/span><\/span><h4>demande de visite<\/h4><span class=\"vc_sep_holder vc_sep_holder_r\"><span  class=\"vc_sep_line\"><\/span><\/span>\n<\/div>\n\t<div class=\"wpb_text_column wpb_content_element\" >\n\t\t<div class=\"wpb_wrapper\">\n\t\t\t<p>[super_form id=&#8221;23011&#8243;]<\/p>\n\n\t\t<\/div>\n\t<\/div>\n<hr class=\"divider\" style=\"height:px;\"\/><\/div><\/div><\/div><\/div>","protected":false},"excerpt":{"rendered":"\u00a0Dynamic cycling tour with 5 to 7 hour stages of around 350 km, mixed asphalt road and track, with an average of 60 km per...","protected":false},"author":1,"featured_media":0,"parent":22999,"menu_order":0,"comment_status":"closed","ping_status":"closed","template":"","meta":[],"_links":{"self":[{"href":"https:\/\/sacredeasttravel.com\/fr\/wp-json\/wp\/v2\/pages\/23107"}],"collection":[{"href":"https:\/\/sacredeasttravel.com\/fr\/wp-json\/wp\/v2\/pages"}],"about":[{"href":"https:\/\/sacredeasttravel.com\/fr\/wp-json\/wp\/v2\/types\/page"}],"author":[{"embeddable":true,"href":"https:\/\/sacredeasttravel.com\/fr\/wp-json\/wp\/v2\/users\/1"}],"replies":[{"embeddable":true,"href":"https:\/\/sacredeasttravel.com\/fr\/wp-json\/wp\/v2\/comments?post=23107"}],"version-history":[{"count":0,"href":"https:\/\/sacredeasttravel.com\/fr\/wp-json\/wp\/v2\/pages\/23107\/revisions"}],"up":[{"embeddable":true,"href":"https:\/\/sacredeasttravel.com\/fr\/wp-json\/wp\/v2\/pages\/22999"}],"wp:attachment":[{"href":"https:\/\/sacredeasttravel.com\/fr\/wp-json\/wp\/v2\/media?parent=23107"}],"curies":[{"name":"wp","href":"https:\/\/api.w.org\/{rel}","templated":true}]}}