{"id":23260,"date":"2021-04-16T10:11:07","date_gmt":"2021-04-16T10:11:07","guid":{"rendered":"https:\/\/sacredeasttravel.com\/?page_id=23260"},"modified":"2021-06-16T07:28:51","modified_gmt":"2021-06-16T07:28:51","slug":"amir-timur-square-tashkent","status":"publish","type":"page","link":"https:\/\/sacredeasttravel.com\/fr\/uzbekistan\/tashkent\/amir-timur-square-tashkent\/","title":{"rendered":"Ensemble Hast-Imam"},"content":{"rendered":"<div class=\"vc_row wpb_row vc_row-fluid\"><div class=\"wpb_column vc_column_container vc_col-sm-12\"><div class=\"vc_column-inner\"><div class=\"wpb_wrapper\">\n\t<div  class=\"wpb_single_image wpb_content_element vc_align_left\">\n\t\t\n\t\t<figure class=\"wpb_wrapper vc_figure\">\n\t\t\t<div class=\"vc_single_image-wrapper   vc_box_border_grey\"><img width=\"900\" height=\"600\" src=\"https:\/\/sacredeasttravel.com\/wp-content\/uploads\/2021\/04\/hast-imam.jpg\" class=\"vc_single_image-img attachment-full\" alt=\"\" decoding=\"async\" loading=\"lazy\" srcset=\"https:\/\/sacredeasttravel.com\/wp-content\/uploads\/2021\/04\/hast-imam.jpg 900w, https:\/\/sacredeasttravel.com\/wp-content\/uploads\/2021\/04\/hast-imam-300x200.jpg 300w, https:\/\/sacredeasttravel.com\/wp-content\/uploads\/2021\/04\/hast-imam-768x512.jpg 768w, https:\/\/sacredeasttravel.com\/wp-content\/uploads\/2021\/04\/hast-imam-600x400.jpg 600w\" sizes=\"(max-width: 900px) 100vw, 900px\" \/><\/div>\n\t\t<\/figure>\n\t<\/div>\n\n\t<div class=\"wpb_text_column wpb_content_element\" >\n\t\t<div class=\"wpb_wrapper\">\n\t\t\t<h2 style=\"text-align: center;\">Ensemble Hast-Imam<\/h2>\n<hr class=\"divider active horizontal-break small\" \/>\n\n\t\t<\/div>\n\t<\/div>\n\n\t<div class=\"wpb_text_column wpb_content_element\" >\n\t\t<div class=\"wpb_wrapper\">\n\t\t\t<p>Hast Imam Square (Hazrati Imam) est un centre religieux de Tachkent. Hast-Imam est situ\u00e9 dans la vieille ville, dans les quartiers avec les vieilles maisons en torchis et torchis qui ont subi le tremblement de terre de 1966.<\/p>\n<p>Ce complexe est apparu pr\u00e8s de la tombe de l'un des premiers imam de la ville de Tachkent, le c\u00e9l\u00e8bre scientifique, \u00e9rudit du Coran et des Hadith, po\u00e8te et artisan Hazrati Imam (nom complet - Abu-Bakr Muhammad Kaffal Shashi).<\/p>\n<p>Sur le territoire du Hast-Imam, il y a peu de monuments architecturaux, dont la madrasah de Barak-Khan, la mosqu\u00e9e Tilla Sheikh, le mausol\u00e9e du Saint Abu Bakr Kaffal Shashi et l'Institut islamique de l'Imam al-Bukhari, o\u00f9 les futurs pr\u00e9dicateurs sont enseign\u00e9s . L'administration spirituelle des musulmans d'Asie centrale, dirig\u00e9e par le Mufti, y est \u00e9galement plac\u00e9e.<\/p>\n<p>De plus, le complexe poss\u00e8de une riche biblioth\u00e8que de manuscrits orientaux. Le Coran de renomm\u00e9e mondiale du calife Uthman - Ottoman a \u00e9t\u00e9 conserv\u00e9 ici. Le Coran ottoman est la principale source du livre saint de l'islam qui a \u00e9t\u00e9 \u00e9crit au milieu du VIIe si\u00e8cle.<\/p>\n<p>Un manuscrit ancien, compos\u00e9 de 353 feuilles de parchemin de tr\u00e8s grande taille avec le texte original du Coran pendant des si\u00e8cles, a \u00e9t\u00e9 conserv\u00e9 dans le tr\u00e9sor des califes (toujours dans les villes de M\u00e9dine, Damas et Bagdad).<\/p>\n<p>De Bagdad \u00e0 l'\u00e9poque de Tamerlan, le Coran ottoman \u00e9tait en Ouzb\u00e9kistan, puis (d\u00e9j\u00e0 au XIXe si\u00e8cle) a eu le temps de visiter Saint-P\u00e9tersbourg, entre les mains de scientifiques russes, qui ont prouv\u00e9 son authenticit\u00e9, et le nouvellement migr\u00e9 par Ufa dans le centre Asie.<\/p>\n<p>Le nouveau b\u00e2timent de la mosqu\u00e9e Hazrat Imam a \u00e9t\u00e9 \u00e9rig\u00e9 en 2007. La structure de la mosqu\u00e9e se compose de la mosqu\u00e9e elle-m\u00eame et de deux minarets, dont l'architecture est conserv\u00e9e dans le style du XVIe si\u00e8cle. Ainsi, la zone d'entr\u00e9e de la mosqu\u00e9e est d\u00e9cor\u00e9e de splendides travaux de sculpteurs sur bois, repr\u00e9sentant diverses \u00e9coles de sculpture sur bois d'Ouzb\u00e9kistan.<\/p>\n<p>Un excellent travail a \u00e9galement \u00e9t\u00e9 fait par les paysagistes. En particulier, de nombreux arbres, arbustes et fleurs exotiques avaient \u00e9t\u00e9 import\u00e9s de diff\u00e9rents pays et plant\u00e9s sur le territoire du complexe. Et pendant le printemps, l'\u00e9t\u00e9 et l'automne, de belles cigognes s'y prom\u00e8nent librement. La nuit, un \u00e9clairage sp\u00e9cial des b\u00e2timents provoque un sentiment de fr\u00e9quentation dans le monde des contes orientaux ancr\u00e9s.<\/p>\n\n\t\t<\/div>\n\t<\/div>\n<\/div><\/div><\/div><\/div><div class=\"vc_row wpb_row vc_row-fluid\"><div class=\"wpb_column vc_column_container vc_col-sm-12\"><div class=\"vc_column-inner\"><div class=\"wpb_wrapper\"><\/div><\/div><\/div><\/div>","protected":false},"excerpt":{"rendered":"Hast Imam Square Hast Imam Square (Hazrati Imam) is a religious center of Tashkent. Hast-Imam is located in the old town, within neighborhoods with the...","protected":false},"author":1,"featured_media":0,"parent":23235,"menu_order":0,"comment_status":"closed","ping_status":"closed","template":"","meta":[],"_links":{"self":[{"href":"https:\/\/sacredeasttravel.com\/fr\/wp-json\/wp\/v2\/pages\/23260"}],"collection":[{"href":"https:\/\/sacredeasttravel.com\/fr\/wp-json\/wp\/v2\/pages"}],"about":[{"href":"https:\/\/sacredeasttravel.com\/fr\/wp-json\/wp\/v2\/types\/page"}],"author":[{"embeddable":true,"href":"https:\/\/sacredeasttravel.com\/fr\/wp-json\/wp\/v2\/users\/1"}],"replies":[{"embeddable":true,"href":"https:\/\/sacredeasttravel.com\/fr\/wp-json\/wp\/v2\/comments?post=23260"}],"version-history":[{"count":0,"href":"https:\/\/sacredeasttravel.com\/fr\/wp-json\/wp\/v2\/pages\/23260\/revisions"}],"up":[{"embeddable":true,"href":"https:\/\/sacredeasttravel.com\/fr\/wp-json\/wp\/v2\/pages\/23235"}],"wp:attachment":[{"href":"https:\/\/sacredeasttravel.com\/fr\/wp-json\/wp\/v2\/media?parent=23260"}],"curies":[{"name":"wp","href":"https:\/\/api.w.org\/{rel}","templated":true}]}}