{"id":23297,"date":"2021-04-16T17:39:53","date_gmt":"2021-04-16T17:39:53","guid":{"rendered":"https:\/\/sacredeasttravel.com\/?page_id=23297"},"modified":"2021-06-16T07:46:24","modified_gmt":"2021-06-16T07:46:24","slug":"kukeldash-madrasah","status":"publish","type":"page","link":"https:\/\/sacredeasttravel.com\/fr\/uzbekistan\/tashkent\/kukeldash-madrasah\/","title":{"rendered":"Kukeldash Madrasah"},"content":{"rendered":"<div class=\"vc_row wpb_row vc_row-fluid\"><div class=\"wpb_column vc_column_container vc_col-sm-12\"><div class=\"vc_column-inner\"><div class=\"wpb_wrapper\">\n\t<div  class=\"wpb_single_image wpb_content_element vc_align_left\">\n\t\t\n\t\t<figure class=\"wpb_wrapper vc_figure\">\n\t\t\t<div class=\"vc_single_image-wrapper   vc_box_border_grey\"><img width=\"900\" height=\"600\" src=\"https:\/\/sacredeasttravel.com\/wp-content\/uploads\/2021\/04\/Kukeldash.jpg\" class=\"vc_single_image-img attachment-full\" alt=\"\" decoding=\"async\" loading=\"lazy\" srcset=\"https:\/\/sacredeasttravel.com\/wp-content\/uploads\/2021\/04\/Kukeldash.jpg 900w, https:\/\/sacredeasttravel.com\/wp-content\/uploads\/2021\/04\/Kukeldash-300x200.jpg 300w, https:\/\/sacredeasttravel.com\/wp-content\/uploads\/2021\/04\/Kukeldash-768x512.jpg 768w, https:\/\/sacredeasttravel.com\/wp-content\/uploads\/2021\/04\/Kukeldash-600x400.jpg 600w\" sizes=\"(max-width: 900px) 100vw, 900px\" \/><\/div>\n\t\t<\/figure>\n\t<\/div>\n\n\t<div class=\"wpb_text_column wpb_content_element\" >\n\t\t<div class=\"wpb_wrapper\">\n\t\t\t<h2><strong>\u00a0Kukeldash Madrasah<\/strong><\/h2>\n<hr class=\"divider active horizontal-break small\" \/>\n\n\t\t<\/div>\n\t<\/div>\n\n\t<div class=\"wpb_text_column wpb_content_element\" >\n\t\t<div class=\"wpb_wrapper\">\n\t\t\t<p>Madrasah Kukeldash pr\u00e8s du bazar Su dans la partie historique de Tachkent. Construit en 1570, il faisait partie d'un ensemble de la place principale de la ville. L'initiateur a \u00e9t\u00e9 construit hokim Dervish Khan - vizir de la dynastie Tachkent Khans Sheibanids surnomm\u00e9 \u00abKukeldash\u00bb, qui se traduit par \u00abfr\u00e8re de lait\u00bb. Ainsi, le derviche Khan \u00e9tait le fr\u00e8re adoptif du khan. Au XVIIIe si\u00e8cle. Dans les madrasas am\u00e9nag\u00e9 des chauss\u00e9es caravans\u00e9raires pour les marchands, mais descendit avec son couronnement de la tour - guldasta.<\/p>\n<p>Au XIXe si\u00e8cle, les madrasas servaient de forteresse de Kokand khans. Jusqu'en 1865, la madrasah Kukeldash servait de lieu d'ex\u00e9cution publique: depuis le parapet sup\u00e9rieur du portail central sur le sol bord\u00e9 de pierres jet\u00e9es dans les sacs jug\u00e9s \u00e9pouses infid\u00e8les afin de renforcer la moralit\u00e9 des gens. Aujourd'hui, les madrasas restaur\u00e9es sont les madrasas actuelles et remplissent ses fonctions directes: vivre ici et former des \u00e9tudiants. Aussi, voici les fid\u00e8les pour la pri\u00e8re du vendredi.<\/p>\n\n\t\t<\/div>\n\t<\/div>\n<\/div><\/div><\/div><\/div><div class=\"vc_row wpb_row vc_row-fluid\"><div class=\"wpb_column vc_column_container vc_col-sm-12\"><div class=\"vc_column-inner\"><div class=\"wpb_wrapper\"><\/div><\/div><\/div><\/div>","protected":false},"excerpt":{"rendered":"\u00a0Kukeldash Madrasah Madrasah Kukeldash close to Su bazaar in the historic part of Tashkent.\u00a0Built in 1570 it was part of an ensemble of the city\u2019s...","protected":false},"author":1,"featured_media":0,"parent":23235,"menu_order":0,"comment_status":"closed","ping_status":"closed","template":"","meta":[],"_links":{"self":[{"href":"https:\/\/sacredeasttravel.com\/fr\/wp-json\/wp\/v2\/pages\/23297"}],"collection":[{"href":"https:\/\/sacredeasttravel.com\/fr\/wp-json\/wp\/v2\/pages"}],"about":[{"href":"https:\/\/sacredeasttravel.com\/fr\/wp-json\/wp\/v2\/types\/page"}],"author":[{"embeddable":true,"href":"https:\/\/sacredeasttravel.com\/fr\/wp-json\/wp\/v2\/users\/1"}],"replies":[{"embeddable":true,"href":"https:\/\/sacredeasttravel.com\/fr\/wp-json\/wp\/v2\/comments?post=23297"}],"version-history":[{"count":0,"href":"https:\/\/sacredeasttravel.com\/fr\/wp-json\/wp\/v2\/pages\/23297\/revisions"}],"up":[{"embeddable":true,"href":"https:\/\/sacredeasttravel.com\/fr\/wp-json\/wp\/v2\/pages\/23235"}],"wp:attachment":[{"href":"https:\/\/sacredeasttravel.com\/fr\/wp-json\/wp\/v2\/media?parent=23297"}],"curies":[{"name":"wp","href":"https:\/\/api.w.org\/{rel}","templated":true}]}}