{"id":23300,"date":"2021-04-16T17:42:54","date_gmt":"2021-04-16T17:42:54","guid":{"rendered":"https:\/\/sacredeasttravel.com\/?page_id=23300"},"modified":"2021-06-17T16:47:32","modified_gmt":"2021-06-17T16:47:32","slug":"dzhuma-mosque-the-main-friday-mosque","status":"publish","type":"page","link":"https:\/\/sacredeasttravel.com\/fr\/uzbekistan\/tashkent\/dzhuma-mosque-the-main-friday-mosque\/","title":{"rendered":"Mosqu\u00e9e Khoja Akhrar Vali Juma"},"content":{"rendered":"<div class=\"vc_row wpb_row vc_row-fluid\"><div class=\"wpb_column vc_column_container vc_col-sm-12\"><div class=\"vc_column-inner\"><div class=\"wpb_wrapper\">\n\t<div  class=\"wpb_single_image wpb_content_element vc_align_left\">\n\t\t\n\t\t<figure class=\"wpb_wrapper vc_figure\">\n\t\t\t<div class=\"vc_single_image-wrapper   vc_box_border_grey\"><img width=\"900\" height=\"600\" src=\"https:\/\/sacredeasttravel.com\/wp-content\/uploads\/2021\/04\/bibi-khanum-mosque.jpg\" class=\"vc_single_image-img attachment-full\" alt=\"\" decoding=\"async\" loading=\"lazy\" srcset=\"https:\/\/sacredeasttravel.com\/wp-content\/uploads\/2021\/04\/bibi-khanum-mosque.jpg 900w, https:\/\/sacredeasttravel.com\/wp-content\/uploads\/2021\/04\/bibi-khanum-mosque-300x200.jpg 300w, https:\/\/sacredeasttravel.com\/wp-content\/uploads\/2021\/04\/bibi-khanum-mosque-768x512.jpg 768w, https:\/\/sacredeasttravel.com\/wp-content\/uploads\/2021\/04\/bibi-khanum-mosque-600x400.jpg 600w\" sizes=\"(max-width: 900px) 100vw, 900px\" \/><\/div>\n\t\t<\/figure>\n\t<\/div>\n\n\t<div class=\"wpb_text_column wpb_content_element\" >\n\t\t<div class=\"wpb_wrapper\">\n\t\t\t<h2 class=\"elementor-heading-title elementor-size-default\">Mosqu\u00e9e Khoja Akhrar Vali Juma<\/h2>\n<hr class=\"divider active horizontal-break small\" \/>\n\n\t\t<\/div>\n\t<\/div>\n\n\t<div class=\"wpb_text_column wpb_content_element\" >\n\t\t<div class=\"wpb_wrapper\">\n\t\t\t<p>La fondation de la premi\u00e8re mosqu\u00e9e cath\u00e9drale du vendredi \u00e0 Tachkent (mosqu\u00e9e Juma) a \u00e9t\u00e9 \u00e9tablie en 819, au point culminant du \u00abshakhristan\u00bb (centre) de l'ancienne Tachkent. Jusqu'\u00e0 pr\u00e9sent, la mosqu\u00e9e reconstruite, renomm\u00e9e et restaur\u00e9e \u00e0 plusieurs reprises \u00e0 diff\u00e9rentes \u00e9poques est toujours n\u00e9glig\u00e9e dans la vieille ville et entour\u00e9e des lieux Chorsu, Khadra et Eski Juva.<\/p>\n<p>Cette mosqu\u00e9e Juma est la plus ancienne parmi 157 mosqu\u00e9es de Tachkent moderne et la troisi\u00e8me plus grande en Ouzb\u00e9kistan apr\u00e8s le Bibi-Khanum \u00e0 Samarkand et Poi-Kalyan \u00e0 Boukhara. Du XVe si\u00e8cle \u00e0 aujourd'hui, la mosqu\u00e9e a \u00e9t\u00e9 nomm\u00e9e d'apr\u00e8s l'un des chefs soufis du Moyen \u00c2ge oriental - Khoja Akhrar Vali, qui a pr\u00e9sent\u00e9 \u00e0 la ville ce b\u00e2timent construit sur les fondations de l'ancienne mosqu\u00e9e Juma (Juma-mosqu\u00e9e signifie un Mosqu\u00e9e du vendredi) en 1451.<\/p>\n<div class=\"elementor-element elementor-element-3e103f7 elementor-widget elementor-widget-text-editor\" data-id=\"3e103f7\" data-element_type=\"widget\" data-widget_type=\"text-editor.default\">\n<div class=\"elementor-widget-container\">\n<div class=\"elementor-text-editor elementor-clearfix\">\n<p>La mosqu\u00e9e Khoja Akhrar Vali a \u00e9t\u00e9 construite sous la forme d'un cube de 15 m qui symbolise la sainte Kaaba, avec un d\u00f4me et une trav\u00e9e en arc, ouvert vers l'Est. \u00c0 Tachkent pr\u00e9-r\u00e9volutionnaire, avec ses maisons basses \u00e0 un et deux \u00e9tages, la mosqu\u00e9e Khoja Akhrar Vali \u00e9tait le plus haut b\u00e2timent d'o\u00f9 l'on pouvait observer toute la ville.<\/p>\n<p>Le b\u00e2timent de la mosqu\u00e9e Juma comme ceux des autres mosqu\u00e9es musulmanes \u00e9tait orient\u00e9 vers les points cardinaux et orient\u00e9 vers la direction de La Mecque (direction sud-ouest de Tachkent). Autrefois, il \u00e9tait populaire d\u00e9menti qu'en cas de non-respect de cette r\u00e8gle de construction, aucune pri\u00e8re n'atteindrait Allah.<\/p>\n<p>\u00c0 l'int\u00e9rieur du cube, il y avait un mikhrab et une place pour l'imam. \u00c0 l'int\u00e9rieur \u00e9galement, il y avait des galeries vo\u00fbt\u00e9es avec des cellules construites autour d'une longue cour; un takhoratkhona est un endroit o\u00f9 les musulmans effectuent des ablutions avant la pri\u00e8re. La finition de la mosqu\u00e9e \u00e9tait ordinaire sans aucune d\u00e9coration riche afin que rien ne puisse distraire le fid\u00e8le musulman de sa pri\u00e8re, c'est pourquoi les femmes qui n'avaient le droit que de visiter les cimeti\u00e8res et de parler \u00e0 un cheik plut\u00f4t qu'\u00e0 un imam, n'\u00e9taient pas autoris\u00e9es \u00e0 fr\u00e9quenter les mosqu\u00e9es.<\/p>\n<p>Il convient de noter que la pri\u00e8re du vendredi a une importance particuli\u00e8re pour les musulmans m\u00eame maintenant et que sa visite \u00e9tait obligatoire pour chaque croyant. A Tachkent m\u00e9di\u00e9val, il existait un service de mukhtasibs qui avaient le droit de ch\u00e2tier un musulman par la bastonnade qui ne se pr\u00e9sentait pas \u00e0 une heure pour la pri\u00e8re du vendredi.<\/p>\n<p>La proc\u00e9dure de la pri\u00e8re du vendredi suit. Au moment de prier, un muezzin de la tour appelle le musulman. Les croyants effectuent des ablutions (takhorat) avant la pri\u00e8re. Ensuite, ils s'alignent, \u00e9paule par \u00e9paule, le visage de la Mecque. Un mikhrab - un ambry avec des inscriptions du Coran - \u00e0 c\u00f4t\u00e9 de l'arche de l'Imam, donne la direction.<\/p>\n<p>A une heure pr\u00e9cise, l'Imam se l\u00e8ve vers l'arche. Un Imam n'est pas un pr\u00eatre, normalement il est choisi parmi les croyants pour g\u00e9rer la lecture du namaz (pri\u00e8re). C'est lui seul qui a le droit de rester dos \u00e0 la Mecque pendant le namaz. L'Imam r\u00e9cite par c\u0153ur des sourates du Coran tandis que les croyants suivent le paryer par des rakats - prosternations. Il y a des positions couch\u00e9es, assises et debout dans les rakats. Afin de rendre la lecture du namaz plus confortable, les musulmans apportent de petits tapis de pri\u00e8re - joy-namaz.<\/p>\n<p>La pri\u00e8re dure peu de temps, en moyenne 20 minutes. Une fois le paiement termin\u00e9, les croyants se tournent ensemble vers le droit de saluer Allah. Puis ils se tournent vers la gauche pour faire de m\u00eame. Sur ce, la pri\u00e8re du vendredi se termine.<\/p>\n<p>Lors de chaque pri\u00e8re du vendredi, les musulmans lisent une khutbah - une p\u00e9roration - au dirigeant du pays. Sa lecture est obligatoire sinon la pri\u00e8re n'est pas valide.<\/p>\n<p>Il y a cinq cadrans d'horloge avec des aiguilles mobiles dans chaque mosqu\u00e9e musulmane, deux fois par jour, des heures de pri\u00e8re pour les croyants y sont fix\u00e9es. Puisque les musulmans prient 5 fois par jour \u00e0 intervalles \u00e9gaux, la lumi\u00e8re du jour de chaque jour est divis\u00e9e en cinq parties \u00e9gales pour \u00e9tablir l'heure exacte de la pri\u00e8re.<\/p>\n<\/div>\n<\/div>\n<\/div>\n<div class=\"elementor-element elementor-element-481bae6 elementor-widget elementor-widget-text-editor\" data-id=\"481bae6\" data-element_type=\"widget\" data-widget_type=\"text-editor.default\">\n<div class=\"elementor-widget-container\">\n<div class=\"elementor-text-editor elementor-clearfix\">\n<p>Au XVe si\u00e8cle, en face de l'entr\u00e9e centrale de la mosqu\u00e9e, il y avait un b\u00e2timent d'un \u00e9tage qui n'existe plus aujourd'hui. Cinq si\u00e8cles plus tard, apr\u00e8s la construction de la mosqu\u00e9e Khoja Akhrar Vali, la madrasah a \u00e9t\u00e9 d\u00e9frich\u00e9e par les autorit\u00e9s municipales pour la restauration des maisons voisines.<\/p>\n<p>La mosqu\u00e9e Khoja Akhrar Vali a subi une s\u00e9rieuse reconstruction aux XVIII et XIX si\u00e8cles apr\u00e8s des tremblements de terre catastrophiques qui ont endommag\u00e9 de nombreux b\u00e2timents de la ville. Suite au tremblement de terre de 1868, la mosqu\u00e9e a \u00e9t\u00e9 compl\u00e8tement d\u00e9truite pendant 20 ans, jusqu'\u00e0 ce que l'empereur russe Alexandre III attribue de l'argent pour sa restauration en 1888. C'est pourquoi elle a \u00e9t\u00e9 appel\u00e9e mosqu\u00e9e tsariste, longtemps apr\u00e8s sa restauration. . \u00c0 l'\u00e9poque sovi\u00e9tique, cette mosqu\u00e9e Juma a \u00e9t\u00e9 confisqu\u00e9e et utilis\u00e9e comme b\u00e2timent administratif pour le minist\u00e8re de l'\u00c9ducation et plus tard par d'autres bureaux publics. La principale mosqu\u00e9e cath\u00e9drale de Tachkent pendant un demi-centenaire \u00e9tait la mosqu\u00e9e Tillya sur la place Khast-Imam.<\/p>\n<p>La derni\u00e8re restauration de la mosqu\u00e9e Khoja Akhrar Vali a \u00e9t\u00e9 r\u00e9alis\u00e9e dans les ann\u00e9es 90 du si\u00e8cle dernier. Le b\u00e2timent a \u00e9t\u00e9 reconstruit \u00e0 nouveau par des architectes modernes, son cube a \u00e9t\u00e9 d\u00e9moli et au lieu d'un d\u00f4me, il y a maintenant trois d\u00f4mes couronnant la mosqu\u00e9e. L'ensemble architectural entourait la mosqu\u00e9e Khoja Akhrar Vali Juma, \u00e0 l'exception de la madrasah Kukeldash restaur\u00e9e et d'un d\u00f4me de la mosqu\u00e9e mahalla Gulbazar, n'a pas surv\u00e9cu jusqu'\u00e0 cette date. On ne peut avoir une id\u00e9e de l'aspect original de ce complexe maintenant que par de vieilles images et photos.<\/p>\n<\/div>\n<\/div>\n<\/div>\n\n\t\t<\/div>\n\t<\/div>\n<\/div><\/div><\/div><\/div><div class=\"vc_row wpb_row vc_row-fluid\"><div class=\"wpb_column vc_column_container vc_col-sm-12\"><div class=\"vc_column-inner\"><div class=\"wpb_wrapper\"><\/div><\/div><\/div><\/div>","protected":false},"excerpt":{"rendered":"Juma mosque The foundation of the first Friday Cathedral Mosque in Tashkent (Juma mosque) was established in 819, at the highest point of the \u201cshakhristan\u201d...","protected":false},"author":1,"featured_media":0,"parent":23235,"menu_order":0,"comment_status":"closed","ping_status":"closed","template":"","meta":[],"_links":{"self":[{"href":"https:\/\/sacredeasttravel.com\/fr\/wp-json\/wp\/v2\/pages\/23300"}],"collection":[{"href":"https:\/\/sacredeasttravel.com\/fr\/wp-json\/wp\/v2\/pages"}],"about":[{"href":"https:\/\/sacredeasttravel.com\/fr\/wp-json\/wp\/v2\/types\/page"}],"author":[{"embeddable":true,"href":"https:\/\/sacredeasttravel.com\/fr\/wp-json\/wp\/v2\/users\/1"}],"replies":[{"embeddable":true,"href":"https:\/\/sacredeasttravel.com\/fr\/wp-json\/wp\/v2\/comments?post=23300"}],"version-history":[{"count":0,"href":"https:\/\/sacredeasttravel.com\/fr\/wp-json\/wp\/v2\/pages\/23300\/revisions"}],"up":[{"embeddable":true,"href":"https:\/\/sacredeasttravel.com\/fr\/wp-json\/wp\/v2\/pages\/23235"}],"wp:attachment":[{"href":"https:\/\/sacredeasttravel.com\/fr\/wp-json\/wp\/v2\/media?parent=23300"}],"curies":[{"name":"wp","href":"https:\/\/api.w.org\/{rel}","templated":true}]}}