{"id":23330,"date":"2021-04-16T19:00:02","date_gmt":"2021-04-16T19:00:02","guid":{"rendered":"https:\/\/sacredeasttravel.com\/?page_id=23330"},"modified":"2021-06-16T07:49:57","modified_gmt":"2021-06-16T07:49:57","slug":"the-mausoleum-of-sheikh-zaynudin-bobo","status":"publish","type":"page","link":"https:\/\/sacredeasttravel.com\/fr\/uzbekistan\/tashkent\/the-mausoleum-of-sheikh-zaynudin-bobo\/","title":{"rendered":"Mausol\u00e9e de Sheykh Zayniddin-bobo"},"content":{"rendered":"<div class=\"vc_row wpb_row vc_row-fluid\"><div class=\"wpb_column vc_column_container vc_col-sm-12\"><div class=\"vc_column-inner\"><div class=\"wpb_wrapper\">\n\t<div  class=\"wpb_single_image wpb_content_element vc_align_left\">\n\t\t\n\t\t<figure class=\"wpb_wrapper vc_figure\">\n\t\t\t<div class=\"vc_single_image-wrapper   vc_box_border_grey\"><img width=\"900\" height=\"600\" src=\"https:\/\/sacredeasttravel.com\/wp-content\/uploads\/2021\/04\/Mausoleum_of_Sheikh_Zaynudin.jpg\" class=\"vc_single_image-img attachment-full\" alt=\"\" decoding=\"async\" loading=\"lazy\" srcset=\"https:\/\/sacredeasttravel.com\/wp-content\/uploads\/2021\/04\/Mausoleum_of_Sheikh_Zaynudin.jpg 900w, https:\/\/sacredeasttravel.com\/wp-content\/uploads\/2021\/04\/Mausoleum_of_Sheikh_Zaynudin-300x200.jpg 300w, https:\/\/sacredeasttravel.com\/wp-content\/uploads\/2021\/04\/Mausoleum_of_Sheikh_Zaynudin-768x512.jpg 768w, https:\/\/sacredeasttravel.com\/wp-content\/uploads\/2021\/04\/Mausoleum_of_Sheikh_Zaynudin-600x400.jpg 600w\" sizes=\"(max-width: 900px) 100vw, 900px\" \/><\/div>\n\t\t<\/figure>\n\t<\/div>\n\n\t<div class=\"wpb_text_column wpb_content_element\" >\n\t\t<div class=\"wpb_wrapper\">\n\t\t\t<h2>Mausol\u00e9e de Sheykh Zayniddin-bobo<\/h2>\n<hr class=\"divider active horizontal-break small\" \/>\n\n\t\t<\/div>\n\t<\/div>\n\n\t<div class=\"wpb_text_column wpb_content_element\" >\n\t\t<div class=\"wpb_wrapper\">\n\t\t\t<div class=\"elementor-element elementor-element-53dd92e elementor-widget elementor-widget-text-editor\" data-id=\"53dd92e\" data-element_type=\"widget\" data-widget_type=\"text-editor.default\">\n<div class=\"elementor-widget-container\">\n<div class=\"elementor-text-editor elementor-clearfix\">\n<p>Sheykh Zayniddin-bobo est n\u00e9 \u00e0 Bagdad en 1164. Son p\u00e8re \u00e9tait Shakhobiddin Sukhravardi, le fondateur de l'ordre soufi suhrawardi, po\u00e8te et cheikh, chef des soufis de Bagdad. Dans sa jeunesse, Zayniddin a \u00e9t\u00e9 envoy\u00e9 \u00e0 Tachkent pour diffuser et pr\u00eacher les enseignements de son c\u00e9l\u00e8bre p\u00e8re. Zayniddin s'est install\u00e9 \u00e0 Kukcha, l'un des quatre anciens quartiers de Tachkent, o\u00f9 il a v\u00e9cu toute sa vie. Sheykh Zayniddin a lu des conf\u00e9rences, s'est consacr\u00e9 \u00e0 \u00e9clairer les gens et \u00e0 d\u00e9velopper la spiritualit\u00e9. La plupart de son temps, Sheykh Zayniddin a pass\u00e9 dans sa cellule, la soi-disant chilla-hona, o\u00f9 il a pri\u00e9 pour le bien-\u00eatre des gens. Dans les moments difficiles, lorsque Transoxiana \u00e9tait en ruine apr\u00e8s la conqu\u00eate mongole et que Tachkent \u00e9tait en cours de reconstruction, Zayniddin jouait un r\u00f4le important en tant que mentor spirituel \u00e0 l'\u00e9chelle nationale. Pour son esprit, sa sagesse et son \u00e9rudition, les gens appelaient Sheykh Zayniddin \u00abbobo\u00bb, ce qui signifie \u00abgrand-p\u00e8re\u00bb. Honor\u00e9 de beaucoup, Sheykh Zayniddin-bobo est d\u00e9c\u00e9d\u00e9 \u00e0 l'\u00e2ge de 95 ans, et a \u00e9t\u00e9 inhum\u00e9 sur le territoire du cimeti\u00e8re Veloyat. Ils disent que certains de ses descendants vivent encore \u00e0 Tachkent.<\/p>\n<p>\u00c0 la m\u00e9moire de Zayniddin-bobo, \u00e0 la fin du 14\u00e8me si\u00e8cle, un mausol\u00e9e a \u00e9t\u00e9 construit \u00e0 Kukcha, et l'ordre de construire a \u00e9t\u00e9 donn\u00e9 par Amir Temur. L\u00e0 non seulement le mausol\u00e9e attire les gens, mais le \u00abchilla-hona\u00bb, une ancienne cellule de deux magasins \u00e0 ses c\u00f4t\u00e9s qui est devenue le principal abri de Sheykh Zayniddin. Ce monument d'architecture ancienne remonte au 12\u00e8me si\u00e8cle, c'est le plus ancien b\u00e2timent fonctionnel de Tachkent moderne. La pose initiale de briques de la cellule avait \u00e9t\u00e9 enduite et le sol a \u00e9t\u00e9 r\u00e9nov\u00e9, mais sous toutes ces couches, il y a de v\u00e9ritables murs anciens qui gardent encore le souvenir des \u00e9v\u00e9nements de l'\u00e9poque de Zayniddin-bobo. Il est int\u00e9ressant de noter que la cellule est remarquable non seulement par son antiquit\u00e9.<\/p>\n<\/div>\n<\/div>\n<\/div>\n<div class=\"elementor-element elementor-element-b3d20dc elementor-widget elementor-widget-text-editor\" data-id=\"b3d20dc\" data-element_type=\"widget\" data-widget_type=\"text-editor.default\">\n<div class=\"elementor-widget-container\">\n<div class=\"elementor-text-editor elementor-clearfix\">\n<h5>Le myst\u00e8re de la cellule Zayniddin-bobo<\/h5>\n<p>Au d\u00e9but des ann\u00e9es 90 du 20e si\u00e8cle, lors des travaux de mesure et de r\u00e9paration du b\u00e2timent, il a \u00e9t\u00e9 constat\u00e9 que la cellule \u00e9tait \u00e9quip\u00e9e comme un observatoire de base pour observer les \u00e9v\u00e9nements astronomiques. Il y a des trous sp\u00e9ciaux dans les d\u00f4mes inf\u00e9rieurs et sup\u00e9rieurs de la cellule qui sont sur un axe, mais la ligne qui les relie se trouve sur la platitude du m\u00e9ridien de Tachkent. Cette ligne fait un coin avec l'horizon qui est le coin de la plus haute \u00e9l\u00e9vation du soleil sur Tachkent \u00e0 l'\u00e9quinoxe d'\u00e9t\u00e9. Depuis la partie inf\u00e9rieure de la cellule, il est possible d'observer le soleil le jour et les objets du ciel la nuit une fois par an. Et des niches dans les murs montrent la direction de huit losanges (divisions) de la boussole. Cette cellule est la seule du genre au monde \u00e0 \u00eatre construite comme observatoire. Ainsi, nous sommes arriv\u00e9s \u00e0 la compr\u00e9hension d'un des myst\u00e8res - pourquoi la cellule s'appelait Colline des Sages dans les temps anciens. Il y a beaucoup de rumeurs et de mythes autour de la cellule, l'un d'eux raconte qu'une fois il y avait un passage souterrain sous sa cellule menant directement au mausol\u00e9e de Kaffal-Shashi.<\/p>\n<\/div>\n<\/div>\n<\/div>\n\n\t\t<\/div>\n\t<\/div>\n<\/div><\/div><\/div><\/div><div class=\"vc_row wpb_row vc_row-fluid\"><div class=\"wpb_column vc_column_container vc_col-sm-12\"><div class=\"vc_column-inner\"><div class=\"wpb_wrapper\"><\/div><\/div><\/div><\/div>","protected":false},"excerpt":{"rendered":"Mausoleum of Sheykh Zayniddin-bobo Sheykh Zayniddin-bobo was born in Baghdad in 1164. His father was Shakhobiddin Sukhravardi, the founder of suhrawardi sufi order, poet and...","protected":false},"author":1,"featured_media":0,"parent":23235,"menu_order":0,"comment_status":"closed","ping_status":"closed","template":"","meta":[],"_links":{"self":[{"href":"https:\/\/sacredeasttravel.com\/fr\/wp-json\/wp\/v2\/pages\/23330"}],"collection":[{"href":"https:\/\/sacredeasttravel.com\/fr\/wp-json\/wp\/v2\/pages"}],"about":[{"href":"https:\/\/sacredeasttravel.com\/fr\/wp-json\/wp\/v2\/types\/page"}],"author":[{"embeddable":true,"href":"https:\/\/sacredeasttravel.com\/fr\/wp-json\/wp\/v2\/users\/1"}],"replies":[{"embeddable":true,"href":"https:\/\/sacredeasttravel.com\/fr\/wp-json\/wp\/v2\/comments?post=23330"}],"version-history":[{"count":0,"href":"https:\/\/sacredeasttravel.com\/fr\/wp-json\/wp\/v2\/pages\/23330\/revisions"}],"up":[{"embeddable":true,"href":"https:\/\/sacredeasttravel.com\/fr\/wp-json\/wp\/v2\/pages\/23235"}],"wp:attachment":[{"href":"https:\/\/sacredeasttravel.com\/fr\/wp-json\/wp\/v2\/media?parent=23330"}],"curies":[{"name":"wp","href":"https:\/\/api.w.org\/{rel}","templated":true}]}}