{"id":23333,"date":"2021-04-16T19:08:29","date_gmt":"2021-04-16T19:08:29","guid":{"rendered":"https:\/\/sacredeasttravel.com\/?page_id=23333"},"modified":"2021-06-16T18:23:07","modified_gmt":"2021-06-16T18:23:07","slug":"the-mausoleums-of-zangiata-sufi","status":"publish","type":"page","link":"https:\/\/sacredeasttravel.com\/fr\/uzbekistan\/tashkent\/the-mausoleums-of-zangiata-sufi\/","title":{"rendered":"Mausol\u00e9e de Zangiata"},"content":{"rendered":"<div class=\"vc_row wpb_row vc_row-fluid\"><div class=\"wpb_column vc_column_container vc_col-sm-12\"><div class=\"vc_column-inner\"><div class=\"wpb_wrapper\">\n\t<div  class=\"wpb_single_image wpb_content_element vc_align_left\">\n\t\t\n\t\t<figure class=\"wpb_wrapper vc_figure\">\n\t\t\t<div class=\"vc_single_image-wrapper   vc_box_border_grey\"><img width=\"700\" height=\"524\" src=\"https:\/\/sacredeasttravel.com\/wp-content\/uploads\/2021\/04\/118071759_ota6.jpg\" class=\"vc_single_image-img attachment-full\" alt=\"\" decoding=\"async\" loading=\"lazy\" srcset=\"https:\/\/sacredeasttravel.com\/wp-content\/uploads\/2021\/04\/118071759_ota6.jpg 700w, https:\/\/sacredeasttravel.com\/wp-content\/uploads\/2021\/04\/118071759_ota6-300x225.jpg 300w, https:\/\/sacredeasttravel.com\/wp-content\/uploads\/2021\/04\/118071759_ota6-600x449.jpg 600w\" sizes=\"(max-width: 700px) 100vw, 700px\" \/><\/div>\n\t\t<\/figure>\n\t<\/div>\n\n\t<div class=\"wpb_text_column wpb_content_element\" >\n\t\t<div class=\"wpb_wrapper\">\n\t\t\t<h2 class=\"elementor-heading-title elementor-size-default\">Mausol\u00e9e de Zangiata<\/h2>\n<hr class=\"divider active horizontal-break small\" \/>\n\n\t\t<\/div>\n\t<\/div>\n\n\t<div class=\"wpb_text_column wpb_content_element\" >\n\t\t<div class=\"wpb_wrapper\">\n\t\t\t<p>\u00c0 15 km de Tachkent, dans le village de Zangiata, il y a un c\u00e9l\u00e8bre mausol\u00e9e Zangiata, o\u00f9 le cheikh musulman Ai-Khodja et sa femme ont \u00e9t\u00e9 enterr\u00e9s. Le cheikh a v\u00e9cu au XIIIe si\u00e8cle. Zangiata signifie \u00abp\u00e8re sombre\u00bb. Il a obtenu ce surnom \u00e0 cause de sa peau fonc\u00e9e de sa couleur. Ils \u00e9taient partisans du grand chef de toutes les tribus turques d'Asie centrale, le soufi Ahmed Yasawi.<\/p>\n<p>Le mausol\u00e9e a \u00e9t\u00e9 construit lorsque Temur \u00e9tait au pouvoir. La l\u00e9gende raconte que Timur avait initialement re\u00e7u l'ordre de reconstruire le mausol\u00e9e du Turkestan en l'honneur d'un autre saint musulman, Ahmed Yassavi (Kazakhstan).<\/p>\n<p>Mais le mur qui \u00e9tait en train d'\u00eatre construit mausol\u00e9e \u00e9tait constamment effondr\u00e9. Le b\u00e2timent ne bougeait pas. Et puis Tamerlan a r\u00eav\u00e9 Yassaviy qui lui a dit que les premiers honneurs \u00e0 \u00eatre donn\u00e9s \u00e0 Zangiata. Tamerlan a ordonn\u00e9 de reconstruire le mausol\u00e9e de Zangiata et ce n'est qu'alors que le mausol\u00e9e d'Ahmed Yassavi a \u00e9t\u00e9 construit au Turkestan.<\/p>\n<p>Plus tard, au XVIIIe si\u00e8cle, la madrasa et la mosqu\u00e9e ont \u00e9t\u00e9 construites et patio fini patio. Au d\u00e9but du XXe si\u00e8cle a \u00e9galement \u00e9t\u00e9 \u00e9rig\u00e9 un minaret. Les b\u00e2timents historiques sont situ\u00e9s autour d'un grand jardin, un ensemble de b\u00e2timents monumentaux XIV-XIX si\u00e8cles, la mosqu\u00e9e Madrasah (XVIII-XIX cc.) (1870), avec un minaret (1914-1915) et un ancien cimeti\u00e8re.<\/p>\n<p>Le mausol\u00e9e est l'un des lieux saints les plus visit\u00e9s de Tachkent. Il est g\u00e9n\u00e9ralement admis que les familles de Tachkent apportent un don de bienfaisance \u00e0 Zangi-ata chaque cycle de douze ans (\u00abmuchal yili\u00bb) selon le calendrier oriental, c'est-\u00e0-dire lorsqu'un membre de la famille atteint l'\u00e2ge de 12, 24, 36 ans ou plus visite Zangi -ata avec don de bienfaisance. En r\u00e8gle g\u00e9n\u00e9rale, le kit comprend deux m\u00e8tres de tissu blanc, un mouchoir blanc, un paquet de th\u00e9, un kilo de sucre raffin\u00e9 et tout pour la cuisson du pilaf comme le riz, la viande, l'huile, les carottes, les oignons et quatre morceaux de pain ouzbek \u00ablepeshka\u00bb.<\/p>\n\n\t\t<\/div>\n\t<\/div>\n<\/div><\/div><\/div><\/div><div class=\"vc_row wpb_row vc_row-fluid\"><div class=\"wpb_column vc_column_container vc_col-sm-12\"><div class=\"vc_column-inner\"><div class=\"wpb_wrapper\"><\/div><\/div><\/div><\/div>","protected":false},"excerpt":{"rendered":"Zangiata Mausoleum At 15 km from Tashkent, in the village of Zangiata, there is a famous mausoleum Zangiata, where Muslim Sheikh Ai-Khodja and his wife...","protected":false},"author":1,"featured_media":0,"parent":23235,"menu_order":0,"comment_status":"closed","ping_status":"closed","template":"","meta":[],"_links":{"self":[{"href":"https:\/\/sacredeasttravel.com\/fr\/wp-json\/wp\/v2\/pages\/23333"}],"collection":[{"href":"https:\/\/sacredeasttravel.com\/fr\/wp-json\/wp\/v2\/pages"}],"about":[{"href":"https:\/\/sacredeasttravel.com\/fr\/wp-json\/wp\/v2\/types\/page"}],"author":[{"embeddable":true,"href":"https:\/\/sacredeasttravel.com\/fr\/wp-json\/wp\/v2\/users\/1"}],"replies":[{"embeddable":true,"href":"https:\/\/sacredeasttravel.com\/fr\/wp-json\/wp\/v2\/comments?post=23333"}],"version-history":[{"count":0,"href":"https:\/\/sacredeasttravel.com\/fr\/wp-json\/wp\/v2\/pages\/23333\/revisions"}],"up":[{"embeddable":true,"href":"https:\/\/sacredeasttravel.com\/fr\/wp-json\/wp\/v2\/pages\/23235"}],"wp:attachment":[{"href":"https:\/\/sacredeasttravel.com\/fr\/wp-json\/wp\/v2\/media?parent=23333"}],"curies":[{"name":"wp","href":"https:\/\/api.w.org\/{rel}","templated":true}]}}