{"id":23336,"date":"2021-04-16T19:12:01","date_gmt":"2021-04-16T19:12:01","guid":{"rendered":"https:\/\/sacredeasttravel.com\/?page_id=23336"},"modified":"2021-06-17T16:59:16","modified_gmt":"2021-06-17T16:59:16","slug":"state-museum-of-applied-art","status":"publish","type":"page","link":"https:\/\/sacredeasttravel.com\/fr\/uzbekistan\/tashkent\/state-museum-of-applied-art\/","title":{"rendered":"Mus\u00e9e d'art appliqu\u00e9 d'Ouzb\u00e9kistan"},"content":{"rendered":"<div class=\"vc_row wpb_row vc_row-fluid\"><div class=\"wpb_column vc_column_container vc_col-sm-12\"><div class=\"vc_column-inner\"><div class=\"wpb_wrapper\">\n\t<div  class=\"wpb_single_image wpb_content_element vc_align_left\">\n\t\t\n\t\t<figure class=\"wpb_wrapper vc_figure\">\n\t\t\t<div class=\"vc_single_image-wrapper   vc_box_border_grey\"><img width=\"900\" height=\"600\" src=\"https:\/\/sacredeasttravel.com\/wp-content\/uploads\/2021\/04\/applied-arts-museum.jpg\" class=\"vc_single_image-img attachment-full\" alt=\"\" decoding=\"async\" loading=\"lazy\" srcset=\"https:\/\/sacredeasttravel.com\/wp-content\/uploads\/2021\/04\/applied-arts-museum.jpg 900w, https:\/\/sacredeasttravel.com\/wp-content\/uploads\/2021\/04\/applied-arts-museum-300x200.jpg 300w, https:\/\/sacredeasttravel.com\/wp-content\/uploads\/2021\/04\/applied-arts-museum-768x512.jpg 768w, https:\/\/sacredeasttravel.com\/wp-content\/uploads\/2021\/04\/applied-arts-museum-600x400.jpg 600w\" sizes=\"(max-width: 900px) 100vw, 900px\" \/><\/div>\n\t\t<\/figure>\n\t<\/div>\n\n\t<div class=\"wpb_text_column wpb_content_element\" >\n\t\t<div class=\"wpb_wrapper\">\n\t\t\t<h2>Mus\u00e9e d'art appliqu\u00e9 d'Ouzb\u00e9kistan<\/h2>\n<hr class=\"divider active horizontal-break small\" \/>\n\n\t\t<\/div>\n\t<\/div>\n\n\t<div class=\"wpb_text_column wpb_content_element\" >\n\t\t<div class=\"wpb_wrapper\">\n\t\t\t<div class=\"elementor-element elementor-element-808d480 elementor-widget elementor-widget-text-editor\" data-id=\"808d480\" data-element_type=\"widget\" data-widget_type=\"text-editor.default\">\n<div class=\"elementor-widget-container\">\n<div class=\"elementor-text-editor elementor-clearfix\">\n<p>L'histoire du mus\u00e9e d'art appliqu\u00e9 d'Ouzb\u00e9kistan remonte \u00e0 1927, lorsque la premi\u00e8re exposition d'\u0153uvres d'art d'artistes ouzbeks a eu lieu ici.<\/p>\n<p>Initialement, le mus\u00e9e s'appelait le Mus\u00e9e de l'artisanat et, en 1997, il a obtenu le statut d'\u00c9tat et a acquis son nom actuel.<\/p>\n<p>Le fonds du Mus\u00e9e des arts appliqu\u00e9s recense plus de 7,000 19 \u00e9chantillons d'arts appliqu\u00e9s: broderies faites \u00e0 la main, calottes de t\u00eate (tyubeteyka), bijoux, tapis et autres exemples d'artisanat du d\u00e9but du XIXe si\u00e8cle \u00e0 nos jours.<\/p>\n<p>Toutes les expositions du Mus\u00e9e d'art appliqu\u00e9 d'Ouzb\u00e9kistan peuvent \u00eatre divis\u00e9es en trois groupes:<\/p>\n<p>- \u0152uvres d'arts appliqu\u00e9s bas\u00e9es sur des traditions anciennes et relatives \u00e0 l'\u00e9cole;<\/p>\n<p>- \u0152uvres cr\u00e9\u00e9es depuis la seconde moiti\u00e9 du XIXe si\u00e8cle en tenant d\u00fbment compte des m\u00e9thodes artisanales traditionnelles;<\/p>\n<p>- \u0152uvres d'art moderne, d\u00e9cor\u00e9es d'ornements color\u00e9s sur la base du d\u00e9veloppement des arts modernes.<\/p>\n<p>Le Mus\u00e9e des arts appliqu\u00e9s d'Ouzb\u00e9kistan dispose \u00e9galement de deux boutiques de cadeaux, o\u00f9 vous pouvez acheter une peinture, des graphiques, de la porcelaine, des tapis, des broderies, des tissus, des bijoux, des pi\u00e8ces de monnaie, des miniatures vernies par des ma\u00eetres ouzbeks modernes.<\/p>\n<\/div>\n<\/div>\n<\/div>\n\n\t\t<\/div>\n\t<\/div>\n<\/div><\/div><\/div><\/div><div class=\"vc_row wpb_row vc_row-fluid\"><div class=\"wpb_column vc_column_container vc_col-sm-12\"><div class=\"vc_column-inner\"><div class=\"wpb_wrapper\"><\/div><\/div><\/div><\/div>","protected":false},"excerpt":{"rendered":"Museum of Applied Art History of Museum of Applied Art of Uzbekistan dates back to 1927, when the first exhibition of artworks by artists of...","protected":false},"author":1,"featured_media":0,"parent":23235,"menu_order":0,"comment_status":"closed","ping_status":"closed","template":"","meta":[],"_links":{"self":[{"href":"https:\/\/sacredeasttravel.com\/fr\/wp-json\/wp\/v2\/pages\/23336"}],"collection":[{"href":"https:\/\/sacredeasttravel.com\/fr\/wp-json\/wp\/v2\/pages"}],"about":[{"href":"https:\/\/sacredeasttravel.com\/fr\/wp-json\/wp\/v2\/types\/page"}],"author":[{"embeddable":true,"href":"https:\/\/sacredeasttravel.com\/fr\/wp-json\/wp\/v2\/users\/1"}],"replies":[{"embeddable":true,"href":"https:\/\/sacredeasttravel.com\/fr\/wp-json\/wp\/v2\/comments?post=23336"}],"version-history":[{"count":0,"href":"https:\/\/sacredeasttravel.com\/fr\/wp-json\/wp\/v2\/pages\/23336\/revisions"}],"up":[{"embeddable":true,"href":"https:\/\/sacredeasttravel.com\/fr\/wp-json\/wp\/v2\/pages\/23235"}],"wp:attachment":[{"href":"https:\/\/sacredeasttravel.com\/fr\/wp-json\/wp\/v2\/media?parent=23336"}],"curies":[{"name":"wp","href":"https:\/\/api.w.org\/{rel}","templated":true}]}}