{"id":23370,"date":"2021-04-18T18:14:06","date_gmt":"2021-04-18T18:14:06","guid":{"rendered":"https:\/\/sacredeasttravel.com\/?page_id=23370"},"modified":"2021-06-16T18:44:42","modified_gmt":"2021-06-16T18:44:42","slug":"alisher-navoi-state-academic-grand-theatre","status":"publish","type":"page","link":"https:\/\/sacredeasttravel.com\/fr\/uzbekistan\/tashkent\/alisher-navoi-state-academic-grand-theatre\/","title":{"rendered":"Th\u00e9\u00e2tre national d'op\u00e9ra et de ballet nomm\u00e9 d'apr\u00e8s Alisher Navoiy"},"content":{"rendered":"<div class=\"vc_row wpb_row vc_row-fluid\"><div class=\"wpb_column vc_column_container vc_col-sm-12\"><div class=\"vc_column-inner\"><div class=\"wpb_wrapper\">\n\t<div  class=\"wpb_single_image wpb_content_element vc_align_left\">\n\t\t\n\t\t<figure class=\"wpb_wrapper vc_figure\">\n\t\t\t<div class=\"vc_single_image-wrapper   vc_box_border_grey\"><img width=\"900\" height=\"600\" src=\"https:\/\/sacredeasttravel.com\/wp-content\/uploads\/2021\/04\/The-Alisher-Navoi-State-Academic-Theatre.jpg\" class=\"vc_single_image-img attachment-full\" alt=\"\" decoding=\"async\" loading=\"lazy\" srcset=\"https:\/\/sacredeasttravel.com\/wp-content\/uploads\/2021\/04\/The-Alisher-Navoi-State-Academic-Theatre.jpg 900w, https:\/\/sacredeasttravel.com\/wp-content\/uploads\/2021\/04\/The-Alisher-Navoi-State-Academic-Theatre-300x200.jpg 300w, https:\/\/sacredeasttravel.com\/wp-content\/uploads\/2021\/04\/The-Alisher-Navoi-State-Academic-Theatre-768x512.jpg 768w, https:\/\/sacredeasttravel.com\/wp-content\/uploads\/2021\/04\/The-Alisher-Navoi-State-Academic-Theatre-600x400.jpg 600w\" sizes=\"(max-width: 900px) 100vw, 900px\" \/><\/div>\n\t\t<\/figure>\n\t<\/div>\n\n\t<div class=\"wpb_text_column wpb_content_element\" >\n\t\t<div class=\"wpb_wrapper\">\n\t\t\t<h2>Th\u00e9\u00e2tre national d'op\u00e9ra et de ballet nomm\u00e9 d'apr\u00e8s Alisher Navoiy<\/h2>\n<hr class=\"divider active horizontal-break small\" \/>\n\n\t\t<\/div>\n\t<\/div>\n\n\t<div class=\"wpb_text_column wpb_content_element\" >\n\t\t<div class=\"wpb_wrapper\">\n\t\t\t<p>L'histoire du th\u00e9\u00e2tre a commenc\u00e9 en 1929, lorsque des amateurs de concert-groupe ethnographique ont commenc\u00e9 \u00e0 travailler sous la direction de M. Kari-Yakubov et ont fond\u00e9 le th\u00e9\u00e2tre professionnel. En 1939, il a \u00e9t\u00e9 rebaptis\u00e9 Th\u00e9\u00e2tre national d'op\u00e9ra et de ballet d'Ouzb\u00e9kistan et, en mars 1948, il a \u00e9t\u00e9 uni au th\u00e9\u00e2tre russe et appel\u00e9 Th\u00e9\u00e2tre national d'op\u00e9ra et de ballet du nom d'Alisher Navoiy. Plus tard, en 1959, le th\u00e9\u00e2tre a obtenu le statut de th\u00e9\u00e2tre acad\u00e9mique et en 1966 - le statut de th\u00e9\u00e2tre Bolcho\u00ef.\n\nLe b\u00e2timent unique a \u00e9t\u00e9 construit par le projet de l'acad\u00e9micien-architecte VASchusev. Chacun des six foyers lat\u00e9raux du th\u00e9\u00e2tre a la caract\u00e9ristique d'un d\u00e9cor architectural, inh\u00e9rent \u00e0 telle ou telle r\u00e9gion de l'Ouzb\u00e9kistan (salle Tachkent, salle Boukhara, salle Khorezm, salle Samarkand, salle Ferghana et salle Termez). Par exemple, la salle de Boukhara est d\u00e9cor\u00e9e de sculptures ganch, appliqu\u00e9es sur la surface du miroir comme dans le palais de l'\u00e9mir de Boukhara. Les salles et le foyer du th\u00e9\u00e2tre sont d\u00e9cor\u00e9s de peintures murales de sc\u00e8nes de po\u00e8mes de A.Navoi et de paysages de l'Ouzb\u00e9kistan.Le r\u00e9pertoire du th\u00e9\u00e2tre consiste principalement en une mise en sc\u00e8ne de classiques du monde. Et aussi divers concerts et tourn\u00e9es d'artistes \u00e9trangers y sont organis\u00e9s.<\/p>\n\n\t\t<\/div>\n\t<\/div>\n<\/div><\/div><\/div><\/div><div class=\"vc_row wpb_row vc_row-fluid\"><div class=\"wpb_column vc_column_container vc_col-sm-12\"><div class=\"vc_column-inner\"><div class=\"wpb_wrapper\"><\/div><\/div><\/div><\/div>","protected":false},"excerpt":{"rendered":"Alisher Navoi State Academic Grand Theatre The hall of Alisher Navoi State Academic Grand Theatre has 860 seats. Repertoire of the theatre includes classical plays...","protected":false},"author":1,"featured_media":0,"parent":23235,"menu_order":0,"comment_status":"closed","ping_status":"closed","template":"","meta":[],"_links":{"self":[{"href":"https:\/\/sacredeasttravel.com\/fr\/wp-json\/wp\/v2\/pages\/23370"}],"collection":[{"href":"https:\/\/sacredeasttravel.com\/fr\/wp-json\/wp\/v2\/pages"}],"about":[{"href":"https:\/\/sacredeasttravel.com\/fr\/wp-json\/wp\/v2\/types\/page"}],"author":[{"embeddable":true,"href":"https:\/\/sacredeasttravel.com\/fr\/wp-json\/wp\/v2\/users\/1"}],"replies":[{"embeddable":true,"href":"https:\/\/sacredeasttravel.com\/fr\/wp-json\/wp\/v2\/comments?post=23370"}],"version-history":[{"count":0,"href":"https:\/\/sacredeasttravel.com\/fr\/wp-json\/wp\/v2\/pages\/23370\/revisions"}],"up":[{"embeddable":true,"href":"https:\/\/sacredeasttravel.com\/fr\/wp-json\/wp\/v2\/pages\/23235"}],"wp:attachment":[{"href":"https:\/\/sacredeasttravel.com\/fr\/wp-json\/wp\/v2\/media?parent=23370"}],"curies":[{"name":"wp","href":"https:\/\/api.w.org\/{rel}","templated":true}]}}