{"id":23373,"date":"2021-04-18T18:25:06","date_gmt":"2021-04-18T18:25:06","guid":{"rendered":"https:\/\/sacredeasttravel.com\/?page_id=23373"},"modified":"2021-06-16T18:46:52","modified_gmt":"2021-06-16T18:46:52","slug":"zoological-park-of-tashkent","status":"publish","type":"page","link":"https:\/\/sacredeasttravel.com\/fr\/uzbekistan\/tashkent\/zoological-park-of-tashkent\/","title":{"rendered":"Zoo de Tachkent"},"content":{"rendered":"<div class=\"vc_row wpb_row vc_row-fluid\"><div class=\"wpb_column vc_column_container vc_col-sm-12\"><div class=\"vc_column-inner\"><div class=\"wpb_wrapper\">\n\t<div  class=\"wpb_single_image wpb_content_element vc_align_left\">\n\t\t\n\t\t<figure class=\"wpb_wrapper vc_figure\">\n\t\t\t<div class=\"vc_single_image-wrapper   vc_box_border_grey\"><img width=\"900\" height=\"600\" src=\"https:\/\/sacredeasttravel.com\/wp-content\/uploads\/2021\/04\/zoological-park.jpg\" class=\"vc_single_image-img attachment-full\" alt=\"\" decoding=\"async\" loading=\"lazy\" srcset=\"https:\/\/sacredeasttravel.com\/wp-content\/uploads\/2021\/04\/zoological-park.jpg 900w, https:\/\/sacredeasttravel.com\/wp-content\/uploads\/2021\/04\/zoological-park-300x200.jpg 300w, https:\/\/sacredeasttravel.com\/wp-content\/uploads\/2021\/04\/zoological-park-768x512.jpg 768w, https:\/\/sacredeasttravel.com\/wp-content\/uploads\/2021\/04\/zoological-park-600x400.jpg 600w\" sizes=\"(max-width: 900px) 100vw, 900px\" \/><\/div>\n\t\t<\/figure>\n\t<\/div>\n\n\t<div class=\"wpb_text_column wpb_content_element\" >\n\t\t<div class=\"wpb_wrapper\">\n\t\t\t<h2 class=\"elementor-heading-title elementor-size-default\">Zoo de Tachkent<\/h2>\n<hr class=\"divider active horizontal-break small\" \/>\n\n\t\t<\/div>\n\t<\/div>\n\n\t<div class=\"wpb_text_column wpb_content_element\" >\n\t\t<div class=\"wpb_wrapper\">\n\t\t\t<p>Le zoo de Tachkent a \u00e9t\u00e9 fond\u00e9 en 1924. Ensuite, c'\u00e9tait une petite m\u00e9nagerie qui a \u00e9t\u00e9 plac\u00e9e au mus\u00e9e d'art, sur le territoire de l'ancienne datcha hors de la ville du gouverneur g\u00e9n\u00e9ral de Turkeston. 3 hectares de terrain ont \u00e9t\u00e9 c\u00e9d\u00e9s au zoo. \u00c0 la fin des ann\u00e9es 40, le zoo \u00e9tait presque organis\u00e9, sa collection comptait 200 esp\u00e8ces d'animaux.<\/p>\n<p>En 1994, le Cabinet des ministres de l'Ouzb\u00e9kistan a pris la d\u00e9cision de construire un nouveau zoo qui r\u00e9pondrait \u00e0 toutes les exigences et normes internationales. En 1997, le nouveau zoo qui a \u00e9t\u00e9 construit pr\u00e8s du jardin botanique, a ouvert ses portes. Depuis 1998, le zoo de Tachkent est membre de l'association r\u00e9gionale euro-asiatique des zoos et aquariums.<\/p>\n<p>Le nouveau zoo occupe 22,7 hectares de terres, 349 types d'animaux - mammif\u00e8res, reptiles, oiseaux et poissons vivent dans des cages en plein air. Un des fiers du zoo de Tachkent est l'aquarium o\u00f9 les animaux marins, \u00e0 savoir les requins, les anguilles morales, les tortues, etc.<\/p>\n<p>En septembre 2009, la collection du zoo de Tachkent a obtenu des animaux exotiques de Malaisie, parmi lesquels il y a des ours malais (le type d'ours le plus rare du livre rouge). Tr\u00e8s bient\u00f4t, le zoo de Tachkent s'attend \u00e0 recevoir de nouveaux animaux sauvages de Check Republic et de Russie.<\/p>\n\n\t\t<\/div>\n\t<\/div>\n<\/div><\/div><\/div><\/div><div class=\"vc_row wpb_row vc_row-fluid\"><div class=\"wpb_column vc_column_container vc_col-sm-12\"><div class=\"vc_column-inner\"><div class=\"wpb_wrapper\"><\/div><\/div><\/div><\/div>","protected":false},"excerpt":{"rendered":"Tashkent Zoo Tashkent Zoo was founded in 1924. Then it was a small menagerie which was placed at the Art Museum, on the territory of...","protected":false},"author":1,"featured_media":0,"parent":23235,"menu_order":0,"comment_status":"closed","ping_status":"closed","template":"","meta":[],"_links":{"self":[{"href":"https:\/\/sacredeasttravel.com\/fr\/wp-json\/wp\/v2\/pages\/23373"}],"collection":[{"href":"https:\/\/sacredeasttravel.com\/fr\/wp-json\/wp\/v2\/pages"}],"about":[{"href":"https:\/\/sacredeasttravel.com\/fr\/wp-json\/wp\/v2\/types\/page"}],"author":[{"embeddable":true,"href":"https:\/\/sacredeasttravel.com\/fr\/wp-json\/wp\/v2\/users\/1"}],"replies":[{"embeddable":true,"href":"https:\/\/sacredeasttravel.com\/fr\/wp-json\/wp\/v2\/comments?post=23373"}],"version-history":[{"count":0,"href":"https:\/\/sacredeasttravel.com\/fr\/wp-json\/wp\/v2\/pages\/23373\/revisions"}],"up":[{"embeddable":true,"href":"https:\/\/sacredeasttravel.com\/fr\/wp-json\/wp\/v2\/pages\/23235"}],"wp:attachment":[{"href":"https:\/\/sacredeasttravel.com\/fr\/wp-json\/wp\/v2\/media?parent=23373"}],"curies":[{"name":"wp","href":"https:\/\/api.w.org\/{rel}","templated":true}]}}