{"id":23376,"date":"2021-04-18T18:28:07","date_gmt":"2021-04-18T18:28:07","guid":{"rendered":"https:\/\/sacredeasttravel.com\/?page_id=23376"},"modified":"2021-06-16T18:48:32","modified_gmt":"2021-06-16T18:48:32","slug":"the-botanical-garden","status":"publish","type":"page","link":"https:\/\/sacredeasttravel.com\/fr\/uzbekistan\/tashkent\/the-botanical-garden\/","title":{"rendered":"Jardin botanique de Tachkent"},"content":{"rendered":"<div class=\"vc_row wpb_row vc_row-fluid\"><div class=\"wpb_column vc_column_container vc_col-sm-12\"><div class=\"vc_column-inner\"><div class=\"wpb_wrapper\">\n\t<div  class=\"wpb_single_image wpb_content_element vc_align_left\">\n\t\t\n\t\t<figure class=\"wpb_wrapper vc_figure\">\n\t\t\t<div class=\"vc_single_image-wrapper   vc_box_border_grey\"><img width=\"900\" height=\"600\" src=\"https:\/\/sacredeasttravel.com\/wp-content\/uploads\/2021\/04\/botanical-garden3.jpg\" class=\"vc_single_image-img attachment-full\" alt=\"\" decoding=\"async\" loading=\"lazy\" srcset=\"https:\/\/sacredeasttravel.com\/wp-content\/uploads\/2021\/04\/botanical-garden3.jpg 900w, https:\/\/sacredeasttravel.com\/wp-content\/uploads\/2021\/04\/botanical-garden3-300x200.jpg 300w, https:\/\/sacredeasttravel.com\/wp-content\/uploads\/2021\/04\/botanical-garden3-768x512.jpg 768w, https:\/\/sacredeasttravel.com\/wp-content\/uploads\/2021\/04\/botanical-garden3-600x400.jpg 600w\" sizes=\"(max-width: 900px) 100vw, 900px\" \/><\/div>\n\t\t<\/figure>\n\t<\/div>\n\n\t<div class=\"wpb_text_column wpb_content_element\" >\n\t\t<div class=\"wpb_wrapper\">\n\t\t\t<h2 class=\"elementor-heading-title elementor-size-default\">Jardin botanique de Tachkent<\/h2>\n<hr class=\"divider active horizontal-break small\" \/>\n\n\t\t<\/div>\n\t<\/div>\n\n\t<div class=\"wpb_text_column wpb_content_element\" >\n\t\t<div class=\"wpb_wrapper\">\n\t\t\t<p>La nature de notre plan\u00e8te est organis\u00e9e de mani\u00e8re tr\u00e8s harmonieuse et bien \u00e9quilibr\u00e9e. Chaque zone naturelle a ses propres particularit\u00e9s et beaut\u00e9s, chaque r\u00e9gion est unique et merveilleuse. Il est impossible de trouver deux vall\u00e9es identiques, deux cours d'eau \u00e9gaux sur le monde. Des millions d'ann\u00e9es ont fait de notre plan\u00e8te un monde merveilleux, plein d'une vari\u00e9t\u00e9 infinie de vies. Et parfois, nous devons laisser une agitation urbaine pour ne pas perdre le lien avec la nature. Cela peut \u00eatre fait sans quitter la ville - la plupart des villes ont leurs zones naturelles uniques. L'un de ces beaux endroits est le jardin botanique de Tachkent.<\/p>\n<p>Pendant la Seconde Guerre mondiale, lorsque des personnes de toute l'URSS ont \u00e9t\u00e9 \u00e9vacu\u00e9es vers Tachkent et les villes voisines, le jardin botanique a \u00e9t\u00e9 ouvert dans la capitale de l'Ouzb\u00e9kistan \u00e0 l'initiative de l'acad\u00e9micien Fedor Rusanov. Depuis plus de cinquante ans, des milliers de plantes du monde entier ont \u00e9t\u00e9 collect\u00e9es ici.<\/p>\n<p>Aujourd'hui, dans la zone naturelle unique de Tachkent, il y a plus de 4500 sortes d'arbres, de fleurs et d'autres plantes. Le jardin botanique est divis\u00e9 en cinq parties, qui correspondent \u00e0 la flore d'Asie centrale, d'Asie de l'Est, d'Am\u00e9rique du Nord et d'Europe, y compris les zones naturelles de Crim\u00e9e, du Caucase et d'Extr\u00eame-Orient. Cela est devenu possible en raison du climat fortement continental mais favorable de l'Ouzb\u00e9kistan, o\u00f9 il est possible de cultiver des plantes d'autres zones climatiques.<\/p>\n<p>La connaissance de ce magnifique jardin commence par le petit \u00e9tang, dans lequel fleurissent des lotus roses d\u00e9licats \u00e0 la fin du printemps. Apr\u00e8s cela, il y a plusieurs all\u00e9es autour du jardin, qui m\u00e8nent \u00e0 la partie centrale du jardin. Tous les secteurs du parc sont ferm\u00e9s ici, vous pouvez donc commencer \u00e0 marcher depuis n'importe quelle r\u00e9gion climatique, que ce soit la flore d'Am\u00e9rique, d'Europe ou d'Asie. Mais il vaut mieux partir de la colline des souhaits. Un des sentiers m\u00e8ne \u00e0 cette colline. Tout le rituel consiste \u00e0 monter les escaliers, o\u00f9 \u00e0 chaque pas, vous devez r\u00e9p\u00e9ter votre souhait \u00e0 l'esprit, et en haut, vous devez attacher le ruban \u00e0 l'arbre. Et lorsque le ruban est d\u00e9chir\u00e9, vous souhaitez qu'il se r\u00e9alise. Cependant, il vaut mieux \u00e9pargner l'arbre et simplement monter les escaliers.<\/p>\n<p>En plus des zones en plein air, le jardin botanique a des serres, des serres et une p\u00e9pini\u00e8re sp\u00e9ciale pour les herbes m\u00e9dicinales. Dans ces serres, de nombreuses sortes de plantes exotiques des pays tropicaux et subtropicaux sont pr\u00e9sent\u00e9es. Les plantes rares les plus connues en Ouzb\u00e9kistan sont voir le conif\u00e8re relique - metasequoia, une autre plante relique - ginkgo, magnolia, plantes d\u00e9coratives comme le tulipier, le coing japonais, les plantes, r\u00e9pertori\u00e9es dans le livre rouge comme les \u00e9r\u00e9mures, Taxodium, que vous peut voir dans l'exposition de la flore d'Am\u00e9rique du Nord, les iris et autres.<\/p>\n<p>Il vaut la peine de dire que le jardin botanique est magnifique \u00e0 chaque saison \u00e0 sa mani\u00e8re. Au printemps, le jardin est fleuri et plein d'odeurs, en \u00e9t\u00e9, il est vert et \u00e9vite la chaleur, en automne, c'est vraiment une fabuleuse palette de couleurs allant du jaune vif au rouge fonc\u00e9.<\/p>\n<p>Vous pouvez venir ici avec des enfants ou avec des amis pour des pique-niques. Aussi, tr\u00e8s souvent, des excursions scolaires et des actions \u00e9cologiques y sont organis\u00e9es. Au fait, il est plus int\u00e9ressant de se promener avec un guide: il vous racontera des histoires et des l\u00e9gendes int\u00e9ressantes li\u00e9es \u00e0 ces plantes uniques.<\/p>\n<p>Le jardin botanique de Tachkent est un endroit vraiment enchanteur, ici votre corps et votre \u00e2me se d\u00e9tendent.<\/p>\n\n\t\t<\/div>\n\t<\/div>\n<\/div><\/div><\/div><\/div><div class=\"vc_row wpb_row vc_row-fluid\"><div class=\"wpb_column vc_column_container vc_col-sm-12\"><div class=\"vc_column-inner\"><div class=\"wpb_wrapper\"><\/div><\/div><\/div><\/div>","protected":false},"excerpt":{"rendered":"Botanical Garden The nature of our planet is organized very harmoniously and well-balanced. Each natural zone has own peculiarities and beauties, each region is unique...","protected":false},"author":1,"featured_media":0,"parent":23235,"menu_order":0,"comment_status":"closed","ping_status":"closed","template":"","meta":[],"_links":{"self":[{"href":"https:\/\/sacredeasttravel.com\/fr\/wp-json\/wp\/v2\/pages\/23376"}],"collection":[{"href":"https:\/\/sacredeasttravel.com\/fr\/wp-json\/wp\/v2\/pages"}],"about":[{"href":"https:\/\/sacredeasttravel.com\/fr\/wp-json\/wp\/v2\/types\/page"}],"author":[{"embeddable":true,"href":"https:\/\/sacredeasttravel.com\/fr\/wp-json\/wp\/v2\/users\/1"}],"replies":[{"embeddable":true,"href":"https:\/\/sacredeasttravel.com\/fr\/wp-json\/wp\/v2\/comments?post=23376"}],"version-history":[{"count":0,"href":"https:\/\/sacredeasttravel.com\/fr\/wp-json\/wp\/v2\/pages\/23376\/revisions"}],"up":[{"embeddable":true,"href":"https:\/\/sacredeasttravel.com\/fr\/wp-json\/wp\/v2\/pages\/23235"}],"wp:attachment":[{"href":"https:\/\/sacredeasttravel.com\/fr\/wp-json\/wp\/v2\/media?parent=23376"}],"curies":[{"name":"wp","href":"https:\/\/api.w.org\/{rel}","templated":true}]}}