{"id":23405,"date":"2021-04-18T19:09:05","date_gmt":"2021-04-18T19:09:05","guid":{"rendered":"https:\/\/sacredeasttravel.com\/?page_id=23405"},"modified":"2021-04-18T19:44:22","modified_gmt":"2021-04-18T19:44:22","slug":"ark-citadel","status":"publish","type":"page","link":"https:\/\/sacredeasttravel.com\/fr\/uzbekistan\/bukhara\/ark-citadel\/","title":{"rendered":"La citadelle Ark"},"content":{"rendered":"<div class=\"vc_row wpb_row vc_row-fluid\"><div class=\"wpb_column vc_column_container vc_col-sm-12\"><div class=\"vc_column-inner\"><div class=\"wpb_wrapper\">\n\t<div  class=\"wpb_single_image wpb_content_element vc_align_left\">\n\t\t\n\t\t<figure class=\"wpb_wrapper vc_figure\">\n\t\t\t<div class=\"vc_single_image-wrapper   vc_box_border_grey\"><img width=\"900\" height=\"600\" src=\"https:\/\/sacredeasttravel.com\/wp-content\/uploads\/2021\/04\/buhara32-1140x641-1.jpg\" class=\"vc_single_image-img attachment-full\" alt=\"\" decoding=\"async\" loading=\"lazy\" srcset=\"https:\/\/sacredeasttravel.com\/wp-content\/uploads\/2021\/04\/buhara32-1140x641-1.jpg 900w, https:\/\/sacredeasttravel.com\/wp-content\/uploads\/2021\/04\/buhara32-1140x641-1-300x200.jpg 300w, https:\/\/sacredeasttravel.com\/wp-content\/uploads\/2021\/04\/buhara32-1140x641-1-768x512.jpg 768w, https:\/\/sacredeasttravel.com\/wp-content\/uploads\/2021\/04\/buhara32-1140x641-1-600x400.jpg 600w\" sizes=\"(max-width: 900px) 100vw, 900px\" \/><\/div>\n\t\t<\/figure>\n\t<\/div>\n\n\t<div class=\"wpb_text_column wpb_content_element\" >\n\t\t<div class=\"wpb_wrapper\">\n\t\t\t<h2><strong>La citadelle Ark<\/strong><\/h2>\n<hr class=\"divider active horizontal-break small\" \/>\n\n\t\t<\/div>\n\t<\/div>\n\n\t<div class=\"wpb_text_column wpb_content_element\" >\n\t\t<div class=\"wpb_wrapper\">\n\t\t\t<p>Ark-Citadel est une r\u00e9sidence des khans de Boukhara. Selon les derni\u00e8res fouilles, il a \u00e9t\u00e9 d\u00e9termin\u00e9 que la citadelle se trouvait \u00e0 cet endroit \u00e0 partir du 4 si\u00e8cle avant JC. Pendant de nombreuses ann\u00e9es de construction et de destruction, une colline artificielle de 20 m\u00e8tres de hauteur s'est form\u00e9e; ses couches sup\u00e9rieures ont \u00e9t\u00e9 construites \u00e0 l'\u00e9poque des derniers \u00e9mirs bokharans. La partie en bois du b\u00e2timent Ark a \u00e9t\u00e9 incendi\u00e9e lors de l'incendie de 1920. La planification g\u00e9n\u00e9rale est r\u00e9tablie par des documents historiques. Ark comprenait toute la ville, compos\u00e9e de maisons \u00e9troitement accr\u00e9dit\u00e9es; les tribunaux et les cours avec les institutions de l'\u00c9tat, l'\u00e9mir, ses \u00e9pouses et les logements de parents et de fonctionnaires. \u00c0 l'int\u00e9rieur des contours trap\u00e9zo\u00efdaux des murs de la citadelle, la planification \u00e9tait \u00e0 angle droit avec le croisement cruciforme traditionnel des rues principales.<\/p>\n<p>L'arche comprenait: logement d'\u00e9mir, salle de throe, service de police, \u00e9curies, magasins de v\u00eatements, tapis, ustensiles, tr\u00e9sors, armurerie, prison, bijouterie et autres ateliers, monnayage, mosqu\u00e9es, mazars et autres b\u00e2timents. Le premier, vous pouvez le voir, ce sont les portes massives de la forteresse d'Ark - un portail avec des tours \u00e0 deux \u00e9tages \u00e0 c\u00f4t\u00e9 de l'ouverture de l'arc et une galerie d'architecture en treillis au sommet. Derri\u00e8re, il y a un pavillon musical, construit au 17\u00e8me si\u00e8cle, salle d'audience bicolore, entour\u00e9 d'une galerie. Ici, pendant une journ\u00e9e, une s\u00e9rie de makoms a \u00e9t\u00e9 ex\u00e9cut\u00e9e - c'est une \u0153uvre musicale; gr\u00e2ce \u00e0 elle, les gens pouvaient conna\u00eetre le temps (c'est la tradition laiss\u00e9e du temps zoroastrizm). Depuis Ayvan, les tsar\u00e9vitchs regardaient les solennit\u00e9s et les ex\u00e9cutions sur la place du Registan avant l'Arche. Vers l'int\u00e9rieur de la citadelle m\u00e8ne depuis les portes de l'Arche le sombre, vo\u00fbt\u00e9 et soulevant le passage-dalon. \u00c0 ses c\u00f4t\u00e9s, on aper\u00e7oit 12 niches, menant \u00e0 des donjons humides, o\u00f9 les prisonniers louaient. Il y avait des casemates affreuses et dans les donjons sous le pont de planches et les tours de portes de l'Arche.<br><br>\n\nAu sud de l'entr\u00e9e du dalon, il y a le plus int\u00e9ressant des monuments r\u00e9serv\u00e9s - la salle du tr\u00f4ne de l'\u00e9mir de Boukharan, le salon pour les c\u00e9r\u00e9monies et les f\u00eates. C'\u00e9tait une vaste cour pav\u00e9e de briques entour\u00e9e d'ayvans sur des piliers en bois bien proportionn\u00e9s de 3 c\u00f4t\u00e9s. Sur la cour \u00e0 grand axe dans l'ayvan profond, il y a le tr\u00f4ne d'\u00e9mir. Ce \u00abtakht\u00bb en marbre dat\u00e9 de 1669, sous verri\u00e8re en bois peint sur des piliers de marbre frett\u00e9s, a \u00e9t\u00e9 r\u00e9alis\u00e9 par des ma\u00eetres nurates.<\/p>\n\n\t\t<\/div>\n\t<\/div>\n<\/div><\/div><\/div><\/div><div class=\"vc_row wpb_row vc_row-fluid\"><div class=\"wpb_column vc_column_container vc_col-sm-12\"><div class=\"vc_column-inner\"><div class=\"wpb_wrapper\"><\/div><\/div><\/div><\/div>","protected":false},"excerpt":{"rendered":"Ark Citadel Bukhara Ark is an ancient citadel in Bukhara the stronghold of the last emirs. At one time the Ark, towering over Registan Square,...","protected":false},"author":1,"featured_media":0,"parent":23258,"menu_order":0,"comment_status":"closed","ping_status":"closed","template":"","meta":[],"_links":{"self":[{"href":"https:\/\/sacredeasttravel.com\/fr\/wp-json\/wp\/v2\/pages\/23405"}],"collection":[{"href":"https:\/\/sacredeasttravel.com\/fr\/wp-json\/wp\/v2\/pages"}],"about":[{"href":"https:\/\/sacredeasttravel.com\/fr\/wp-json\/wp\/v2\/types\/page"}],"author":[{"embeddable":true,"href":"https:\/\/sacredeasttravel.com\/fr\/wp-json\/wp\/v2\/users\/1"}],"replies":[{"embeddable":true,"href":"https:\/\/sacredeasttravel.com\/fr\/wp-json\/wp\/v2\/comments?post=23405"}],"version-history":[{"count":0,"href":"https:\/\/sacredeasttravel.com\/fr\/wp-json\/wp\/v2\/pages\/23405\/revisions"}],"up":[{"embeddable":true,"href":"https:\/\/sacredeasttravel.com\/fr\/wp-json\/wp\/v2\/pages\/23258"}],"wp:attachment":[{"href":"https:\/\/sacredeasttravel.com\/fr\/wp-json\/wp\/v2\/media?parent=23405"}],"curies":[{"name":"wp","href":"https:\/\/api.w.org\/{rel}","templated":true}]}}