{"id":23465,"date":"2021-04-19T16:18:03","date_gmt":"2021-04-19T16:18:03","guid":{"rendered":"https:\/\/sacredeasttravel.com\/?page_id=23465"},"modified":"2021-04-19T16:18:03","modified_gmt":"2021-04-19T16:18:03","slug":"poi-kalon-ensemble","status":"publish","type":"page","link":"https:\/\/sacredeasttravel.com\/fr\/uzbekistan\/bukhara\/poi-kalon-ensemble\/","title":{"rendered":"Ensemble Poi-Kalyan"},"content":{"rendered":"<div class=\"vc_row wpb_row vc_row-fluid\"><div class=\"wpb_column vc_column_container vc_col-sm-12\"><div class=\"vc_column-inner\"><div class=\"wpb_wrapper\">\n\t<div  class=\"wpb_single_image wpb_content_element vc_align_left\">\n\t\t\n\t\t<figure class=\"wpb_wrapper vc_figure\">\n\t\t\t<div class=\"vc_single_image-wrapper   vc_box_border_grey\"><img width=\"900\" height=\"600\" src=\"https:\/\/sacredeasttravel.com\/wp-content\/uploads\/2021\/04\/View_of_Po-i-Kalyan.jpg\" class=\"vc_single_image-img attachment-full\" alt=\"\" decoding=\"async\" loading=\"lazy\" srcset=\"https:\/\/sacredeasttravel.com\/wp-content\/uploads\/2021\/04\/View_of_Po-i-Kalyan.jpg 900w, https:\/\/sacredeasttravel.com\/wp-content\/uploads\/2021\/04\/View_of_Po-i-Kalyan-300x200.jpg 300w, https:\/\/sacredeasttravel.com\/wp-content\/uploads\/2021\/04\/View_of_Po-i-Kalyan-768x512.jpg 768w, https:\/\/sacredeasttravel.com\/wp-content\/uploads\/2021\/04\/View_of_Po-i-Kalyan-600x400.jpg 600w\" sizes=\"(max-width: 900px) 100vw, 900px\" \/><\/div>\n\t\t<\/figure>\n\t<\/div>\n\n\t<div class=\"wpb_text_column wpb_content_element\" >\n\t\t<div class=\"wpb_wrapper\">\n\t\t\t<h2><strong>Ensemble Poi-Kalyan<\/strong><\/h2>\n<hr class=\"divider active horizontal-break small\" \/>\n\n\t\t<\/div>\n\t<\/div>\n\n\t<div class=\"wpb_text_column wpb_content_element\" >\n\t\t<div class=\"wpb_wrapper\">\n\t\t\t<p>C'est l'ensemble principal du centre de Boukhara, situ\u00e9 sur le chemin du passage commercial des \u00abquatre bazars\u00bb et Poi-Kalyan signifie \u00able pi\u00e9destal du Grand\u00bb (cela signifie \u00able pi\u00e9destal du minaret de Kalyan\u00bb). L'ensemble se compose de 4 monuments: la mosqu\u00e9e Kalyan et la m\u00e9dersa Miri-Arab - face \u00e0 face avec des fa\u00e7ades principales; entre eux se trouve le minaret de Kalyan; au sud de Miri-Arab se trouve la petite madrasa Amir-Allimkhan.<\/p>\n<p class=\" translation-block\"><b>Minaret de Kalyan<\/b> - c'est un grand pilier vertical, s'\u00e9levant au-dessus de la ville. Pour proclamer l'appel au prier-azal, il suffisait de monter le toit de la mosqu\u00e9e, comme c'\u00e9tait le cas dans les premiers si\u00e8cles apr\u00e8s l'\u00e9tablissement de l'islam. Le mot \u00abminaret\u00bb descend de \u00abmineur\u00bb - c'est un endroit, o\u00f9 quelque chose est en feu, le feu a \u00e9t\u00e9 mis en lumi\u00e8re comme celle-ci, entre eux dans le monde antique il y avait de vastes tours \u00e0 plusieurs \u00e9tages, comme le phare de Phaross de 143 m\u00e8tres de hauteur, datant de 283 avant JC.<\/p>\n<p class=\" translation-block\">Les minarets ont jou\u00e9 un r\u00f4le exceptionnel dans les ensembles architecturaux cr\u00e9ant la particularit\u00e9 de la ville.<\/p>\n<p>Au d\u00e9but du 12\u00e8me si\u00e8cle - Arslan-khan a ordonn\u00e9 de reconstruire le minaret de l'ancienne mosqu\u00e9e. Une fois les travaux termin\u00e9s, le minaret est tomb\u00e9 et les 2\/3 ont \u00e9t\u00e9 endommag\u00e9s. Pour la deuxi\u00e8me fois, Arslan-khan a ordonn\u00e9 de construire un minaret. Par inscription en majolique turquoise, sous la corniche l\u00e9g\u00e8re du minaret de Kalyan, il a \u00e9t\u00e9 d\u00e9termin\u00e9 qu'il \u00e9tait termin\u00e9 en 1127. On peut lire \u00able nom d'Arslan-khan\u00bb sur le demi-poids de la tige. Et il a \u00e9t\u00e9 trouv\u00e9 le nom du ma\u00eetre - Bano, dont le lieu de s\u00e9pulture, les habitants locaux ont indiqu\u00e9 entre les prochains blockhaus. Le minaret de Kalyan repr\u00e9sente le style Maveranahr caract\u00e9ristique de la tour en brique \u00e0 tronc rond, d\u00e9cor\u00e9 par la lumi\u00e8re de l'arc. Son diam\u00e8tre inf\u00e9rieur - 9 m\u00e8tres, jusqu'\u00e0 diam\u00e8tre - 6 m\u00e8tres, la hauteur totale est de 45,6 m\u00e8tres. Il y a un escalier en colima\u00e7on \u00e0 l'int\u00e9rieur du coffre. Une rotonde lumineuse \u00e0 seize arches est suspendue au-dessus du tronc du minaret s'appuyant sur des rang\u00e9es de pose, d\u00e9cor\u00e9es comme une corniche en stalactite. <b>Madrasa de Kalyan<\/b> est dat\u00e9 du chef-d'\u0153uvre de l'architecture; c'est un monument du 5\u00e8me si\u00e8cle, \u00e9lev\u00e9 des ruines pendant les ann\u00e9es du pouvoir sovi\u00e9tique. Au d\u00e9but du 16 si\u00e8cle, la mosqu\u00e9e a \u00e9t\u00e9 en partie reconstruite. Les formes des arcs \u00e9tonnants et du d\u00e9cor de portail ont d\u00e9j\u00e0 port\u00e9 les caract\u00e9ristiques d'un nouveau style, d\u00e9velopp\u00e9 dans l'oasis de Boukhara au 16-17 si\u00e8cles. L'inscription sous le portail de l'arche date de la reconstruction. Il s'agit d'un po\u00e8me du Coran, \u00e0 la fin duquel on peut voir la date 1514-1515. En 1541, \u00e0 l'entr\u00e9e du portail principal a \u00e9t\u00e9 fix\u00e9e une planche de marbre avec le texte d\u00e9coup\u00e9 d'Abdullaziz Ier, cet ordre stipule que les habitants de Boukharan \u00e9taient exempts de certains imp\u00f4ts.<\/p>\n<p class=\" translation-block\"><strong><em><u>Miri Arab Madrassah<\/u><\/em><\/strong><strong>&nbsp;<\/strong>was built by Ubaidullah Khan for Sheikh Abdullah Yemeni in 1535-1536. The building is large enough \u2013 it contains 111 hujras and two cruciform halls: the first hall was used as a mosque and a lecture hall, the second was the burial vault of Ubaidullah Khan, Abdullah of Yemen and others. To find funds for the construction of the Miri Arab madrasah, Ubaidullah Khan sold 3000 captured Persians slaves and gave the money to Abdullah of Yameni.<\/p>\n\n\t\t<\/div>\n\t<\/div>\n<\/div><\/div><\/div><\/div><div class=\"vc_row wpb_row vc_row-fluid\"><div class=\"wpb_column vc_column_container vc_col-sm-12\"><div class=\"vc_column-inner\"><div class=\"wpb_wrapper\"><\/div><\/div><\/div><\/div>","protected":false},"excerpt":{"rendered":"Poi Kalon Ensemble Ensemble located at the foot of Kalyan Minaret. The complex consists of three buildings built in the XII - XVI centuries: Kalyan...","protected":false},"author":1,"featured_media":0,"parent":23258,"menu_order":0,"comment_status":"closed","ping_status":"closed","template":"","meta":[],"_links":{"self":[{"href":"https:\/\/sacredeasttravel.com\/fr\/wp-json\/wp\/v2\/pages\/23465"}],"collection":[{"href":"https:\/\/sacredeasttravel.com\/fr\/wp-json\/wp\/v2\/pages"}],"about":[{"href":"https:\/\/sacredeasttravel.com\/fr\/wp-json\/wp\/v2\/types\/page"}],"author":[{"embeddable":true,"href":"https:\/\/sacredeasttravel.com\/fr\/wp-json\/wp\/v2\/users\/1"}],"replies":[{"embeddable":true,"href":"https:\/\/sacredeasttravel.com\/fr\/wp-json\/wp\/v2\/comments?post=23465"}],"version-history":[{"count":0,"href":"https:\/\/sacredeasttravel.com\/fr\/wp-json\/wp\/v2\/pages\/23465\/revisions"}],"up":[{"embeddable":true,"href":"https:\/\/sacredeasttravel.com\/fr\/wp-json\/wp\/v2\/pages\/23258"}],"wp:attachment":[{"href":"https:\/\/sacredeasttravel.com\/fr\/wp-json\/wp\/v2\/media?parent=23465"}],"curies":[{"name":"wp","href":"https:\/\/api.w.org\/{rel}","templated":true}]}}