{"id":23468,"date":"2021-04-19T16:22:08","date_gmt":"2021-04-19T16:22:08","guid":{"rendered":"https:\/\/sacredeasttravel.com\/?page_id=23468"},"modified":"2021-04-19T16:22:08","modified_gmt":"2021-04-19T16:22:08","slug":"bolo-khauz-complex","status":"publish","type":"page","link":"https:\/\/sacredeasttravel.com\/fr\/uzbekistan\/bukhara\/bolo-khauz-complex\/","title":{"rendered":"Complexe Bolo-Khauz"},"content":{"rendered":"<div class=\"vc_row wpb_row vc_row-fluid\"><div class=\"wpb_column vc_column_container vc_col-sm-12\"><div class=\"vc_column-inner\"><div class=\"wpb_wrapper\">\n\t<div  class=\"wpb_single_image wpb_content_element vc_align_left\">\n\t\t\n\t\t<figure class=\"wpb_wrapper vc_figure\">\n\t\t\t<div class=\"vc_single_image-wrapper   vc_box_border_grey\"><img width=\"900\" height=\"600\" src=\"https:\/\/sacredeasttravel.com\/wp-content\/uploads\/2021\/04\/kompleks_bolo-hauz.jpg\" class=\"vc_single_image-img attachment-full\" alt=\"\" decoding=\"async\" loading=\"lazy\" srcset=\"https:\/\/sacredeasttravel.com\/wp-content\/uploads\/2021\/04\/kompleks_bolo-hauz.jpg 900w, https:\/\/sacredeasttravel.com\/wp-content\/uploads\/2021\/04\/kompleks_bolo-hauz-300x200.jpg 300w, https:\/\/sacredeasttravel.com\/wp-content\/uploads\/2021\/04\/kompleks_bolo-hauz-768x512.jpg 768w, https:\/\/sacredeasttravel.com\/wp-content\/uploads\/2021\/04\/kompleks_bolo-hauz-600x400.jpg 600w\" sizes=\"(max-width: 900px) 100vw, 900px\" \/><\/div>\n\t\t<\/figure>\n\t<\/div>\n\n\t<div class=\"wpb_text_column wpb_content_element\" >\n\t\t<div class=\"wpb_wrapper\">\n\t\t\t<h2><strong>Complexe Bolo-Khauz<\/strong><\/h2>\n<hr class=\"divider active horizontal-break small\" \/>\n\n\t\t<\/div>\n\t<\/div>\n\n\t<div class=\"wpb_text_column wpb_content_element\" >\n\t\t<div class=\"wpb_wrapper\">\n\t\t\t<p>Le complexe Bolo-Khauz est le seul monument conserv\u00e9 sur la place du Registan. Il est situ\u00e9 sur le site oppos\u00e9 d'Ark - la forteresse de l'\u00e9mir. Le complexe comprend le r\u00e9servoir, la mosqu\u00e9e du vendredi et le minaret.<\/p>\n<p>La partie la plus ancienne du complexe est l'\u00e9tang (Khauz), appel\u00e9 Bolo-Khauz (\u00abR\u00e9servoir des enfants\u00bb). C'est l'un des nombreux \u00e9tangs de Boukhara, qui a atteint nos jours. Dans le pass\u00e9, ces r\u00e9servoirs \u00e9taient la source d'eau pour la population et malheureusement la source de nombreuses maladies. Par cons\u00e9quent, la plupart d'entre eux ont \u00e9t\u00e9 vid\u00e9s. La mosqu\u00e9e Bolo-Khauz a \u00e9t\u00e9 construite en 1712 sur ordre de la femme de l'\u00e9mir. L'autre l\u00e9gende dit que l'\u00e9mir Shakhmurad (1785-1800) l'a construit pour les pri\u00e8res publiques, car il aimait \u00eatre parmi les gens ordinaires. Un plafond en bois d'ayvan (v\u00e9randa traditionnelle), qui s'appuie sur des colonnes raffin\u00e9es, est abondamment d\u00e9cor\u00e9 de chantournage et orn\u00e9 de motifs ornementaux floraux et g\u00e9om\u00e9triques. Un petit minaret a \u00e9t\u00e9 construit en 1917 par Shirin Muradov, un c\u00e9l\u00e8bre ma\u00eetre de Boukhara.<\/p>\n<p>Despite the fact that the Bolo-Mosque Mosque was built relatively later than other architectural monuments, it can rightly be considered one of the most beautiful and magnificent sights in Bukhara.<\/p>\n\n\t\t<\/div>\n\t<\/div>\n<\/div><\/div><\/div><\/div><div class=\"vc_row wpb_row vc_row-fluid\"><div class=\"wpb_column vc_column_container vc_col-sm-12\"><div class=\"vc_column-inner\"><div class=\"wpb_wrapper\"><\/div><\/div><\/div><\/div>","protected":false},"excerpt":{"rendered":"Bolo-Khauz Complex Complex located in Registan Square, which consists of a mosque, a minaret and a house, was built in 1712, also known as the...","protected":false},"author":1,"featured_media":0,"parent":23258,"menu_order":0,"comment_status":"closed","ping_status":"closed","template":"","meta":[],"_links":{"self":[{"href":"https:\/\/sacredeasttravel.com\/fr\/wp-json\/wp\/v2\/pages\/23468"}],"collection":[{"href":"https:\/\/sacredeasttravel.com\/fr\/wp-json\/wp\/v2\/pages"}],"about":[{"href":"https:\/\/sacredeasttravel.com\/fr\/wp-json\/wp\/v2\/types\/page"}],"author":[{"embeddable":true,"href":"https:\/\/sacredeasttravel.com\/fr\/wp-json\/wp\/v2\/users\/1"}],"replies":[{"embeddable":true,"href":"https:\/\/sacredeasttravel.com\/fr\/wp-json\/wp\/v2\/comments?post=23468"}],"version-history":[{"count":0,"href":"https:\/\/sacredeasttravel.com\/fr\/wp-json\/wp\/v2\/pages\/23468\/revisions"}],"up":[{"embeddable":true,"href":"https:\/\/sacredeasttravel.com\/fr\/wp-json\/wp\/v2\/pages\/23258"}],"wp:attachment":[{"href":"https:\/\/sacredeasttravel.com\/fr\/wp-json\/wp\/v2\/media?parent=23468"}],"curies":[{"name":"wp","href":"https:\/\/api.w.org\/{rel}","templated":true}]}}