{"id":23471,"date":"2021-04-19T16:24:36","date_gmt":"2021-04-19T16:24:36","guid":{"rendered":"https:\/\/sacredeasttravel.com\/?page_id=23471"},"modified":"2021-04-19T16:24:36","modified_gmt":"2021-04-19T16:24:36","slug":"samanids-mausoleum","status":"publish","type":"page","link":"https:\/\/sacredeasttravel.com\/fr\/uzbekistan\/bukhara\/samanids-mausoleum\/","title":{"rendered":"Mausol\u00e9e des Samanides"},"content":{"rendered":"<div class=\"vc_row wpb_row vc_row-fluid\"><div class=\"wpb_column vc_column_container vc_col-sm-12\"><div class=\"vc_column-inner\"><div class=\"wpb_wrapper\">\n\t<div  class=\"wpb_single_image wpb_content_element vc_align_left\">\n\t\t\n\t\t<figure class=\"wpb_wrapper vc_figure\">\n\t\t\t<div class=\"vc_single_image-wrapper   vc_box_border_grey\"><img width=\"900\" height=\"600\" src=\"https:\/\/sacredeasttravel.com\/wp-content\/uploads\/2021\/04\/samanids-mausoleum1.jpg\" class=\"vc_single_image-img attachment-full\" alt=\"\" decoding=\"async\" loading=\"lazy\" srcset=\"https:\/\/sacredeasttravel.com\/wp-content\/uploads\/2021\/04\/samanids-mausoleum1.jpg 900w, https:\/\/sacredeasttravel.com\/wp-content\/uploads\/2021\/04\/samanids-mausoleum1-300x200.jpg 300w, https:\/\/sacredeasttravel.com\/wp-content\/uploads\/2021\/04\/samanids-mausoleum1-768x512.jpg 768w, https:\/\/sacredeasttravel.com\/wp-content\/uploads\/2021\/04\/samanids-mausoleum1-600x400.jpg 600w\" sizes=\"(max-width: 900px) 100vw, 900px\" \/><\/div>\n\t\t<\/figure>\n\t<\/div>\n\n\t<div class=\"wpb_text_column wpb_content_element\" >\n\t\t<div class=\"wpb_wrapper\">\n\t\t\t<h2><strong>Mausol\u00e9e des Samanides<\/strong><\/h2>\n<hr class=\"divider active horizontal-break small\" \/>\n\n\t\t<\/div>\n\t<\/div>\n\n\t<div class=\"wpb_text_column wpb_content_element\" >\n\t\t<div class=\"wpb_wrapper\">\n\t\t\t<p>De tous les b\u00e2timents m\u00e9di\u00e9vaux de Boukhara, le mausol\u00e9e des Samanides pr\u00e9sente un int\u00e9r\u00eat particulier. Ce chef-d'\u0153uvre architectural de renomm\u00e9e mondiale a \u00e9t\u00e9 construit \u00e0 la fin du IXe si\u00e8cle. Le mausol\u00e9e a \u00e9t\u00e9 \u00e9rig\u00e9 en crypte familiale imm\u00e9diatement apr\u00e8s la mort du p\u00e8re d'Ismail Samani. Plus tard, Ismail lui-m\u00eame et son petit-fils Hasr y ont \u00e9galement \u00e9t\u00e9 enterr\u00e9s. Il est int\u00e9ressant de noter que l'\u00e9rection de cryptes \u00e9tait contraire \u00e0 la loi islamique \u00e0 l'\u00e9poque, car l'Islam interdisait d'\u00e9riger des monuments post-mortem sur les tombes des croyants musulmans. Cependant, l'interdiction a \u00e9t\u00e9 viol\u00e9e au milieu du IXe si\u00e8cle par l'un des califes lui-m\u00eame, pour qui un mausol\u00e9e sp\u00e9cial as-Suli-biya a \u00e9t\u00e9 construit. Ismail a simplement suivi son exemple. Le mausol\u00e9e des Samanides r\u00e9v\u00e8le le g\u00e9nie d'un design sobre. Cela se voit dans sa composition et le design \u00e9quilibr\u00e9 de ses fa\u00e7ades et int\u00e9rieurs. Il est compos\u00e9 d'un d\u00f4me semi-sph\u00e9rique reposant sur un cube. Toutes les fa\u00e7ades sont identiques et marqu\u00e9es de colonnes bomb\u00e9es aux trois quarts aux angles. Il y a une armature sup\u00e9rieure et une entr\u00e9e centrale avec une ligne de s\u00e9paration horizontale visible.<\/p>\n<p>Le noyau est caract\u00e9ris\u00e9 par des briques r\u00e9guli\u00e8res s\u00e9ch\u00e9es au four, formant des motifs horizontaux, verticaux et diagonaux sur les murs. Il existe \u00e9galement des d\u00e9tails s\u00e9par\u00e9s sous la forme de disques ou de rosaces. L'analyse montre que tous les \u00e9l\u00e9ments du mausol\u00e9e sont bas\u00e9s sur des carr\u00e9s et des diagonales: les \u00e9l\u00e9ments forment des lignes g\u00e9om\u00e9triquement d\u00e9gressives. La m\u00eame unification est observ\u00e9e dans les formes architecturales et la ma\u00e7onnerie s\u00e9ch\u00e9e au four dans les int\u00e9rieurs. La conception architecturale du mausol\u00e9e de Samoniy est tout \u00e0 fait unique. Il doit beaucoup \u00e0 l'architecture pr\u00e9-islamique soghdienne, qui utilisait des compositions en forme de d\u00f4me \u00e0 quatre arches et des formes r\u00e9duites au sommet des b\u00e2timents, y compris des disques et des rosaces sur les colonnes de d\u00e9coration (comme on peut \u00e9galement le voir dans la section entre le d\u00f4me et le tambour de la int\u00e9rieur). Bien que ce b\u00e2timent soit li\u00e9 \u00e0 l'architecture pr\u00e9islamique, il anticipe \u00e9galement l'\u00e9mergence d'un nouveau style architectural aux dimensions relativement petites; le mausol\u00e9e des Samanides est plein de magnificence et de sentiment de passer de ce monde au monde qui dure pour toujours.<\/p>\n\n\t\t<\/div>\n\t<\/div>\n<\/div><\/div><\/div><\/div><div class=\"vc_row wpb_row vc_row-fluid\"><div class=\"wpb_column vc_column_container vc_col-sm-12\"><div class=\"vc_column-inner\"><div class=\"wpb_wrapper\"><\/div><\/div><\/div><\/div>","protected":false},"excerpt":{"rendered":"Samanids Mausoleum Mausoleum located in the historical center of Bukhara, in a park, \u00a0in place of an ancient cemetery. The mausoleum was built in the...","protected":false},"author":1,"featured_media":0,"parent":23258,"menu_order":0,"comment_status":"closed","ping_status":"closed","template":"","meta":[],"_links":{"self":[{"href":"https:\/\/sacredeasttravel.com\/fr\/wp-json\/wp\/v2\/pages\/23471"}],"collection":[{"href":"https:\/\/sacredeasttravel.com\/fr\/wp-json\/wp\/v2\/pages"}],"about":[{"href":"https:\/\/sacredeasttravel.com\/fr\/wp-json\/wp\/v2\/types\/page"}],"author":[{"embeddable":true,"href":"https:\/\/sacredeasttravel.com\/fr\/wp-json\/wp\/v2\/users\/1"}],"replies":[{"embeddable":true,"href":"https:\/\/sacredeasttravel.com\/fr\/wp-json\/wp\/v2\/comments?post=23471"}],"version-history":[{"count":0,"href":"https:\/\/sacredeasttravel.com\/fr\/wp-json\/wp\/v2\/pages\/23471\/revisions"}],"up":[{"embeddable":true,"href":"https:\/\/sacredeasttravel.com\/fr\/wp-json\/wp\/v2\/pages\/23258"}],"wp:attachment":[{"href":"https:\/\/sacredeasttravel.com\/fr\/wp-json\/wp\/v2\/media?parent=23471"}],"curies":[{"name":"wp","href":"https:\/\/api.w.org\/{rel}","templated":true}]}}