{"id":23474,"date":"2021-04-19T16:27:21","date_gmt":"2021-04-19T16:27:21","guid":{"rendered":"https:\/\/sacredeasttravel.com\/?page_id=23474"},"modified":"2021-04-19T16:27:21","modified_gmt":"2021-04-19T16:27:21","slug":"chashma-ayub-mausoleum","status":"publish","type":"page","link":"https:\/\/sacredeasttravel.com\/fr\/uzbekistan\/bukhara\/chashma-ayub-mausoleum\/","title":{"rendered":"Chashma-Ayub"},"content":{"rendered":"<div class=\"vc_row wpb_row vc_row-fluid\"><div class=\"wpb_column vc_column_container vc_col-sm-12\"><div class=\"vc_column-inner\"><div class=\"wpb_wrapper\">\n\t<div  class=\"wpb_single_image wpb_content_element vc_align_left\">\n\t\t\n\t\t<figure class=\"wpb_wrapper vc_figure\">\n\t\t\t<div class=\"vc_single_image-wrapper   vc_box_border_grey\"><img width=\"900\" height=\"600\" src=\"https:\/\/sacredeasttravel.com\/wp-content\/uploads\/2021\/04\/Chashma-Ayub_Mausoleum.jpg\" class=\"vc_single_image-img attachment-full\" alt=\"\" decoding=\"async\" loading=\"lazy\" srcset=\"https:\/\/sacredeasttravel.com\/wp-content\/uploads\/2021\/04\/Chashma-Ayub_Mausoleum.jpg 900w, https:\/\/sacredeasttravel.com\/wp-content\/uploads\/2021\/04\/Chashma-Ayub_Mausoleum-300x200.jpg 300w, https:\/\/sacredeasttravel.com\/wp-content\/uploads\/2021\/04\/Chashma-Ayub_Mausoleum-768x512.jpg 768w, https:\/\/sacredeasttravel.com\/wp-content\/uploads\/2021\/04\/Chashma-Ayub_Mausoleum-600x400.jpg 600w\" sizes=\"(max-width: 900px) 100vw, 900px\" \/><\/div>\n\t\t<\/figure>\n\t<\/div>\n\n\t<div class=\"wpb_text_column wpb_content_element\" >\n\t\t<div class=\"wpb_wrapper\">\n\t\t\t<h2><strong>Chashma-Ayub<\/strong><\/h2>\n<hr class=\"divider active horizontal-break small\" \/>\n\n\t\t<\/div>\n\t<\/div>\n\n\t<div class=\"wpb_text_column wpb_content_element\" >\n\t\t<div class=\"wpb_wrapper\">\n\t\t\t<p>En Asie centrale, il existe de nombreux endroits qui ont probablement \u00e9t\u00e9 visit\u00e9s par les saints il y a plusieurs si\u00e8cles.<\/p>\n<p>L'un d'eux est le puits Chashma-Ayub, traduit par Saint Job's Source. Une l\u00e9gende raconte que le proph\u00e8te biblique Job, apr\u00e8s avoir visit\u00e9 cette terre, a d\u00e9cid\u00e9 d'aider les gens qui souffraient de p\u00e9nurie d'eau dans le d\u00e9sert. Il frappa le sol avec son b\u00e2ton, faisant jaillir une source d'eau cristalline \u00e0 cet endroit.\n\nLes gens croient que l'eau de la source poss\u00e8de un pouvoir de gu\u00e9rison. Un mausol\u00e9e est \u00e9rig\u00e9 au-dessus de la source. Il a la forme d'un prisme oblong. Le b\u00e2timent est couronn\u00e9 de coupoles, de forme diff\u00e9rente. Au-dessus du b\u00e2timent principal avec la source, il y a un double d\u00f4me sp\u00e9cial avec un \u00abchapeau\u00bb conique.<\/p>\n\n\t\t<\/div>\n\t<\/div>\n<\/div><\/div><\/div><\/div><div class=\"vc_row wpb_row vc_row-fluid\"><div class=\"wpb_column vc_column_container vc_col-sm-12\"><div class=\"vc_column-inner\"><div class=\"wpb_wrapper\"><\/div><\/div><\/div><\/div>","protected":false},"excerpt":{"rendered":"Chashma-Ayub Mausoleum Mausoleym includes a mausoleum and a sacred spring. Currently, it houses the Water and Irrigation Museum. The mausoleum was built by order of...","protected":false},"author":1,"featured_media":0,"parent":23258,"menu_order":0,"comment_status":"closed","ping_status":"closed","template":"","meta":[],"_links":{"self":[{"href":"https:\/\/sacredeasttravel.com\/fr\/wp-json\/wp\/v2\/pages\/23474"}],"collection":[{"href":"https:\/\/sacredeasttravel.com\/fr\/wp-json\/wp\/v2\/pages"}],"about":[{"href":"https:\/\/sacredeasttravel.com\/fr\/wp-json\/wp\/v2\/types\/page"}],"author":[{"embeddable":true,"href":"https:\/\/sacredeasttravel.com\/fr\/wp-json\/wp\/v2\/users\/1"}],"replies":[{"embeddable":true,"href":"https:\/\/sacredeasttravel.com\/fr\/wp-json\/wp\/v2\/comments?post=23474"}],"version-history":[{"count":0,"href":"https:\/\/sacredeasttravel.com\/fr\/wp-json\/wp\/v2\/pages\/23474\/revisions"}],"up":[{"embeddable":true,"href":"https:\/\/sacredeasttravel.com\/fr\/wp-json\/wp\/v2\/pages\/23258"}],"wp:attachment":[{"href":"https:\/\/sacredeasttravel.com\/fr\/wp-json\/wp\/v2\/media?parent=23474"}],"curies":[{"name":"wp","href":"https:\/\/api.w.org\/{rel}","templated":true}]}}