{"id":23477,"date":"2021-04-19T16:30:06","date_gmt":"2021-04-19T16:30:06","guid":{"rendered":"https:\/\/sacredeasttravel.com\/?page_id=23477"},"modified":"2021-04-19T16:30:40","modified_gmt":"2021-04-19T16:30:40","slug":"magoki-attori-mosque","status":"publish","type":"page","link":"https:\/\/sacredeasttravel.com\/fr\/uzbekistan\/bukhara\/magoki-attori-mosque\/","title":{"rendered":"Mosqu\u00e9e Magoki-Attori"},"content":{"rendered":"<div class=\"vc_row wpb_row vc_row-fluid\"><div class=\"wpb_column vc_column_container vc_col-sm-12\"><div class=\"vc_column-inner\"><div class=\"wpb_wrapper\">\n\t<div  class=\"wpb_single_image wpb_content_element vc_align_left\">\n\t\t\n\t\t<figure class=\"wpb_wrapper vc_figure\">\n\t\t\t<div class=\"vc_single_image-wrapper   vc_box_border_grey\"><img width=\"900\" height=\"600\" src=\"https:\/\/sacredeasttravel.com\/wp-content\/uploads\/2021\/04\/magoki-attori-mosque1.jpg\" class=\"vc_single_image-img attachment-full\" alt=\"\" decoding=\"async\" loading=\"lazy\" srcset=\"https:\/\/sacredeasttravel.com\/wp-content\/uploads\/2021\/04\/magoki-attori-mosque1.jpg 900w, https:\/\/sacredeasttravel.com\/wp-content\/uploads\/2021\/04\/magoki-attori-mosque1-300x200.jpg 300w, https:\/\/sacredeasttravel.com\/wp-content\/uploads\/2021\/04\/magoki-attori-mosque1-768x512.jpg 768w, https:\/\/sacredeasttravel.com\/wp-content\/uploads\/2021\/04\/magoki-attori-mosque1-600x400.jpg 600w\" sizes=\"(max-width: 900px) 100vw, 900px\" \/><\/div>\n\t\t<\/figure>\n\t<\/div>\n\n\t<div class=\"wpb_text_column wpb_content_element\" >\n\t\t<div class=\"wpb_wrapper\">\n\t\t\t<h2><strong>Mosqu\u00e9e Magoki-Attori<\/strong><\/h2>\n<hr class=\"divider active horizontal-break small\" \/>\n\n\t\t<\/div>\n\t<\/div>\n\n\t<div class=\"wpb_text_column wpb_content_element\" >\n\t\t<div class=\"wpb_wrapper\">\n\t\t\t<p class=\" translation-block\">La mosqu\u00e9e Magoki-Attori au centre de la ville est un exemple de mosqu\u00e9e urbaine dans un quartier r\u00e9sidentiel. La mosqu\u00e9e a \u00e9t\u00e9 construite sur le site du temple pr\u00e9-islamique de Moh mentionn\u00e9 ci-dessus. Des fouilles ont r\u00e9v\u00e9l\u00e9 le fait que m\u00eame sous les Samanides, il y avait une mosqu\u00e9e \u00e0 six jet\u00e9es, qui \u00e9tait apparemment \u00e9galement en forme de d\u00f4me. Cependant, il a \u00e9t\u00e9 consid\u00e9rablement reconstruit au XIIe si\u00e8cle; le niveau du sol a \u00e9t\u00e9 am\u00e9lior\u00e9 et la fa\u00e7ade principale a re\u00e7u un nouveau design qui survit avec peu de dommages seulement. Au XVIe si\u00e8cle, l'\u00e9paisseur des couches culturelles avait tellement augment\u00e9 que la mosqu\u00e9e semblait s'enfoncer profond\u00e9ment dans le sol et sa fa\u00e7ade n'a \u00e9t\u00e9 d\u00e9terr\u00e9e qu'\u00e0 la suite de fouilles effectu\u00e9es dans les ann\u00e9es 1930. La fa\u00e7ade de la mosqu\u00e9e est asym\u00e9trique. \u00c0 droite, il a un portail avec une vo\u00fbte en retrait, bord\u00e9 de bandes rectangulaires; le d\u00e9cor architectural est compos\u00e9 de briques couvertes qui forment des formes g\u00e9om\u00e9triques et de tuiles de terre cuite sculpt\u00e9e portant des motifs v\u00e9g\u00e9taux. La terre cuite sculpt\u00e9e est \u00e9galement utilis\u00e9e pour la d\u00e9coration des pyl\u00f4nes et des vo\u00fbtes des arcs, associ\u00e9e \u00e0 des motifs v\u00e9g\u00e9taux avec des inscriptions recouvertes d'\u00e9mail bleu. Dans l'ensemble, la mosqu\u00e9e Magoki-Attori est un excellent exemple de l'architecture d'Asie centrale \u00e0 l'\u00e9poque kara-khanid.<\/p>\n\n\t\t<\/div>\n\t<\/div>\n<\/div><\/div><\/div><\/div><div class=\"vc_row wpb_row vc_row-fluid\"><div class=\"wpb_column vc_column_container vc_col-sm-12\"><div class=\"vc_column-inner\"><div class=\"wpb_wrapper\"><\/div><\/div><\/div><\/div>","protected":false},"excerpt":{"rendered":"Magoki-Attori Mosque In the heart of the reserved part of Bukhara is the Magoki-Attori mosque (IX century) - one of the first mosques in the...","protected":false},"author":1,"featured_media":0,"parent":23258,"menu_order":0,"comment_status":"closed","ping_status":"closed","template":"","meta":[],"_links":{"self":[{"href":"https:\/\/sacredeasttravel.com\/fr\/wp-json\/wp\/v2\/pages\/23477"}],"collection":[{"href":"https:\/\/sacredeasttravel.com\/fr\/wp-json\/wp\/v2\/pages"}],"about":[{"href":"https:\/\/sacredeasttravel.com\/fr\/wp-json\/wp\/v2\/types\/page"}],"author":[{"embeddable":true,"href":"https:\/\/sacredeasttravel.com\/fr\/wp-json\/wp\/v2\/users\/1"}],"replies":[{"embeddable":true,"href":"https:\/\/sacredeasttravel.com\/fr\/wp-json\/wp\/v2\/comments?post=23477"}],"version-history":[{"count":0,"href":"https:\/\/sacredeasttravel.com\/fr\/wp-json\/wp\/v2\/pages\/23477\/revisions"}],"up":[{"embeddable":true,"href":"https:\/\/sacredeasttravel.com\/fr\/wp-json\/wp\/v2\/pages\/23258"}],"wp:attachment":[{"href":"https:\/\/sacredeasttravel.com\/fr\/wp-json\/wp\/v2\/media?parent=23477"}],"curies":[{"name":"wp","href":"https:\/\/api.w.org\/{rel}","templated":true}]}}