{"id":23480,"date":"2021-04-19T16:33:10","date_gmt":"2021-04-19T16:33:10","guid":{"rendered":"https:\/\/sacredeasttravel.com\/?page_id=23480"},"modified":"2021-04-19T16:33:10","modified_gmt":"2021-04-19T16:33:10","slug":"abdulazizkhan-madrassah","status":"publish","type":"page","link":"https:\/\/sacredeasttravel.com\/fr\/uzbekistan\/bukhara\/abdulazizkhan-madrassah\/","title":{"rendered":"Abdullazizkhan Madrasah"},"content":{"rendered":"<div class=\"vc_row wpb_row vc_row-fluid\"><div class=\"wpb_column vc_column_container vc_col-sm-12\"><div class=\"vc_column-inner\"><div class=\"wpb_wrapper\">\n\t<div  class=\"wpb_single_image wpb_content_element vc_align_left\">\n\t\t\n\t\t<figure class=\"wpb_wrapper vc_figure\">\n\t\t\t<div class=\"vc_single_image-wrapper   vc_box_border_grey\"><img width=\"900\" height=\"600\" src=\"https:\/\/sacredeasttravel.com\/wp-content\/uploads\/2021\/04\/abdullazizkhan-madrasah1.jpg\" class=\"vc_single_image-img attachment-full\" alt=\"\" decoding=\"async\" loading=\"lazy\" srcset=\"https:\/\/sacredeasttravel.com\/wp-content\/uploads\/2021\/04\/abdullazizkhan-madrasah1.jpg 900w, https:\/\/sacredeasttravel.com\/wp-content\/uploads\/2021\/04\/abdullazizkhan-madrasah1-300x200.jpg 300w, https:\/\/sacredeasttravel.com\/wp-content\/uploads\/2021\/04\/abdullazizkhan-madrasah1-768x512.jpg 768w, https:\/\/sacredeasttravel.com\/wp-content\/uploads\/2021\/04\/abdullazizkhan-madrasah1-600x400.jpg 600w\" sizes=\"(max-width: 900px) 100vw, 900px\" \/><\/div>\n\t\t<\/figure>\n\t<\/div>\n\n\t<div class=\"wpb_text_column wpb_content_element\" >\n\t\t<div class=\"wpb_wrapper\">\n\t\t\t<h2><strong>Abdulazizkhan\u00a0Madrassah<\/strong><\/h2>\n<hr class=\"divider active horizontal-break small\" \/>\n\n\t\t<\/div>\n\t<\/div>\n\n\t<div class=\"wpb_text_column wpb_content_element\" >\n\t\t<div class=\"wpb_wrapper\">\n\t\t\t<p>En face de la m\u00e9dersa Ulugbek se trouve la m\u00e9dersa Abdullazizkhan. Abdullazizkhan l'a construit en 1651 - 1652 et c'est la derni\u00e8re grande m\u00e9dersa de Boukhara. Le b\u00e2timent est typique par sa composition, avec une cour \u00e0 quatre ayvans, mais avec un \u00e9ventail divergent inhabituel de groupes de hudj apr\u00e8s les ayvans lat\u00e9raux et les b\u00e2timents en coupole sur l'axe central.\n\nIl est tr\u00e8s int\u00e9ressant d'am\u00e9liorer les logements de vie, qui se composaient d'un hall d'entr\u00e9e et d'une hudjra, et \u00e9taient \u00e9quip\u00e9s de places libres, d'\u00e9tages mansard\u00e9s, de niches murales pour les draps, de la vaisselle, d\u00e9cor\u00e9s conform\u00e9ment au go\u00fbt des habitants, qui ont lou\u00e9 ces appartements au cours de leur \u00e9tude.Loin de l'ensemble Poi-Kalyan, nous pouvons voir des arcades commerciales, appartenant \u00e0 la fin du 16 si\u00e8cle Taki-Telpak Phurushon et Taki Sarraphon.\n\nDes coiffes \u00e9taient vendues \u00e0 Taki-Telpak Phurushon: des calottes brod\u00e9es de perles, de brocart et de soie, des chapeaux de renard en fourrure, des turbans. Les transactions mon\u00e9taires ont \u00e9t\u00e9 accomplies sous le d\u00f4me de Taki Sarraphon, ce dernier sert d'interm\u00e9diaire dans les affaires commerciales internationales.\n\nLes coupoles sont inimitables dans leur architecture et leurs constructions. Le plus expressif d'entre eux est Taki Sarraphon avec un passage cruciforme \u00e0 travers le hall central et les appartements derri\u00e8re ses coins biseaut\u00e9s: dans une pi\u00e8ce il y avait une mosqu\u00e9e, dans une autre - l'entr\u00e9e des anciens bains Saraphon, dans deux autres - des magasins d'usurier. La base constructive est constitu\u00e9e de quatre arcs massifs, que vous pouvez voir \u00e0 l'int\u00e9rieur et \u00e0 l'ext\u00e9rieur.<\/p>\n\n\t\t<\/div>\n\t<\/div>\n<\/div><\/div><\/div><\/div><div class=\"vc_row wpb_row vc_row-fluid\"><div class=\"wpb_column vc_column_container vc_col-sm-12\"><div class=\"vc_column-inner\"><div class=\"wpb_wrapper\"><\/div><\/div><\/div><\/div>","protected":false},"excerpt":{"rendered":"Abdulazizkhan\u00a0Madrassah Madrassah named after Ashtarkhanid ruler Abdulazizhan is a pair ensemble with madrassah of Ulugbek. The entrance is distinguished by its high and rich exterior...","protected":false},"author":1,"featured_media":0,"parent":23258,"menu_order":0,"comment_status":"closed","ping_status":"closed","template":"","meta":[],"_links":{"self":[{"href":"https:\/\/sacredeasttravel.com\/fr\/wp-json\/wp\/v2\/pages\/23480"}],"collection":[{"href":"https:\/\/sacredeasttravel.com\/fr\/wp-json\/wp\/v2\/pages"}],"about":[{"href":"https:\/\/sacredeasttravel.com\/fr\/wp-json\/wp\/v2\/types\/page"}],"author":[{"embeddable":true,"href":"https:\/\/sacredeasttravel.com\/fr\/wp-json\/wp\/v2\/users\/1"}],"replies":[{"embeddable":true,"href":"https:\/\/sacredeasttravel.com\/fr\/wp-json\/wp\/v2\/comments?post=23480"}],"version-history":[{"count":0,"href":"https:\/\/sacredeasttravel.com\/fr\/wp-json\/wp\/v2\/pages\/23480\/revisions"}],"up":[{"embeddable":true,"href":"https:\/\/sacredeasttravel.com\/fr\/wp-json\/wp\/v2\/pages\/23258"}],"wp:attachment":[{"href":"https:\/\/sacredeasttravel.com\/fr\/wp-json\/wp\/v2\/media?parent=23480"}],"curies":[{"name":"wp","href":"https:\/\/api.w.org\/{rel}","templated":true}]}}