{"id":23489,"date":"2021-04-19T18:16:12","date_gmt":"2021-04-19T18:16:12","guid":{"rendered":"https:\/\/sacredeasttravel.com\/?page_id=23489"},"modified":"2021-04-19T18:16:12","modified_gmt":"2021-04-19T18:16:12","slug":"ulugbek-madrassah","status":"publish","type":"page","link":"https:\/\/sacredeasttravel.com\/fr\/uzbekistan\/bukhara\/ulugbek-madrassah\/","title":{"rendered":"Ulugbek Madrasah"},"content":{"rendered":"<div class=\"vc_row wpb_row vc_row-fluid\"><div class=\"wpb_column vc_column_container vc_col-sm-12\"><div class=\"vc_column-inner\"><div class=\"wpb_wrapper\">\n\t<div  class=\"wpb_single_image wpb_content_element vc_align_left\">\n\t\t\n\t\t<figure class=\"wpb_wrapper vc_figure\">\n\t\t\t<div class=\"vc_single_image-wrapper   vc_box_border_grey\"><img width=\"900\" height=\"600\" src=\"https:\/\/sacredeasttravel.com\/wp-content\/uploads\/2021\/04\/ulugbek-madrassah.jpg\" class=\"vc_single_image-img attachment-full\" alt=\"\" decoding=\"async\" loading=\"lazy\" srcset=\"https:\/\/sacredeasttravel.com\/wp-content\/uploads\/2021\/04\/ulugbek-madrassah.jpg 900w, https:\/\/sacredeasttravel.com\/wp-content\/uploads\/2021\/04\/ulugbek-madrassah-300x200.jpg 300w, https:\/\/sacredeasttravel.com\/wp-content\/uploads\/2021\/04\/ulugbek-madrassah-768x512.jpg 768w, https:\/\/sacredeasttravel.com\/wp-content\/uploads\/2021\/04\/ulugbek-madrassah-600x400.jpg 600w\" sizes=\"(max-width: 900px) 100vw, 900px\" \/><\/div>\n\t\t<\/figure>\n\t<\/div>\n\n\t<div class=\"wpb_text_column wpb_content_element\" >\n\t\t<div class=\"wpb_wrapper\">\n\t\t\t<h2><strong>Ulugbek Madra<\/strong><strong>s<\/strong><strong>ah<\/strong><\/h2>\n<hr class=\"divider active horizontal-break small\" \/>\n\n\t\t<\/div>\n\t<\/div>\n\n\t<div class=\"wpb_text_column wpb_content_element\" >\n\t\t<div class=\"wpb_wrapper\">\n\t\t\t<p>La m\u00e9dersa d'Oulougbek a \u00e9t\u00e9 trouv\u00e9e en 1417, comme l'indique l'inscription sur la plaque de bronze des couloirs de porte. Il y a un nom de ma\u00eetre dans le tympan du portail, qui construisait ce monument - Ismail ibn Takhir ibn Makhmud Ispfargoni. Il est possible qu'il soit le petit-fils de l'un des ma\u00eetres, qui avait \u00e9t\u00e9 captur\u00e9 par Timur en Iran et laiss\u00e9 leurs noms sur le portail du complexe Gur-Amir \u00e0 Samarkand.<\/p>\n<p>Boukhara Madrasah est la premi\u00e8re madrasah, construite par Ulugbek. Il est relativement petit, mais a de grandes formes. C'est un b\u00e2timent avec une cour carr\u00e9e de deux ayvan, entour\u00e9 de hudjrs de deux \u00e9tages, avec des salles de coupole de darskhana et une mosqu\u00e9e sur la croix du hall d'entr\u00e9e.<\/p>\n\n\t\t<\/div>\n\t<\/div>\n<\/div><\/div><\/div><\/div><div class=\"vc_row wpb_row vc_row-fluid\"><div class=\"wpb_column vc_column_container vc_col-sm-12\"><div class=\"vc_column-inner\"><div class=\"wpb_wrapper\"><\/div><\/div><\/div><\/div>","protected":false},"excerpt":{"rendered":"Ulugbek Madrassah It is the most ancient madrasah from three madrases, built by Tamerlan's grandson, Ulugbek, the astronomer. It corresponds the rectangular building vith yard...","protected":false},"author":1,"featured_media":0,"parent":23258,"menu_order":0,"comment_status":"closed","ping_status":"closed","template":"","meta":[],"_links":{"self":[{"href":"https:\/\/sacredeasttravel.com\/fr\/wp-json\/wp\/v2\/pages\/23489"}],"collection":[{"href":"https:\/\/sacredeasttravel.com\/fr\/wp-json\/wp\/v2\/pages"}],"about":[{"href":"https:\/\/sacredeasttravel.com\/fr\/wp-json\/wp\/v2\/types\/page"}],"author":[{"embeddable":true,"href":"https:\/\/sacredeasttravel.com\/fr\/wp-json\/wp\/v2\/users\/1"}],"replies":[{"embeddable":true,"href":"https:\/\/sacredeasttravel.com\/fr\/wp-json\/wp\/v2\/comments?post=23489"}],"version-history":[{"count":0,"href":"https:\/\/sacredeasttravel.com\/fr\/wp-json\/wp\/v2\/pages\/23489\/revisions"}],"up":[{"embeddable":true,"href":"https:\/\/sacredeasttravel.com\/fr\/wp-json\/wp\/v2\/pages\/23258"}],"wp:attachment":[{"href":"https:\/\/sacredeasttravel.com\/fr\/wp-json\/wp\/v2\/media?parent=23489"}],"curies":[{"name":"wp","href":"https:\/\/api.w.org\/{rel}","templated":true}]}}