{"id":23492,"date":"2021-04-19T18:18:43","date_gmt":"2021-04-19T18:18:43","guid":{"rendered":"https:\/\/sacredeasttravel.com\/?page_id=23492"},"modified":"2021-04-19T18:18:43","modified_gmt":"2021-04-19T18:18:43","slug":"lyabi-khauz-ensemble","status":"publish","type":"page","link":"https:\/\/sacredeasttravel.com\/fr\/uzbekistan\/bukhara\/lyabi-khauz-ensemble\/","title":{"rendered":"Ensemble Lyabi-Khauz"},"content":{"rendered":"<div class=\"vc_row wpb_row vc_row-fluid\"><div class=\"wpb_column vc_column_container vc_col-sm-12\"><div class=\"vc_column-inner\"><div class=\"wpb_wrapper\">\n\t<div  class=\"wpb_single_image wpb_content_element vc_align_left\">\n\t\t\n\t\t<figure class=\"wpb_wrapper vc_figure\">\n\t\t\t<div class=\"vc_single_image-wrapper   vc_box_border_grey\"><img width=\"900\" height=\"600\" src=\"https:\/\/sacredeasttravel.com\/wp-content\/uploads\/2021\/04\/lyabi-khauz1.jpg\" class=\"vc_single_image-img attachment-full\" alt=\"\" decoding=\"async\" loading=\"lazy\" srcset=\"https:\/\/sacredeasttravel.com\/wp-content\/uploads\/2021\/04\/lyabi-khauz1.jpg 900w, https:\/\/sacredeasttravel.com\/wp-content\/uploads\/2021\/04\/lyabi-khauz1-300x200.jpg 300w, https:\/\/sacredeasttravel.com\/wp-content\/uploads\/2021\/04\/lyabi-khauz1-768x512.jpg 768w, https:\/\/sacredeasttravel.com\/wp-content\/uploads\/2021\/04\/lyabi-khauz1-600x400.jpg 600w\" sizes=\"(max-width: 900px) 100vw, 900px\" \/><\/div>\n\t\t<\/figure>\n\t<\/div>\n\n\t<div class=\"wpb_text_column wpb_content_element\" >\n\t\t<div class=\"wpb_wrapper\">\n\t\t\t<h2><strong>Ensemble Lyabi-Khauz<\/strong><\/h2>\n<hr class=\"divider active horizontal-break small\" \/>\n\n\t\t<\/div>\n\t<\/div>\n\n\t<div class=\"wpb_text_column wpb_content_element\" >\n\t\t<div class=\"wpb_wrapper\">\n\t\t\t<p>L'ensemble architectural Lyabi-Khauz est form\u00e9 de trois grands b\u00e2timents monumentaux: Kukeldash Madrasah au nord, khanaka et Nodir Divan-begi \u00e0 l'ouest et \u00e0 l'est. Du sud, la place \u00e9tait ferm\u00e9e avec Trade Street. Le centre de l'ancien grand ensemble de Boukhara est devenu un r\u00e9servoir.<\/p>\n<p>Le nom \u00abLyabi-Khauz\u00bb signifie \u00abau r\u00e9servoir\u00bb. Selon la vieille l\u00e9gende, pendant longtemps le jardinier de Knan Nadir Divan-begi ne pouvait pas acheter beaucoup pour la construction pr\u00e9vue, o\u00f9 se trouvait une maison de femme seule. Puis le vizir tout-puissant a ordonn\u00e9 de construire un canal sous la maison des femmes, et l'eau a commenc\u00e9 \u00e0 ruiner les murs, les femmes malheureuses ont d\u00fb vendre ce lot. Le khan hauz \u00e9tait secr\u00e8tement appel\u00e9 \u00abkhauz de la violence\u00bb, ce qui en arabe donne la signification num\u00e9rique de la date de construction - 1620.<\/p>\n<p><strong><em><u>Kukeldash Madrassah<\/u><\/em><\/strong><\/p>\n<p>Le khauz rectangulaire (36 - 46 m\u00e8tres de hauteur), tendu d'est en ouest, est enterr\u00e9 dans l'ombre de v\u00e9n\u00e9rables chinaras. Ses rives sont form\u00e9es avec une rampe d'escalier \u00e0 l'eau, faite de blocs massifs de calcaire jaune. Autrefois, il y avait \u00abbazar \u00e0 th\u00e9\u00bb, on y vendait des bonbons, des friandises, du pain et des plats pr\u00e9par\u00e9s.<\/p>\n<p><strong><em><u>Hanaka Devon-Begi<\/u><\/em><\/strong><\/p>\n<p>Kukeldash Madrasah (1568 - 1569) est la plus grande de Boukhara (80 x 60 m\u00e8tres). Il est construit sur le sch\u00e9ma traditionnel de l'institution orientale - internat. Cependant, pour la premi\u00e8re fois dans la madrasa construite en hujrs enrag\u00e9s, l\u00e9gers et a\u00e9r\u00e9s conduits par des loggias sur la cour libre menant aux rues de la ville. Ils ouvrent au deuxi\u00e8me \u00e9tage sur des fa\u00e7ades lat\u00e9rales. L'appartement est \u00e9quip\u00e9 d'installations modernes, comme Ulugbek Madrasah \u00e0 Samarkand, mais il y a un appartement en trois parties au premier \u00e9tage, compos\u00e9 d'ayvan, de logements et d'appartements m\u00e9nagers. Dans le darskhana, 4 arcs de croisement, \u00e9tir\u00e9s d'un coin \u00e0 l'autre en diagonale avec un d\u00e9cor en filet, portent la lumi\u00e8re.<\/p>\n<p><strong><em><u>Devon-Begi Madrasah<\/u><\/em><\/strong><\/p>\n<p>Sur le c\u00f4t\u00e9 ouest de Laybi-khauz se trouve un autre monument architectural. Il s'agit de Nadir Divan-begi Khanaka (1619-1620). C'est un grand b\u00e2timent multicellulaire avec une coupole centrale, avec des niches peu profondes sur les c\u00f4t\u00e9s. Dans les coins du b\u00e2timent se trouvent des hydjras vivants.\n\nSur le c\u00f4t\u00e9 est de Khauz, vous pouvez voir une fa\u00e7ade de b\u00e2timent architectural curieux - Nadir Divan-begi Madrasah. Au d\u00e9but, ce b\u00e2timent a \u00e9t\u00e9 construit comme caravane-saray \u00e0 Madrasah, joint aux loggias de la fa\u00e7ade principale, au portail et aux tours d'angle. A cette \u00e9poque, le deuxi\u00e8me \u00e9tage a \u00e9t\u00e9 construit. Sur l'axe longitudinal, en face de l'entr\u00e9e peshtak est, traditionnel en caravane-saray, passage vers la cour arri\u00e8re, destin\u00e9 aux bovins de b\u00e2t.<\/p>\n\n\t\t<\/div>\n\t<\/div>\n<\/div><\/div><\/div><\/div><div class=\"vc_row wpb_row vc_row-fluid\"><div class=\"wpb_column vc_column_container vc_col-sm-12\"><div class=\"vc_column-inner\"><div class=\"wpb_wrapper\"><\/div><\/div><\/div><\/div>","protected":false},"excerpt":{"rendered":"Lyabi-Khauz Ensemble One of the central squares of the city of Bukhara, an architectural ensemble created in the XVI - XVII centuries. The square is...","protected":false},"author":1,"featured_media":0,"parent":23258,"menu_order":0,"comment_status":"closed","ping_status":"closed","template":"","meta":[],"_links":{"self":[{"href":"https:\/\/sacredeasttravel.com\/fr\/wp-json\/wp\/v2\/pages\/23492"}],"collection":[{"href":"https:\/\/sacredeasttravel.com\/fr\/wp-json\/wp\/v2\/pages"}],"about":[{"href":"https:\/\/sacredeasttravel.com\/fr\/wp-json\/wp\/v2\/types\/page"}],"author":[{"embeddable":true,"href":"https:\/\/sacredeasttravel.com\/fr\/wp-json\/wp\/v2\/users\/1"}],"replies":[{"embeddable":true,"href":"https:\/\/sacredeasttravel.com\/fr\/wp-json\/wp\/v2\/comments?post=23492"}],"version-history":[{"count":0,"href":"https:\/\/sacredeasttravel.com\/fr\/wp-json\/wp\/v2\/pages\/23492\/revisions"}],"up":[{"embeddable":true,"href":"https:\/\/sacredeasttravel.com\/fr\/wp-json\/wp\/v2\/pages\/23258"}],"wp:attachment":[{"href":"https:\/\/sacredeasttravel.com\/fr\/wp-json\/wp\/v2\/media?parent=23492"}],"curies":[{"name":"wp","href":"https:\/\/api.w.org\/{rel}","templated":true}]}}