{"id":23495,"date":"2021-04-19T18:23:03","date_gmt":"2021-04-19T18:23:03","guid":{"rendered":"https:\/\/sacredeasttravel.com\/?page_id=23495"},"modified":"2021-04-19T18:23:03","modified_gmt":"2021-04-19T18:23:03","slug":"trading-domes-of-bukhara","status":"publish","type":"page","link":"https:\/\/sacredeasttravel.com\/fr\/uzbekistan\/bukhara\/trading-domes-of-bukhara\/","title":{"rendered":"D\u00f4mes commerciaux"},"content":{"rendered":"<div class=\"vc_row wpb_row vc_row-fluid\"><div class=\"wpb_column vc_column_container vc_col-sm-12\"><div class=\"vc_column-inner\"><div class=\"wpb_wrapper\">\n\t<div  class=\"wpb_single_image wpb_content_element vc_align_left\">\n\t\t\n\t\t<figure class=\"wpb_wrapper vc_figure\">\n\t\t\t<div class=\"vc_single_image-wrapper   vc_box_border_grey\"><img width=\"900\" height=\"600\" src=\"https:\/\/sacredeasttravel.com\/wp-content\/uploads\/2021\/04\/unnamed-5.jpg\" class=\"vc_single_image-img attachment-full\" alt=\"\" decoding=\"async\" loading=\"lazy\" srcset=\"https:\/\/sacredeasttravel.com\/wp-content\/uploads\/2021\/04\/unnamed-5.jpg 900w, https:\/\/sacredeasttravel.com\/wp-content\/uploads\/2021\/04\/unnamed-5-300x200.jpg 300w, https:\/\/sacredeasttravel.com\/wp-content\/uploads\/2021\/04\/unnamed-5-768x512.jpg 768w, https:\/\/sacredeasttravel.com\/wp-content\/uploads\/2021\/04\/unnamed-5-600x400.jpg 600w\" sizes=\"(max-width: 900px) 100vw, 900px\" \/><\/div>\n\t\t<\/figure>\n\t<\/div>\n\n\t<div class=\"wpb_text_column wpb_content_element\" >\n\t\t<div class=\"wpb_wrapper\">\n\t\t\t<h2><strong>D\u00f4mes commerciaux<\/strong><\/h2>\n<hr class=\"divider active horizontal-break small\" \/>\n\n\t\t<\/div>\n\t<\/div>\n\n\t<div class=\"wpb_text_column wpb_content_element\" >\n\t\t<div class=\"wpb_wrapper\">\n\t\t\t<p>Boukhara est bien connue dans le monde non seulement avec ses mosqu\u00e9es, sa forteresse Ark et le majestueux minaret de Kalyan, mais aussi avec ses d\u00f4mes commerciaux qui s'\u00e9tendent en procession de Lyabi-Khauz \u00e0 la m\u00e9dersa Miri-Arab. Il y a longtemps, au XVIe si\u00e8cle sous la dynastie des Shaybanides, Boukhara est devenue la capitale donnant lieu \u00e0 une croissance sans pr\u00e9c\u00e9dent de la ville, et depuis qu'elle \u00e9tait situ\u00e9e sur la Grande Route de la Soie, les march\u00e9s et les magasins commerciaux \u00e9taient encore plus encombr\u00e9s au carrefour des routes publiques. . Plusieurs si\u00e8cles se sont \u00e9coul\u00e9s depuis et quatre d\u00f4mes commerciaux n'ont surv\u00e9cu qu'\u00e0 ce jour.<\/p>\n<p><strong><em><u>D\u00f4me de trading Toki-Sarrofon<\/u><\/em><\/strong>\u00a0Juste \u00e0 c\u00f4t\u00e9 du Lyabi-Khauz, il y a un d\u00f4me avec un carrefour en dessous. De petits magasins sont diss\u00e9min\u00e9s autour de lui. Une fois l\u00e0-bas se trouvait l'un des plus grands bureaux de change d'Asie centrale: les marchands d'Inde, de Chine et d'autres pays changeaient leur argent aupr\u00e8s de bureaux de change, appel\u00e9s sarrafs. Le nom du d\u00f4me commercial provient d'eux. Mais plusieurs si\u00e8cles plus tard, on ne peut acheter que tapis, mouchoirs et autres souvenirs ici.<\/p>\n<p><strong><em><u>D\u00f4me de commerce Telpak Furushon<\/u><\/em><\/strong><strong><em>\u00a0<\/em><\/strong>Un peu au nord de Toki-Sarrofon se trouvait le grand d\u00f4me commercial de Telpak Furushon. Il s'agit d'un complexe massif d'orientation hexagonale. Sous son d\u00f4me sph\u00e9rique se concentrent des magasins vendant des couteaux, des bijoux, des instruments de musique et divers souvenirs. \u00c0 c\u00f4t\u00e9, il y a une forge m\u00e9di\u00e9vale, o\u00f9 l'on peut observer un processus de fabrication de couteaux et d'autres outils. Une fois que les magasins vendaient un livre, c'est pourquoi le d\u00f4me commercial \u00e9tait appel\u00e9 Kitab-Furushon (\u00abkitab\u00bb est traduit de l'Ouzbek par \u00ablivre\u00bb). Pas \u00e0 pas, la place de la librairie fut occup\u00e9e par des boutiques de chapellerie et plus tard, la vente de casquettes \u00e0 son tour fit place \u00e0 des produits souvenirs fabriqu\u00e9s par les artisans locaux.<\/p>\n<p><strong><em><u>D\u00f4me commercial de Toki-Zargaron<\/u><\/em><\/strong><strong>\u00a0<\/strong>C'est le plus grand d\u00f4me commercial de Boukhara. C'est le d\u00f4me le plus au nord et il est situ\u00e9 rapidement \u00e0 c\u00f4t\u00e9 du Poi Kalyan. Le d\u00f4me Toki-Zargaron est tendu vers le haut et renforc\u00e9 de nervures qui le diff\u00e9rencient des autres. Le nom Zargaron est li\u00e9 au mot \u00abzargar\u00bb qui peut \u00eatre traduit par \u00aborf\u00e8vre\u00bb. Une fois sur place, 36 ateliers de bijouterie - magasins vendant divers bijoux. De plus, Toki-Zargaron \u00e9tait le premier des d\u00f4mes commerciaux de Boukhara. Aujourd'hui, on peut y acheter des bijoux, des mouchoirs et divers accessoires m\u00e9nagers: poign\u00e9es de porte de Boukhara, cloches, fer \u00e0 cheval pour la chance, etc.<\/p>\n<p><strong><em><u>D\u00f4me de commerce Tim Abdullakhan<\/u><\/em><\/strong><strong>\u00a0<\/strong>Ce d\u00f4me commercial diff\u00e8re consid\u00e9rablement de ses semblables. Il n'est pas situ\u00e9 sur la route transversale mais le long d'une rue; c'est un local int\u00e9rieur o\u00f9 il fait toujours frais. La lumi\u00e8re dans le Tim Abdullakhan p\u00e9n\u00e8tre par les petites fen\u00eatres et les ouvertures des d\u00f4mes. Au fil des si\u00e8cles, ils vendaient des tapis et des tissus, et m\u00eame aujourd'hui, on peut acheter un tapis panach\u00e9, un beau mouchoir en fer forg\u00e9 ou un carr\u00e9 de tissu de Boukhara.<\/p>\n\n\t\t<\/div>\n\t<\/div>\n<\/div><\/div><\/div><\/div><div class=\"vc_row wpb_row vc_row-fluid\"><div class=\"wpb_column vc_column_container vc_col-sm-12\"><div class=\"vc_column-inner\"><div class=\"wpb_wrapper\"><\/div><\/div><\/div><\/div>","protected":false},"excerpt":{"rendered":"Trading domes of Bukhara Bukhara is known to the world not only for its mosques, the fortress Ark and the majestic Kalyan minaret, but also...","protected":false},"author":1,"featured_media":0,"parent":23258,"menu_order":0,"comment_status":"closed","ping_status":"closed","template":"","meta":[],"_links":{"self":[{"href":"https:\/\/sacredeasttravel.com\/fr\/wp-json\/wp\/v2\/pages\/23495"}],"collection":[{"href":"https:\/\/sacredeasttravel.com\/fr\/wp-json\/wp\/v2\/pages"}],"about":[{"href":"https:\/\/sacredeasttravel.com\/fr\/wp-json\/wp\/v2\/types\/page"}],"author":[{"embeddable":true,"href":"https:\/\/sacredeasttravel.com\/fr\/wp-json\/wp\/v2\/users\/1"}],"replies":[{"embeddable":true,"href":"https:\/\/sacredeasttravel.com\/fr\/wp-json\/wp\/v2\/comments?post=23495"}],"version-history":[{"count":0,"href":"https:\/\/sacredeasttravel.com\/fr\/wp-json\/wp\/v2\/pages\/23495\/revisions"}],"up":[{"embeddable":true,"href":"https:\/\/sacredeasttravel.com\/fr\/wp-json\/wp\/v2\/pages\/23258"}],"wp:attachment":[{"href":"https:\/\/sacredeasttravel.com\/fr\/wp-json\/wp\/v2\/media?parent=23495"}],"curies":[{"name":"wp","href":"https:\/\/api.w.org\/{rel}","templated":true}]}}