{"id":23501,"date":"2021-04-19T18:29:24","date_gmt":"2021-04-19T18:29:24","guid":{"rendered":"https:\/\/sacredeasttravel.com\/?page_id=23501"},"modified":"2021-06-23T18:32:30","modified_gmt":"2021-06-23T18:32:30","slug":"sitorai-mokhi-khosa","status":"publish","type":"page","link":"https:\/\/sacredeasttravel.com\/fr\/uzbekistan\/bukhara\/sitorai-mokhi-khosa\/","title":{"rendered":"Palais Sitorai Mokhi-Khosa"},"content":{"rendered":"<div class=\"vc_row wpb_row vc_row-fluid\"><div class=\"wpb_column vc_column_container vc_col-sm-12\"><div class=\"vc_column-inner\"><div class=\"wpb_wrapper\">\n\t<div  class=\"wpb_single_image wpb_content_element vc_align_left\">\n\t\t\n\t\t<figure class=\"wpb_wrapper vc_figure\">\n\t\t\t<div class=\"vc_single_image-wrapper   vc_box_border_grey\"><img width=\"900\" height=\"600\" src=\"https:\/\/sacredeasttravel.com\/wp-content\/uploads\/2021\/04\/sitorai-mokhi-khosa1.jpg\" class=\"vc_single_image-img attachment-full\" alt=\"\" decoding=\"async\" loading=\"lazy\" srcset=\"https:\/\/sacredeasttravel.com\/wp-content\/uploads\/2021\/04\/sitorai-mokhi-khosa1.jpg 900w, https:\/\/sacredeasttravel.com\/wp-content\/uploads\/2021\/04\/sitorai-mokhi-khosa1-300x200.jpg 300w, https:\/\/sacredeasttravel.com\/wp-content\/uploads\/2021\/04\/sitorai-mokhi-khosa1-768x512.jpg 768w, https:\/\/sacredeasttravel.com\/wp-content\/uploads\/2021\/04\/sitorai-mokhi-khosa1-600x400.jpg 600w\" sizes=\"(max-width: 900px) 100vw, 900px\" \/><\/div>\n\t\t<\/figure>\n\t<\/div>\n\n\t<div class=\"wpb_text_column wpb_content_element\" >\n\t\t<div class=\"wpb_wrapper\">\n\t\t\t<h2><strong>Palais Sitorai Mokhi-Khosa<\/strong><\/h2>\n<hr class=\"divider active horizontal-break small\" \/>\n\n\t\t<\/div>\n\t<\/div>\n\n\t<div class=\"wpb_text_column wpb_content_element\" >\n\t\t<div class=\"wpb_wrapper\">\n\t\t\t<p>Au milieu du XIXe si\u00e8cle, l'\u00e9mir de Boukhara Nasrullah Khan a d\u00e9cid\u00e9 de se construire un nouveau si\u00e8ge de campagne. Pour choisir l'endroit le plus frais pour ne pas souffrir de la chaleur estivale, les architectes ont recouru \u00e0 une ancienne m\u00e9thode - des moutons habill\u00e9s \u00e9taient pos\u00e9s sur les chantiers potentiels. L'endroit o\u00f9 la viande s'est g\u00e2t\u00e9e en dernier lieu a \u00e9t\u00e9 choisi pour la construction de la perle de la banlieue de Boukhara. Malheureusement, ce palais n'a pas surv\u00e9cu jusqu'\u00e0 nos jours.<\/p>\n<p>Plusieurs d\u00e9cennies plus tard, un autre \u00e9mir de Boukhara Mir Sayyd Muhammad Alim Khan a lanc\u00e9 la construction d'un nouveau palais l\u00e0-bas. Une l\u00e9gende raconte que Emir a consacr\u00e9 le palais \u00e0 sa femme Sitora. Les travaux de construction qui ont dur\u00e9 plusieurs ann\u00e9es ont abouti \u00e0 la r\u00e9sidence d'une beaut\u00e9 sans pr\u00e9c\u00e9dent. Les architectes de Boukhara form\u00e9s en Russie ont r\u00e9ussi \u00e0 combiner les styles oriental et occidental dans leur cr\u00e9ation. Au bout d'un moment, la femme de l'\u00e9mir mourut et son nom fut donn\u00e9 au palais. Il a \u00e9t\u00e9 nomm\u00e9 Sitorai Mokhi-Khosa, traduit du tadjik par \u00ab\u00c9toile, comme la Lune\u00bb, et ce nom a \u00e9t\u00e9 conserv\u00e9 jusqu'\u00e0 ce jour. Malheureusement, le Sitorai Mokhi-Khosa a \u00e9galement partag\u00e9 le sort du premier palais - il a \u00e9t\u00e9 d\u00e9truit.<\/p>\n<p>Le palais Sitorai Mokhi-Khosa existant a \u00e9t\u00e9 construit en 1912-1918, sur ordre du dernier \u00e9mir de Boukhara Mir Sayyd Muhammad Alim Khan. La construction a impliqu\u00e9 les meilleurs ma\u00eetres de Boukhara de l'\u00e9poque, ainsi que deux ing\u00e9nieurs russes Margulis et Sakovitch.<\/p>\n<p>Le b\u00e2timent principal du palais se compose de plusieurs salles de r\u00e9ception et de salles priv\u00e9es d'\u00e9mir. Une attention particuli\u00e8re a \u00e9t\u00e9 accord\u00e9e \u00e0 la salle blanche, d\u00e9cor\u00e9e par le c\u00e9l\u00e8bre ma\u00eetre usto Shirin Muradov qui a ensuite \u00e9t\u00e9 perp\u00e9tu\u00e9e dans un monument install\u00e9 sur le territoire de la r\u00e9sidence d'\u00e9t\u00e9. White Hall \u00e9tait d\u00e9cor\u00e9 de ganch, pos\u00e9 sur des murs recouverts de miroirs. Aucun des mod\u00e8les n'a \u00e9t\u00e9 r\u00e9p\u00e9t\u00e9. Il est \u00e0 noter que les miroirs du palais Sitorai Mokhi-Khosa sont en grande quantit\u00e9. Vous pouvez y voir des miroirs v\u00e9nitiens, des miroirs japonais plac\u00e9s dans des cadres fantaisie et m\u00eame des treillis, qui cr\u00e9ent un reflet, r\u00e9p\u00e9t\u00e9 40 fois.<\/p>\n<p>De plus, le palais d'\u00e9t\u00e9 comprend un salon de th\u00e9, un petit minaret et une maison d'h\u00f4tes, richement incrust\u00e9s de tresses d'or. Chaque lieu a ses propres histoires et l\u00e9gendes, on peut parler pendant des heures.\n\nEn 1927, peu apr\u00e8s la chute de l'\u00e9mirat de Boukhara, le palais est transform\u00e9 en mus\u00e9e. Son exposition a \u00e9t\u00e9 p\u00e9riodiquement modifi\u00e9e. Mais aujourd'hui, il abrite le Mus\u00e9e des Arts et M\u00e9tiers. L'exposition comprend des meubles de palais des XIX-XX si\u00e8cles, des bijoux et des produits brod\u00e9s d'or r\u00e9alis\u00e9s par des ma\u00eetres de Boukhara, des objets d'art en porcelaine russe et japonaise des XIV-XX si\u00e8cles. Au cours du si\u00e8cle dernier, Boukhara s'est consid\u00e9rablement agrandie et de nos jours, le palais Sitorai Mokhi-Khosa est situ\u00e9 \u00e0 4 km de la p\u00e9riph\u00e9rie de la ville. La r\u00e9sidence du dernier \u00e9mir de Boukhara, o\u00f9, aujourd'hui comme il y a cent ans, les paons fanfaronnent, salue les visiteurs dans les reflets de son ancienne magnificence, comme si elle \u00e9tait encore disponible pour recevoir des redevances et des ambassadeurs d'outre-mer.<\/p>\n\n\t\t<\/div>\n\t<\/div>\n<\/div><\/div><\/div><\/div><div class=\"vc_row wpb_row vc_row-fluid\"><div class=\"wpb_column vc_column_container vc_col-sm-12\"><div class=\"vc_column-inner\"><div class=\"wpb_wrapper\"><\/div><\/div><\/div><\/div>","protected":false},"excerpt":{"rendered":"Sitorai Mokhi-Khosa Palace Palace is a suburban residence of the Bukhara emir, built at the end of the 19th and beginning of the 20th century....","protected":false},"author":1,"featured_media":0,"parent":23258,"menu_order":0,"comment_status":"closed","ping_status":"closed","template":"","meta":[],"_links":{"self":[{"href":"https:\/\/sacredeasttravel.com\/fr\/wp-json\/wp\/v2\/pages\/23501"}],"collection":[{"href":"https:\/\/sacredeasttravel.com\/fr\/wp-json\/wp\/v2\/pages"}],"about":[{"href":"https:\/\/sacredeasttravel.com\/fr\/wp-json\/wp\/v2\/types\/page"}],"author":[{"embeddable":true,"href":"https:\/\/sacredeasttravel.com\/fr\/wp-json\/wp\/v2\/users\/1"}],"replies":[{"embeddable":true,"href":"https:\/\/sacredeasttravel.com\/fr\/wp-json\/wp\/v2\/comments?post=23501"}],"version-history":[{"count":0,"href":"https:\/\/sacredeasttravel.com\/fr\/wp-json\/wp\/v2\/pages\/23501\/revisions"}],"up":[{"embeddable":true,"href":"https:\/\/sacredeasttravel.com\/fr\/wp-json\/wp\/v2\/pages\/23258"}],"wp:attachment":[{"href":"https:\/\/sacredeasttravel.com\/fr\/wp-json\/wp\/v2\/media?parent=23501"}],"curies":[{"name":"wp","href":"https:\/\/api.w.org\/{rel}","templated":true}]}}