{"id":23507,"date":"2021-04-19T18:37:50","date_gmt":"2021-04-19T18:37:50","guid":{"rendered":"https:\/\/sacredeasttravel.com\/?page_id=23507"},"modified":"2021-04-19T18:37:50","modified_gmt":"2021-04-19T18:37:50","slug":"chor-bakr-necropolis","status":"publish","type":"page","link":"https:\/\/sacredeasttravel.com\/fr\/uzbekistan\/bukhara\/chor-bakr-necropolis\/","title":{"rendered":"N\u00e9cropole de Chor-Bakr"},"content":{"rendered":"<div class=\"vc_row wpb_row vc_row-fluid\"><div class=\"wpb_column vc_column_container vc_col-sm-12\"><div class=\"vc_column-inner\"><div class=\"wpb_wrapper\">\n\t<div  class=\"wpb_single_image wpb_content_element vc_align_left\">\n\t\t\n\t\t<figure class=\"wpb_wrapper vc_figure\">\n\t\t\t<div class=\"vc_single_image-wrapper   vc_box_border_grey\"><img width=\"900\" height=\"600\" src=\"https:\/\/sacredeasttravel.com\/wp-content\/uploads\/2021\/04\/chor-bakr3.jpg\" class=\"vc_single_image-img attachment-full\" alt=\"\" decoding=\"async\" loading=\"lazy\" srcset=\"https:\/\/sacredeasttravel.com\/wp-content\/uploads\/2021\/04\/chor-bakr3.jpg 900w, https:\/\/sacredeasttravel.com\/wp-content\/uploads\/2021\/04\/chor-bakr3-300x200.jpg 300w, https:\/\/sacredeasttravel.com\/wp-content\/uploads\/2021\/04\/chor-bakr3-768x512.jpg 768w, https:\/\/sacredeasttravel.com\/wp-content\/uploads\/2021\/04\/chor-bakr3-600x400.jpg 600w\" sizes=\"(max-width: 900px) 100vw, 900px\" \/><\/div>\n\t\t<\/figure>\n\t<\/div>\n\n\t<div class=\"wpb_text_column wpb_content_element\" >\n\t\t<div class=\"wpb_wrapper\">\n\t\t\t<h2>\u00a0<strong>N\u00e9cropole de Chor-Bakr<\/strong><\/h2>\n<hr class=\"divider active horizontal-break small\" \/>\n\n\t\t<\/div>\n\t<\/div>\n\n\t<div class=\"wpb_text_column wpb_content_element\" >\n\t\t<div class=\"wpb_wrapper\">\n\t\t\t<p>\u00c0 cinq kilom\u00e8tres \u00e0 l'ouest de Boukhara, o\u00f9 les champs sont s\u00e9par\u00e9s par des rang\u00e9es de m\u00fbriers, se trouve l'un des sites les plus insolites - la n\u00e9cropole de Chor-Bakr, \u00e9galement appel\u00e9e la ville des morts. Les premi\u00e8res tombes y sont apparues il y a mille ans, quand il y avait une petite colonie de derviches. Mais le magnifique ensemble architectural, aujourd'hui visit\u00e9 par des milliers de p\u00e8lerins, n'a \u00e9t\u00e9 construit qu'au XVIe si\u00e8cle.\n\nAu X si\u00e8cle, lorsque Boukhara \u00e9tait sous la dynastie des Samanides, vivait une vieille famille de Djuybar Seyyids (descendants du proph\u00e8te Mahomet), qui joua un r\u00f4le important dans la vie de la ville. Pendant des si\u00e8cles, les Djuybars ont \u00e9t\u00e9 enterr\u00e9s dans ce cimeti\u00e8re de campagne.<\/p>\n<p>En 1560, le dirigeant de la dynastie Shaybanid, Abdullakhan II, d\u00e9cida de comm\u00e9morer la famille noble et ordonna d'y construire une mosqu\u00e9e, une madrasah et un khanaka. C'\u00e9tait un cadeau \u00e0 son professeur, Djuybar Sheikh Muhammad Islam Khoja, d\u00e9c\u00e9d\u00e9 en 1563. La construction du complexe fut achev\u00e9e la m\u00eame ann\u00e9e.\n\nD\u00e9c\u00e9d\u00e9 en 1593, le fils de Muhammad Islam, Khodja Bakr Sadi, a \u00e9t\u00e9 enterr\u00e9 \u00e0 c\u00f4t\u00e9 de son p\u00e8re. Quelques ann\u00e9es plus tard, d'autres membres de la famille tels qu'Abu Bakr Fazl et Tojidin Khasan y ont \u00e9galement \u00e9t\u00e9 enterr\u00e9s. Ces quatre hommes, qui portaient le titre de \u00abBakr\u00bb, dorment dans une khazira (tombe). \u00abBakr\u00bb est traduit par \u00abfr\u00e8re\u00bb et Chor-Bakr par \u00abquatre fr\u00e8res\u00bb.\n\nKhazira est une sorte de structure fun\u00e9raire, compos\u00e9e d'une cour entour\u00e9e de murs solides, avec une seule entr\u00e9e en forme de porte joliment d\u00e9cor\u00e9e. C'est cette structure de la tombe qui distingue Chor-Bakr des autres s\u00e9pultures religieuses en Ouzb\u00e9kistan, par exemple la n\u00e9cropole de Shakhi-Zinda. L'ensemble du complexe est construit de la m\u00eame mani\u00e8re.<\/p>\n<p>La khazira de Djuybar Seyyids, situ\u00e9e dans la partie nord-ouest du complexe, est accessible par un long couloir o\u00f9 chaque pas se refl\u00e8te sur les murs de briques avec un \u00e9cho retentissant. D'autres khaziras situ\u00e9s dans la partie orientale du complexe se succ\u00e8dent longuement, s'\u00e9tendant du nord au sud, et en face d'eux, derri\u00e8re un petit \u00e9tang, se trouvent les b\u00e2timents d'une mosqu\u00e9e et d'un khanaka. Il est \u00e0 noter qu'au fil du temps, les rituels fun\u00e9raires sont devenus moins stricts et Chor-Bakr est devenu simplement la tombe de la famille Djuybar - tous les membres de la dynastie, y compris les femmes, y ont \u00e9t\u00e9 enterr\u00e9s.\n\nUn petit minaret, qui ressemble au c\u00e9l\u00e8bre Kalyan \u00e0 Boukhara, a \u00e9t\u00e9 rattach\u00e9 au complexe au d\u00e9but du XXe si\u00e8cle, ainsi le territoire de Chor-Bakr accueille d\u00e9sormais 30 structures architecturales. En outre, au nord de la n\u00e9cropole se trouve un grand jardin, am\u00e9nag\u00e9 d\u00e8s le XVIe si\u00e8cle. Il est plant\u00e9 de peupliers, de sycomores, de saules et de nombreux arbres fruitiers.\n\nChor-Bakr est vraiment un lieu insolite et myst\u00e9rieux. En visitant Chor-Bakr, vous ne pouviez pas vous emp\u00eacher de ressentir le souffle du monde des morts, o\u00f9, dans le calme des ruelles, les pens\u00e9es de la fragilit\u00e9 de la vie et de la fugacit\u00e9 de la vie humaine vous viennent sans le vouloir.<\/p>\n\n\t\t<\/div>\n\t<\/div>\n<\/div><\/div><\/div><\/div><div class=\"vc_row wpb_row vc_row-fluid\"><div class=\"wpb_column vc_column_container vc_col-sm-12\"><div class=\"vc_column-inner\"><div class=\"wpb_wrapper\"><\/div><\/div><\/div><\/div>","protected":false},"excerpt":{"rendered":"\u00a0Chor-Bakr Necropolis Necropolis is located in the south-west of the city of Bukhara, in the village of Sumitan. \"Chor-Bakr\" means \"Four Brothers\". Necropolis is a...","protected":false},"author":1,"featured_media":0,"parent":23258,"menu_order":0,"comment_status":"closed","ping_status":"closed","template":"","meta":[],"_links":{"self":[{"href":"https:\/\/sacredeasttravel.com\/fr\/wp-json\/wp\/v2\/pages\/23507"}],"collection":[{"href":"https:\/\/sacredeasttravel.com\/fr\/wp-json\/wp\/v2\/pages"}],"about":[{"href":"https:\/\/sacredeasttravel.com\/fr\/wp-json\/wp\/v2\/types\/page"}],"author":[{"embeddable":true,"href":"https:\/\/sacredeasttravel.com\/fr\/wp-json\/wp\/v2\/users\/1"}],"replies":[{"embeddable":true,"href":"https:\/\/sacredeasttravel.com\/fr\/wp-json\/wp\/v2\/comments?post=23507"}],"version-history":[{"count":0,"href":"https:\/\/sacredeasttravel.com\/fr\/wp-json\/wp\/v2\/pages\/23507\/revisions"}],"up":[{"embeddable":true,"href":"https:\/\/sacredeasttravel.com\/fr\/wp-json\/wp\/v2\/pages\/23258"}],"wp:attachment":[{"href":"https:\/\/sacredeasttravel.com\/fr\/wp-json\/wp\/v2\/media?parent=23507"}],"curies":[{"name":"wp","href":"https:\/\/api.w.org\/{rel}","templated":true}]}}