{"id":23516,"date":"2021-04-19T19:37:11","date_gmt":"2021-04-19T19:37:11","guid":{"rendered":"https:\/\/sacredeasttravel.com\/?page_id=23516"},"modified":"2021-04-19T19:37:11","modified_gmt":"2021-04-19T19:37:11","slug":"buyan-kulikhan-mausoleum","status":"publish","type":"page","link":"https:\/\/sacredeasttravel.com\/fr\/uzbekistan\/bukhara\/buyan-kulikhan-mausoleum\/","title":{"rendered":"Mausol\u00e9e de Bayan Quli Khan"},"content":{"rendered":"<div class=\"vc_row wpb_row vc_row-fluid\"><div class=\"wpb_column vc_column_container vc_col-sm-12\"><div class=\"vc_column-inner\"><div class=\"wpb_wrapper\">\n\t<div  class=\"wpb_single_image wpb_content_element vc_align_left\">\n\t\t\n\t\t<figure class=\"wpb_wrapper vc_figure\">\n\t\t\t<div class=\"vc_single_image-wrapper   vc_box_border_grey\"><img width=\"899\" height=\"600\" src=\"https:\/\/sacredeasttravel.com\/wp-content\/uploads\/2021\/04\/buyan-quli-khan_mausoleum_BIG.jpg\" class=\"vc_single_image-img attachment-full\" alt=\"\" decoding=\"async\" loading=\"lazy\" srcset=\"https:\/\/sacredeasttravel.com\/wp-content\/uploads\/2021\/04\/buyan-quli-khan_mausoleum_BIG.jpg 899w, https:\/\/sacredeasttravel.com\/wp-content\/uploads\/2021\/04\/buyan-quli-khan_mausoleum_BIG-300x200.jpg 300w, https:\/\/sacredeasttravel.com\/wp-content\/uploads\/2021\/04\/buyan-quli-khan_mausoleum_BIG-768x513.jpg 768w, https:\/\/sacredeasttravel.com\/wp-content\/uploads\/2021\/04\/buyan-quli-khan_mausoleum_BIG-600x400.jpg 600w\" sizes=\"(max-width: 899px) 100vw, 899px\" \/><\/div>\n\t\t<\/figure>\n\t<\/div>\n\n\t<div class=\"wpb_text_column wpb_content_element\" >\n\t\t<div class=\"wpb_wrapper\">\n\t\t\t<h2>\u00a0<strong>Mausol\u00e9e de Bayan Quli Khan\u00a0<\/strong><\/h2>\n<hr class=\"divider active horizontal-break small\" \/>\n\n\t\t<\/div>\n\t<\/div>\n\n\t<div class=\"wpb_text_column wpb_content_element\" >\n\t\t<div class=\"wpb_wrapper\">\n\t\t\t<p>L\u2019un des \u00e9l\u00e8ves du cheikh Sayf ad-Din Baharzi \u00e9tait le Gengiside Bayan Quli Khan (mort en 1358). En 1346, le pouvoir dans la partie occidentale de l\u2019Ulus Chagatai mongol, auquel Boukhara appartenait, fut repris par Amir Kazagan.\n\nAmir Kazagan n\u2019appartenait pas au clan Genghisid et r\u00e9gnait au nom de Bayan Quli Khan. Lorsque le pouvoir est pass\u00e9 au fils de Kazagan, Amir Abd-Allah, il a ex\u00e9cut\u00e9 Bayan Quli Khan. Bayan Quli Khan a \u00e9t\u00e9 enterr\u00e9 pr\u00e8s du mausol\u00e9e de Sheikh Sayf ad-Din Baharzi.<br><br>Vers 1358, sous les T\u00e9mourides, le mausol\u00e9e du Khan mongol Bayan Quli Khan (mort en 1358) a \u00e9t\u00e9 construit \u00e0 Boukhara pr\u00e8s de la tombe honoraire du c\u00e9l\u00e8bre savant d\u2019Asie centrale Sheikh Sayf ad-Din Baharzi (mort en 1261). Le mausol\u00e9e se caract\u00e9rise par une riche d\u00e9coration ornementale avec des terres cuites moul\u00e9es sculpt\u00e9es.\n\nCe b\u00e2timent \u00e0 deux chambres se compose de la Ziyarat-khana (salle de p\u00e8lerinage) et de la Gurkhana (salle fun\u00e9raire), avec un \u00e9troit couloir de contournement. La fa\u00e7ade principale, \u00e0 laquelle le portail est d\u00e9di\u00e9, se distingue des autres et recouvre les d\u00f4mes trapus du b\u00e2timent.\n\nSur les fa\u00e7ades du b\u00e2timent et \u00e0 l\u2019int\u00e9rieur de Ziyarat-khana, dominent les terres cuites sculpt\u00e9es (perdues dans de nombreuses r\u00e9gions), faites de grandes dalles et dans le remplissage des voiles par des stalactites \u2013 des blocs entiers.\n\nLes ornements sont domin\u00e9s par des tuiles girih, des imitations sur des dalles de ma\u00e7onnerie, mais surtout par les mailles v\u00e9g\u00e9tales les plus fines et des inscriptions bizarres. La couleur est domin\u00e9e par le bleu clair, qui est compl\u00e9t\u00e9 par le blanc et le bleu.\n\nLe b\u00e2timent situ\u00e9 au-dessus des fun\u00e9railles du cheikh Sayf ad-Din Baharzi (2e moiti\u00e9 du XIVe si\u00e8cle) est adjacent au sous-sol du mausol\u00e9e de Bayan Quli Khan \u00e0 Boukhara. Il est \u00e9galement compos\u00e9 de deux chambres (Gurkhana et Ziyarat-khana), mais sa composition est excellente et sa taille importante.\n\nLes deux salles sont couronn\u00e9es par des d\u00f4mes ovo\u00efdes, domin\u00e9s par le d\u00f4me du Ziyarat-khana. Les fa\u00e7ades lat\u00e9rales sont accentu\u00e9es par des vo\u00fbtes dans des cadres rectangulaires. L\u2019enterrement est marqu\u00e9 par une pierre tombale en majolique \u00e0 trois niveaux.\n\nLe volume prismatique du mausol\u00e9e Bayan Quli Khan \u00e0 Boukhara contient deux pi\u00e8ces : la salle sous coupole \u2013 Ziyarat-khana et la vo\u00fbte fun\u00e9raire sombre derri\u00e8re elle, qui est encercl\u00e9e sur les c\u00f4t\u00e9s des couloirs, comme il \u00e9tait d\u2019usage dans les temples bouddhistes.\n\nLa principale valeur artistique du mausol\u00e9e est la terre cuite moul\u00e9e et les carreaux miniatures avec lesquels il est d\u00e9cor\u00e9 \u00e0 l\u2019int\u00e9rieur et \u00e0 l\u2019ext\u00e9rieur. Un gamma de 11 couleurs est typique de l\u2019\u00e8re pr\u00e9-t\u00e9murde : bleu, noir de mangan\u00e8se, blanc et dans une moindre mesure \u2013 bleu.\n\nLa plate-forme sur laquelle se trouve le mausol\u00e9e est bord\u00e9e d\u2019un motif traditionnel : ma\u00e7onnerie en briques crues avec des inserts d'\u201darcs\u201d \u00e9maill\u00e9s en bleu sur les murs verticaux et sa surface est rev\u00eatue de parquet sous forme d\u2019ondulations hexagonales dans une enceinte rectangulaire. Sa solution architecturale \u00e9tait innovante pour l\u2019\u00e9poque : c\u2019est l\u2019un des premiers exemples de mausol\u00e9e \u00e0 deux chambres.<\/p>\n\n\t\t<\/div>\n\t<\/div>\n<\/div><\/div><\/div><\/div><div class=\"vc_row wpb_row vc_row-fluid\"><div class=\"wpb_column vc_column_container vc_col-sm-12\"><div class=\"vc_column-inner\"><div class=\"wpb_wrapper\"><\/div><\/div><\/div><\/div>","protected":false},"excerpt":{"rendered":"\u00a0Buyan-Kulikhan Mausoleum\u00a0 Mausoleum was built in 1358 for the body of Genghis Khan Buyan-Kuli, the ruler of the Chagatai ulus. The mausoleum of Buyan-Kuli-khan is...","protected":false},"author":1,"featured_media":0,"parent":23258,"menu_order":0,"comment_status":"closed","ping_status":"closed","template":"","meta":[],"_links":{"self":[{"href":"https:\/\/sacredeasttravel.com\/fr\/wp-json\/wp\/v2\/pages\/23516"}],"collection":[{"href":"https:\/\/sacredeasttravel.com\/fr\/wp-json\/wp\/v2\/pages"}],"about":[{"href":"https:\/\/sacredeasttravel.com\/fr\/wp-json\/wp\/v2\/types\/page"}],"author":[{"embeddable":true,"href":"https:\/\/sacredeasttravel.com\/fr\/wp-json\/wp\/v2\/users\/1"}],"replies":[{"embeddable":true,"href":"https:\/\/sacredeasttravel.com\/fr\/wp-json\/wp\/v2\/comments?post=23516"}],"version-history":[{"count":0,"href":"https:\/\/sacredeasttravel.com\/fr\/wp-json\/wp\/v2\/pages\/23516\/revisions"}],"up":[{"embeddable":true,"href":"https:\/\/sacredeasttravel.com\/fr\/wp-json\/wp\/v2\/pages\/23258"}],"wp:attachment":[{"href":"https:\/\/sacredeasttravel.com\/fr\/wp-json\/wp\/v2\/media?parent=23516"}],"curies":[{"name":"wp","href":"https:\/\/api.w.org\/{rel}","templated":true}]}}