{"id":23519,"date":"2021-04-19T19:41:54","date_gmt":"2021-04-19T19:41:54","guid":{"rendered":"https:\/\/sacredeasttravel.com\/?page_id=23519"},"modified":"2021-04-19T19:41:54","modified_gmt":"2021-04-19T19:41:54","slug":"baland-mosque","status":"publish","type":"page","link":"https:\/\/sacredeasttravel.com\/fr\/uzbekistan\/bukhara\/baland-mosque\/","title":{"rendered":"Baland Mosqu\u00e9"},"content":{"rendered":"<div class=\"vc_row wpb_row vc_row-fluid\"><div class=\"wpb_column vc_column_container vc_col-sm-12\"><div class=\"vc_column-inner\"><div class=\"wpb_wrapper\">\n\t<div  class=\"wpb_single_image wpb_content_element vc_align_left\">\n\t\t\n\t\t<figure class=\"wpb_wrapper vc_figure\">\n\t\t\t<div class=\"vc_single_image-wrapper   vc_box_border_grey\"><img width=\"900\" height=\"600\" src=\"https:\/\/sacredeasttravel.com\/wp-content\/uploads\/2021\/04\/Bukhara_Baland_Mosque_2.jpg\" class=\"vc_single_image-img attachment-full\" alt=\"\" decoding=\"async\" loading=\"lazy\" srcset=\"https:\/\/sacredeasttravel.com\/wp-content\/uploads\/2021\/04\/Bukhara_Baland_Mosque_2.jpg 900w, https:\/\/sacredeasttravel.com\/wp-content\/uploads\/2021\/04\/Bukhara_Baland_Mosque_2-300x200.jpg 300w, https:\/\/sacredeasttravel.com\/wp-content\/uploads\/2021\/04\/Bukhara_Baland_Mosque_2-768x512.jpg 768w, https:\/\/sacredeasttravel.com\/wp-content\/uploads\/2021\/04\/Bukhara_Baland_Mosque_2-600x400.jpg 600w\" sizes=\"(max-width: 900px) 100vw, 900px\" \/><\/div>\n\t\t<\/figure>\n\t<\/div>\n\n\t<div class=\"wpb_text_column wpb_content_element\" >\n\t\t<div class=\"wpb_wrapper\">\n\t\t\t<h2><strong>Baland Mosqu\u00e9<\/strong><\/h2>\n<hr class=\"divider active horizontal-break small\" \/>\n\n\t\t<\/div>\n\t<\/div>\n\n\t<div class=\"wpb_text_column wpb_content_element\" >\n\t\t<div class=\"wpb_wrapper\">\n\t\t\t<p>La mosqu\u00e9e de Baland est une manifestation typique de l\u2019innovation dans l\u2019architecture \u00e0 Boukhara \u00e0 la fin de l\u2019\u00e8re Navoi et dans les premi\u00e8res d\u00e9cennies du khanat ouzbek. Le nom de la mosqu\u00e9e Baland doit sa renomm\u00e9e \u00e0 son emplacement sur la haute fondation de pierre.\n\nAu sud du parc de la ville et de la Kosh Medrese, dans la profondeur des b\u00e2timents r\u00e9sidentiels de Boukhara, se trouve une mosqu\u00e9e historique appel\u00e9e Baland (\u201cHaute\u201d). Cette mosqu\u00e9e du riche quartier de Boukhara a plus de cinq cents ans.<br><br>La partie la plus ancienne est un b\u00e2timent d\u2019hiver rectangulaire. Il est entour\u00e9 d\u2019un aivan \u00e0 piliers en forme de L, qui sert de mosqu\u00e9e d\u2019\u00e9t\u00e9. Les colonnes en bois avec des chapiteaux \u00e0 stalactites sur des bases en marbre et un plafond en aivan ont \u00e9t\u00e9 r\u00e9alis\u00e9es au XIXe si\u00e8cle, rempla\u00e7ant les structures pr\u00e9c\u00e9dentes.\n\nLe plafond suspendu de la mosqu\u00e9e de Baland est unique, d\u00e9cor\u00e9 d\u2019ornements g\u00e9om\u00e9triques et de d\u00f4mes sculpt\u00e9s dans le bois. Le petit hall int\u00e9rieur de la structure poss\u00e8de un mihrab richement d\u00e9cor\u00e9 et une chaire en bois \u2013 minbar. Le mihrab et les panneaux muraux sont recouverts de mosa\u00efque Kashin sculpt\u00e9e dans des teintes bleu-vert.\n\nLes murs de la mosqu\u00e9e sont recouverts de peinture polychrome en technique kundal avec une dorure abondante. En raison de l\u2019ornementation florale et v\u00e9g\u00e9tale, cette peinture donne l\u2019impression de \u201ctapis\u201d muraux.\n\nUne atmosph\u00e8re spirituelle particuli\u00e8re est cr\u00e9\u00e9e par les inscriptions arabes en \u00e9criture S\u00fcl\u00fcs compliqu\u00e9e.\n\nLe volume cubique avec plafond suspendu plat et Aivan sur les colonnes en bois sculpt\u00e9 est un exemple typique des mosqu\u00e9es Guzar du quartier. La splendeur color\u00e9e de la mosqu\u00e9e est concentr\u00e9e dans son int\u00e9rieur, dans la d\u00e9coration du plafond et des murs.\n\nLa pr\u00e9dominance des surfaces est compens\u00e9e ici par les proportions classiques des pi\u00e8ces : un panneau, au-dessus de celui-ci des grands et des petits panneaux, puis une frise. Le panneau de la mosqu\u00e9e de Baland est constitu\u00e9 d\u2019une s\u00e9rie de cadres rectangulaires, chacun rempli d\u2019un motif de mosa\u00efque.\n\nLa partie centrale du mur est d\u00e9cor\u00e9e d\u2019un panneau en forme de lancette rempli d\u2019un motif floral, puis d\u2019un \u00e9troit panneau d\u2019inscription au-dessus du cadre, puis d\u2019un cordon moul\u00e9 au-dessus du cadre \u2013 ils alternent les uns avec les autres et varient en forme et en motif.\n\nLe plafond est en bois, finement sculpt\u00e9, avec un \u00e9videment en pierre au centre de la figure en forme d\u2019\u00e9toile. Les carreaux hexagonaux des panneaux sont orn\u00e9s d\u2019une peinture d\u00e9corative en or.\n\nDans la mosqu\u00e9e de Baland, les moyens de d\u00e9coration picturale des murs sont d\u00e9velopp\u00e9s avec un extraordinaire brio \u00e0 Boukhara.\n\nIl n\u2019est pas surprenant que dans l\u2019architecture des temps plus r\u00e9cents, les architectes se soient tourn\u00e9s \u00e0 plusieurs reprises vers l\u2019int\u00e9rieur de la mosqu\u00e9e comme mod\u00e8le et digne exemple.<\/p>\n\n\t\t<\/div>\n\t<\/div>\n<\/div><\/div><\/div><\/div><div class=\"vc_row wpb_row vc_row-fluid\"><div class=\"wpb_column vc_column_container vc_col-sm-12\"><div class=\"vc_column-inner\"><div class=\"wpb_wrapper\"><\/div><\/div><\/div><\/div>","protected":false},"excerpt":{"rendered":"Baland Mosque The Baland mosque in translation means \"high\". Its name is due to the position on a high stone foundation. This is a typical...","protected":false},"author":1,"featured_media":0,"parent":23258,"menu_order":0,"comment_status":"closed","ping_status":"closed","template":"","meta":[],"_links":{"self":[{"href":"https:\/\/sacredeasttravel.com\/fr\/wp-json\/wp\/v2\/pages\/23519"}],"collection":[{"href":"https:\/\/sacredeasttravel.com\/fr\/wp-json\/wp\/v2\/pages"}],"about":[{"href":"https:\/\/sacredeasttravel.com\/fr\/wp-json\/wp\/v2\/types\/page"}],"author":[{"embeddable":true,"href":"https:\/\/sacredeasttravel.com\/fr\/wp-json\/wp\/v2\/users\/1"}],"replies":[{"embeddable":true,"href":"https:\/\/sacredeasttravel.com\/fr\/wp-json\/wp\/v2\/comments?post=23519"}],"version-history":[{"count":0,"href":"https:\/\/sacredeasttravel.com\/fr\/wp-json\/wp\/v2\/pages\/23519\/revisions"}],"up":[{"embeddable":true,"href":"https:\/\/sacredeasttravel.com\/fr\/wp-json\/wp\/v2\/pages\/23258"}],"wp:attachment":[{"href":"https:\/\/sacredeasttravel.com\/fr\/wp-json\/wp\/v2\/media?parent=23519"}],"curies":[{"name":"wp","href":"https:\/\/api.w.org\/{rel}","templated":true}]}}