{"id":23532,"date":"2021-04-19T20:03:01","date_gmt":"2021-04-19T20:03:01","guid":{"rendered":"https:\/\/sacredeasttravel.com\/?page_id=23532"},"modified":"2021-04-19T20:03:01","modified_gmt":"2021-04-19T20:03:01","slug":"house-museum-of-fayzulla-khodjaev","status":"publish","type":"page","link":"https:\/\/sacredeasttravel.com\/fr\/uzbekistan\/bukhara\/house-museum-of-fayzulla-khodjaev\/","title":{"rendered":"Mus\u00e9e Fayzulla Khodjaev"},"content":{"rendered":"<div class=\"vc_row wpb_row vc_row-fluid\"><div class=\"wpb_column vc_column_container vc_col-sm-12\"><div class=\"vc_column-inner\"><div class=\"wpb_wrapper\">\n\t<div  class=\"wpb_single_image wpb_content_element vc_align_left\">\n\t\t\n\t\t<figure class=\"wpb_wrapper vc_figure\">\n\t\t\t<div class=\"vc_single_image-wrapper   vc_box_border_grey\"><img width=\"900\" height=\"600\" src=\"https:\/\/sacredeasttravel.com\/wp-content\/uploads\/2021\/04\/Fayzullo_Xojayev_house-museum.jpg\" class=\"vc_single_image-img attachment-full\" alt=\"\" decoding=\"async\" loading=\"lazy\" srcset=\"https:\/\/sacredeasttravel.com\/wp-content\/uploads\/2021\/04\/Fayzullo_Xojayev_house-museum.jpg 900w, https:\/\/sacredeasttravel.com\/wp-content\/uploads\/2021\/04\/Fayzullo_Xojayev_house-museum-300x200.jpg 300w, https:\/\/sacredeasttravel.com\/wp-content\/uploads\/2021\/04\/Fayzullo_Xojayev_house-museum-768x512.jpg 768w, https:\/\/sacredeasttravel.com\/wp-content\/uploads\/2021\/04\/Fayzullo_Xojayev_house-museum-600x400.jpg 600w\" sizes=\"(max-width: 900px) 100vw, 900px\" \/><\/div>\n\t\t<\/figure>\n\t<\/div>\n\n\t<div class=\"wpb_text_column wpb_content_element\" >\n\t\t<div class=\"wpb_wrapper\">\n\t\t\t<h2><strong>\u00a0Mus\u00e9e Fayzulla Khodjaev<\/strong><\/h2>\n<hr class=\"divider active horizontal-break small\" \/>\n\n\t\t<\/div>\n\t<\/div>\n\n\t<div class=\"wpb_text_column wpb_content_element\" >\n\t\t<div class=\"wpb_wrapper\">\n\t\t\t<p>Le mus\u00e9e Fayzulla Khodjaev \u00e9tait l'une des personnalit\u00e9s les plus marquantes de l'ar\u00e8ne politique de Boukhara au d\u00e9but du XXe si\u00e8cle. Un des dirigeants des Jeunes Bukhariens-Jadids, une personnalit\u00e9 politique, un m\u00e9c\u00e8ne de l'art, un combattant pour l'\u00e9galit\u00e9 des droits et la d\u00e9mocratie, il \u00e9tait en 20.<br><br>\n\nFayzulla Khodjaev est n\u00e9 dans la famille d'un riche commer\u00e7ant Ubaydullokhoja. Son p\u00e8re a essay\u00e9 de lui donner une \u00e9ducation la\u00efque, alors Fayzulla Khodjaev a \u00e9tudi\u00e9 en Russie pendant longtemps. \u00c0 son retour \u00e0 la maison \u00e0 Boukhara en 1913, il a rejoint Boukharan Jadids. En 1916 -1920, il fut l'un des dirigeants du Young Bukharan Party (Jadids) qui se heurta \u00e0 l'activit\u00e9 d\u00e9shumaniste de l'\u00e9mir de Boukhara. Fayzulla Khodjaev et son ami proche et fr\u00e8re d'armes \u00e9crivain A.Fitrat ont organis\u00e9 une manifestation appelant \u00e0 l'adoption de la constitution et des r\u00e9formes visant \u00e0 am\u00e9liorer la vie des habitants de l'\u00e9mirat de Boukhara. La manifestation a \u00e9t\u00e9 interrompue, les jeunes Boukhariens ont d\u00fb fuir. Lorsque l'Asie centrale est entr\u00e9e en URSS, Fayzulla Khodjaev a particip\u00e9 \u00e0 l'administration r\u00e9gionale mais a \u00e9t\u00e9 ex\u00e9cut\u00e9 en 1937-1938 au cours de r\u00e9pressions massives.<br><br>\n\nLes habitants de Boukhara honorent toujours la m\u00e9moire de Fayzulla Khodjaev. Le fait que sa maison familiale soit devenue le mus\u00e9e du nom de Fayzulla Khodjaev en est une autre preuve. La maison est situ\u00e9e dans le c\u00e9l\u00e8bre quartier de Boukhara, Goziyon. Les repr\u00e9sentants de la noblesse de la cour, les riches marchands et les commer\u00e7ants y vivaient indig\u00e8nes. Ubaydullokhoja, le p\u00e8re de Fayzulla Khojaev, a construit un certain nombre de maisons dans ce bloc \u00e0 la fin des ann\u00e9es 1980. Il a impliqu\u00e9 les architectes les plus c\u00e9l\u00e8bres de Boukhara qui ont transform\u00e9 la maison en un mod\u00e8le d'architecture r\u00e9sidentielle \u00e0 Boukhara.<br><br>\n\nLe mus\u00e9e Fayzulla Khojaev se distingue par son int\u00e9rieur luxueux et raffin\u00e9. Toutes les chambres sont habilement d\u00e9cor\u00e9es avec des sculptures sur bois et un ganch. Toute la vaisselle qui appartenait autrefois \u00e0 la famille de Khojaev est rest\u00e9e jusqu'\u00e0 nos jours.\n\nComme toutes les riches maisons de Boukhara, la maison Fayzulla Khojaev a havli darun, c'est-\u00e0-dire un bailey interne, et havli berun, cour ext\u00e9rieure. Dans les \u00c9tats musulmans, havli darun \u00e9tait une partie f\u00e9minine typique de la maison, tandis que havli berun \u00e9tait une zone masculine. La maison avait \u00e9galement des \u00e9curies, des jardins et des locaux m\u00e9nagers.<br><br>\n\nA noter, la maison dispose d'un r\u00e9seau de tunnels souterrains, leur d\u00e9signation est encore inconnue. Peut-\u00eatre qu'ils ont \u00e9t\u00e9 construits par Ubaydullokhoja pour se cacher du m\u00e9contentement de Khan en cas de danger, ou peut-\u00eatre qu'ils ont une histoire beaucoup plus ancienne derri\u00e8re eux et ont exist\u00e9 bien avant la construction de la maison.\n\nAujourd'hui, le mus\u00e9e Fayzulla Khodjaev est ouvert \u00e0 la visite. Il a un certain nombre d'ensembles de vaisselle, de meubles orientaux et d'autres attributs de la vie des Boukhariens au 19\u00e8me si\u00e8cle. Les visiteurs du mus\u00e9e peuvent \u00e9galement apprendre la biographie de Fayzulla Khodjaev et son activit\u00e9 jusqu'\u00e0 sa mort en 1938.<\/p>\n\n\t\t<\/div>\n\t<\/div>\n<\/div><\/div><\/div><\/div><div class=\"vc_row wpb_row vc_row-fluid\"><div class=\"wpb_column vc_column_container vc_col-sm-12\"><div class=\"vc_column-inner\"><div class=\"wpb_wrapper\"><\/div><\/div><\/div><\/div>","protected":false},"excerpt":{"rendered":"\u00a0House-museum of Fayzulla Khodjaev Fayzulla Khodjaev was born in 1896 in Bukhara, in the family of a merchant. (1896-1938) is a Soviet party and statesman....","protected":false},"author":1,"featured_media":0,"parent":23258,"menu_order":0,"comment_status":"closed","ping_status":"closed","template":"","meta":[],"_links":{"self":[{"href":"https:\/\/sacredeasttravel.com\/fr\/wp-json\/wp\/v2\/pages\/23532"}],"collection":[{"href":"https:\/\/sacredeasttravel.com\/fr\/wp-json\/wp\/v2\/pages"}],"about":[{"href":"https:\/\/sacredeasttravel.com\/fr\/wp-json\/wp\/v2\/types\/page"}],"author":[{"embeddable":true,"href":"https:\/\/sacredeasttravel.com\/fr\/wp-json\/wp\/v2\/users\/1"}],"replies":[{"embeddable":true,"href":"https:\/\/sacredeasttravel.com\/fr\/wp-json\/wp\/v2\/comments?post=23532"}],"version-history":[{"count":0,"href":"https:\/\/sacredeasttravel.com\/fr\/wp-json\/wp\/v2\/pages\/23532\/revisions"}],"up":[{"embeddable":true,"href":"https:\/\/sacredeasttravel.com\/fr\/wp-json\/wp\/v2\/pages\/23258"}],"wp:attachment":[{"href":"https:\/\/sacredeasttravel.com\/fr\/wp-json\/wp\/v2\/media?parent=23532"}],"curies":[{"name":"wp","href":"https:\/\/api.w.org\/{rel}","templated":true}]}}