{"id":23535,"date":"2021-04-19T20:06:34","date_gmt":"2021-04-19T20:06:34","guid":{"rendered":"https:\/\/sacredeasttravel.com\/?page_id=23535"},"modified":"2021-04-19T20:06:34","modified_gmt":"2021-04-19T20:06:34","slug":"paykent","status":"publish","type":"page","link":"https:\/\/sacredeasttravel.com\/fr\/uzbekistan\/bukhara\/paykent\/","title":{"rendered":"La Colonie Poykend"},"content":{"rendered":"<div class=\"vc_row wpb_row vc_row-fluid\"><div class=\"wpb_column vc_column_container vc_col-sm-12\"><div class=\"vc_column-inner\"><div class=\"wpb_wrapper\">\n\t<div  class=\"wpb_single_image wpb_content_element vc_align_left\">\n\t\t\n\t\t<figure class=\"wpb_wrapper vc_figure\">\n\t\t\t<div class=\"vc_single_image-wrapper   vc_box_border_grey\"><img width=\"900\" height=\"600\" src=\"https:\/\/sacredeasttravel.com\/wp-content\/uploads\/2021\/04\/001.jpg\" class=\"vc_single_image-img attachment-full\" alt=\"\" decoding=\"async\" loading=\"lazy\" srcset=\"https:\/\/sacredeasttravel.com\/wp-content\/uploads\/2021\/04\/001.jpg 900w, https:\/\/sacredeasttravel.com\/wp-content\/uploads\/2021\/04\/001-300x200.jpg 300w, https:\/\/sacredeasttravel.com\/wp-content\/uploads\/2021\/04\/001-768x512.jpg 768w, https:\/\/sacredeasttravel.com\/wp-content\/uploads\/2021\/04\/001-600x400.jpg 600w\" sizes=\"(max-width: 900px) 100vw, 900px\" \/><\/div>\n\t\t<\/figure>\n\t<\/div>\n\n\t<div class=\"wpb_text_column wpb_content_element\" >\n\t\t<div class=\"wpb_wrapper\">\n\t\t\t<h2>\u00a0<strong>La Colonie Poykend<\/strong><\/h2>\n<hr class=\"divider active horizontal-break small\" \/>\n\n\t\t<\/div>\n\t<\/div>\n\n\t<div class=\"wpb_text_column wpb_content_element\" >\n\t\t<div class=\"wpb_wrapper\">\n\t\t\t<p>\u00c0 60 km au sud-ouest de Boukhara se trouve la colonie ancienne appel\u00e9e Poykend, d\u2019une superficie d\u2019environ 20 hectares. Jusqu\u2019au milieu du 11e si\u00e8cle, il y avait une grande ville commerciale, Poykend ou ville basse.\n\nLe nom est li\u00e9 \u00e0 la situation de la ville dans la partie inf\u00e9rieure du Zeravshan, \u00e0 la fronti\u00e8re occidentale de Sogd. Au V-VIIIe si\u00e8cle, la colonie de Poykend \u00e9tait la ville la plus riche de Boukhara. Au V\u00e8me si\u00e8cle, Poykend \u00e9tait l\u2019un des principaux centres commerciaux de la Grande Route de la Soie avec Samarkand.<br><br>Chaque ann\u00e9e, pendant six mois, au printemps, la quasi-totalit\u00e9 de la population masculine de la ville part avec l\u2019immense caravane pour les fronti\u00e8res de la Chine. Une des guerres sanglantes des khans turcs et des shahs de Perse s\u2019est termin\u00e9e en paix \u00e0 la fin du VIe si\u00e8cle avec le si\u00e8ge de Poykend par le commandant persan Bahram Chubin.\n\nLa colonie Poykend, avec Boukhara, a \u00e9t\u00e9 soumise aux Arabes dans les premi\u00e8res d\u00e9cennies du VIIIe si\u00e8cle. Si\u00e8cle soumis aux Arabes.\n\nLes Arabes ont d\u00e9truit une ville apr\u00e8s s\u2019\u00eatre empar\u00e9s d\u2019immenses richesses et avoir captur\u00e9 les habitants. Les statues en or et en argent des idoles pa\u00efennes du village de Poykend ont \u00e9t\u00e9 fondues en lingots et envoy\u00e9es \u00e0 la cour du Khalif.\n\nDes marchands revenant de Chine en caravane ont ran\u00e7onn\u00e9 une partie des habitants et ont reconstruit la ville. Le centre ville de Poykend \u00e9tait une citadelle de 90 x 90 m, les premiers \u00e9tablissements sur son territoire sont apparus avant l\u2019\u00e8re.\n\nAu d\u00e9but du Moyen \u00c2ge, il y avait ici un palais du souverain, ainsi que des temples et des b\u00e2timents administratifs. Deux shahristans jouxtent la citadelle : le premier, d\u2019une superficie de 12 hectares, \u00e9tait habit\u00e9 par les Ephtalites, et le second, d\u2019une superficie de 7 hectares, a \u00e9t\u00e9 construit au d\u00e9but du VIe si\u00e8cle.\n\nLe Poykend m\u00e9di\u00e9val, y compris les deux shahristans, \u00e9tait entour\u00e9 de murs de forteresse avec des tours tous les 60 m\u00e8tres. Au nord de la colonie se trouvait une n\u00e9cropole avec des s\u00e9pultures zoroastriennes.\n\nSous le r\u00e8gne des Samanides, la ville a retrouv\u00e9 sa position de centre commercial et artisanal majeur, concurren\u00e7ant Boukhara. Des dizaines de nouveaux caravans\u00e9rails ont vu le jour autour d\u2019elle. Sur la citadelle de la ville ont \u00e9t\u00e9 trouv\u00e9s les vestiges de la mosqu\u00e9e Juma du XIe si\u00e8cle et son minaret, \u00e0 en juger par sa base, d\u00e9passait la taille du minaret de Kalon \u00e0 Boukhara.\n\nEn raison de l\u2019approfondissement du Zeravshan, Poykend a \u00e9t\u00e9 priv\u00e9 d\u2019eau au XIe si\u00e8cle et est tomb\u00e9 en ruine. La ville a \u00e9t\u00e9 engloutie par le d\u00e9sert pendant des milliers d\u2019ann\u00e9es, ce qui l\u2019a pr\u00e9serv\u00e9e jusqu\u2019\u00e0 nos jours.\n\nAu XXe si\u00e8cle, Poykend, red\u00e9couvert par les arch\u00e9ologues, a re\u00e7u le nom de \u201cPomp\u00e9e d\u2019Asie\u201d.\n\nAinsi, Muhammad Narshakhi d\u00e9crit la fondation de Poykend dans son ouvrage \u201cTarikhi Bukhara\u201d (10\u00e8me si\u00e8cle) :\n\nLes Turkestans de la r\u00e9gion du sud du Kazakhstan, pr\u00e8s de Boukhara, ont fond\u00e9 une ville et l\u2019ont appel\u00e9e Poykend, la ville riche. \u201cLes gens qui sont venus du Turkestan se sont install\u00e9s ici parce que cette r\u00e9gion avait beaucoup d\u2019eau et d\u2019arbres, il y avait de beaux endroits pour chasser ; tout cela a beaucoup plu aux colons.<br><br>\n\nAu d\u00e9but, ils vivaient dans des yourtes et des tentes, mais ensuite de plus en plus de gens sont venus ici et les colons ont commenc\u00e9 \u00e0 construire des b\u00e2timents. Beaucoup de gens se sont r\u00e9unis et ont choisi un membre de leur milieu pour en faire l\u2019\u00e9mir. Il s\u2019appelait Abruy.\n\nLa ville elle-m\u00eame n\u2019existait pas encore, mais il y avait d\u00e9j\u00e0 quelques villages, comme par exemple : Nur, Harkan-Rud, Vardana, Taravja, Safna et Isvana. Le grand village o\u00f9 vivait le roi lui-m\u00eame s\u2019appelait Poykend et la ville s\u2019appelait Kala-i-Dabusi.<br><br>\n\nAu bout d\u2019un certain temps, le pouvoir d\u2019Abruya s\u2019est accru et il a commenc\u00e9 \u00e0 gouverner la r\u00e9gion de mani\u00e8re brutale, de sorte que la patience des habitants \u00e9tait \u00e9puis\u00e9e. Les paysans et les riches marchands quitt\u00e8rent cette r\u00e9gion pour le Turkestan et Taraz, o\u00f9 ils construisirent une ville qu\u2019ils appel\u00e8rent Khamukat, pour les grands paysans qui \u00e9taient \u00e0 la t\u00eate des colons appel\u00e9s Khamuk, qui dans la langue de Boukhara signifie perles et Kat signifie une ville ; ce nom signifiait donc \u201cville de Khamuk\u201d.\n\nEn g\u00e9n\u00e9ral, les habitants de Boukhara appellent les nobles \u201cKhamuk\u201d. Ceux qui sont rest\u00e9s \u00e0 Boukhara ont envoy\u00e9 des ambassadeurs \u00e0 leurs nobles et ont demand\u00e9 \u00e0 les prot\u00e9ger contre la violence des Abruyas. Les nobles et les paysans demand\u00e8rent de l\u2019aide au souverain des Turcs nomm\u00e9 Kara-Jurin-Turk, que le peuple appela Biyagu en raison de sa grandeur.<br><br>\n\nBiyagu a imm\u00e9diatement envoy\u00e9 son fils Shiri-Kishwar avec une grande arm\u00e9e. Il est arriv\u00e9 \u00e0 Boukhara, s\u2019est empar\u00e9 des Abruyas \u00e0 Poykend et a ordonn\u00e9 de remplir un grand sac d\u2019abeilles rouges et de faire tomber les Abruyas dedans, d\u2019o\u00f9 il est mort.\n\nShiri-Kishwar aimait beaucoup la terre qu\u2019il avait conquise, et il envoya une lettre \u00e0 son p\u00e8re lui demandant de le nommer chef de cette r\u00e9gion et de lui permettre de s\u2019installer \u00e0 Boukhara. Il a rapidement re\u00e7u la r\u00e9ponse que Biyagu lui laissait cette province.\n\nShiri-Kishwar a envoy\u00e9 un ambassadeur \u00e0 Khamukat pour le persuader de ramener chez eux tous ceux qui avaient fui Boukhara avec leur famille. Il a \u00e9crit une lettre promettant que tous ceux qui \u00e9taient revenus \u00e0 Boukhara depuis Khamukat \u00e0 son invitation deviendraient ses voisins.<br><br>\n\nCette promesse a \u00e9t\u00e9 caus\u00e9e par le fait que tous les riches et les nobles ont \u00e9t\u00e9 expuls\u00e9s et que les pauvres et la classe inf\u00e9rieure sont rest\u00e9s \u00e0 Boukhara\u2026\u201d.<\/p>\n\n\t\t<\/div>\n\t<\/div>\n<\/div><\/div><\/div><\/div><div class=\"vc_row wpb_row vc_row-fluid\"><div class=\"wpb_column vc_column_container vc_col-sm-12\"><div class=\"vc_column-inner\"><div class=\"wpb_wrapper\"><\/div><\/div><\/div><\/div>","protected":false},"excerpt":{"rendered":"\u00a0Paykent One of most ancient Bukhara oasis centers is Paykent town, situated in Zarafshan's lower reach, which appears in the end of the 2nd to...","protected":false},"author":1,"featured_media":0,"parent":23258,"menu_order":0,"comment_status":"closed","ping_status":"closed","template":"","meta":[],"_links":{"self":[{"href":"https:\/\/sacredeasttravel.com\/fr\/wp-json\/wp\/v2\/pages\/23535"}],"collection":[{"href":"https:\/\/sacredeasttravel.com\/fr\/wp-json\/wp\/v2\/pages"}],"about":[{"href":"https:\/\/sacredeasttravel.com\/fr\/wp-json\/wp\/v2\/types\/page"}],"author":[{"embeddable":true,"href":"https:\/\/sacredeasttravel.com\/fr\/wp-json\/wp\/v2\/users\/1"}],"replies":[{"embeddable":true,"href":"https:\/\/sacredeasttravel.com\/fr\/wp-json\/wp\/v2\/comments?post=23535"}],"version-history":[{"count":0,"href":"https:\/\/sacredeasttravel.com\/fr\/wp-json\/wp\/v2\/pages\/23535\/revisions"}],"up":[{"embeddable":true,"href":"https:\/\/sacredeasttravel.com\/fr\/wp-json\/wp\/v2\/pages\/23258"}],"wp:attachment":[{"href":"https:\/\/sacredeasttravel.com\/fr\/wp-json\/wp\/v2\/media?parent=23535"}],"curies":[{"name":"wp","href":"https:\/\/api.w.org\/{rel}","templated":true}]}}