{"id":23599,"date":"2021-04-20T09:15:17","date_gmt":"2021-04-20T09:15:17","guid":{"rendered":"https:\/\/sacredeasttravel.com\/?page_id=23599"},"modified":"2021-04-20T09:15:17","modified_gmt":"2021-04-20T09:15:17","slug":"gur-emir-mausoleum","status":"publish","type":"page","link":"https:\/\/sacredeasttravel.com\/fr\/uzbekistan\/samarkand\/gur-emir-mausoleum\/","title":{"rendered":"Mausol\u00e9e Gour-Emir"},"content":{"rendered":"<div class=\"vc_row wpb_row vc_row-fluid\"><div class=\"wpb_column vc_column_container vc_col-sm-12\"><div class=\"vc_column-inner\"><div class=\"wpb_wrapper\">\n\t<div  class=\"wpb_single_image wpb_content_element vc_align_left\">\n\t\t\n\t\t<figure class=\"wpb_wrapper vc_figure\">\n\t\t\t<div class=\"vc_single_image-wrapper   vc_box_border_grey\"><img width=\"900\" height=\"600\" src=\"https:\/\/sacredeasttravel.com\/wp-content\/uploads\/2021\/04\/ShrineofAmirTimur.jpg\" class=\"vc_single_image-img attachment-full\" alt=\"\" decoding=\"async\" loading=\"lazy\" srcset=\"https:\/\/sacredeasttravel.com\/wp-content\/uploads\/2021\/04\/ShrineofAmirTimur.jpg 900w, https:\/\/sacredeasttravel.com\/wp-content\/uploads\/2021\/04\/ShrineofAmirTimur-300x200.jpg 300w, https:\/\/sacredeasttravel.com\/wp-content\/uploads\/2021\/04\/ShrineofAmirTimur-768x512.jpg 768w, https:\/\/sacredeasttravel.com\/wp-content\/uploads\/2021\/04\/ShrineofAmirTimur-16x12.jpg 16w, https:\/\/sacredeasttravel.com\/wp-content\/uploads\/2021\/04\/ShrineofAmirTimur-600x400.jpg 600w\" sizes=\"(max-width: 900px) 100vw, 900px\" \/><\/div>\n\t\t<\/figure>\n\t<\/div>\n\n\t<div class=\"wpb_text_column wpb_content_element\" >\n\t\t<div class=\"wpb_wrapper\">\n\t\t\t<h2><strong>Mausol\u00e9e Gour-Emir<\/strong><\/h2>\n<hr class=\"divider active horizontal-break small\" \/>\n\n\t\t<\/div>\n\t<\/div>\n\n\t<div class=\"wpb_text_column wpb_content_element\" >\n\t\t<div class=\"wpb_wrapper\">\n\t\t\t<p>L'un des ensembles architecturaux les plus importants de l'Orient m\u00e9di\u00e9val - le Gour Emir a \u00e9t\u00e9 construit dans la partie sud-ouest de Samarkand au d\u00e9but du XVe si\u00e8cle. Ce complexe majestueux se composait d'un khanaka, la madrasah de Muhammad Sultan - petit-fils d'Amir Timur, et, plus tard, des tombes d'Amir Timur lui-m\u00eame et de ses descendants.\n\nLa madrasah, un petit b\u00e2timent avec une composition de cour typique, \u00e9tait destin\u00e9e \u00e0 enseigner aux enfants la noblesse de Samarkand. En face de la madrasa se trouvait un khanaka avec une salle centrale et des cellules - hudjras. Les deux b\u00e2timents ont \u00e9t\u00e9 \u00e9rig\u00e9s par l'ordre de Mukhammad Sultan pour devenir un centre d'\u00e9ducation islamique. Mais la mort subite de Muhammad en 1403 a conduit \u00e0 un changement dans l'utilisation pr\u00e9vue du complexe.\n\nApr\u00e8s la mort de Muhammad Sultan, Amir Timur \u00e9tait inconsolable: il a ordonn\u00e9 de mettre temporairement les restes de son petit-fils bien-aim\u00e9 dans la pi\u00e8ce d'angle d'une madrasah - darskhana, et a imm\u00e9diatement commenc\u00e9 la construction du mausol\u00e9e qui a ferm\u00e9 l'ensemble du sud.<\/p>\n<p>La cour complexe \u00e9tait d\u00e9cor\u00e9e d'un seul mur d\u00e9coratif avec quatre minarets situ\u00e9s \u00e0 ses coins, tandis que du nord, elle \u00e9tait d\u00e9cor\u00e9e d'un magnifique portail d'entr\u00e9e contenant un nom de l'architecture - Muhammad ibn Mahmud Isfahani.\n\nCependant, Tamerlan n'a pas v\u00e9cu pour voir le mausol\u00e9e termin\u00e9, il est mort en hiver 1405. La construction a \u00e9t\u00e9 achev\u00e9e par un autre petit-fils de Tamerlan - Ulugbek. Bien qu'Amir Timur ait d\u00e9j\u00e0 pr\u00e9par\u00e9 un mausol\u00e9e pour lui-m\u00eame dans son Shakhrisabz natal, c'est Gur Emir qui est devenu sa tombe et le lieu de s\u00e9pulture de ses descendants. L\u00e0 reposent ses deux fils - Shahrukh et Miranshah, petits-fils bien-aim\u00e9s - Muhammad Sultan et Ulugbek ainsi que le mentor spirituel de Timur - Mir Said Baraka.\n\nAujourd'hui, les lieux de s\u00e9pulture du mausol\u00e9e Gur Emir sont marqu\u00e9s de pierres tombales. La pierre tombale de Timur, faite d'un seul morceau de jade, est situ\u00e9e au centre de la tombe. Les s\u00e9pultures elles-m\u00eames sont situ\u00e9es en contrebas, dans le sous-sol du mausol\u00e9e. Les tombes sont situ\u00e9es exactement de la m\u00eame mani\u00e8re que les pierres tombales dans le hall \u00e0 l'\u00e9tage. Les tombes timurides n'ont \u00e9t\u00e9 ouvertes qu'une seule fois en 1941, cet \u00e9v\u00e9nement a g\u00e9n\u00e9r\u00e9 une l\u00e9gende c\u00e9l\u00e8bre.<\/p>\n<p>Le mausol\u00e9e est un bel exemple de l'artisanat architectural m\u00e9di\u00e9val. Les contemporains admirent encore l'harmonie de ses proportions. Le d\u00f4me nervur\u00e9 et les murs de la vo\u00fbte sont enti\u00e8rement recouverts d'une mosa\u00efque de briques \u00e9maill\u00e9es bleu clair et bleu fonc\u00e9, de dorures et de peintures. Les rosaces en relief sur le d\u00f4me imitent un ciel \u00e9toil\u00e9. L'int\u00e9rieur est enrichi de grilles d'entrelacs de barres dans les fen\u00eatres, de panneaux de marbre et d'onyx recouverts de peintures, sculpt\u00e9s et incrust\u00e9s de pierres semi-pr\u00e9cieuses.<\/p>\n<p>Par la suite, Gur Emir \u00e9tait un prototype pour des \u00e9chantillons c\u00e9l\u00e8bres de l'architecture du Grand Moghol: le mausol\u00e9e Humayun \u00e0 Delhi et le Taj Mahal \u00e0 Agra, construit par des descendants de Timur, qui dirigeaient le nord de l'Inde.<\/p>\n<p>Aujourd'hui, le mausol\u00e9e de Gour Emir et son portail d'entr\u00e9e sont r\u00e9nov\u00e9s par les restaurateurs, mais les khanaka et les madrasahs, malheureusement, ne sont que des ruines.<\/p>\n<p>In 1967, large-scale works were begun to restore the complex.<\/p>\n<p>In 1996, by the 660th anniversary of Tamerlane, two minarets were reconstructed from photographs and dimensional drawings made in the 19th century.<\/p>\n<p>Outwardly Gur-Amir is a single-domed building with a crypt. It stands out for its simplicity and solemn monumental architecture. The huge ribbed dome dominates (the diameter of the dome is 15 meters, height 12.5 meters), slightly overhanging the cylindrical drum. The lower part of the building represents an octahedron, which is almost hidden by many later additions. To the north is a small portal. The dome and the drum account for more than half of the total height of the building. The dome is covered with a pattern of blue and blue tiles, which also distinguishes its ribbed form. On the drum there are inscriptions containing praises to Allah. The walls of the octahedron are also decorated with white and turquoise tiles on the background of unglazed brick. Inside at the bottom, the walls are decorated with a marble panel with inserts of green serpentine and friezes of carved inscriptions, and above are painted with blue paint and gold. Relief rosettes on the plafond of the dome imitate the starry sky. Decorative decoration complements openwork grilles on the windows and a marble fence around the tombstones, but they are only a decoration, the real ones are in the basement. In the first years after the death of Amir Timur, the mausoleum was richly decorated with weapons and utensils.<\/p>\n\n\t\t<\/div>\n\t<\/div>\n<\/div><\/div><\/div><\/div><div class=\"vc_row wpb_row vc_row-fluid\"><div class=\"wpb_column vc_column_container vc_col-sm-12\"><div class=\"vc_column-inner\"><div class=\"wpb_wrapper\"><\/div><\/div><\/div><\/div>","protected":false},"excerpt":{"rendered":"Gur Emir Mausoleum \"The Tomb of the Emir\" is the mausoleum of Tamerlane (Amir Timur) and his family (Timurids) in Samarkand. The family tomb of...","protected":false},"author":1,"featured_media":0,"parent":23200,"menu_order":0,"comment_status":"closed","ping_status":"closed","template":"","meta":[],"_links":{"self":[{"href":"https:\/\/sacredeasttravel.com\/fr\/wp-json\/wp\/v2\/pages\/23599"}],"collection":[{"href":"https:\/\/sacredeasttravel.com\/fr\/wp-json\/wp\/v2\/pages"}],"about":[{"href":"https:\/\/sacredeasttravel.com\/fr\/wp-json\/wp\/v2\/types\/page"}],"author":[{"embeddable":true,"href":"https:\/\/sacredeasttravel.com\/fr\/wp-json\/wp\/v2\/users\/1"}],"replies":[{"embeddable":true,"href":"https:\/\/sacredeasttravel.com\/fr\/wp-json\/wp\/v2\/comments?post=23599"}],"version-history":[{"count":1,"href":"https:\/\/sacredeasttravel.com\/fr\/wp-json\/wp\/v2\/pages\/23599\/revisions"}],"predecessor-version":[{"id":23602,"href":"https:\/\/sacredeasttravel.com\/fr\/wp-json\/wp\/v2\/pages\/23599\/revisions\/23602"}],"up":[{"embeddable":true,"href":"https:\/\/sacredeasttravel.com\/fr\/wp-json\/wp\/v2\/pages\/23200"}],"wp:attachment":[{"href":"https:\/\/sacredeasttravel.com\/fr\/wp-json\/wp\/v2\/media?parent=23599"}],"curies":[{"name":"wp","href":"https:\/\/api.w.org\/{rel}","templated":true}]}}