{"id":23606,"date":"2021-04-20T09:33:30","date_gmt":"2021-04-20T09:33:30","guid":{"rendered":"https:\/\/sacredeasttravel.com\/?page_id=23606"},"modified":"2021-06-19T20:24:31","modified_gmt":"2021-06-19T20:24:31","slug":"shahi-zinda-mausoleum","status":"publish","type":"page","link":"https:\/\/sacredeasttravel.com\/fr\/uzbekistan\/samarkand\/shahi-zinda-mausoleum\/","title":{"rendered":"N\u00e9cropole de Shakhi Zinda"},"content":{"rendered":"<div class=\"vc_row wpb_row vc_row-fluid\"><div class=\"wpb_column vc_column_container vc_col-sm-12\"><div class=\"vc_column-inner\"><div class=\"wpb_wrapper\">\n\t<div  class=\"wpb_single_image wpb_content_element vc_align_left\">\n\t\t\n\t\t<figure class=\"wpb_wrapper vc_figure\">\n\t\t\t<div class=\"vc_single_image-wrapper   vc_box_border_grey\"><img width=\"900\" height=\"600\" src=\"https:\/\/sacredeasttravel.com\/wp-content\/uploads\/2021\/04\/shakhi-zinda4.jpg\" class=\"vc_single_image-img attachment-full\" alt=\"\" decoding=\"async\" loading=\"lazy\" srcset=\"https:\/\/sacredeasttravel.com\/wp-content\/uploads\/2021\/04\/shakhi-zinda4.jpg 900w, https:\/\/sacredeasttravel.com\/wp-content\/uploads\/2021\/04\/shakhi-zinda4-300x200.jpg 300w, https:\/\/sacredeasttravel.com\/wp-content\/uploads\/2021\/04\/shakhi-zinda4-768x512.jpg 768w, https:\/\/sacredeasttravel.com\/wp-content\/uploads\/2021\/04\/shakhi-zinda4-16x12.jpg 16w, https:\/\/sacredeasttravel.com\/wp-content\/uploads\/2021\/04\/shakhi-zinda4-600x400.jpg 600w\" sizes=\"(max-width: 900px) 100vw, 900px\" \/><\/div>\n\t\t<\/figure>\n\t<\/div>\n\n\t<div class=\"wpb_text_column wpb_content_element\" >\n\t\t<div class=\"wpb_wrapper\">\n\t\t\t<h2>N\u00e9cropole de Shakhi Zinda<\/h2>\n<hr class=\"divider active horizontal-break small\" \/>\n\n\t\t<\/div>\n\t<\/div>\n\n\t<div class=\"wpb_text_column wpb_content_element\" >\n\t\t<div class=\"wpb_wrapper\">\n\t\t\t<p>Non loin de la mosqu\u00e9e Bibi Khanum se trouve l'un des monuments architecturaux les plus myst\u00e9rieux et uniques de Samarkand, le complexe Shakhi Zinda. Il se compose de rang\u00e9es de tombes aux couleurs bleues \u00e9tincelantes et raffin\u00e9es. Harmonieusement r\u00e9unis dans une composition vivante et \u00e9mouvante, divers mausol\u00e9es sont regroup\u00e9s le long des \u00e9troites ruelles m\u00e9di\u00e9vales. Shakhi Zinda se compose de onze mausol\u00e9es, qui ont \u00e9t\u00e9 construits les uns apr\u00e8s les autres entre les 14 et 15 si\u00e8cles.<\/p>\n<p>Un ensemble unique de tombes anciennes (1370-1449 ans) est situ\u00e9 pr\u00e8s de la colonie Afrasiab. Il est \u00e9galement appel\u00e9 \u00abcimeti\u00e8re de rue\u00bb. Construction de mosqu\u00e9es et de mausol\u00e9es des XI-XV si\u00e8cles \u00e9trangement \u00e9tir\u00e9s des deux c\u00f4t\u00e9s et leurs d\u00f4mes bleus ressemblent \u00e0 un collier \u00e9l\u00e9gant du haut.\n\nShakhi Zinda est le lieu de s\u00e9pulture des personnes royales et des nobles. Mais le mausol\u00e9e principal \u00e0 partir duquel la n\u00e9cropole commence semble \u00eatre la tombe imaginaire du cousin du proph\u00e8te Mahomet, Kusam ibn Abbas. Le complexe s'appelait \u00abShakhi Zinda\u00bb, ce qui signifie en persan \u00abLe roi vivant\u00bb. Il \u00e9tait l'un de ceux qui pr\u00eachaient l'islam dans cette r\u00e9gion. Plus tard, le complexe est devenu un important centre de p\u00e8lerinage qui \u00e9tait v\u00e9n\u00e9r\u00e9 par le peuple comme sacr\u00e9.\n\nSelon une l\u00e9gende, Kusam ibn Abbas est venu pr\u00eacher \u00e0 Samarkand en 640, y a pass\u00e9 13 ans et a \u00e9t\u00e9 d\u00e9capit\u00e9 par les zoroastriens lors de sa pri\u00e8re.<\/p>\n<p>La tombe de Kusam ibn Abbas attire \u00e0 Samarkand de nombreux adeptes du tourisme religieux ou spirituel, car m\u00eame au Moyen \u00c2ge, un p\u00e8lerinage sur la tombe du \u00abRoi vivant\u00bb \u00e9tait assimil\u00e9 au hajj de La Mecque. Selon une l\u00e9gende, la source d'eau sur la tombe poss\u00e8de un pouvoir de gu\u00e9rison.\n\nTous les mausol\u00e9es du complexe Shakhi Zinda forment une seule composition. Chacun d'eux est un b\u00e2timent carr\u00e9 avec un d\u00f4me dont l'entr\u00e9e est soulign\u00e9e par un portique. Est riche en d\u00e9coration architecturale des b\u00e2timents, qui sont utilis\u00e9s des briques d'irrigation, des carreaux de majolique, de la mosa\u00efque sculpt\u00e9e.\n\nLa derni\u00e8re construction est l'entr\u00e9e principale de la crypte Shakhi Zinda, qui compl\u00e8te l'ensemble. L'inscription sur l'entr\u00e9e principale se lit comme suit: \u00abCe magnifique b\u00e2timent a cr\u00e9\u00e9 Abdulazizhanom-fils Ulugbek-Guragana, fils de Shah Rukh, fils d'Amir Timur-Guragana en 838 ans (1434\/35 AD). Apr\u00e8s \u00eatre mont\u00e9 \u00e0 36 marches, vous vous retrouverez sur une galerie ouverte. Ici, la gauche et la droite sont des cryptes - le mausol\u00e9e des parents de Tamerlan. La galerie se termine par une cour ronde avec un arc vo\u00fbt\u00e9. En dessous, sur la droite, il y a une ancienne porte sculpt\u00e9e, qui m\u00e8ne au sanctuaire principal de l'ensemble Shakhi Zinda - Mausol\u00e9e de Kusam ibn Abbas, un cousin du proph\u00e8te Muhammad. Il y a une l\u00e9gende \u00e0 son sujet en tant que Shakhi Zinda, le roi vivant.<\/p>\n\n\t\t<\/div>\n\t<\/div>\n<\/div><\/div><\/div><\/div><div class=\"vc_row wpb_row vc_row-fluid\"><div class=\"wpb_column vc_column_container vc_col-sm-12\"><div class=\"vc_column-inner\"><div class=\"wpb_wrapper\"><\/div><\/div><\/div><\/div>","protected":false},"excerpt":{"rendered":"Shahi Zinda Mausoleum In the northern outskirts of Samarkand, on the edge of Afrosiab height, among the vast ancient graveyard, there are groups of mausoleums,...","protected":false},"author":1,"featured_media":0,"parent":23200,"menu_order":0,"comment_status":"closed","ping_status":"closed","template":"","meta":[],"_links":{"self":[{"href":"https:\/\/sacredeasttravel.com\/fr\/wp-json\/wp\/v2\/pages\/23606"}],"collection":[{"href":"https:\/\/sacredeasttravel.com\/fr\/wp-json\/wp\/v2\/pages"}],"about":[{"href":"https:\/\/sacredeasttravel.com\/fr\/wp-json\/wp\/v2\/types\/page"}],"author":[{"embeddable":true,"href":"https:\/\/sacredeasttravel.com\/fr\/wp-json\/wp\/v2\/users\/1"}],"replies":[{"embeddable":true,"href":"https:\/\/sacredeasttravel.com\/fr\/wp-json\/wp\/v2\/comments?post=23606"}],"version-history":[{"count":2,"href":"https:\/\/sacredeasttravel.com\/fr\/wp-json\/wp\/v2\/pages\/23606\/revisions"}],"predecessor-version":[{"id":24517,"href":"https:\/\/sacredeasttravel.com\/fr\/wp-json\/wp\/v2\/pages\/23606\/revisions\/24517"}],"up":[{"embeddable":true,"href":"https:\/\/sacredeasttravel.com\/fr\/wp-json\/wp\/v2\/pages\/23200"}],"wp:attachment":[{"href":"https:\/\/sacredeasttravel.com\/fr\/wp-json\/wp\/v2\/media?parent=23606"}],"curies":[{"name":"wp","href":"https:\/\/api.w.org\/{rel}","templated":true}]}}