{"id":23618,"date":"2021-04-20T10:14:39","date_gmt":"2021-04-20T10:14:39","guid":{"rendered":"https:\/\/sacredeasttravel.com\/?page_id=23618"},"modified":"2021-04-20T10:14:39","modified_gmt":"2021-04-20T10:14:39","slug":"mausoleum-of-daniel-prophet","status":"publish","type":"page","link":"https:\/\/sacredeasttravel.com\/fr\/uzbekistan\/samarkand\/mausoleum-of-daniel-prophet\/","title":{"rendered":"Mausol\u00e9e Saint-Daniel"},"content":{"rendered":"<div class=\"vc_row wpb_row vc_row-fluid\"><div class=\"wpb_column vc_column_container vc_col-sm-12\"><div class=\"vc_column-inner\"><div class=\"wpb_wrapper\">\n\t<div  class=\"wpb_single_image wpb_content_element vc_align_left\">\n\t\t\n\t\t<figure class=\"wpb_wrapper vc_figure\">\n\t\t\t<div class=\"vc_single_image-wrapper   vc_box_border_grey\"><img width=\"900\" height=\"600\" src=\"https:\/\/sacredeasttravel.com\/wp-content\/uploads\/2021\/04\/st-daniil2.jpg\" class=\"vc_single_image-img attachment-full\" alt=\"\" decoding=\"async\" loading=\"lazy\" srcset=\"https:\/\/sacredeasttravel.com\/wp-content\/uploads\/2021\/04\/st-daniil2.jpg 900w, https:\/\/sacredeasttravel.com\/wp-content\/uploads\/2021\/04\/st-daniil2-300x200.jpg 300w, https:\/\/sacredeasttravel.com\/wp-content\/uploads\/2021\/04\/st-daniil2-768x512.jpg 768w, https:\/\/sacredeasttravel.com\/wp-content\/uploads\/2021\/04\/st-daniil2-16x12.jpg 16w, https:\/\/sacredeasttravel.com\/wp-content\/uploads\/2021\/04\/st-daniil2-600x400.jpg 600w\" sizes=\"(max-width: 900px) 100vw, 900px\" \/><\/div>\n\t\t<\/figure>\n\t<\/div>\n\n\t<div class=\"wpb_text_column wpb_content_element\" >\n\t\t<div class=\"wpb_wrapper\">\n\t\t\t<h2><strong>Mausol\u00e9e Saint-Daniel<\/strong><\/h2>\n<hr class=\"divider active horizontal-break small\" \/>\n\n\t\t<\/div>\n\t<\/div>\n\n\t<div class=\"wpb_text_column wpb_content_element\" >\n\t\t<div class=\"wpb_wrapper\">\n\t\t\t<p>Il n'y a pratiquement aucun endroit au monde o\u00f9 les musulmans, les chr\u00e9tiens et les juifs viennent prier. Mais cette tombe du proph\u00e8te de l'Ancien Testament Daniel, \u00e9galement connu sous le nom de Daniiel ou Doniyar.\n\nIl est situ\u00e9 \u00e0 la p\u00e9riph\u00e9rie de la colonie Afrasiab, au nord-est de Samarkand. Sur une haute falaise de la colline s'\u00e9tendait un long b\u00e2timent \u00e0 5 d\u00f4mes du mausol\u00e9e, et au pied de la colline se trouve la rivi\u00e8re Siab. L'\u00e9talement du b\u00e2timent est directement li\u00e9 \u00e0 la tombe, dont la longueur est \u00e9gale \u00e0 18 m\u00e8tres.\n\nDe nombreuses l\u00e9gendes et hypoth\u00e8ses sont li\u00e9es \u00e0 cette tombe. Certains affirment que les restes ont \u00e9t\u00e9 apport\u00e9s ici par les premiers chr\u00e9tiens, d'autres sont enclins \u00e0 penser qu'ils avaient re\u00e7u l'ordre de les livrer \u00e0 Samarkand par le c\u00e9l\u00e8bre souverain m\u00e9di\u00e9val Amir Timur (Tamerlan).\nIl y a aussi des diff\u00e9rences entre ce qu'il y a dans le tombeau: certaines sources disent que l'enterrement du bras de saint Daniel, l'autre compteur, et disent qu'ici ils n'ont apport\u00e9 qu'une poign\u00e9e de terre de la tombe du saint. La troisi\u00e8me contradiction est associ\u00e9e \u00e0 l'appartenance des restes, o\u00f9 figuraient deux visages: le premier - le proph\u00e8te Daniel, le deuxi\u00e8me Khoja Doniyar - associ\u00e9 de Kusama ibn 'Abbas (Shahi-Zinda).\n\nIl existe \u00e9galement des l\u00e9gendes sur la taille de la tombe. Selon une interpr\u00e9tation, les reliques sacr\u00e9es augmentent d'ann\u00e9e en ann\u00e9e. D'autres soutiennent que la tombe est grande, de sorte que personne ne peut trouver avec pr\u00e9cision l'emplacement des restes et les voler.\n\nQuoi qu'il en soit, ce mausol\u00e9e, \u00e9tant \u00e9loign\u00e9 des autres attractions de Samarkand, attire un grand nombre de p\u00e8lerins de nombreuses nationalit\u00e9s et religions. Et vous ne devez pas \u00eatre croyant pour ressentir le calme et la tranquillit\u00e9 du lieu.<\/p>\n\n\t\t<\/div>\n\t<\/div>\n<\/div><\/div><\/div><\/div><div class=\"vc_row wpb_row vc_row-fluid\"><div class=\"wpb_column vc_column_container vc_col-sm-12\"><div class=\"vc_column-inner\"><div class=\"wpb_wrapper\"><\/div><\/div><\/div><\/div>","protected":false},"excerpt":{"rendered":"Mausoleum of Daniel Prophet Among the hills of Afrosiab, on the river-bank of small rivulet Siebcha (confluent of Zerafshan), there is a miracle place, the...","protected":false},"author":1,"featured_media":0,"parent":23200,"menu_order":0,"comment_status":"closed","ping_status":"closed","template":"","meta":[],"_links":{"self":[{"href":"https:\/\/sacredeasttravel.com\/fr\/wp-json\/wp\/v2\/pages\/23618"}],"collection":[{"href":"https:\/\/sacredeasttravel.com\/fr\/wp-json\/wp\/v2\/pages"}],"about":[{"href":"https:\/\/sacredeasttravel.com\/fr\/wp-json\/wp\/v2\/types\/page"}],"author":[{"embeddable":true,"href":"https:\/\/sacredeasttravel.com\/fr\/wp-json\/wp\/v2\/users\/1"}],"replies":[{"embeddable":true,"href":"https:\/\/sacredeasttravel.com\/fr\/wp-json\/wp\/v2\/comments?post=23618"}],"version-history":[{"count":1,"href":"https:\/\/sacredeasttravel.com\/fr\/wp-json\/wp\/v2\/pages\/23618\/revisions"}],"predecessor-version":[{"id":23620,"href":"https:\/\/sacredeasttravel.com\/fr\/wp-json\/wp\/v2\/pages\/23618\/revisions\/23620"}],"up":[{"embeddable":true,"href":"https:\/\/sacredeasttravel.com\/fr\/wp-json\/wp\/v2\/pages\/23200"}],"wp:attachment":[{"href":"https:\/\/sacredeasttravel.com\/fr\/wp-json\/wp\/v2\/media?parent=23618"}],"curies":[{"name":"wp","href":"https:\/\/api.w.org\/{rel}","templated":true}]}}