{"id":23621,"date":"2021-04-20T10:17:08","date_gmt":"2021-04-20T10:17:08","guid":{"rendered":"https:\/\/sacredeasttravel.com\/?page_id=23621"},"modified":"2021-04-20T10:17:08","modified_gmt":"2021-04-20T10:17:08","slug":"abdi-darun-ensemble","status":"publish","type":"page","link":"https:\/\/sacredeasttravel.com\/fr\/uzbekistan\/samarkand\/abdi-darun-ensemble\/","title":{"rendered":"Mausol\u00e9e de Khoja Abdi Darunee"},"content":{"rendered":"<div class=\"vc_row wpb_row vc_row-fluid\"><div class=\"wpb_column vc_column_container vc_col-sm-12\"><div class=\"vc_column-inner\"><div class=\"wpb_wrapper\">\n\t<div  class=\"wpb_single_image wpb_content_element vc_align_left\">\n\t\t\n\t\t<figure class=\"wpb_wrapper vc_figure\">\n\t\t\t<div class=\"vc_single_image-wrapper   vc_box_border_grey\"><img width=\"900\" height=\"600\" src=\"https:\/\/sacredeasttravel.com\/wp-content\/uploads\/2021\/04\/abdi-darunee.jpg\" class=\"vc_single_image-img attachment-full\" alt=\"\" decoding=\"async\" loading=\"lazy\" srcset=\"https:\/\/sacredeasttravel.com\/wp-content\/uploads\/2021\/04\/abdi-darunee.jpg 900w, https:\/\/sacredeasttravel.com\/wp-content\/uploads\/2021\/04\/abdi-darunee-300x200.jpg 300w, https:\/\/sacredeasttravel.com\/wp-content\/uploads\/2021\/04\/abdi-darunee-768x512.jpg 768w, https:\/\/sacredeasttravel.com\/wp-content\/uploads\/2021\/04\/abdi-darunee-16x12.jpg 16w, https:\/\/sacredeasttravel.com\/wp-content\/uploads\/2021\/04\/abdi-darunee-600x400.jpg 600w\" sizes=\"(max-width: 900px) 100vw, 900px\" \/><\/div>\n\t\t<\/figure>\n\t<\/div>\n\n\t<div class=\"wpb_text_column wpb_content_element\" >\n\t\t<div class=\"wpb_wrapper\">\n\t\t\t<h2><strong>Mausol\u00e9e de Khoja Abdi Darunee<\/strong><\/h2>\n<hr class=\"divider active horizontal-break small\" \/>\n\n\t\t<\/div>\n\t<\/div>\n\n\t<div class=\"wpb_text_column wpb_content_element\" >\n\t\t<div class=\"wpb_wrapper\">\n\t\t\t<p>L'ensemble comm\u00e9moratif \u00abKhoja Abdi Darunee\u00bb est apparu au XIIe si\u00e8cle pr\u00e8s du mausol\u00e9e de Khoja Abdi, ou Abd-al Mazeddina. Selon la l\u00e9gende, Cheikh Abdi-Darunee est arriv\u00e9 \u00e0 Samarkand en provenance de la p\u00e9ninsule arabique au IXe si\u00e8cle, et en tant qu'expert du Coran et de la charia, a commenc\u00e9 \u00e0 exercer des fonctions de juge ici. Le Suppl\u00e9ment \u00abDarunee\u00bb signifie \u00abinterne\u00bb - sa tombe est situ\u00e9e \u00e0 l'int\u00e9rieur des murs de la ville de Samarkand.<\/p>\n<p>Le mausol\u00e9e Abdi-Darunee a \u00e9t\u00e9 construit au XII si\u00e8cle et au XV si\u00e8cle il a \u00e9t\u00e9 reconstruit. La restauration du mausol\u00e9e avait compl\u00e8tement chang\u00e9 le b\u00e2timent par rapport \u00e0 son apparence dans le pass\u00e9. C'est maintenant un petit b\u00e2timent carr\u00e9 avec un d\u00f4me pyramidal. L'int\u00e9rieur du mausol\u00e9e est modeste, pas de peintures en or et en c\u00e9ramique \u00e0 l'int\u00e9rieur. Presque toute la zone est occup\u00e9e par une grande pierre tombale.\n\nAu XVe si\u00e8cle, il y avait ziarathana (un espace pour le rite de culte - ziarat) pr\u00e8s du mausol\u00e9e. Au mausol\u00e9e, il y a un grand \u00e9tang (\u00abkhauz\u00bb) autour duquel poussent les platanes centenaires. Comme auparavant, les p\u00e8lerins viennent au tombeau du cheikh. Les gens viennent ici pour prier, parler de leurs probl\u00e8mes et demander de l'aide pour leur solution.<\/p>\n\n\t\t<\/div>\n\t<\/div>\n<\/div><\/div><\/div><\/div><div class=\"vc_row wpb_row vc_row-fluid\"><div class=\"wpb_column vc_column_container vc_col-sm-12\"><div class=\"vc_column-inner\"><div class=\"wpb_wrapper\"><\/div><\/div><\/div><\/div>","protected":false},"excerpt":{"rendered":"Abdi-Darun ensemble (Abdu-Darun) is a complex of memorial, cult and spiritual-enlightenment facilities in the Old Cemetery of Samarkand (Republic of Uzbekistan), established in the 12th-20th...","protected":false},"author":1,"featured_media":0,"parent":23200,"menu_order":0,"comment_status":"closed","ping_status":"closed","template":"","meta":[],"_links":{"self":[{"href":"https:\/\/sacredeasttravel.com\/fr\/wp-json\/wp\/v2\/pages\/23621"}],"collection":[{"href":"https:\/\/sacredeasttravel.com\/fr\/wp-json\/wp\/v2\/pages"}],"about":[{"href":"https:\/\/sacredeasttravel.com\/fr\/wp-json\/wp\/v2\/types\/page"}],"author":[{"embeddable":true,"href":"https:\/\/sacredeasttravel.com\/fr\/wp-json\/wp\/v2\/users\/1"}],"replies":[{"embeddable":true,"href":"https:\/\/sacredeasttravel.com\/fr\/wp-json\/wp\/v2\/comments?post=23621"}],"version-history":[{"count":1,"href":"https:\/\/sacredeasttravel.com\/fr\/wp-json\/wp\/v2\/pages\/23621\/revisions"}],"predecessor-version":[{"id":23623,"href":"https:\/\/sacredeasttravel.com\/fr\/wp-json\/wp\/v2\/pages\/23621\/revisions\/23623"}],"up":[{"embeddable":true,"href":"https:\/\/sacredeasttravel.com\/fr\/wp-json\/wp\/v2\/pages\/23200"}],"wp:attachment":[{"href":"https:\/\/sacredeasttravel.com\/fr\/wp-json\/wp\/v2\/media?parent=23621"}],"curies":[{"name":"wp","href":"https:\/\/api.w.org\/{rel}","templated":true}]}}