{"id":23624,"date":"2021-04-20T10:19:47","date_gmt":"2021-04-20T10:19:47","guid":{"rendered":"https:\/\/sacredeasttravel.com\/?page_id=23624"},"modified":"2021-04-20T10:19:47","modified_gmt":"2021-04-20T10:19:47","slug":"abdu-berun-ensemble","status":"publish","type":"page","link":"https:\/\/sacredeasttravel.com\/fr\/uzbekistan\/samarkand\/abdu-berun-ensemble\/","title":{"rendered":"Mausol\u00e9e de Abdu Berun"},"content":{"rendered":"<div class=\"vc_row wpb_row vc_row-fluid\"><div class=\"wpb_column vc_column_container vc_col-sm-12\"><div class=\"vc_column-inner\"><div class=\"wpb_wrapper\">\n\t<div  class=\"wpb_single_image wpb_content_element vc_align_left\">\n\t\t\n\t\t<figure class=\"wpb_wrapper vc_figure\">\n\t\t\t<div class=\"vc_single_image-wrapper   vc_box_border_grey\"><img width=\"900\" height=\"600\" src=\"https:\/\/sacredeasttravel.com\/wp-content\/uploads\/2021\/04\/Entrance_to_the_Abdu_Berun_Ensemble_in_Samarkand.jpg\" class=\"vc_single_image-img attachment-full\" alt=\"\" decoding=\"async\" loading=\"lazy\" srcset=\"https:\/\/sacredeasttravel.com\/wp-content\/uploads\/2021\/04\/Entrance_to_the_Abdu_Berun_Ensemble_in_Samarkand.jpg 900w, https:\/\/sacredeasttravel.com\/wp-content\/uploads\/2021\/04\/Entrance_to_the_Abdu_Berun_Ensemble_in_Samarkand-300x200.jpg 300w, https:\/\/sacredeasttravel.com\/wp-content\/uploads\/2021\/04\/Entrance_to_the_Abdu_Berun_Ensemble_in_Samarkand-768x512.jpg 768w, https:\/\/sacredeasttravel.com\/wp-content\/uploads\/2021\/04\/Entrance_to_the_Abdu_Berun_Ensemble_in_Samarkand-16x12.jpg 16w, https:\/\/sacredeasttravel.com\/wp-content\/uploads\/2021\/04\/Entrance_to_the_Abdu_Berun_Ensemble_in_Samarkand-600x400.jpg 600w\" sizes=\"(max-width: 900px) 100vw, 900px\" \/><\/div>\n\t\t<\/figure>\n\t<\/div>\n\n\t<div class=\"wpb_text_column wpb_content_element\" >\n\t\t<div class=\"wpb_wrapper\">\n\t\t\t<h2>\u00a0<strong>Mausol\u00e9e de Abdu Berun<\/strong><\/h2>\n<hr class=\"divider active horizontal-break small\" \/>\n\n\t\t<\/div>\n\t<\/div>\n\n\t<div class=\"wpb_text_column wpb_content_element\" >\n\t\t<div class=\"wpb_wrapper\">\n\t\t\t<p>Abdi-Biroun est un ensemble de constructions de culte musulman \u00e9rig\u00e9 dans le faubourg sud de Samarkand. L'ensemble fut construit dans les ann\u00e9es 1630 par le vizir Nadir Diwan-Begi, oncle du khan de Boukhara Imamkuli-Khan, sur le territoire du mazar du XIIe si\u00e8cle. Actuellement, il est consid\u00e9r\u00e9 comme l'un des plus grands ensembles de culte (khazira) en Asie Centrale.<br><br>\nLa construction de l'ensemble Abdi-Biroun serait li\u00e9e au nom de Sa\u00efd Abd-I ibn Yakoub, un repr\u00e9sentant de la puissante famille Abdi, apparent\u00e9e au proph\u00e8te Mahomet par la lign\u00e9e de sa fille Ruqayya. Au Mav\u00e9rannahr Sa\u00efd Abd-I ibn Yakoub \u00e9tait mieux connu sous le nom de Khoja Abdi. Il \u00e9tait kadi (juge musulman) \u00e0 Samarkand et s'est distingu\u00e9 par son mode de vie juste. Apr\u00e8s sa mort, il a \u00e9t\u00e9 enterr\u00e9 derri\u00e8re les remparts de Samarkand, au cimeti\u00e8re du village Akmatchit (Mosqu\u00e9e Blanche). Par cons\u00e9quent, quand il s'agissait de son tombeau, les Samarkandi pr\u00e9cisaient en disant \u00abbiroun\u00bb (\"ext\u00e9rieur\" en tadjik, c'est-\u00e0-dire situ\u00e9 derri\u00e8re le mur de la ville), \u00e0 l'opposition au mausol\u00e9e d'Abdi Daroun (\"int\u00e9rieur\") o\u00f9 \u00e9tait enterr\u00e9 un autre repr\u00e9sentant de la m\u00eame famille Abd-Al Mazeddin.<br><br>\nIl existe \u00e9galement une autre explication selon laquelle les deux ensembles \u2013 Abdi  Biroun et Abdi Daroun \u2013 \u00e9taient d\u00e9di\u00e9s \u00e0 la m\u00eame personne, Abd-Al Mazeddin, alias Khodja Abdi, mais avaient des fonctions diff\u00e9rentes. Au XII si\u00e8cle, l'ensemble Abdi Daroun pouvait \u00eatre consid\u00e9r\u00e9 comme le lieu de son enterrement, tandis que Abdi Biroun servait de lieu de p\u00e8lerinages (ziarats) pendant les grandes f\u00eates religieuses, quand un grand nombre de musulmans se r\u00e9unissaient pour la pri\u00e8re dans la grande mosqu\u00e9e situ\u00e9e en d\u00e9hors de la ville.<\/p>\n\n\t\t<\/div>\n\t<\/div>\n<\/div><\/div><\/div><\/div><div class=\"vc_row wpb_row vc_row-fluid\"><div class=\"wpb_column vc_column_container vc_col-sm-12\"><div class=\"vc_column-inner\"><div class=\"wpb_wrapper\"><\/div><\/div><\/div><\/div>","protected":false},"excerpt":{"rendered":"\u00a0Abdu-Berun ensemble This plan, the facade and the section of the Khoja Abdu-Berun memorial complex in Samarkand (Uzbekistan) is contained in the archaeological part of...","protected":false},"author":1,"featured_media":0,"parent":23200,"menu_order":0,"comment_status":"closed","ping_status":"closed","template":"","meta":[],"_links":{"self":[{"href":"https:\/\/sacredeasttravel.com\/fr\/wp-json\/wp\/v2\/pages\/23624"}],"collection":[{"href":"https:\/\/sacredeasttravel.com\/fr\/wp-json\/wp\/v2\/pages"}],"about":[{"href":"https:\/\/sacredeasttravel.com\/fr\/wp-json\/wp\/v2\/types\/page"}],"author":[{"embeddable":true,"href":"https:\/\/sacredeasttravel.com\/fr\/wp-json\/wp\/v2\/users\/1"}],"replies":[{"embeddable":true,"href":"https:\/\/sacredeasttravel.com\/fr\/wp-json\/wp\/v2\/comments?post=23624"}],"version-history":[{"count":1,"href":"https:\/\/sacredeasttravel.com\/fr\/wp-json\/wp\/v2\/pages\/23624\/revisions"}],"predecessor-version":[{"id":23626,"href":"https:\/\/sacredeasttravel.com\/fr\/wp-json\/wp\/v2\/pages\/23624\/revisions\/23626"}],"up":[{"embeddable":true,"href":"https:\/\/sacredeasttravel.com\/fr\/wp-json\/wp\/v2\/pages\/23200"}],"wp:attachment":[{"href":"https:\/\/sacredeasttravel.com\/fr\/wp-json\/wp\/v2\/media?parent=23624"}],"curies":[{"name":"wp","href":"https:\/\/api.w.org\/{rel}","templated":true}]}}