{"id":23627,"date":"2021-04-20T10:21:57","date_gmt":"2021-04-20T10:21:57","guid":{"rendered":"https:\/\/sacredeasttravel.com\/?page_id=23627"},"modified":"2021-04-20T10:21:57","modified_gmt":"2021-04-20T10:21:57","slug":"imam-al-bukhari-mausoleum","status":"publish","type":"page","link":"https:\/\/sacredeasttravel.com\/fr\/uzbekistan\/samarkand\/imam-al-bukhari-mausoleum\/","title":{"rendered":"Mausol\u00e9e de l'Imam al-Bukhari pr\u00e8s de Samarkand"},"content":{"rendered":"<div class=\"vc_row wpb_row vc_row-fluid\"><div class=\"wpb_column vc_column_container vc_col-sm-12\"><div class=\"vc_column-inner\"><div class=\"wpb_wrapper\">\n\t<div  class=\"wpb_single_image wpb_content_element vc_align_left\">\n\t\t\n\t\t<figure class=\"wpb_wrapper vc_figure\">\n\t\t\t<div class=\"vc_single_image-wrapper   vc_box_border_grey\"><img width=\"900\" height=\"600\" src=\"https:\/\/sacredeasttravel.com\/wp-content\/uploads\/2021\/04\/al-bukhari-mausoleum2.jpg\" class=\"vc_single_image-img attachment-full\" alt=\"\" decoding=\"async\" loading=\"lazy\" srcset=\"https:\/\/sacredeasttravel.com\/wp-content\/uploads\/2021\/04\/al-bukhari-mausoleum2.jpg 900w, https:\/\/sacredeasttravel.com\/wp-content\/uploads\/2021\/04\/al-bukhari-mausoleum2-300x200.jpg 300w, https:\/\/sacredeasttravel.com\/wp-content\/uploads\/2021\/04\/al-bukhari-mausoleum2-768x512.jpg 768w, https:\/\/sacredeasttravel.com\/wp-content\/uploads\/2021\/04\/al-bukhari-mausoleum2-16x12.jpg 16w, https:\/\/sacredeasttravel.com\/wp-content\/uploads\/2021\/04\/al-bukhari-mausoleum2-600x400.jpg 600w\" sizes=\"(max-width: 900px) 100vw, 900px\" \/><\/div>\n\t\t<\/figure>\n\t<\/div>\n\n\t<div class=\"wpb_text_column wpb_content_element\" >\n\t\t<div class=\"wpb_wrapper\">\n\t\t\t<h2><strong>Mausol\u00e9e de l'Imam al-Bukhari pr\u00e8s de Samarkand<\/strong><\/h2>\n<hr class=\"divider active horizontal-break small\" \/>\n\n\t\t<\/div>\n\t<\/div>\n\n\t<div class=\"wpb_text_column wpb_content_element\" >\n\t\t<div class=\"wpb_wrapper\">\n\t\t\t<p>L'imam al-Bukhari \u00e9tait le grand th\u00e9ologien de l'Orient. Il a recueilli et enregistr\u00e9 environ 600 7400 hadiths, c'est-\u00e0-dire des l\u00e9gendes bas\u00e9es sur des cas de vie ou des paroles du Proph\u00e8te. Parmi eux, al-Bukhari a choisi comme \u00abparfaits\u00bb environ XNUMX hadiths \u00e0 inclure dans le c\u00e9l\u00e8bre \u00abAs-Sahih\u00bb qui est devenu le deuxi\u00e8me livre le plus important apr\u00e8s le Coran pour la majorit\u00e9 des sunnites.<\/p>\n<p>Imam est n\u00e9 \u00e0 Boukhara en 810 ans et a mis fin \u00e0 sa vie \u00e0 Samarkand. Il a \u00e9t\u00e9 enterr\u00e9 dans un petit village de Hartang, \u00e0 30 km de Samarkand.\n\nLe mausol\u00e9e de l'imam al-Bukhari pr\u00e9sente dans toute sa magnificence. Dans le complexe qui occupe un vaste territoire, il y a des mausol\u00e9es, des mosqu\u00e9es, des h\u00f4tels pour touristes et p\u00e8lerins, des boutiques de souvenirs et de la litt\u00e9rature religieuse.\n\nLe mausol\u00e9e de l'Imam al-Bukhari est l'un des principaux lieux de p\u00e8lerinage d'Ouzb\u00e9kistan. La visite de trois sanctuaires \u00e0 Samarkand - les mausol\u00e9es d'al-Bukhari, Shakhi-Zinda et Rukhabad - en une journ\u00e9e, est appel\u00e9e \u00abpetit Hajj\u00bb.<\/p>\n<p>According to sources it is known that he wrote many more books, among them &#8220;Tarihi Kabir&#8221; (&#8220;The Great History&#8221;). After writing &#8220;Al-Sahih&#8221; he returns to Bukhara, and begins to teach all those who wanted to study, because he believed that collective education of people to literacy will be of great benefit to society. His authority was so high that the hadeeth, unfamiliar to him, became popular among the people as unreliable. In addition to his will, he came into conflict with the ruler of Bukhara, Tahirid Kholid ibn Ahmad, and was forced to move to the village of Khartang near Samarkand, where he died in 870. The cemetery in the village of Hartang Paiarik fog of Samarkand province has become the most venerated and sacred place for pilgrimage. In the 16th century, near the mausoleum of Imam al-Bukhari, a small mosque was built and plant trees were planted.<\/p>\n<p>In the Soviet period, this sacred place for Muslims was consigned to oblivion, and services were not carried out here. Gradually the mosque was decrepit, but in 1954 it was destined to return to life thanks to the visit of the Indonesian President Sukarno. After a visit to Moscow, President Sukarno arrived in Tashkent and asked him to be allowed to bow to the remains of the holy Imam al-Bukhari. Republican authorities, hearing this, at first were even bewildered, because they had already forgotten who Imam al-Bukhari is and where his grave is. In a hurry, a command was given: immediately send a commission to Samarkand. The authorities could not refuse President Sukarno, because at that time, on the initiative of N.S. Khrushchev, the Soviet Union began to establish international relations with many countries, including the countries of the Islamic East, and therefore the refusal threatened an international scandal. But when the officials came to the scene, they saw an extremely unsightly picture: the mosque was abandoned and on the grave of al-Bukhari there is not even a tombstone. And now, at the command of the high authorities, during the day, the mosque and the adjoining plot, as they could, were put in order, even the asphalt track was hastily put to the mosque. In short, the mosque of Al-Bukhari took President Sukarno. And he, bowing to the grave of the great scientist and honoring his memory, left. Following President Sukarno, the President of Somalia, Madib Keith, arrived in the Soviet Union and also visited Tashkent and asked him to visit the grave of Saint Ismail al-Bukhari. After this, apparently by command from the center, the mosque of Ismail al-Bukhari was transferred to the administration of the Spiritual Administration of the Muslims of Central Asia and Kazakhstan. And since that time the mosque was visited again by the worshipers.<\/p>\n<p>In his opinion, religion and sacred books were created for the moral perfection of man. &#8220;No man was created for religion, but religion for man&#8221; &#8211; this statement was bold for that time. It called for being responsible for peace and order in the world, actively participating in ensuring the prosperity of the country. The scientist had a large number of followers, disciples. Among them, many statesmen, poets such as Zahiriddin Muhammad Babur, the founder of the Great Mogul state, Dzhanibek Sultan (who subsequently gave him the picturesque Miankal island), representatives of the royal dynasty of the Sheybanids.<\/p>\n<p>It should be noted that visiting these holy places among Muslims is equated with a small Hajj. It&#8217;s not for nothing that people say: &#8220;If Mecca is the heart of the Muslim world, then Samarkand is his head!&#8221;.<\/p>\n\n\t\t<\/div>\n\t<\/div>\n<\/div><\/div><\/div><\/div><div class=\"vc_row wpb_row vc_row-fluid\"><div class=\"wpb_column vc_column_container vc_col-sm-12\"><div class=\"vc_column-inner\"><div class=\"wpb_wrapper\"><\/div><\/div><\/div><\/div>","protected":false},"excerpt":{"rendered":"Imam al-Bukhari mausoleum In the village of Hortang\u00a0 for \u00a0(25 km from Samarkand) is one of the most revered places of pilgrimage in Islam -...","protected":false},"author":1,"featured_media":0,"parent":23200,"menu_order":0,"comment_status":"closed","ping_status":"closed","template":"","meta":[],"_links":{"self":[{"href":"https:\/\/sacredeasttravel.com\/fr\/wp-json\/wp\/v2\/pages\/23627"}],"collection":[{"href":"https:\/\/sacredeasttravel.com\/fr\/wp-json\/wp\/v2\/pages"}],"about":[{"href":"https:\/\/sacredeasttravel.com\/fr\/wp-json\/wp\/v2\/types\/page"}],"author":[{"embeddable":true,"href":"https:\/\/sacredeasttravel.com\/fr\/wp-json\/wp\/v2\/users\/1"}],"replies":[{"embeddable":true,"href":"https:\/\/sacredeasttravel.com\/fr\/wp-json\/wp\/v2\/comments?post=23627"}],"version-history":[{"count":1,"href":"https:\/\/sacredeasttravel.com\/fr\/wp-json\/wp\/v2\/pages\/23627\/revisions"}],"predecessor-version":[{"id":23629,"href":"https:\/\/sacredeasttravel.com\/fr\/wp-json\/wp\/v2\/pages\/23627\/revisions\/23629"}],"up":[{"embeddable":true,"href":"https:\/\/sacredeasttravel.com\/fr\/wp-json\/wp\/v2\/pages\/23200"}],"wp:attachment":[{"href":"https:\/\/sacredeasttravel.com\/fr\/wp-json\/wp\/v2\/media?parent=23627"}],"curies":[{"name":"wp","href":"https:\/\/api.w.org\/{rel}","templated":true}]}}