{"id":23639,"date":"2021-04-20T10:40:18","date_gmt":"2021-04-20T10:40:18","guid":{"rendered":"https:\/\/sacredeasttravel.com\/?page_id=23639"},"modified":"2021-04-20T10:40:18","modified_gmt":"2021-04-20T10:40:18","slug":"the-cathedral-of-st-alexis-of-moscow","status":"publish","type":"page","link":"https:\/\/sacredeasttravel.com\/fr\/uzbekistan\/samarkand\/the-cathedral-of-st-alexis-of-moscow\/","title":{"rendered":"La cath\u00e9drale Saint-Alexis \u00e0 Samarcande"},"content":{"rendered":"<div class=\"vc_row wpb_row vc_row-fluid\"><div class=\"wpb_column vc_column_container vc_col-sm-12\"><div class=\"vc_column-inner\"><div class=\"wpb_wrapper\">\n\t<div  class=\"wpb_single_image wpb_content_element vc_align_left\">\n\t\t\n\t\t<figure class=\"wpb_wrapper vc_figure\">\n\t\t\t<div class=\"vc_single_image-wrapper   vc_box_border_grey\"><img width=\"900\" height=\"600\" src=\"https:\/\/sacredeasttravel.com\/wp-content\/uploads\/2021\/04\/chirch.jpg\" class=\"vc_single_image-img attachment-full\" alt=\"\" decoding=\"async\" loading=\"lazy\" srcset=\"https:\/\/sacredeasttravel.com\/wp-content\/uploads\/2021\/04\/chirch.jpg 900w, https:\/\/sacredeasttravel.com\/wp-content\/uploads\/2021\/04\/chirch-300x200.jpg 300w, https:\/\/sacredeasttravel.com\/wp-content\/uploads\/2021\/04\/chirch-768x512.jpg 768w, https:\/\/sacredeasttravel.com\/wp-content\/uploads\/2021\/04\/chirch-16x12.jpg 16w, https:\/\/sacredeasttravel.com\/wp-content\/uploads\/2021\/04\/chirch-600x400.jpg 600w\" sizes=\"(max-width: 900px) 100vw, 900px\" \/><\/div>\n\t\t<\/figure>\n\t<\/div>\n\n\t<div class=\"wpb_text_column wpb_content_element\" >\n\t\t<div class=\"wpb_wrapper\">\n\t\t\t<h2>\u00a0<strong>La cath\u00e9drale Saint-Alexis \u00e0 Samarcande<\/strong><\/h2>\n<hr class=\"divider active horizontal-break small\" \/>\n\n\t\t<\/div>\n\t<\/div>\n\n\t<div class=\"wpb_text_column wpb_content_element\" >\n\t\t<div class=\"wpb_wrapper\">\n\t\t\t<p>Construite en 1911, la cath\u00e9drale Saint-Alexis de Samarcande est une \u00e9glise orthodoxe situ\u00e9e \u00e0 Samarcande en Ouzb\u00e9kistan. Elle d\u00e9pend du patriarcat de Moscou et a \u00e9t\u00e9 consacr\u00e9e en 1912, apr\u00e8s trois ans de travaux, sous le vocable de saint Alexis de Moscou.\nLe 17 septembre 1991, l\u2019administration dioc\u00e9saine est inform\u00e9e que le conseil municipal de Samarcande lui restitue  la cath\u00e9drale Saint-Alexis. Elle est le seul \u00e9difice de culte du doyenn\u00e9 de Samarcande datant de lLa premi\u00e8re pierre de l'\u00e9glise Saint-Alexis, de styles \u00e9clectique et n\u00e9orusse, a \u00e9t\u00e9 b\u00e9nite en 1909 et l'\u00e9glise consacr\u00e9e en 1912. Elle servait alors d'\u00e9glise de garnison. De type \u00e9glise-halle, elle mesure 24 m\u00e8tres de longueur et 16 m\u00e8tres de largeur. Elle a \u00e9t\u00e9 ferm\u00e9e par les autorit\u00e9s sovi\u00e9tiques pendant les ann\u00e9es 1920, la coupole d\u00e9cor\u00e9e de kokochniks a \u00e9t\u00e9 d\u00e9molie, ainsi que le clocher. Situ\u00e9e sur le territoire de la garnison, l'ancienne \u00e9glise a servi \u00e0 divers usages administratifs militaires. Elle a \u00e9t\u00e9 transform\u00e9e ensuite en mus\u00e9e d'histoire naturelle.<\/p>\n<p>L'\u00e9glise a \u00e9t\u00e9 rendue au culte en 1996 et solennellement reconsacr\u00e9e par le patriarche Alexis II de Moscou, le 13 novembre 1996.<\/p>\n\n\t\t<\/div>\n\t<\/div>\n<\/div><\/div><\/div><\/div><div class=\"vc_row wpb_row vc_row-fluid\"><div class=\"wpb_column vc_column_container vc_col-sm-12\"><div class=\"vc_column-inner\"><div class=\"wpb_wrapper\"><\/div><\/div><\/div><\/div>","protected":false},"excerpt":{"rendered":"\u00a0The Cathedral of St. Alexis of Moscow On October 15, 2016, 100 years will pass from the day when a significant event took place in...","protected":false},"author":1,"featured_media":0,"parent":23200,"menu_order":0,"comment_status":"closed","ping_status":"closed","template":"","meta":[],"_links":{"self":[{"href":"https:\/\/sacredeasttravel.com\/fr\/wp-json\/wp\/v2\/pages\/23639"}],"collection":[{"href":"https:\/\/sacredeasttravel.com\/fr\/wp-json\/wp\/v2\/pages"}],"about":[{"href":"https:\/\/sacredeasttravel.com\/fr\/wp-json\/wp\/v2\/types\/page"}],"author":[{"embeddable":true,"href":"https:\/\/sacredeasttravel.com\/fr\/wp-json\/wp\/v2\/users\/1"}],"replies":[{"embeddable":true,"href":"https:\/\/sacredeasttravel.com\/fr\/wp-json\/wp\/v2\/comments?post=23639"}],"version-history":[{"count":1,"href":"https:\/\/sacredeasttravel.com\/fr\/wp-json\/wp\/v2\/pages\/23639\/revisions"}],"predecessor-version":[{"id":23641,"href":"https:\/\/sacredeasttravel.com\/fr\/wp-json\/wp\/v2\/pages\/23639\/revisions\/23641"}],"up":[{"embeddable":true,"href":"https:\/\/sacredeasttravel.com\/fr\/wp-json\/wp\/v2\/pages\/23200"}],"wp:attachment":[{"href":"https:\/\/sacredeasttravel.com\/fr\/wp-json\/wp\/v2\/media?parent=23639"}],"curies":[{"name":"wp","href":"https:\/\/api.w.org\/{rel}","templated":true}]}}