{"id":23653,"date":"2021-04-20T10:47:59","date_gmt":"2021-04-20T10:47:59","guid":{"rendered":"https:\/\/sacredeasttravel.com\/?page_id=23653"},"modified":"2021-04-20T10:47:59","modified_gmt":"2021-04-20T10:47:59","slug":"armenian-church","status":"publish","type":"page","link":"https:\/\/sacredeasttravel.com\/fr\/uzbekistan\/samarkand\/armenian-church\/","title":{"rendered":"L\u2019\u00e9glise Arm\u00e9nienne"},"content":{"rendered":"<div class=\"vc_row wpb_row vc_row-fluid\"><div class=\"wpb_column vc_column_container vc_col-sm-12\"><div class=\"vc_column-inner\"><div class=\"wpb_wrapper\">\n\t<div  class=\"wpb_single_image wpb_content_element vc_align_left\">\n\t\t\n\t\t<figure class=\"wpb_wrapper vc_figure\">\n\t\t\t<div class=\"vc_single_image-wrapper   vc_box_border_grey\"><img width=\"900\" height=\"600\" src=\"https:\/\/sacredeasttravel.com\/wp-content\/uploads\/2021\/04\/outside-view.jpg\" class=\"vc_single_image-img attachment-full\" alt=\"\" decoding=\"async\" loading=\"lazy\" srcset=\"https:\/\/sacredeasttravel.com\/wp-content\/uploads\/2021\/04\/outside-view.jpg 900w, https:\/\/sacredeasttravel.com\/wp-content\/uploads\/2021\/04\/outside-view-300x200.jpg 300w, https:\/\/sacredeasttravel.com\/wp-content\/uploads\/2021\/04\/outside-view-768x512.jpg 768w, https:\/\/sacredeasttravel.com\/wp-content\/uploads\/2021\/04\/outside-view-16x12.jpg 16w, https:\/\/sacredeasttravel.com\/wp-content\/uploads\/2021\/04\/outside-view-600x400.jpg 600w\" sizes=\"(max-width: 900px) 100vw, 900px\" \/><\/div>\n\t\t<\/figure>\n\t<\/div>\n\n\t<div class=\"wpb_text_column wpb_content_element\" >\n\t\t<div class=\"wpb_wrapper\">\n\t\t\t<h2><strong>L\u2019\u00e9glise Arm\u00e9nienne<\/strong><\/h2>\n<hr class=\"divider active horizontal-break small\" \/>\n\n\t\t<\/div>\n\t<\/div>\n\n\t<div class=\"wpb_text_column wpb_content_element\" >\n\t\t<div class=\"wpb_wrapper\">\n\t\t\t<p>L'\u00e9glise arm\u00e9nienne de Notre-Dame \u00e0 Samarkand a \u00e9t\u00e9 construite en 1903. Les fonds pour sa construction ont \u00e9t\u00e9 recueillis par la communaut\u00e9 am\u00e9nienne de la ville. <br><br>\nLes premiers arm\u00e9niens arrivent \u00e0 Samarkand sous le r\u00e8gne de Tamerlan, au XIV si\u00e8cle. La communaut\u00e9 arm\u00e9nienne a consid\u00e9rablement grandi au XIXe si\u00e8cle, lorsque les pays d'Asie Centrale deviennent provinces de l'Empire de Russie. En 1897, Samarkand comptait 149 arm\u00e9niens, dont la plupart \u00e9taient des hommes. La m\u00eame ann\u00e9e, une petite diaspora arm\u00e9nienne a d\u00e9l\u00e9gu\u00e9 ses repr\u00e9sentants aupr\u00e8s du gouverneur de la ville pour demander l'autorisation \u00e0 l'ouverture d'une \u00e9glise. L'autorisation a \u00e9t\u00e9 d\u00e9livr\u00e9e et, en automne 1898, le p\u00e8re Gu\u00e9vorg Zakharianz a commenc\u00e9 \u00e0 officier. Initialement, les offices avaient lieu dans une maison lou\u00e9e. Mais avec la croissance de la communaut\u00e9, cet espace n'\u00e9tait plus suffisant. Au d\u00e9but de 1903, il a \u00e9t\u00e9 d\u00e9cid\u00e9 de construire une \u00e9glise, laquelle a \u00e9t\u00e9 \u00e9rig\u00e9e \u00e0 la fin de la m\u00eame ann\u00e9e. L'\u00e9glise \u00e9tait en effet construite par les paroissiens et gr\u00e2ce \u00e0 leurs fonds personnels. En 1905, une \u00e9cole du dimanche a \u00e9t\u00e9 ouverte aupr\u00e8s de l'\u00e9glise. Apr\u00e8s la r\u00e9volution et l'arriv\u00e9e des Soviets, l'\u00e9glise \u00e9tait ouverte pendant un certain temps: c'\u00e9tait le lieu pour c\u00e9l\u00e9brer les f\u00eates religieuses, baptiser et se marier. L'histoire et les bases des la culture chr\u00e9tienne y \u00e9taient enseign\u00e9es aux enfants. En 1933 l'\u00e9glise a \u00e9t\u00e9 ferm\u00e9e, et l'\u00e9tait pendant plusieurs d\u00e9c\u00e9nnies. Ce n'est qu'en 1991 que des pr\u00eatres y ont \u00e9t\u00e9 de retour.<\/p>\n\n\t\t<\/div>\n\t<\/div>\n<\/div><\/div><\/div><\/div><div class=\"vc_row wpb_row vc_row-fluid\"><div class=\"wpb_column vc_column_container vc_col-sm-12\"><div class=\"vc_column-inner\"><div class=\"wpb_wrapper\"><\/div><\/div><\/div><\/div>","protected":false},"excerpt":{"rendered":"Armenian church In Samarkand, the Armenian cultural and national center was opened at the Armenian church of St. Astvatsatsin (Holy Mother of God. The Armenian...","protected":false},"author":1,"featured_media":0,"parent":23200,"menu_order":0,"comment_status":"closed","ping_status":"closed","template":"","meta":[],"_links":{"self":[{"href":"https:\/\/sacredeasttravel.com\/fr\/wp-json\/wp\/v2\/pages\/23653"}],"collection":[{"href":"https:\/\/sacredeasttravel.com\/fr\/wp-json\/wp\/v2\/pages"}],"about":[{"href":"https:\/\/sacredeasttravel.com\/fr\/wp-json\/wp\/v2\/types\/page"}],"author":[{"embeddable":true,"href":"https:\/\/sacredeasttravel.com\/fr\/wp-json\/wp\/v2\/users\/1"}],"replies":[{"embeddable":true,"href":"https:\/\/sacredeasttravel.com\/fr\/wp-json\/wp\/v2\/comments?post=23653"}],"version-history":[{"count":1,"href":"https:\/\/sacredeasttravel.com\/fr\/wp-json\/wp\/v2\/pages\/23653\/revisions"}],"predecessor-version":[{"id":23655,"href":"https:\/\/sacredeasttravel.com\/fr\/wp-json\/wp\/v2\/pages\/23653\/revisions\/23655"}],"up":[{"embeddable":true,"href":"https:\/\/sacredeasttravel.com\/fr\/wp-json\/wp\/v2\/pages\/23200"}],"wp:attachment":[{"href":"https:\/\/sacredeasttravel.com\/fr\/wp-json\/wp\/v2\/media?parent=23653"}],"curies":[{"name":"wp","href":"https:\/\/api.w.org\/{rel}","templated":true}]}}