{"id":23656,"date":"2021-04-20T10:52:47","date_gmt":"2021-04-20T10:52:47","guid":{"rendered":"https:\/\/sacredeasttravel.com\/?page_id=23656"},"modified":"2021-04-20T10:52:47","modified_gmt":"2021-04-20T10:52:47","slug":"bazaars-of-samarkand","status":"publish","type":"page","link":"https:\/\/sacredeasttravel.com\/fr\/uzbekistan\/samarkand\/bazaars-of-samarkand\/","title":{"rendered":"Bazar Siab"},"content":{"rendered":"<div class=\"vc_row wpb_row vc_row-fluid\"><div class=\"wpb_column vc_column_container vc_col-sm-12\"><div class=\"vc_column-inner\"><div class=\"wpb_wrapper\">\n\t<div  class=\"wpb_single_image wpb_content_element vc_align_left\">\n\t\t\n\t\t<figure class=\"wpb_wrapper vc_figure\">\n\t\t\t<div class=\"vc_single_image-wrapper   vc_box_border_grey\"><img width=\"900\" height=\"600\" src=\"https:\/\/sacredeasttravel.com\/wp-content\/uploads\/2021\/04\/bazar.jpg\" class=\"vc_single_image-img attachment-full\" alt=\"\" decoding=\"async\" loading=\"lazy\" srcset=\"https:\/\/sacredeasttravel.com\/wp-content\/uploads\/2021\/04\/bazar.jpg 900w, https:\/\/sacredeasttravel.com\/wp-content\/uploads\/2021\/04\/bazar-300x200.jpg 300w, https:\/\/sacredeasttravel.com\/wp-content\/uploads\/2021\/04\/bazar-768x512.jpg 768w, https:\/\/sacredeasttravel.com\/wp-content\/uploads\/2021\/04\/bazar-16x12.jpg 16w, https:\/\/sacredeasttravel.com\/wp-content\/uploads\/2021\/04\/bazar-600x400.jpg 600w\" sizes=\"(max-width: 900px) 100vw, 900px\" \/><\/div>\n\t\t<\/figure>\n\t<\/div>\n\n\t<div class=\"wpb_text_column wpb_content_element\" >\n\t\t<div class=\"wpb_wrapper\">\n\t\t\t<h2><strong>Bazar Siab<\/strong><\/h2>\n<hr class=\"divider active horizontal-break small\" \/>\n\n\t\t<\/div>\n\t<\/div>\n\n\t<div class=\"wpb_text_column wpb_content_element\" >\n\t\t<div class=\"wpb_wrapper\">\n\t\t\t<p><b>Subtilit\u00e9 du march\u00e9 oriental<\/b><br><br>\nVisiter Samarkand et ne pas visiter le march\u00e9 de Siab signifie rater l'une des aventures les plus int\u00e9ressantes. Le march\u00e9 oriental est un endroit sp\u00e9cial o\u00f9 vous pouvez ressentir une atmosph\u00e8re vivante de la ville antique. Il y a de nombreuses ann\u00e9es, les bazars \u00e9taient les principaux points strat\u00e9giques du d\u00e9veloppement commercial de la Grande Route de la Soie. Siab Bazaar \u00e0 Samarkand est l'un des sites incontournables les plus int\u00e9ressants et les plus anciens.<\/p>\n<p><b>Particularit\u00e9s du Siab Bazar<\/b><br><br>\nLe march\u00e9 de Siab est id\u00e9alement situ\u00e9, avec le grand mosqu\u00e9e de Bibi-Khanim en seulement quelques minutes \u00e0 pied. Il y a un autre point de rep\u00e8re non loin du bazar - Mosqu\u00e9e Hazrat Khizir. Le domaine du march\u00e9 impressionne par ses 5 ha de rangs commerciaux. L'entr\u00e9e principale se pr\u00e9sente sous la forme d'un haut arc \u00e0 trois volets orn\u00e9 de mosa\u00efques bleues. Les rang\u00e9es commerciales sont sous des tentes qui prot\u00e8gent le bazar du soleil br\u00fblant en \u00e9t\u00e9 et du vent et de la pluie en hiver.\nEn franchissant le seuil de l'arche, vous vous retrouverez dans une atmosph\u00e8re diff\u00e9rente, plut\u00f4t magique avec beaucoup de couleurs vives autour de vous, un brouhaha de voix de clients et de commer\u00e7ants, et certainement une abondance de fruits et l\u00e9gumes. Siab Bazaar ne dort pratiquement jamais. L\u00e0, les achats et les ventes commencent avant le lever du soleil et se terminent tard dans la soir\u00e9e.\n\nSiab Bazaar est un march\u00e9 dekhkan (agricole); vous y trouverez principalement des l\u00e9gumes et des fruits cultiv\u00e9s en Ouzb\u00e9kistan, ainsi que des produits artisanaux locaux. Les rang\u00e9es commerciales sont conditionnellement divis\u00e9es en fonction des types de marchandises. Les vendeurs locaux disent que les fruits secs, les bonbons et les noix de Siab sont si savoureux que les habitants de la capitale s'y rendent pour leur part. Il est \u00e9galement possible de rencontrer un grand nombre et sortes d'\u00e9pices au bazar, m\u00eame les plus rares. Outre les produits comestibles, vous pouvez acheter des pi\u00e8ces d'artisans et de ma\u00eetres locaux.\n\nUne attention particuli\u00e8re doit \u00eatre accord\u00e9e \u00e0 une rang\u00e9e de pain, car le pain Samarkand est une sorte sp\u00e9ciale de produit de farine locale. Vous pouvez voir plus de 17 sortes de pain au march\u00e9 de Siab.\n<br><br>Qu'est-ce qu'un march\u00e9 oriental sans d\u00e9gustation?! l\u00e0-bas, comme dans tout autre bazar, les vendeurs bienveillants vous permettront non seulement de go\u00fbter le produit avant de l'acheter, mais insisteront \u00e9galement dessus. Assur\u00e9ment, la principale subtilit\u00e9 du bazar oriental est une tradition de n\u00e9gociation. Chaque acheteur a le devoir de n\u00e9gocier avec le vendeur avant un achat. Il ne s'agit pas de r\u00e9duire le prix, mais plut\u00f4t d'une habitude que les habitants asiatiques ont form\u00e9e depuis l'enfance. Celui qui montre le talent y gagnera \u00e0 la fin.\n\n\u00c0 l'exception des produits frais et divers, le march\u00e9 de Siab \u00e0 Samarkand a une autre caract\u00e9ristique: c'est l'endroit o\u00f9 vous pouvez d\u00e9couvrir les derni\u00e8res nouvelles et les \u00e9v\u00e9nements qui se d\u00e9roulent dans la ville. Les Ouzbeks sont tr\u00e8s sociables et les gens s'impliquent dans des conversations m\u00eame avec des \u00e9trangers.\n\nApr\u00e8s avoir visit\u00e9 ce bazar, vous plongerez dans l'ambiance festive de Samarkand, myst\u00e9rieuse et pourrez comprendre la ville historique sur la Grande Route de la Soie. Avec des fruits m\u00fbrs et du pain chaud; vous emporterez avec vous un morceau d'ambiance orientale qui restera avec vous pour toujours.<\/p>\n\n\t\t<\/div>\n\t<\/div>\n<\/div><\/div><\/div><\/div><div class=\"vc_row wpb_row vc_row-fluid\"><div class=\"wpb_column vc_column_container vc_col-sm-12\"><div class=\"vc_column-inner\"><div class=\"wpb_wrapper\"><\/div><\/div><\/div><\/div>","protected":false},"excerpt":{"rendered":"Bazaars of Samarkand The real bazaar should reveal the features of living creature to speak (make a buzz), boil up (because of permanently moving human...","protected":false},"author":1,"featured_media":0,"parent":23200,"menu_order":0,"comment_status":"closed","ping_status":"closed","template":"","meta":[],"_links":{"self":[{"href":"https:\/\/sacredeasttravel.com\/fr\/wp-json\/wp\/v2\/pages\/23656"}],"collection":[{"href":"https:\/\/sacredeasttravel.com\/fr\/wp-json\/wp\/v2\/pages"}],"about":[{"href":"https:\/\/sacredeasttravel.com\/fr\/wp-json\/wp\/v2\/types\/page"}],"author":[{"embeddable":true,"href":"https:\/\/sacredeasttravel.com\/fr\/wp-json\/wp\/v2\/users\/1"}],"replies":[{"embeddable":true,"href":"https:\/\/sacredeasttravel.com\/fr\/wp-json\/wp\/v2\/comments?post=23656"}],"version-history":[{"count":1,"href":"https:\/\/sacredeasttravel.com\/fr\/wp-json\/wp\/v2\/pages\/23656\/revisions"}],"predecessor-version":[{"id":23658,"href":"https:\/\/sacredeasttravel.com\/fr\/wp-json\/wp\/v2\/pages\/23656\/revisions\/23658"}],"up":[{"embeddable":true,"href":"https:\/\/sacredeasttravel.com\/fr\/wp-json\/wp\/v2\/pages\/23200"}],"wp:attachment":[{"href":"https:\/\/sacredeasttravel.com\/fr\/wp-json\/wp\/v2\/media?parent=23656"}],"curies":[{"name":"wp","href":"https:\/\/api.w.org\/{rel}","templated":true}]}}