{"id":23719,"date":"2021-04-21T08:56:01","date_gmt":"2021-04-21T08:56:01","guid":{"rendered":"https:\/\/sacredeasttravel.com\/?page_id=23719"},"modified":"2021-04-21T08:56:01","modified_gmt":"2021-04-21T08:56:01","slug":"nuratau-natural-reserve","status":"publish","type":"page","link":"https:\/\/sacredeasttravel.com\/fr\/uzbekistan\/nurata\/nuratau-natural-reserve\/","title":{"rendered":"R\u00e9serve naturelle de Nuratau"},"content":{"rendered":"<div class=\"vc_row wpb_row vc_row-fluid\"><div class=\"wpb_column vc_column_container vc_col-sm-12\"><div class=\"vc_column-inner\"><div class=\"wpb_wrapper\">\n\t<div  class=\"wpb_single_image wpb_content_element vc_align_left\">\n\t\t\n\t\t<figure class=\"wpb_wrapper vc_figure\">\n\t\t\t<div class=\"vc_single_image-wrapper   vc_box_border_grey\"><img width=\"900\" height=\"600\" src=\"https:\/\/sacredeasttravel.com\/wp-content\/uploads\/2021\/04\/mountain-lake.jpg\" class=\"vc_single_image-img attachment-full\" alt=\"\" decoding=\"async\" loading=\"lazy\" srcset=\"https:\/\/sacredeasttravel.com\/wp-content\/uploads\/2021\/04\/mountain-lake.jpg 900w, https:\/\/sacredeasttravel.com\/wp-content\/uploads\/2021\/04\/mountain-lake-300x200.jpg 300w, https:\/\/sacredeasttravel.com\/wp-content\/uploads\/2021\/04\/mountain-lake-768x512.jpg 768w, https:\/\/sacredeasttravel.com\/wp-content\/uploads\/2021\/04\/mountain-lake-16x12.jpg 16w, https:\/\/sacredeasttravel.com\/wp-content\/uploads\/2021\/04\/mountain-lake-600x400.jpg 600w\" sizes=\"(max-width: 900px) 100vw, 900px\" \/><\/div>\n\t\t<\/figure>\n\t<\/div>\n\n\t<div class=\"wpb_text_column wpb_content_element\" >\n\t\t<div class=\"wpb_wrapper\">\n\t\t\t<h2><strong>R\u00e9serve naturelle de Nuratau<\/strong><\/h2>\n<hr class=\"divider active horizontal-break small\" \/>\n\n\t\t<\/div>\n\t<\/div>\n\n\t<div class=\"wpb_text_column wpb_content_element\" >\n\t\t<div class=\"wpb_wrapper\">\n\t\t\t<p>La r\u00e9serve naturelle de Nuratau occupe la place centrale dans les montagnes. Elle a \u00e9t\u00e9 fond\u00e9e en 1975 dans le but de prot\u00e9ger et de pr\u00e9server le mouton sauvage Severtzov (Ovis Ammon Severtzovi), en danger d'extinction, et \u00e9galement de prot\u00e9ger une esp\u00e8ce rare de noix. En outre, la r\u00e9serve naturelle de Nuratau abrite plus de 160 esp\u00e8ces d'oiseaux. Plus de 630 types de plantes poussent ici, dont la plupart sont uniques et ne se trouvent qu'ici.<\/p>\n<p>Le relief de la r\u00e9serve se compose principalement de montagnes avec une abondance de ruisseaux de montagne. Pr\u00e8s du plus grand ruisseau Madjerum, vous trouverez l'arbre mill\u00e9naire - Biota Orientalis. Son creux peut accueillir cinq personnes et la circonf\u00e9rence de cet arbre fait plus de 8 m\u00e8tres. Selon la l\u00e9gende, le biote a \u00e9t\u00e9 plant\u00e9 par Alexandre le Grand sur la tombe de l'un de ses commandants. Les populations locales disent que l'arbre a des propri\u00e9t\u00e9s curatives et est m\u00eame capable de r\u00e9aliser les souhaits chers. Pr\u00e8s de l'arbre, il y a la mosqu\u00e9e en ruine centenaire, qui est \u00e9galement consid\u00e9r\u00e9e comme le lieu du miracle, et la forteresse Madjerum-Kala, o\u00f9 les arch\u00e9ologues ont trouv\u00e9 des articles m\u00e9nagers du 3-4\u00e8me si\u00e8cle.<\/p>\n\n\t\t<\/div>\n\t<\/div>\n<\/div><\/div><\/div><\/div><div class=\"vc_row wpb_row vc_row-fluid\"><div class=\"wpb_column vc_column_container vc_col-sm-12\"><div class=\"vc_column-inner\"><div class=\"wpb_wrapper\"><\/div><\/div><\/div><\/div>","protected":false},"excerpt":{"rendered":"Nuratau Natural Reserve Nuratau Natural Reserve takes the central place in mountains. It was founded in 1975 in order to protect and preserve the highly...","protected":false},"author":1,"featured_media":0,"parent":23408,"menu_order":0,"comment_status":"closed","ping_status":"closed","template":"","meta":[],"_links":{"self":[{"href":"https:\/\/sacredeasttravel.com\/fr\/wp-json\/wp\/v2\/pages\/23719"}],"collection":[{"href":"https:\/\/sacredeasttravel.com\/fr\/wp-json\/wp\/v2\/pages"}],"about":[{"href":"https:\/\/sacredeasttravel.com\/fr\/wp-json\/wp\/v2\/types\/page"}],"author":[{"embeddable":true,"href":"https:\/\/sacredeasttravel.com\/fr\/wp-json\/wp\/v2\/users\/1"}],"replies":[{"embeddable":true,"href":"https:\/\/sacredeasttravel.com\/fr\/wp-json\/wp\/v2\/comments?post=23719"}],"version-history":[{"count":0,"href":"https:\/\/sacredeasttravel.com\/fr\/wp-json\/wp\/v2\/pages\/23719\/revisions"}],"up":[{"embeddable":true,"href":"https:\/\/sacredeasttravel.com\/fr\/wp-json\/wp\/v2\/pages\/23408"}],"wp:attachment":[{"href":"https:\/\/sacredeasttravel.com\/fr\/wp-json\/wp\/v2\/media?parent=23719"}],"curies":[{"name":"wp","href":"https:\/\/api.w.org\/{rel}","templated":true}]}}