{"id":23722,"date":"2021-04-21T08:58:46","date_gmt":"2021-04-21T08:58:46","guid":{"rendered":"https:\/\/sacredeasttravel.com\/?page_id=23722"},"modified":"2021-04-21T08:58:46","modified_gmt":"2021-04-21T08:58:46","slug":"aydarkul-lake","status":"publish","type":"page","link":"https:\/\/sacredeasttravel.com\/fr\/uzbekistan\/nurata\/aydarkul-lake\/","title":{"rendered":"Lac Aydarkul"},"content":{"rendered":"<div class=\"vc_row wpb_row vc_row-fluid\"><div class=\"wpb_column vc_column_container vc_col-sm-12\"><div class=\"vc_column-inner\"><div class=\"wpb_wrapper\">\n\t<div  class=\"wpb_single_image wpb_content_element vc_align_left\">\n\t\t\n\t\t<figure class=\"wpb_wrapper vc_figure\">\n\t\t\t<div class=\"vc_single_image-wrapper   vc_box_border_grey\"><img width=\"900\" height=\"600\" src=\"https:\/\/sacredeasttravel.com\/wp-content\/uploads\/2021\/04\/aydarkul-lake1.jpg\" class=\"vc_single_image-img attachment-full\" alt=\"\" decoding=\"async\" loading=\"lazy\" srcset=\"https:\/\/sacredeasttravel.com\/wp-content\/uploads\/2021\/04\/aydarkul-lake1.jpg 900w, https:\/\/sacredeasttravel.com\/wp-content\/uploads\/2021\/04\/aydarkul-lake1-300x200.jpg 300w, https:\/\/sacredeasttravel.com\/wp-content\/uploads\/2021\/04\/aydarkul-lake1-768x512.jpg 768w, https:\/\/sacredeasttravel.com\/wp-content\/uploads\/2021\/04\/aydarkul-lake1-16x12.jpg 16w, https:\/\/sacredeasttravel.com\/wp-content\/uploads\/2021\/04\/aydarkul-lake1-600x400.jpg 600w\" sizes=\"(max-width: 900px) 100vw, 900px\" \/><\/div>\n\t\t<\/figure>\n\t<\/div>\n\n\t<div class=\"wpb_text_column wpb_content_element\" >\n\t\t<div class=\"wpb_wrapper\">\n\t\t\t<h2><strong>Lac Aydarkul<\/strong><\/h2>\n<hr class=\"divider active horizontal-break small\" \/>\n\n\t\t<\/div>\n\t<\/div>\n\n\t<div class=\"wpb_text_column wpb_content_element\" >\n\t\t<div class=\"wpb_wrapper\">\n\t\t\t<p>Le lac au milieu du d\u00e9sert n'est pas le mirage, mais le vrai miracle de la nature. Il s'appelle Aydarkul. L'origine du lac cristallin au sud-est du d\u00e9sert de Kyzylkum est tr\u00e8s myst\u00e9rieuse. Bien qu'il y ait une explication scientifique. Pr\u00e9c\u00e9demment, exc\u00e8s d'eaux de drainage rejet\u00e9 \u00e0 Arnasay Hollow avec des terres salines. Mais \u00e0 l'\u00e9t\u00e9 1969, les eaux extr\u00eamement hautes de la rivi\u00e8re Syrdarya ont d\u00e9pass\u00e9 la capacit\u00e9 du r\u00e9servoir de Chardarya et l'eau a rempli le creux d'Arnasay. Beaucoup de poissons sont apparus dans le lac.<\/p>\n<p>Aujourd'hui, la superficie du lac Aydarkul est de 3000 m\u00e8tres carr\u00e9s, la longueur - pr\u00e8s de 250 km et la largeur - de 8 \u00e0 15 km. La zone autour du lac les meilleures suites pour les promenades et les promenades \u00e0 cheval et \u00e0 dos de chameau. La faune est tr\u00e8s riche. Au printemps et en \u00e9t\u00e9, les prairies alpines regorgent de couleurs vari\u00e9es - tulipes rouge vif et acacia blanc neigeux. En haut des montagnes, des cigognes noires construisent leurs nids. Cette esp\u00e8ce d'oiseau est r\u00e9pertori\u00e9e dans le livre rouge de nombreux pays. Au d\u00e9but du printemps, quand Arnasay est rempli d'eau, des milliers de canards, d'oies, de p\u00e9licans et de h\u00e9rons affluent ici. Les touristes peuvent p\u00eacher, nager et bronzer ici.<\/p>\n\n\t\t<\/div>\n\t<\/div>\n<\/div><\/div><\/div><\/div><div class=\"vc_row wpb_row vc_row-fluid\"><div class=\"wpb_column vc_column_container vc_col-sm-12\"><div class=\"vc_column-inner\"><div class=\"wpb_wrapper\"><\/div><\/div><\/div><\/div>","protected":false},"excerpt":{"rendered":"Aydarkul Lake Lake in the middle of desert is not the mirage, but the real miracle of nature. It is called Aydarkul. Origin of crystal...","protected":false},"author":1,"featured_media":0,"parent":23408,"menu_order":0,"comment_status":"closed","ping_status":"closed","template":"","meta":[],"_links":{"self":[{"href":"https:\/\/sacredeasttravel.com\/fr\/wp-json\/wp\/v2\/pages\/23722"}],"collection":[{"href":"https:\/\/sacredeasttravel.com\/fr\/wp-json\/wp\/v2\/pages"}],"about":[{"href":"https:\/\/sacredeasttravel.com\/fr\/wp-json\/wp\/v2\/types\/page"}],"author":[{"embeddable":true,"href":"https:\/\/sacredeasttravel.com\/fr\/wp-json\/wp\/v2\/users\/1"}],"replies":[{"embeddable":true,"href":"https:\/\/sacredeasttravel.com\/fr\/wp-json\/wp\/v2\/comments?post=23722"}],"version-history":[{"count":0,"href":"https:\/\/sacredeasttravel.com\/fr\/wp-json\/wp\/v2\/pages\/23722\/revisions"}],"up":[{"embeddable":true,"href":"https:\/\/sacredeasttravel.com\/fr\/wp-json\/wp\/v2\/pages\/23408"}],"wp:attachment":[{"href":"https:\/\/sacredeasttravel.com\/fr\/wp-json\/wp\/v2\/media?parent=23722"}],"curies":[{"name":"wp","href":"https:\/\/api.w.org\/{rel}","templated":true}]}}