{"id":23734,"date":"2021-04-21T09:10:24","date_gmt":"2021-04-21T09:10:24","guid":{"rendered":"https:\/\/sacredeasttravel.com\/?page_id=23734"},"modified":"2021-04-21T09:10:24","modified_gmt":"2021-04-21T09:10:24","slug":"dorut-tilovat-memorial-complex","status":"publish","type":"page","link":"https:\/\/sacredeasttravel.com\/fr\/uzbekistan\/shakhrisabz\/dorut-tilovat-memorial-complex\/","title":{"rendered":"Ensemble Dor-ut Tilovat"},"content":{"rendered":"<div class=\"vc_row wpb_row vc_row-fluid\"><div class=\"wpb_column vc_column_container vc_col-sm-12\"><div class=\"vc_column-inner\"><div class=\"wpb_wrapper\">\n\t<div  class=\"wpb_single_image wpb_content_element vc_align_left\">\n\t\t\n\t\t<figure class=\"wpb_wrapper vc_figure\">\n\t\t\t<div class=\"vc_single_image-wrapper   vc_box_border_grey\"><img width=\"900\" height=\"600\" src=\"https:\/\/sacredeasttravel.com\/wp-content\/uploads\/2021\/04\/dor-ut-tilovat.jpg\" class=\"vc_single_image-img attachment-full\" alt=\"\" decoding=\"async\" loading=\"lazy\" srcset=\"https:\/\/sacredeasttravel.com\/wp-content\/uploads\/2021\/04\/dor-ut-tilovat.jpg 900w, https:\/\/sacredeasttravel.com\/wp-content\/uploads\/2021\/04\/dor-ut-tilovat-300x200.jpg 300w, https:\/\/sacredeasttravel.com\/wp-content\/uploads\/2021\/04\/dor-ut-tilovat-768x512.jpg 768w, https:\/\/sacredeasttravel.com\/wp-content\/uploads\/2021\/04\/dor-ut-tilovat-16x12.jpg 16w, https:\/\/sacredeasttravel.com\/wp-content\/uploads\/2021\/04\/dor-ut-tilovat-600x400.jpg 600w\" sizes=\"(max-width: 900px) 100vw, 900px\" \/><\/div>\n\t\t<\/figure>\n\t<\/div>\n\n\t<div class=\"wpb_text_column wpb_content_element\" >\n\t\t<div class=\"wpb_wrapper\">\n\t\t\t<h2>\u00a0<strong>Ensemble Dor-ut Tilovat<\/strong><\/h2>\n<hr class=\"divider active horizontal-break small\" \/>\n\n\t\t<\/div>\n\t<\/div>\n\n\t<div class=\"wpb_text_column wpb_content_element\" >\n\t\t<div class=\"wpb_wrapper\">\n\t\t\t<p>Le complexe comm\u00e9moratif Dor-ut Tilovat a \u00e9t\u00e9 form\u00e9 apr\u00e8s la mort en 1370-1371 de l'\u00e9minent chef religieux Shamsiddin Kulal, le fondateur du soufisme, le mentor spirituel de l'\u00e9mir Taragay et de Timur lui-m\u00eame, et le professeur de Bahauddin Naqshbandi. Sa tombe est imm\u00e9diatement devenue un lieu de r\u00e9v\u00e9rence pour ses nombreux disciples.<\/p>\n<p>\u00c0 c\u00f4t\u00e9 de la tombe de Cheikh Kulal se trouvait le b\u00e2timent de la madrasa Dor-ut Tilovat. Les restes de l'\u00e9mir Taragay ont \u00e9t\u00e9 transf\u00e9r\u00e9s dans l'une de ses chambres. Sous le r\u00e8gne de Timur, la tombe de Kulal \u00e9tait recouverte de dalles de marbre onyx. Plus tard, sous le r\u00e8gne d'Ulughbek, un mausol\u00e9e en forme de d\u00f4me a \u00e9t\u00e9 \u00e9rig\u00e9 sur le site de l'enterrement de Shamsiddin Kulal et sur les restes d'un b\u00e2timent plus ancien et plus modeste. La mosqu\u00e9e Ko'k-Gumbaz (Blue Dome) a \u00e9t\u00e9 construite en face du mausol\u00e9e et sur le m\u00eame axe en 1435. Une inscription sur son portail indique que la mosqu\u00e9e a \u00e9t\u00e9 construite par Ulughbek au nom de son p\u00e8re, Shakhrukh. Elle est \u00e9galement connue sous le nom de mosqu\u00e9e du vendredi de Shahrisabz.<\/p>\n<p>En 1437-1438, deux ans apr\u00e8s la construction de la mosqu\u00e9e, un caveau fun\u00e9raire (makbarat) pour les descendants et les membres du clan Timurid a \u00e9t\u00e9 construit, sur ordre d'Oulghbek, \u00e0 c\u00f4t\u00e9 du mur sud du mausol\u00e9e de Shamsiddin Kulal. Parmi les pierres tombales en marbre des XV-XVII si\u00e8cles transf\u00e9r\u00e9es au caveau fun\u00e9raire \u00e0 plusieurs reprises depuis le cimeti\u00e8re voisin, il existe plusieurs exemples qui mentionnent les noms des Termez Sayyids. C'est \u00e0 l'origine du deuxi\u00e8me nom, et plus tardif, du caveau, le Gumbazi-Sayidon (D\u00f4me des Sayyids).<\/p>\n<p>Ainsi, autour de la cour ferm\u00e9e de la madrasa Doruttilovat, un complexe comm\u00e9moratif unifi\u00e9 du m\u00eame nom a pris forme tout au long des XIV et XV si\u00e8cles - le mausol\u00e9e de Shamsiddin Kulal, la madrasa elle-m\u00eame avec le gurkhana de l'\u00e9mir Taragay, la mosqu\u00e9e et le makbarat, ou vo\u00fbte fun\u00e9raire, d'Ulughbek. Entre les deux c\u00e9l\u00e8bres ensembles comm\u00e9moratifs de Shahrisabz, le Dor-us Siyodat et le Dor-ut Tilovat, se trouvait un ancien cimeti\u00e8re, o\u00f9 des membres de l'aristocratie locale et du clerg\u00e9 \u00e9taient enterr\u00e9s.<\/p>\n\n\t\t<\/div>\n\t<\/div>\n<\/div><\/div><\/div><\/div><div class=\"vc_row wpb_row vc_row-fluid\"><div class=\"wpb_column vc_column_container vc_col-sm-12\"><div class=\"vc_column-inner\"><div class=\"wpb_wrapper\"><\/div><\/div><\/div><\/div>","protected":false},"excerpt":{"rendered":"\u00a0Dorut-Tilovat Memorial Complex The Dor-ut Tilovat memorial complex was formed after the death in 1370-1371 of the eminent religious leader Shamsiddin Kulal, the founder of...","protected":false},"author":1,"featured_media":0,"parent":23437,"menu_order":0,"comment_status":"closed","ping_status":"closed","template":"","meta":[],"_links":{"self":[{"href":"https:\/\/sacredeasttravel.com\/fr\/wp-json\/wp\/v2\/pages\/23734"}],"collection":[{"href":"https:\/\/sacredeasttravel.com\/fr\/wp-json\/wp\/v2\/pages"}],"about":[{"href":"https:\/\/sacredeasttravel.com\/fr\/wp-json\/wp\/v2\/types\/page"}],"author":[{"embeddable":true,"href":"https:\/\/sacredeasttravel.com\/fr\/wp-json\/wp\/v2\/users\/1"}],"replies":[{"embeddable":true,"href":"https:\/\/sacredeasttravel.com\/fr\/wp-json\/wp\/v2\/comments?post=23734"}],"version-history":[{"count":1,"href":"https:\/\/sacredeasttravel.com\/fr\/wp-json\/wp\/v2\/pages\/23734\/revisions"}],"predecessor-version":[{"id":23736,"href":"https:\/\/sacredeasttravel.com\/fr\/wp-json\/wp\/v2\/pages\/23734\/revisions\/23736"}],"up":[{"embeddable":true,"href":"https:\/\/sacredeasttravel.com\/fr\/wp-json\/wp\/v2\/pages\/23437"}],"wp:attachment":[{"href":"https:\/\/sacredeasttravel.com\/fr\/wp-json\/wp\/v2\/media?parent=23734"}],"curies":[{"name":"wp","href":"https:\/\/api.w.org\/{rel}","templated":true}]}}