{"id":23756,"date":"2021-04-21T11:06:03","date_gmt":"2021-04-21T11:06:03","guid":{"rendered":"https:\/\/sacredeasttravel.com\/?page_id=23756"},"modified":"2021-04-21T11:06:03","modified_gmt":"2021-04-21T11:06:03","slug":"ichan-kala","status":"publish","type":"page","link":"https:\/\/sacredeasttravel.com\/fr\/uzbekistan\/khiva\/ichan-kala\/","title":{"rendered":"Itchan-Kala"},"content":{"rendered":"<div class=\"vc_row wpb_row vc_row-fluid\"><div class=\"wpb_column vc_column_container vc_col-sm-12\"><div class=\"vc_column-inner\"><div class=\"wpb_wrapper\">\n\t<div  class=\"wpb_single_image wpb_content_element vc_align_left\">\n\t\t\n\t\t<figure class=\"wpb_wrapper vc_figure\">\n\t\t\t<div class=\"vc_single_image-wrapper   vc_box_border_grey\"><img width=\"900\" height=\"600\" src=\"https:\/\/sacredeasttravel.com\/wp-content\/uploads\/2021\/04\/itchan-kala3.jpg\" class=\"vc_single_image-img attachment-full\" alt=\"\" decoding=\"async\" loading=\"lazy\" srcset=\"https:\/\/sacredeasttravel.com\/wp-content\/uploads\/2021\/04\/itchan-kala3.jpg 900w, https:\/\/sacredeasttravel.com\/wp-content\/uploads\/2021\/04\/itchan-kala3-300x200.jpg 300w, https:\/\/sacredeasttravel.com\/wp-content\/uploads\/2021\/04\/itchan-kala3-768x512.jpg 768w, https:\/\/sacredeasttravel.com\/wp-content\/uploads\/2021\/04\/itchan-kala3-16x12.jpg 16w, https:\/\/sacredeasttravel.com\/wp-content\/uploads\/2021\/04\/itchan-kala3-600x400.jpg 600w\" sizes=\"(max-width: 900px) 100vw, 900px\" \/><\/div>\n\t\t<\/figure>\n\t<\/div>\n\n\t<div class=\"wpb_text_column wpb_content_element\" >\n\t\t<div class=\"wpb_wrapper\">\n\t\t\t<h2><strong>Itchan-Kala<\/strong><\/h2>\n<hr class=\"divider active horizontal-break small\" \/>\n\n\t\t<\/div>\n\t<\/div>\n\n\t<div class=\"wpb_text_column wpb_content_element\" >\n\t\t<div class=\"wpb_wrapper\">\n\t\t\t<p>Qu'est-ce que Itchan-Kala? Dans l'ancienne Khiva, ainsi que dans d'autres villes de l'est, \u00e9tait divis\u00e9e en trois parties: la forteresse - Kunya-Ark, la banlieue - Dishan-Kala et la ville - Itchan-Kala.<\/p>\n<p>Aujourd'hui Itchan-Kala (Ichan Kala) est un mus\u00e9e en plein air. C'est la partie ancienne de la ville, entour\u00e9e de murailles et transform\u00e9e en mus\u00e9e arch\u00e9ologique historique d'\u00c9tat. Ici, sur le vaste territoire de 26 hectares, l'image exotique de la ville orientale a \u00e9t\u00e9 pr\u00e9serv\u00e9e. Mais le plus frappant est qu'Itchan-Kala n'est pas une ville mus\u00e9e gel\u00e9e. C'est une maison pour 300 familles, principalement engag\u00e9es dans l'artisanat.<\/p>\n<p>Le mur d'argile (plus de 2 km de long, jusqu'\u00e0 10 m et 5-6 m d'\u00e9paisseur) qui entoure la ville d'Itchan-Kala, a quatre portes - \u00e0 chaque coin de la terre. Porte ouest - Ata Darwaza. La porte Bagci m\u00e8ne \u00e0 Urgench, l'ancienne capitale de Khorezm, la porte Palvan ouvre la voie \u00e0 l'Amu Darya puis dans une direction est, et la porte \u00abTash\u00bb - dans une direction sud.<\/p>\n<p>\u00c0 Itchan-Kala, il y a environ 60 b\u00e2timents historiques. Ici, on peut voir des monuments historiques uniques, comme le complexe de la citadelle Kunya-Ark, le complexe du palais Tash Hauli, le minaret de Caltha Minor enti\u00e8rement recouvert de tuiles verniss\u00e9es, la c\u00e9l\u00e8bre mosqu\u00e9e Juma avec ses 213 piliers sculpt\u00e9s, symbole de Minaret de Khiva Islam-Khoja, etc.<\/p>\n\n\t\t<\/div>\n\t<\/div>\n<\/div><\/div><\/div><\/div><div class=\"vc_row wpb_row vc_row-fluid\"><div class=\"wpb_column vc_column_container vc_col-sm-12\"><div class=\"vc_column-inner\"><div class=\"wpb_wrapper\"><\/div><\/div><\/div><\/div>","protected":false},"excerpt":{"rendered":"Ichan-Kala Ichan-Kala is the densest part of Khiva, but is home to the architectural museum, where we can see the best works of national masters....","protected":false},"author":1,"featured_media":0,"parent":23451,"menu_order":0,"comment_status":"closed","ping_status":"closed","template":"","meta":[],"_links":{"self":[{"href":"https:\/\/sacredeasttravel.com\/fr\/wp-json\/wp\/v2\/pages\/23756"}],"collection":[{"href":"https:\/\/sacredeasttravel.com\/fr\/wp-json\/wp\/v2\/pages"}],"about":[{"href":"https:\/\/sacredeasttravel.com\/fr\/wp-json\/wp\/v2\/types\/page"}],"author":[{"embeddable":true,"href":"https:\/\/sacredeasttravel.com\/fr\/wp-json\/wp\/v2\/users\/1"}],"replies":[{"embeddable":true,"href":"https:\/\/sacredeasttravel.com\/fr\/wp-json\/wp\/v2\/comments?post=23756"}],"version-history":[{"count":1,"href":"https:\/\/sacredeasttravel.com\/fr\/wp-json\/wp\/v2\/pages\/23756\/revisions"}],"predecessor-version":[{"id":23758,"href":"https:\/\/sacredeasttravel.com\/fr\/wp-json\/wp\/v2\/pages\/23756\/revisions\/23758"}],"up":[{"embeddable":true,"href":"https:\/\/sacredeasttravel.com\/fr\/wp-json\/wp\/v2\/pages\/23451"}],"wp:attachment":[{"href":"https:\/\/sacredeasttravel.com\/fr\/wp-json\/wp\/v2\/media?parent=23756"}],"curies":[{"name":"wp","href":"https:\/\/api.w.org\/{rel}","templated":true}]}}