{"id":23759,"date":"2021-04-21T11:08:41","date_gmt":"2021-04-21T11:08:41","guid":{"rendered":"https:\/\/sacredeasttravel.com\/?page_id=23759"},"modified":"2021-06-27T20:01:36","modified_gmt":"2021-06-27T20:01:36","slug":"kunya-ark-citadel","status":"publish","type":"page","link":"https:\/\/sacredeasttravel.com\/fr\/uzbekistan\/khiva\/kunya-ark-citadel\/","title":{"rendered":"Citadelle de Kunya-Ark"},"content":{"rendered":"<div class=\"vc_row wpb_row vc_row-fluid\"><div class=\"wpb_column vc_column_container vc_col-sm-12\"><div class=\"vc_column-inner\"><div class=\"wpb_wrapper\">\n\t<div  class=\"wpb_single_image wpb_content_element vc_align_left\">\n\t\t\n\t\t<figure class=\"wpb_wrapper vc_figure\">\n\t\t\t<div class=\"vc_single_image-wrapper   vc_box_border_grey\"><img width=\"900\" height=\"600\" src=\"https:\/\/sacredeasttravel.com\/wp-content\/uploads\/2021\/04\/kunya-ark.jpg\" class=\"vc_single_image-img attachment-full\" alt=\"\" decoding=\"async\" loading=\"lazy\" srcset=\"https:\/\/sacredeasttravel.com\/wp-content\/uploads\/2021\/04\/kunya-ark.jpg 900w, https:\/\/sacredeasttravel.com\/wp-content\/uploads\/2021\/04\/kunya-ark-300x200.jpg 300w, https:\/\/sacredeasttravel.com\/wp-content\/uploads\/2021\/04\/kunya-ark-768x512.jpg 768w, https:\/\/sacredeasttravel.com\/wp-content\/uploads\/2021\/04\/kunya-ark-16x12.jpg 16w, https:\/\/sacredeasttravel.com\/wp-content\/uploads\/2021\/04\/kunya-ark-600x400.jpg 600w\" sizes=\"(max-width: 900px) 100vw, 900px\" \/><\/div>\n\t\t<\/figure>\n\t<\/div>\n\n\t<div class=\"wpb_text_column wpb_content_element\" >\n\t\t<div class=\"wpb_wrapper\">\n\t\t\t<h2><strong>Citadelle de Kunya-Ark<\/strong><\/h2>\n<hr class=\"divider active horizontal-break small\" \/>\n\n\t\t<\/div>\n\t<\/div>\n\n\t<div class=\"wpb_text_column wpb_content_element\" >\n\t\t<div class=\"wpb_wrapper\">\n\t\t\t<p>Selon des preuves historiques, en 1686, Arang-khan a commenc\u00e9 la construction de la citadelle Kunya-arche aux portes occidentales d'Ichan-kala. L'arche pr\u00e9sentait une composition complexe de plusieurs m\u00e8tres, contenant une maison pour Khan, les membres de sa famille et des dignitaires. Du grand nombre de constructions de l'arche, seuls plusieurs b\u00e2timents du XIXe si\u00e8cle et du d\u00e9but du XXe si\u00e8cle ont \u00e9t\u00e9 conserv\u00e9s. Il s'agissait de la salle de r\u00e9ception officielle (kurinishkhana), d'une mosqu\u00e9e, de la menthe et d'un harem. Auparavant, il y avait un arsenal, un moulin \u00e0 poudre et un b\u00e2timent officiel, des entrep\u00f4ts, une cuisine, des postes de garde, une \u00e9curie et une zone de parade. Des portes fortifi\u00e9es menaient \u00e0 la citadelle. Un mur fortement dent\u00e9 s\u00e9parait l'arche des habitations du quartier d'Ichan-kala.<\/p>\n<p>Il y avait une cour ext\u00e9rieure, servant de salle d'attente pour le public du khan. Il y avait des canons dans une deuxi\u00e8me cour. Les fonctionnaires du khan se sont rassembl\u00e9s dans la troisi\u00e8me cour, et alors seulement la porte principale du kurinishkhana \u00e9tait visible. Une yourte en feutre (tente nomade) a \u00e9t\u00e9 install\u00e9e \u00e0 l'usage du khan. Un couloir \u00e9troit menait au harem et un escalier menait au mont Akshikh-bobo d'ici. L'Aivan \u00e0 deux couches, qui \u00e9tait pratiquement fusionn\u00e9 dans l'enceinte de la ville, s'ouvrit en direction de la ville. C'\u00e9tait un bon endroit pour un poste d'observation. De l\u00e0, on pouvait voir le panorama de toute la ville et des quartiers. Ils disent que les dirigeants de Khiva aimaient se reposer ici les nuits chaudes.<\/p>\n<p>L'Akshikh-bobo aivan a \u00e9galement \u00e9t\u00e9 utilis\u00e9 pour l'observation militaire.<\/p>\n<p>Les constructions de la forteresse \u00e9taient \u00e9troitement compact\u00e9es; leur charme se voit dans les cours avec leurs magnifiques fourgons. Le haut aivan \u00e0 deux colonnes du kurinishkhana, o\u00f9 se tenaient les r\u00e9ceptions, est compl\u00e8tement confront\u00e9 \u00e0 la majolique. Au XVIIIe si\u00e8cle, lors de l'invasion d\u00e9vastatrice des troupes iraniennes, de nombreuses constructions de la citadelle ont \u00e9t\u00e9 d\u00e9truites et le kurinishkhana a \u00e9t\u00e9 endommag\u00e9. Au d\u00e9but du XIXe si\u00e8cle, Iltuzar-khan l'a renouvel\u00e9. Il y avait une salle du tr\u00f4ne, les appartements de Khan, un tr\u00e9sor et un d\u00e9p\u00f4t de manuscrits. Les motifs bleu-blanc froid et bleu ciel de la plaque de majolique contrastent avec les peintures murales rouges du plafond. Les ma\u00eetres Khiva disposaient les ornements librement et de mani\u00e8re pittoresque. L'int\u00e9rieur de la salle du tr\u00f4ne est d\u00e9cor\u00e9 de pl\u00e2tre sculpt\u00e9. Le tr\u00f4ne \u00e9tait en bois tourn\u00e9, d\u00e9cor\u00e9 d'argent estamp\u00e9. Le ma\u00eetre local Mukhammad l'a fait en 1816.<\/p>\n<p>Le b\u00e2timent de la menthe et une mosqu\u00e9e asym\u00e9trique avec un aivan ont \u00e9t\u00e9 construits en m\u00eame temps et constituent un seul complexe. Les c\u00e9l\u00e8bres ma\u00eetres de Khiva, Abdulla Jin et Ibadulla, ont fait la majolique face \u00e0 la mosqu\u00e9e. Le plafond de l'aivan est peint avec d'\u00e9l\u00e9gants motifs dor\u00e9s sur fond bleu.<\/p>\n<p>Il y a un harem, construit sous Mukhammad Rahim-khan II dans la seconde moiti\u00e9 du XIXe si\u00e8cle dans la partie nord de la citadelle. Les piliers des aivans sont recouverts d'ornements sculpt\u00e9s traditionnels. Au lieu d'un rev\u00eatement complet en majolique, on peut voir des insertions en c\u00e9ramique color\u00e9es s\u00e9par\u00e9es. Les murs sont d\u00e9cor\u00e9s de pl\u00e2trage simple et color\u00e9s de couleurs vives.<\/p>\n<p>Les aivans de Khiva \u00e9taient uniques avec leur d\u00e9coration \u00e9l\u00e9gante. \u00c0 travers des sculptures habiles, des sculptures sur pierre et des c\u00e9ramiques d\u00e9coratives, les artistes et architectes de Khiva ont exprim\u00e9 leur conception de la beaut\u00e9.<\/p>\n<p>Parmi les monuments architecturaux conserv\u00e9s se trouve un bain public, construit en 1657 et consacr\u00e9 \u00e0 Anush-khan. Il s'agit d'une construction semi-souterraine \u00e0 plusieurs chambres. Le syst\u00e8me de coupoles recouvrant le b\u00e2timent est vu de l'ext\u00e9rieur. Du hall d'entr\u00e9e via un vestiaire, on peut acc\u00e9der \u00e0 la salle de bain principale, reli\u00e9e aux passages vo\u00fbt\u00e9s, et aux maisons de repos, qui sont autour de la piscine d'eau chaude. Il y a un r\u00e9servoir d'eau froide dans le hall central. Un syst\u00e8me de canaux sous le plancher \u00e0 travers lesquels passe l'air chaud r\u00e9chauffe les bains. La technologie efficace des bains publics, combin\u00e9e \u00e0 une planification imaginative et \u00e0 des constructions simples incarne l'architecture des constructions municipales de Khiva.<\/p>\n<p>Au XVIIIe si\u00e8cle, le palais d'\u00e9t\u00e9 des Khiva khans, Chadra-hovli a \u00e9t\u00e9 construit dans la banlieue de Khiva. Le b\u00e2timent se compose de quatre pierres. Le premier d'entre eux repr\u00e9sente un b\u00e2timent d'hiver exclusif \u00e0 deux chambres o\u00f9 se trouvaient une \u00e9curie et un entrep\u00f4t. L'escalier en pis\u00e9 m\u00e8ne \u00e0 un deuxi\u00e8me \u00e9tage, compos\u00e9 d'un logement et de fourgons orient\u00e9s \u00e0 l'ouest et au sud. Les aivans cr\u00e9ent une vue des environs des trois c\u00f4t\u00e9s. Au fur et \u00e0 mesure que l'on monte, le poids du sol et l'\u00e9paisseur du mur sont r\u00e9duits dynamiquement. Trois fen\u00eatres sont plac\u00e9es verticalement sur la fa\u00e7ade nord.<\/p>\n<p>Le b\u00e2timent a \u00e9t\u00e9 construit avec des blocs d'adobe, des cannelures sont visibles sur la fa\u00e7ade et l'int\u00e9rieur est garni de pl\u00e2tre. Le seul \u00e9l\u00e9ment du d\u00e9cor sur les fourgons est le bois sculpt\u00e9 des piliers. Le Chadra-Khovli se caract\u00e9rise par son originalit\u00e9 et sa simplicit\u00e9.<\/p>\n\n\t\t<\/div>\n\t<\/div>\n<\/div><\/div><\/div><\/div><div class=\"vc_row wpb_row vc_row-fluid\"><div class=\"wpb_column vc_column_container vc_col-sm-12\"><div class=\"vc_column-inner\"><div class=\"wpb_wrapper\"><\/div><\/div><\/div><\/div>","protected":false},"excerpt":{"rendered":"Kunya- Ark Citadel According to historical evidence, in 1686, Arang-khan began the construction of the citadel Kunya-ark at the western gates of Ichan-kala. The ark...","protected":false},"author":1,"featured_media":0,"parent":23451,"menu_order":0,"comment_status":"closed","ping_status":"closed","template":"","meta":[],"_links":{"self":[{"href":"https:\/\/sacredeasttravel.com\/fr\/wp-json\/wp\/v2\/pages\/23759"}],"collection":[{"href":"https:\/\/sacredeasttravel.com\/fr\/wp-json\/wp\/v2\/pages"}],"about":[{"href":"https:\/\/sacredeasttravel.com\/fr\/wp-json\/wp\/v2\/types\/page"}],"author":[{"embeddable":true,"href":"https:\/\/sacredeasttravel.com\/fr\/wp-json\/wp\/v2\/users\/1"}],"replies":[{"embeddable":true,"href":"https:\/\/sacredeasttravel.com\/fr\/wp-json\/wp\/v2\/comments?post=23759"}],"version-history":[{"count":2,"href":"https:\/\/sacredeasttravel.com\/fr\/wp-json\/wp\/v2\/pages\/23759\/revisions"}],"predecessor-version":[{"id":24551,"href":"https:\/\/sacredeasttravel.com\/fr\/wp-json\/wp\/v2\/pages\/23759\/revisions\/24551"}],"up":[{"embeddable":true,"href":"https:\/\/sacredeasttravel.com\/fr\/wp-json\/wp\/v2\/pages\/23451"}],"wp:attachment":[{"href":"https:\/\/sacredeasttravel.com\/fr\/wp-json\/wp\/v2\/media?parent=23759"}],"curies":[{"name":"wp","href":"https:\/\/api.w.org\/{rel}","templated":true}]}}