{"id":23762,"date":"2021-04-21T11:10:39","date_gmt":"2021-04-21T11:10:39","guid":{"rendered":"https:\/\/sacredeasttravel.com\/?page_id=23762"},"modified":"2021-04-21T11:10:39","modified_gmt":"2021-04-21T11:10:39","slug":"minaret-kalta-minor","status":"publish","type":"page","link":"https:\/\/sacredeasttravel.com\/fr\/uzbekistan\/khiva\/minaret-kalta-minor\/","title":{"rendered":"Minaret de Kalta-mineur"},"content":{"rendered":"<div class=\"vc_row wpb_row vc_row-fluid\"><div class=\"wpb_column vc_column_container vc_col-sm-12\"><div class=\"vc_column-inner\"><div class=\"wpb_wrapper\">\n\t<div  class=\"wpb_single_image wpb_content_element vc_align_left\">\n\t\t\n\t\t<figure class=\"wpb_wrapper vc_figure\">\n\t\t\t<div class=\"vc_single_image-wrapper   vc_box_border_grey\"><img width=\"900\" height=\"600\" src=\"https:\/\/sacredeasttravel.com\/wp-content\/uploads\/2021\/04\/kalta-minor-minaret1.jpg\" class=\"vc_single_image-img attachment-full\" alt=\"\" decoding=\"async\" loading=\"lazy\" srcset=\"https:\/\/sacredeasttravel.com\/wp-content\/uploads\/2021\/04\/kalta-minor-minaret1.jpg 900w, https:\/\/sacredeasttravel.com\/wp-content\/uploads\/2021\/04\/kalta-minor-minaret1-300x200.jpg 300w, https:\/\/sacredeasttravel.com\/wp-content\/uploads\/2021\/04\/kalta-minor-minaret1-768x512.jpg 768w, https:\/\/sacredeasttravel.com\/wp-content\/uploads\/2021\/04\/kalta-minor-minaret1-16x12.jpg 16w, https:\/\/sacredeasttravel.com\/wp-content\/uploads\/2021\/04\/kalta-minor-minaret1-600x400.jpg 600w\" sizes=\"(max-width: 900px) 100vw, 900px\" \/><\/div>\n\t\t<\/figure>\n\t<\/div>\n\n\t<div class=\"wpb_text_column wpb_content_element\" >\n\t\t<div class=\"wpb_wrapper\">\n\t\t\t<h2><strong>Minaret de Kalta-mineur<\/strong><\/h2>\n<hr class=\"divider active horizontal-break small\" \/>\n\n\t\t<\/div>\n\t<\/div>\n\n\t<div class=\"wpb_text_column wpb_content_element\" >\n\t\t<div class=\"wpb_wrapper\">\n\t\t\t<p>Il est difficile d'imaginer l'ancienne Khiva sans ce monument d'architecture orientale. Le minaret de Kalta-Minor est devenu le v\u00e9ritable symbole de la ville.\n\nIl \u00e9tonne par sa taille et son design unique. La fondation du minaret mesure 15 m\u00e8tres, le diam\u00e8tre \u00e0 la fondation est de 14,5 m\u00e8tres et la hauteur est de 29 m\u00e8tres. Mais cette tour massive n'a qu'un tiers de la hauteur du projet.<\/p>\n<p>En 1855, le dirigeant de Khiva Muhammad Amin Khan a \u00e9t\u00e9 tu\u00e9 et la construction du magnifique minaret a \u00e9t\u00e9 arr\u00eat\u00e9e, alors qu'il \u00e9tait cens\u00e9 \u00eatre de 70 m\u00e8tres (selon d'autres archives - de 110 m\u00e8tres). Selon le projet de l'architecte, les fondations \u00e0 grande \u00e9chelle devaient augmenter la durabilit\u00e9 et le sommet suppos\u00e9 devait \u00eatre plus \u00e9troit pour r\u00e9duire la charge. Mais le sort en d\u00e9cida autrement - et la tour resta inachev\u00e9e. Et maintenant, il ressemble \u00e0 un \u00e9norme tonneau vitr\u00e9 et s'appelle Kalta-Minor qui signifie \u00abminaret court\u00bb.<\/p>\n<p>Il y a beaucoup de l\u00e9gendes int\u00e9ressantes sur ce minaret. Lors de la construction de ce grand minaret, les gens ont commenc\u00e9 \u00e0 murmurer pr\u00e8s du minaret. Mais Muhammad Amin-khan a ordonn\u00e9 d'attraper le leader des gr\u00e9vistes Matyakub et de l'enterrer vivant dans les fondations de la tour. Une autre l\u00e9gende int\u00e9ressante dit que le dirigeant de Boukhara a appris la construction d'un tel grand minaret et a propos\u00e9 \u00e0 l'architecte de construire un minaret plus \u00e9lev\u00e9. Lorsque Muhammad Amin Khan a appris cet arrangement, il a d\u00e9cid\u00e9 de tuer l'architecte corrompu. Mais l'architecte a r\u00e9ussi \u00e0 s'\u00e9chapper, laissant la tour inachev\u00e9e. Seul cet architecte pouvait achever la construction. Mais ce ne sont que des l\u00e9gendes et l'\u00e9rection du minaret a \u00e9t\u00e9 arr\u00eat\u00e9e exactement apr\u00e8s la mort du khan.\n\nM\u00eame plus d'un si\u00e8cle plus tard, le minaret de Kalta Minor a \u00e9t\u00e9 \u00e9tonnant par sa taille. Sa d\u00e9coration unique frappe l'imagination: le minaret est enti\u00e8rement recouvert de carreaux \u00e9maill\u00e9s et de majolique, toujours brillants et vifs comme en 1855.<\/p>\n\n\t\t<\/div>\n\t<\/div>\n<\/div><\/div><\/div><\/div><div class=\"vc_row wpb_row vc_row-fluid\"><div class=\"wpb_column vc_column_container vc_col-sm-12\"><div class=\"vc_column-inner\"><div class=\"wpb_wrapper\"><\/div><\/div><\/div><\/div>","protected":false},"excerpt":{"rendered":"Minaret Kalta Minor It is difficult to imagine ancient Khiva without this monument of oriental architecture. The Minaret of Kalta-Minor has become the real symbol...","protected":false},"author":1,"featured_media":0,"parent":23451,"menu_order":0,"comment_status":"closed","ping_status":"closed","template":"","meta":[],"_links":{"self":[{"href":"https:\/\/sacredeasttravel.com\/fr\/wp-json\/wp\/v2\/pages\/23762"}],"collection":[{"href":"https:\/\/sacredeasttravel.com\/fr\/wp-json\/wp\/v2\/pages"}],"about":[{"href":"https:\/\/sacredeasttravel.com\/fr\/wp-json\/wp\/v2\/types\/page"}],"author":[{"embeddable":true,"href":"https:\/\/sacredeasttravel.com\/fr\/wp-json\/wp\/v2\/users\/1"}],"replies":[{"embeddable":true,"href":"https:\/\/sacredeasttravel.com\/fr\/wp-json\/wp\/v2\/comments?post=23762"}],"version-history":[{"count":1,"href":"https:\/\/sacredeasttravel.com\/fr\/wp-json\/wp\/v2\/pages\/23762\/revisions"}],"predecessor-version":[{"id":23764,"href":"https:\/\/sacredeasttravel.com\/fr\/wp-json\/wp\/v2\/pages\/23762\/revisions\/23764"}],"up":[{"embeddable":true,"href":"https:\/\/sacredeasttravel.com\/fr\/wp-json\/wp\/v2\/pages\/23451"}],"wp:attachment":[{"href":"https:\/\/sacredeasttravel.com\/fr\/wp-json\/wp\/v2\/media?parent=23762"}],"curies":[{"name":"wp","href":"https:\/\/api.w.org\/{rel}","templated":true}]}}