{"id":23765,"date":"2021-04-21T11:12:44","date_gmt":"2021-04-21T11:12:44","guid":{"rendered":"https:\/\/sacredeasttravel.com\/?page_id=23765"},"modified":"2021-04-21T11:12:44","modified_gmt":"2021-04-21T11:12:44","slug":"madrasah-of-shergazi-khan","status":"publish","type":"page","link":"https:\/\/sacredeasttravel.com\/fr\/uzbekistan\/khiva\/madrasah-of-shergazi-khan\/","title":{"rendered":"Madrasa Shergazi-Khan"},"content":{"rendered":"<div class=\"vc_row wpb_row vc_row-fluid\"><div class=\"wpb_column vc_column_container vc_col-sm-12\"><div class=\"vc_column-inner\"><div class=\"wpb_wrapper\">\n\t<div  class=\"wpb_single_image wpb_content_element vc_align_left\">\n\t\t\n\t\t<figure class=\"wpb_wrapper vc_figure\">\n\t\t\t<div class=\"vc_single_image-wrapper   vc_box_border_grey\"><img width=\"900\" height=\"600\" src=\"https:\/\/sacredeasttravel.com\/wp-content\/uploads\/2021\/04\/shergazi-khan-madrasah.jpg\" class=\"vc_single_image-img attachment-full\" alt=\"\" decoding=\"async\" loading=\"lazy\" srcset=\"https:\/\/sacredeasttravel.com\/wp-content\/uploads\/2021\/04\/shergazi-khan-madrasah.jpg 900w, https:\/\/sacredeasttravel.com\/wp-content\/uploads\/2021\/04\/shergazi-khan-madrasah-300x200.jpg 300w, https:\/\/sacredeasttravel.com\/wp-content\/uploads\/2021\/04\/shergazi-khan-madrasah-768x512.jpg 768w, https:\/\/sacredeasttravel.com\/wp-content\/uploads\/2021\/04\/shergazi-khan-madrasah-16x12.jpg 16w, https:\/\/sacredeasttravel.com\/wp-content\/uploads\/2021\/04\/shergazi-khan-madrasah-600x400.jpg 600w\" sizes=\"(max-width: 900px) 100vw, 900px\" \/><\/div>\n\t\t<\/figure>\n\t<\/div>\n\n\t<div class=\"wpb_text_column wpb_content_element\" >\n\t\t<div class=\"wpb_wrapper\">\n\t\t\t<h2><strong>Madrasa Shergazi-Khan<\/strong><\/h2>\n<hr class=\"divider active horizontal-break small\" \/>\n\n\t\t<\/div>\n\t<\/div>\n\n\t<div class=\"wpb_text_column wpb_content_element\" >\n\t\t<div class=\"wpb_wrapper\">\n\t\t\t<p>La madrasa Shergazi-Khan, construite par les mains d'esclaves, se pr\u00e9sente comme un monument fascinant du XVIIIe si\u00e8cle. L'un des b\u00e2timents les plus anciens d'Ichan-Kala - une ancienne ville fortifi\u00e9e - la madrasa est situ\u00e9e au c\u0153ur m\u00eame de la Khiva moderne. L'histoire de ce site est celle du pouvoir, de la r\u00e9volte et du meurtre.<\/p>\n<p>Khan Shergazi a ordonn\u00e9 la construction de la madrasa, mais n'avait aucune id\u00e9e que cela conduirait finalement \u00e0 sa disparition. Bien que les r\u00e9alisations architecturales globales du site aient \u00e9t\u00e9 d\u00e9pass\u00e9es et pass\u00e9es dans l'histoire, l'histoire n'y est pas moins anim\u00e9e aujourd'hui.\n\nShergazi Khan est n\u00e9 \u00e0 Boukhara, bien que la date exacte de sa naissance soit inconnue. C'est ici qu'il a \u00e9tudi\u00e9 dans la madrasa et s'est rapidement fait conna\u00eetre comme une personne instruite. En 1714, apr\u00e8s la mort de Yadigar Khan, Shergazi Khan monta sur le tr\u00f4ne pour devenir le dirigeant du Khiva Khanat. Les recherches sugg\u00e8rent qu'il \u00e9tait le dernier dirigeant puissant et influent de l'histoire de Khiva. En 1717, Shergazi Khan a utilis\u00e9 une strat\u00e9gie militaire astucieuse pour vaincre la premi\u00e8re exp\u00e9dition de l'arm\u00e9e russe en Asie centrale. Selon certaines sources, les soldats survivants ont \u00e9t\u00e9 captur\u00e9s et rendus esclaves. Un sort similaire est arriv\u00e9 aux soldats de Khorasan, Mashhad et Merv, villes de l'arm\u00e9e de Shergazi Khan captur\u00e9es l'ann\u00e9e suivante - les survivants ont \u00e9t\u00e9 emmen\u00e9s \u00e0 Khiva en tant que prisonniers et forc\u00e9s aux travaux forc\u00e9s.<\/p>\n<p>La construction de la madrasa Shergazi Khan a commenc\u00e9 en 1719, le site en face du mausol\u00e9e de Pahlavan Makmud ayant \u00e9t\u00e9 choisi comme emplacement id\u00e9al. Les esclaves se sont vus promis d'\u00eatre renvoy\u00e9s dans leur pays d'origine une fois les travaux termin\u00e9s. Lorsque la construction touchait \u00e0 sa fin environ un an plus tard, cependant, Shergazi Khan a commenc\u00e9 \u00e0 inventer de nouvelles t\u00e2ches pour retarder la construction de toutes les mani\u00e8res possibles. Les retards ont dur\u00e9 plusieurs ann\u00e9es. Selon la l\u00e9gende, lorsque le khan est venu pour une inspection, les esclaves, qui \u00e9taient en col\u00e8re contre ses fausses promesses, l'ont tu\u00e9. Il y a du vrai dans les l\u00e9gendes: Shergazi Khan a en effet \u00e9t\u00e9 tu\u00e9 par des esclaves dans la madrasa en 1728 et enterr\u00e9 dans le mausol\u00e9e \u00e0 sa droite. La madrasa portant son nom avait \u00e9t\u00e9 achev\u00e9e en 1726, de sorte que certaines divergences existent dans ce conte. Le sort des esclaves est inconnu, mais en 1740, le dirigeant persan Nadir Shah a saisi Khiva et a lib\u00e9r\u00e9 les prisonniers de guerre russes et probablement tous les esclaves du Khorasan avec eux.<br><br>\n\nShergazi Khan Madrasa est un b\u00e2timent rectangulaire d'un \u00e9tage avec deux \u00e9tages uniquement \u00e0 l'avant. \u00c0 l'int\u00e9rieur, il y a une grande cour entour\u00e9e de 55 hujras (cellules) et une salle de conf\u00e9rence. Le b\u00e2timent \u00e9tait de mauvaise qualit\u00e9, soit \u00e0 cause du d\u00e9sir des esclaves de se lib\u00e9rer rapidement, soit de l'apport constant de Shergazi Khan. Pendant plusieurs si\u00e8cles, le sol sous le b\u00e2timent s'est fortement affaiss\u00e9 et tout au long de son histoire, la madrasa a \u00e9t\u00e9 restaur\u00e9e \u00e0 plusieurs reprises. La derni\u00e8re et la plus grande restauration a \u00e9t\u00e9 r\u00e9alis\u00e9e au XXe si\u00e8cle, le b\u00e2timent \u00e9tant dans un \u00e9tat d\u00e9plorable.<\/p>\n<p>Bien que les l\u00e9gendes entourant la construction de la Shergazi Khan Madrasah aient pu signifier un d\u00e9but peu propice, son existence continue a vu une sorte d'\u00e9ducation progressive. La madrasa a m\u00eame re\u00e7u le nom populaire Maskani Phasilan, qui se traduit par \u00abla demeure de la connaissance\u00bb. De nombreux habitants du Khiva Khanat et des pays voisins ont re\u00e7u une \u00e9ducation ici. Parmi les \u00e9tudiants c\u00e9l\u00e8bres de la madrasa figuraient le po\u00e8te et historien ouzbek Pakhlavankuli Ravnak, le po\u00e8te Karakalpak Azhiniyaz Kasybayuly, le po\u00e8te et philosophe turkm\u00e8ne Makhtumkuli.\n\nLa m\u00e9dersa Shergazi Khan n'est plus op\u00e9rationnelle, les cellules sont vides et de nombreuses boutiques de souvenirs sont situ\u00e9es devant son entr\u00e9e. Cependant, l'histoire de ce b\u00e2timent discret au c\u0153ur d'Ichan-Kala est fascinante et rappelle la vie mouvement\u00e9e du Khiva Khanat, propri\u00e9taire d'esclaves, du XVIIIe si\u00e8cle.<\/p>\n\n\t\t<\/div>\n\t<\/div>\n<\/div><\/div><\/div><\/div><div class=\"vc_row wpb_row vc_row-fluid\"><div class=\"wpb_column vc_column_container vc_col-sm-12\"><div class=\"vc_column-inner\"><div class=\"wpb_wrapper\"><\/div><\/div><\/div><\/div>","protected":false},"excerpt":{"rendered":"Madrasah of Shergazi Khan Shergazi-Khan Madrasa, built by the hands of slaves, stands as a fascinating monument of the 18th century. One of the oldest...","protected":false},"author":1,"featured_media":0,"parent":23451,"menu_order":0,"comment_status":"closed","ping_status":"closed","template":"","meta":[],"_links":{"self":[{"href":"https:\/\/sacredeasttravel.com\/fr\/wp-json\/wp\/v2\/pages\/23765"}],"collection":[{"href":"https:\/\/sacredeasttravel.com\/fr\/wp-json\/wp\/v2\/pages"}],"about":[{"href":"https:\/\/sacredeasttravel.com\/fr\/wp-json\/wp\/v2\/types\/page"}],"author":[{"embeddable":true,"href":"https:\/\/sacredeasttravel.com\/fr\/wp-json\/wp\/v2\/users\/1"}],"replies":[{"embeddable":true,"href":"https:\/\/sacredeasttravel.com\/fr\/wp-json\/wp\/v2\/comments?post=23765"}],"version-history":[{"count":1,"href":"https:\/\/sacredeasttravel.com\/fr\/wp-json\/wp\/v2\/pages\/23765\/revisions"}],"predecessor-version":[{"id":23767,"href":"https:\/\/sacredeasttravel.com\/fr\/wp-json\/wp\/v2\/pages\/23765\/revisions\/23767"}],"up":[{"embeddable":true,"href":"https:\/\/sacredeasttravel.com\/fr\/wp-json\/wp\/v2\/pages\/23451"}],"wp:attachment":[{"href":"https:\/\/sacredeasttravel.com\/fr\/wp-json\/wp\/v2\/media?parent=23765"}],"curies":[{"name":"wp","href":"https:\/\/api.w.org\/{rel}","templated":true}]}}