{"id":23768,"date":"2021-04-21T11:14:57","date_gmt":"2021-04-21T11:14:57","guid":{"rendered":"https:\/\/sacredeasttravel.com\/?page_id=23768"},"modified":"2021-06-27T20:07:00","modified_gmt":"2021-06-27T20:07:00","slug":"madrassah-of-muhammad-rakhim-khan","status":"publish","type":"page","link":"https:\/\/sacredeasttravel.com\/fr\/uzbekistan\/khiva\/madrassah-of-muhammad-rakhim-khan\/","title":{"rendered":"Muhammad Rahim-khan Madrasah"},"content":{"rendered":"<div class=\"vc_row wpb_row vc_row-fluid\"><div class=\"wpb_column vc_column_container vc_col-sm-12\"><div class=\"vc_column-inner\"><div class=\"wpb_wrapper\">\n\t<div  class=\"wpb_single_image wpb_content_element vc_align_left\">\n\t\t\n\t\t<figure class=\"wpb_wrapper vc_figure\">\n\t\t\t<div class=\"vc_single_image-wrapper   vc_box_border_grey\"><img width=\"900\" height=\"600\" src=\"https:\/\/sacredeasttravel.com\/wp-content\/uploads\/2021\/04\/rahim-khan.jpg\" class=\"vc_single_image-img attachment-full\" alt=\"\" decoding=\"async\" loading=\"lazy\" srcset=\"https:\/\/sacredeasttravel.com\/wp-content\/uploads\/2021\/04\/rahim-khan.jpg 900w, https:\/\/sacredeasttravel.com\/wp-content\/uploads\/2021\/04\/rahim-khan-300x200.jpg 300w, https:\/\/sacredeasttravel.com\/wp-content\/uploads\/2021\/04\/rahim-khan-768x512.jpg 768w, https:\/\/sacredeasttravel.com\/wp-content\/uploads\/2021\/04\/rahim-khan-16x12.jpg 16w, https:\/\/sacredeasttravel.com\/wp-content\/uploads\/2021\/04\/rahim-khan-600x400.jpg 600w\" sizes=\"(max-width: 900px) 100vw, 900px\" \/><\/div>\n\t\t<\/figure>\n\t<\/div>\n\n\t<div class=\"wpb_text_column wpb_content_element\" >\n\t\t<div class=\"wpb_wrapper\">\n\t\t\t<h2><strong>Muhammad Rahim-khan Madrasah <\/strong><\/h2>\n<hr class=\"divider active horizontal-break small\" \/>\n\n\t\t<\/div>\n\t<\/div>\n\n\t<div class=\"wpb_text_column wpb_content_element\" >\n\t\t<div class=\"wpb_wrapper\">\n\t\t\t<p>Muhammad Rahim-khan \u00e9tait l'un des repr\u00e9sentants les plus \u00e9duqu\u00e9s de la dynastie Kungrat \u00e0 r\u00e9gner \u00e0 Khiva depuis 1770. Au cours de son r\u00e8gne, un certain nombre de r\u00e9formes ont \u00e9t\u00e9 men\u00e9es pour am\u00e9liorer les villes, dans la politique, l'\u00e9conomie, mais c'\u00e9tait la plus importante , dans l'\u00e9ducation. Ses r\u00e9formes de l'\u00e9ducation ont abouti \u00e0 l'ouverture du premier \u00abnouveau type\u00bb d'\u00e9coles \u00e0 Khiva, o\u00f9 l'on enseignait non seulement des mati\u00e8res religieuses mais aussi la\u00efques. La construction de l'une des plus grandes madrasas d'Asie centrale en son honneur est devenue l'apoth\u00e9ose de son r\u00e8gne. Non seulement la religion et le Coran, mais aussi des mati\u00e8res la\u00efques telles que les math\u00e9matiques, l'astronomie, la g\u00e9ographie ont \u00e9t\u00e9 enseign\u00e9es \u00e0 la m\u00e9dersa Muhammad Rahim-khan. En plus d'\u00e9tudier diverses sciences et th\u00e9ologie, les \u00e9tudiants de la madrasah ont compos\u00e9 des po\u00e8mes et organis\u00e9 des d\u00e9bats.<\/p>\n<p>Le processus \u00e9ducatif de la m\u00e9dersa Muhammad Rahim-khan diff\u00e9rait de l'enseignement traditionnel des autres universit\u00e9s islamiques. Dans une large mesure, il a \u00e9t\u00e9 facilit\u00e9 par Muhammad Rahim-khan lui-m\u00eame. Il \u00e9tait monarque instruit et \u00e9clair\u00e9, il \u00e9crivait des po\u00e8mes sous le pseudonyme de Feruz. Souvent, il participait personnellement \u00e0 des discussions avec les \u00e9tudiants de la madrasa.<\/p>\n<p>La construction de la m\u00e9dersa Muhammad Rahim-khan s'est achev\u00e9e en 1876 et elle est devenue l'une des plus importantes du territoire d'Asie centrale. La madrasah est apparue comme un b\u00e2timent \u00e0 deux \u00e9tages avec un portail d'entr\u00e9e \u00e9lev\u00e9. La cour de Muhammad Rahim-khan Madrasah avait quatre aiwans avec quatre petites tourelles dans les coins. Il y avait 76 hudjrs \u00e0 l'int\u00e9rieur (salles de s\u00e9jour internes). La madrasah avait \u00e9galement darskhona - une masse d'enseignement, des mosqu\u00e9es d'\u00e9t\u00e9 et d'hiver et une vaste biblioth\u00e8que. La madrasa Muhammad Rahim-khan r\u00e9sumait l'esprit de l'illumination. C'est un brillant \u00e9chantillon de la culture de l'architecture de cette \u00e9poque et occupe une place particuli\u00e8re dans l'histoire de Khoresm.<\/p>\n\n\t\t<\/div>\n\t<\/div>\n<\/div><\/div><\/div><\/div><div class=\"vc_row wpb_row vc_row-fluid\"><div class=\"wpb_column vc_column_container vc_col-sm-12\"><div class=\"vc_column-inner\"><div class=\"wpb_wrapper\"><\/div><\/div><\/div><\/div>","protected":false},"excerpt":{"rendered":"Madrassah of Muhammad Rakhim-Khan Muhammad Rahim-khan was one of the most educated representatives of Kungrat dynasty ever to rule in Khiva since 1770. During his...","protected":false},"author":1,"featured_media":0,"parent":23451,"menu_order":0,"comment_status":"closed","ping_status":"closed","template":"","meta":[],"_links":{"self":[{"href":"https:\/\/sacredeasttravel.com\/fr\/wp-json\/wp\/v2\/pages\/23768"}],"collection":[{"href":"https:\/\/sacredeasttravel.com\/fr\/wp-json\/wp\/v2\/pages"}],"about":[{"href":"https:\/\/sacredeasttravel.com\/fr\/wp-json\/wp\/v2\/types\/page"}],"author":[{"embeddable":true,"href":"https:\/\/sacredeasttravel.com\/fr\/wp-json\/wp\/v2\/users\/1"}],"replies":[{"embeddable":true,"href":"https:\/\/sacredeasttravel.com\/fr\/wp-json\/wp\/v2\/comments?post=23768"}],"version-history":[{"count":2,"href":"https:\/\/sacredeasttravel.com\/fr\/wp-json\/wp\/v2\/pages\/23768\/revisions"}],"predecessor-version":[{"id":24552,"href":"https:\/\/sacredeasttravel.com\/fr\/wp-json\/wp\/v2\/pages\/23768\/revisions\/24552"}],"up":[{"embeddable":true,"href":"https:\/\/sacredeasttravel.com\/fr\/wp-json\/wp\/v2\/pages\/23451"}],"wp:attachment":[{"href":"https:\/\/sacredeasttravel.com\/fr\/wp-json\/wp\/v2\/media?parent=23768"}],"curies":[{"name":"wp","href":"https:\/\/api.w.org\/{rel}","templated":true}]}}