{"id":23771,"date":"2021-04-21T11:19:12","date_gmt":"2021-04-21T11:19:12","guid":{"rendered":"https:\/\/sacredeasttravel.com\/?page_id=23771"},"modified":"2021-04-21T11:20:28","modified_gmt":"2021-04-21T11:20:28","slug":"madrassah-of-muhammad-amin-khan","status":"publish","type":"page","link":"https:\/\/sacredeasttravel.com\/fr\/uzbekistan\/khiva\/madrassah-of-muhammad-amin-khan\/","title":{"rendered":"Muhammad Amin-khan Madrasah"},"content":{"rendered":"<div class=\"vc_row wpb_row vc_row-fluid\"><div class=\"wpb_column vc_column_container vc_col-sm-12\"><div class=\"vc_column-inner\"><div class=\"wpb_wrapper\">\n\t<div  class=\"wpb_single_image wpb_content_element vc_align_left\">\n\t\t\n\t\t<figure class=\"wpb_wrapper vc_figure\">\n\t\t\t<div class=\"vc_single_image-wrapper   vc_box_border_grey\"><img width=\"900\" height=\"600\" src=\"https:\/\/sacredeasttravel.com\/wp-content\/uploads\/2021\/04\/Muhammad-Amin-Khan-Madrasa-Khiva.jpg\" class=\"vc_single_image-img attachment-full\" alt=\"\" decoding=\"async\" loading=\"lazy\" srcset=\"https:\/\/sacredeasttravel.com\/wp-content\/uploads\/2021\/04\/Muhammad-Amin-Khan-Madrasa-Khiva.jpg 900w, https:\/\/sacredeasttravel.com\/wp-content\/uploads\/2021\/04\/Muhammad-Amin-Khan-Madrasa-Khiva-300x200.jpg 300w, https:\/\/sacredeasttravel.com\/wp-content\/uploads\/2021\/04\/Muhammad-Amin-Khan-Madrasa-Khiva-768x512.jpg 768w, https:\/\/sacredeasttravel.com\/wp-content\/uploads\/2021\/04\/Muhammad-Amin-Khan-Madrasa-Khiva-16x12.jpg 16w, https:\/\/sacredeasttravel.com\/wp-content\/uploads\/2021\/04\/Muhammad-Amin-Khan-Madrasa-Khiva-600x400.jpg 600w\" sizes=\"(max-width: 900px) 100vw, 900px\" \/><\/div>\n\t\t<\/figure>\n\t<\/div>\n\n\t<div class=\"wpb_text_column wpb_content_element\" >\n\t\t<div class=\"wpb_wrapper\">\n\t\t\t<h2><strong>\u00a0Muhammad Amin-khan Madrasah<\/strong><\/h2>\n<hr class=\"divider active horizontal-break small\" \/>\n\n\t\t<\/div>\n\t<\/div>\n\n\t<div class=\"wpb_text_column wpb_content_element\" >\n\t\t<div class=\"wpb_wrapper\">\n\t\t\t<p>La m\u00e9dersa de Mukhammad Amin-khan est l'un des principaux sites touristiques, situ\u00e9 dans le quartier historique Itchan-Kala. C'est la plus grande madrasah non seulement \u00e0 Khiva mais en Asie centrale. Le b\u00e2timent de deux \u00e9tages occupe une superficie de 72 \u00e0 60 m\u00e8tres et compte 125 khudjras (cellules), destin\u00e9s \u00e0 260 \u00e9tudiants. La particularit\u00e9 de cette madrasah est que chaque khudjra se composait de deux chambres et les khudjras du deuxi\u00e8me \u00e9tage se composaient d'une pi\u00e8ce et d'une loggia, donnant sur la fa\u00e7ade.<\/p>\n<p>La m\u00e9dersa a \u00e9t\u00e9 construite en 1851-1854 par l'ordre du souverain de Khiva Muhammad Amin-khan et a \u00e9t\u00e9 nomm\u00e9e d'apr\u00e8s lui. Le b\u00e2timent de la m\u00e9dersa de Mukhammad Amin-khan a cinq d\u00f4mes et des tours de flanc. La fa\u00e7ade est d\u00e9cor\u00e9e d'un riche ornement de briques verniss\u00e9es, les portes en bois abondent en sculptures ornementales, le visage en majolique impressionne par des motifs \u00e0 base de plantes. Au-dessus de l'entr\u00e9e, il y a l'inscription en arabe: \u00abCe magnifique b\u00e2timent restera ici pour toujours pour la joie des descendants\u00bb.<\/p>\n<p>Il existe de nombreuses l\u00e9gendes int\u00e9ressantes qui racontent l'origine de Khiva. Apparemment, la ville s'est d\u00e9velopp\u00e9e autour du puits Hewvakh, avec de l'eau savoureuse et fra\u00eeche. Le puits a \u00e9t\u00e9 creus\u00e9 par l'ordre de Sem, le fils a\u00een\u00e9 de No\u00e9 biblique. Aujourd'hui, on peut bien voir cela dans la partie ancienne de Khiva, Itchan-Kala.<\/p>\n<p>Khiva - une ville unique, revendiquant \u00e0 juste titre le titre de \u00absepti\u00e8me merveille du monde\u00bb, gr\u00e2ce \u00e0 son atmosph\u00e8re authentique de \u00abl'\u00e8re du commencement des temps\u00bb. \u00abLa majeure partie de la ville de Khiva est similaire au mus\u00e9e en plein air. Et le noyau de ce mus\u00e9e - le ch\u00e2teau Itchan-Kala. C'est \u00e0 l'int\u00e9rieur de cette forteresse concentr\u00e9e tous les chefs-d'\u0153uvre architecturaux de Khiva. Tous ceux qui entrent dans la forteresse, sont parmi les merveilleux minarets, les ruelles pav\u00e9es de pierres courbes, menant \u00e0 une madrassa avec de la mosa\u00efque rugueuse de dentelle des anciens murs. Ce conte oriental! En 1990, la ville a \u00e9t\u00e9 inscrite sur la liste du patrimoine mondial de l'UNESCO.<\/p>\n\n\t\t<\/div>\n\t<\/div>\n<\/div><\/div><\/div><\/div><div class=\"vc_row wpb_row vc_row-fluid\"><div class=\"wpb_column vc_column_container vc_col-sm-12\"><div class=\"vc_column-inner\"><div class=\"wpb_wrapper\"><\/div><\/div><\/div><\/div>","protected":false},"excerpt":{"rendered":"\u00a0Madrassah of Muhammad Amin-khan The Madrassah of Mukhammad Amin-khan is one of the main sights, located in the historical district Itchan-Kala. It is the largest...","protected":false},"author":1,"featured_media":0,"parent":23451,"menu_order":0,"comment_status":"closed","ping_status":"closed","template":"","meta":[],"_links":{"self":[{"href":"https:\/\/sacredeasttravel.com\/fr\/wp-json\/wp\/v2\/pages\/23771"}],"collection":[{"href":"https:\/\/sacredeasttravel.com\/fr\/wp-json\/wp\/v2\/pages"}],"about":[{"href":"https:\/\/sacredeasttravel.com\/fr\/wp-json\/wp\/v2\/types\/page"}],"author":[{"embeddable":true,"href":"https:\/\/sacredeasttravel.com\/fr\/wp-json\/wp\/v2\/users\/1"}],"replies":[{"embeddable":true,"href":"https:\/\/sacredeasttravel.com\/fr\/wp-json\/wp\/v2\/comments?post=23771"}],"version-history":[{"count":1,"href":"https:\/\/sacredeasttravel.com\/fr\/wp-json\/wp\/v2\/pages\/23771\/revisions"}],"predecessor-version":[{"id":23773,"href":"https:\/\/sacredeasttravel.com\/fr\/wp-json\/wp\/v2\/pages\/23771\/revisions\/23773"}],"up":[{"embeddable":true,"href":"https:\/\/sacredeasttravel.com\/fr\/wp-json\/wp\/v2\/pages\/23451"}],"wp:attachment":[{"href":"https:\/\/sacredeasttravel.com\/fr\/wp-json\/wp\/v2\/media?parent=23771"}],"curies":[{"name":"wp","href":"https:\/\/api.w.org\/{rel}","templated":true}]}}