{"id":23780,"date":"2021-04-21T11:24:54","date_gmt":"2021-04-21T11:24:54","guid":{"rendered":"https:\/\/sacredeasttravel.com\/?page_id=23780"},"modified":"2021-04-21T11:24:54","modified_gmt":"2021-04-21T11:24:54","slug":"ak-mosque","status":"publish","type":"page","link":"https:\/\/sacredeasttravel.com\/fr\/uzbekistan\/khiva\/ak-mosque\/","title":{"rendered":"Mosqu\u00e9e Ak"},"content":{"rendered":"<div class=\"vc_row wpb_row vc_row-fluid\"><div class=\"wpb_column vc_column_container vc_col-sm-12\"><div class=\"vc_column-inner\"><div class=\"wpb_wrapper\">\n\t<div  class=\"wpb_single_image wpb_content_element vc_align_left\">\n\t\t\n\t\t<figure class=\"wpb_wrapper vc_figure\">\n\t\t\t<div class=\"vc_single_image-wrapper   vc_box_border_grey\"><img width=\"900\" height=\"600\" src=\"https:\/\/sacredeasttravel.com\/wp-content\/uploads\/2021\/04\/ak-mosque1.jpg\" class=\"vc_single_image-img attachment-full\" alt=\"\" decoding=\"async\" loading=\"lazy\" srcset=\"https:\/\/sacredeasttravel.com\/wp-content\/uploads\/2021\/04\/ak-mosque1.jpg 900w, https:\/\/sacredeasttravel.com\/wp-content\/uploads\/2021\/04\/ak-mosque1-300x200.jpg 300w, https:\/\/sacredeasttravel.com\/wp-content\/uploads\/2021\/04\/ak-mosque1-768x512.jpg 768w, https:\/\/sacredeasttravel.com\/wp-content\/uploads\/2021\/04\/ak-mosque1-16x12.jpg 16w, https:\/\/sacredeasttravel.com\/wp-content\/uploads\/2021\/04\/ak-mosque1-600x400.jpg 600w\" sizes=\"(max-width: 900px) 100vw, 900px\" \/><\/div>\n\t\t<\/figure>\n\t<\/div>\n\n\t<div class=\"wpb_text_column wpb_content_element\" >\n\t\t<div class=\"wpb_wrapper\">\n\t\t\t<h2><strong>Mosqu\u00e9e Ak<\/strong><\/h2>\n<hr class=\"divider active horizontal-break small\" \/>\n\n\t\t<\/div>\n\t<\/div>\n\n\t<div class=\"wpb_text_column wpb_content_element\" >\n\t\t<div class=\"wpb_wrapper\">\n\t\t\t<p>Khiva est l'une des plus belles villes d'Ouzb\u00e9kistan. Au cours d'une p\u00e9riode de son existence, la ville n'a pas beaucoup chang\u00e9, ce qui lui ajoute encore plus de fascination. Parmi les nombreux monuments de la ville, les b\u00e2timents situ\u00e9s sur le territoire d'Ichan-kala (centre-ville) sont particuli\u00e8rement importants. L\u00e0 se trouvaient les palais des dirigeants des dynasties Sheybanids et Kungrat ainsi que de nombreuses madrasahs et mosqu\u00e9es.<\/p>\n<p>Les mosqu\u00e9es de l'Est \u00e9taient des lieux pour administrer les services divins et les pri\u00e8res. Le mot \u00abmosqu\u00e9e\u00bb lui-m\u00eame vient de l'arabe \u00abmaszhid\u00bb. La majorit\u00e9 des mosqu\u00e9es de l'Est repr\u00e9sentent un b\u00e2timent d'un \u00e9tage avec un patio. En face d'une porte de mosqu\u00e9e, il y avait une salle de pri\u00e8re et dans l'un des coins de celle-ci donnait sur un minaret d'o\u00f9 un muezzin annon\u00e7ait le d\u00e9but des pri\u00e8res. Les murs de la salle de pri\u00e8re \u00e9taient inscrits avec des versets du Coran. Le mur qui faisait face \u00e0 la Mecque avait un ambry - mikhrab vide o\u00f9 l'imam priait. \u00c0 droite du mikhrab, il y avait un stand - minbar \u00e0 partir duquel un pr\u00e9dicateur imam lisait des sermons aux croyants lors d'une pri\u00e8re du vendredi.<\/p>\n<p>Contrairement aux mosqu\u00e9es standard, Ak-Maszhid \u00e0 Khiva a une architecture originale. Ce quartier de la mosqu\u00e9e pour administrer une pri\u00e8re quotidienne cinq fois par jour est situ\u00e9 pr\u00e8s des portes orientales de Palvan-Darvoza. Ak-Maszhid a \u00e9t\u00e9 construit en plusieurs \u00e9tapes. En 1647, sous Seybanid Anush-khan, la fondation de la mosqu\u00e9e avec les bains Anush fut \u00e9tablie, mais ce n'est pas avant 1838-42 sous le r\u00e9giment de la dynastie Kungrat que le b\u00e2timent lui-m\u00eame fut achev\u00e9. Ce fait est certifi\u00e9 par une inscription sur la porte de la mosqu\u00e9e qui indique \u00e9galement que la gravure sur bois a \u00e9t\u00e9 r\u00e9alis\u00e9e par les ma\u00eetres Khiva Kalandar et Nur Mukhammad.<\/p>\n<p>Le b\u00e2timent repr\u00e9sente une salle en forme de d\u00f4me \u00e0 laquelle jouxtent trois galeries. Comme Ak-Maszhid est un quartier de mosqu\u00e9e pour les pri\u00e8res quotidiennes, il a \u00e9t\u00e9 construit et d\u00e9cor\u00e9 sans exc\u00e8s ornemental particulier. La seule d\u00e9coration de la mosqu\u00e9e est peut-\u00eatre des portes et des fen\u00eatres orn\u00e9es d'une gravure sur bois de premier ordre. Les fen\u00eatres d'Ak-Maszhid sont orn\u00e9es de grilles ganj repr\u00e9sentant une polyfoil. Le mur sud de la mosqu\u00e9e o\u00f9 se trouve un mikhrab orientait les croyants vers la Mecque.<\/p>\n<p>La fondation carr\u00e9e de la mosqu\u00e9e est recouverte d'un d\u00f4me h\u00e9misph\u00e9rique blanc. La salle de pri\u00e8re elle-m\u00eame mesure 6.33 \u00d7 6.35 m. Les murs de la salle de pri\u00e8re sont recouverts de pl\u00e2tre ganj de couleur blanche. De trois c\u00f4t\u00e9s de la salle, il y a des fourgons avec des colonnes en bois.<\/p>\n<p>Ak-Maszhid malgr\u00e9 sa petite taille est l'un des plus beaux monuments de Khiva m\u00e9di\u00e9vale. Son architecture simple mais en m\u00eame temps \u00e9labor\u00e9e le distingue de mani\u00e8re avantageuse des autres monuments d'Ichan Kala.<\/p>\n\n\t\t<\/div>\n\t<\/div>\n<\/div><\/div><\/div><\/div><div class=\"vc_row wpb_row vc_row-fluid\"><div class=\"wpb_column vc_column_container vc_col-sm-12\"><div class=\"vc_column-inner\"><div class=\"wpb_wrapper\"><\/div><\/div><\/div><\/div>","protected":false},"excerpt":{"rendered":"Ak-Mosque Khiva is one of the most beautiful cities of Uzbekistan. Over a period of its existence the city did not change much, which fact...","protected":false},"author":1,"featured_media":0,"parent":23451,"menu_order":0,"comment_status":"closed","ping_status":"closed","template":"","meta":[],"_links":{"self":[{"href":"https:\/\/sacredeasttravel.com\/fr\/wp-json\/wp\/v2\/pages\/23780"}],"collection":[{"href":"https:\/\/sacredeasttravel.com\/fr\/wp-json\/wp\/v2\/pages"}],"about":[{"href":"https:\/\/sacredeasttravel.com\/fr\/wp-json\/wp\/v2\/types\/page"}],"author":[{"embeddable":true,"href":"https:\/\/sacredeasttravel.com\/fr\/wp-json\/wp\/v2\/users\/1"}],"replies":[{"embeddable":true,"href":"https:\/\/sacredeasttravel.com\/fr\/wp-json\/wp\/v2\/comments?post=23780"}],"version-history":[{"count":1,"href":"https:\/\/sacredeasttravel.com\/fr\/wp-json\/wp\/v2\/pages\/23780\/revisions"}],"predecessor-version":[{"id":23782,"href":"https:\/\/sacredeasttravel.com\/fr\/wp-json\/wp\/v2\/pages\/23780\/revisions\/23782"}],"up":[{"embeddable":true,"href":"https:\/\/sacredeasttravel.com\/fr\/wp-json\/wp\/v2\/pages\/23451"}],"wp:attachment":[{"href":"https:\/\/sacredeasttravel.com\/fr\/wp-json\/wp\/v2\/media?parent=23780"}],"curies":[{"name":"wp","href":"https:\/\/api.w.org\/{rel}","templated":true}]}}