{"id":23783,"date":"2021-04-21T11:26:57","date_gmt":"2021-04-21T11:26:57","guid":{"rendered":"https:\/\/sacredeasttravel.com\/?page_id=23783"},"modified":"2021-06-27T20:10:18","modified_gmt":"2021-06-27T20:10:18","slug":"mosque-juma","status":"publish","type":"page","link":"https:\/\/sacredeasttravel.com\/fr\/uzbekistan\/khiva\/mosque-juma\/","title":{"rendered":"Mosqu\u00e9e Djuma"},"content":{"rendered":"<div class=\"vc_row wpb_row vc_row-fluid\"><div class=\"wpb_column vc_column_container vc_col-sm-12\"><div class=\"vc_column-inner\"><div class=\"wpb_wrapper\">\n\t<div  class=\"wpb_single_image wpb_content_element vc_align_left\">\n\t\t\n\t\t<figure class=\"wpb_wrapper vc_figure\">\n\t\t\t<div class=\"vc_single_image-wrapper   vc_box_border_grey\"><img width=\"900\" height=\"600\" src=\"https:\/\/sacredeasttravel.com\/wp-content\/uploads\/2021\/04\/juma_mosque_BIG.jpg\" class=\"vc_single_image-img attachment-full\" alt=\"\" decoding=\"async\" loading=\"lazy\" srcset=\"https:\/\/sacredeasttravel.com\/wp-content\/uploads\/2021\/04\/juma_mosque_BIG.jpg 900w, https:\/\/sacredeasttravel.com\/wp-content\/uploads\/2021\/04\/juma_mosque_BIG-300x200.jpg 300w, https:\/\/sacredeasttravel.com\/wp-content\/uploads\/2021\/04\/juma_mosque_BIG-768x512.jpg 768w, https:\/\/sacredeasttravel.com\/wp-content\/uploads\/2021\/04\/juma_mosque_BIG-16x12.jpg 16w, https:\/\/sacredeasttravel.com\/wp-content\/uploads\/2021\/04\/juma_mosque_BIG-600x400.jpg 600w\" sizes=\"(max-width: 900px) 100vw, 900px\" \/><\/div>\n\t\t<\/figure>\n\t<\/div>\n\n\t<div class=\"wpb_text_column wpb_content_element\" >\n\t\t<div class=\"wpb_wrapper\">\n\t\t\t<h2><strong>Mosqu\u00e9e Djuma<\/strong><\/h2>\n<hr class=\"divider active horizontal-break small\" \/>\n\n\t\t<\/div>\n\t<\/div>\n\n\t<div class=\"wpb_text_column wpb_content_element\" >\n\t\t<div class=\"wpb_wrapper\">\n\t\t\t<p>Il y a une mosqu\u00e9e Djuma (vendredi) au centre d'Ichan-kala. Il a \u00e9t\u00e9 \u00e9rig\u00e9 \u00e0 la fin du XVIIIe si\u00e8cle sur les ruines de la construction pr\u00e9c\u00e9dente. C'est un b\u00e2timent original sans portails ni coupoles, sans galeries ni cours. Il mesure 55 \u00d7 46 m. On peut entrer dans la mosqu\u00e9e de quatre c\u00f4t\u00e9s. De la fa\u00e7ade nord, face \u00e0 l'une des rues principales de la ville, la mosqu\u00e9e fait face \u00e0 un minaret de 52 m. haute.<\/p>\n<p>Le b\u00e2timent est cl\u00f4tur\u00e9 avec des murs en briques. L'espace int\u00e9rieur est une seule salle, dont le plafond plat est soutenu par 215 piliers en bois. Ce type de mosqu\u00e9e \u00e0 une seule salle se trouve dans le monde entier et \u00e0 travers les \u00e2ges; Assistez \u00e0 la magnifique mosqu\u00e9e \u00e0 Afrasiab (Xe si\u00e8cle), \u00e0 \u200b\u200bune mosqu\u00e9e iranienne \u00e0 Plain (Xe si\u00e8cle), \u00e0 \u200b\u200bla mosqu\u00e9e marocaine de Khas-an \u00e0 Rabat (XIIe si\u00e8cle) et autres. Mais le plan constructif et le d\u00e9cor de la mosqu\u00e9e Khiva Djuma s'expriment \u00e0 l'origine. De petites ouvertures ont \u00e9t\u00e9 faites dans le plafond pour la lumi\u00e8re et la ventilation de la salle.<\/p>\n<p>La finition de la fa\u00e7ade est en brique ouverte. L'int\u00e9rieur est simplement pl\u00e2tr\u00e9. Les espaces entre les fen\u00eatres sont peints en noir et rouge; les arbres, les buissons et les iris sont repr\u00e9sent\u00e9s de mani\u00e8re r\u00e9aliste, symbolisant le souhait de paix et de tranquillit\u00e9 dans l'art monumental et d\u00e9coratif de l'Asie centrale. Les iris ont \u00e9galement \u00e9t\u00e9 utilis\u00e9s dans la peinture des mosqu\u00e9es de Ferghana, dans le Mamangan Khodja Amin Kabri et dans d'autres monuments comm\u00e9moratifs. Les portes sculpt\u00e9es et les piliers de la mosqu\u00e9e pr\u00e9sentent un int\u00e9r\u00eat particulier. Ils ont \u00e9t\u00e9 construits \u00e0 diff\u00e9rentes \u00e9poques.<\/p>\n<p>La sculpture profonde et sur\u00e9lev\u00e9e avec une inscription Kufi ornent les f\u00fbts des piliers des Xe - XIe si\u00e8cles. Des ornements plus plats et des peintures plus petites avec des Kufi florissants sont vus sur les piliers des XIe - XIIe si\u00e8cles. Le texte sur eux rappelle aux fid\u00e8les que \u00abcette possession appartient \u00e0 Allah\u00bb. La combinaison d'ornements g\u00e9om\u00e9triques et v\u00e9g\u00e9taux et d'\u00e9criture arabe est propre aux piliers du XVe si\u00e8cle. La majorit\u00e9 des piliers ont \u00e9t\u00e9 \u00e9rig\u00e9s au XVIIIe si\u00e8cle et certains d'entre eux sont d'origine tardive. On peut lire ces dates sur les portes et les piliers: 1316, 1510, 1788, 1 789, probablement, montrant les \u00e9tapes de construction de la mosqu\u00e9e.<\/p>\n<p>La for\u00eat de piliers debout dans la semi-obscurit\u00e9 de la salle, orn\u00e9e des meilleurs motifs de sculpture de Khorezm, exprime l'art inimitable des ma\u00eetres locaux.<\/p>\n\n\t\t<\/div>\n\t<\/div>\n<\/div><\/div><\/div><\/div><div class=\"vc_row wpb_row vc_row-fluid\"><div class=\"wpb_column vc_column_container vc_col-sm-12\"><div class=\"vc_column-inner\"><div class=\"wpb_wrapper\"><\/div><\/div><\/div><\/div>","protected":false},"excerpt":{"rendered":"Mosque Juma There is a Djuma (Friday) mosque in the center of Ichan-kala. It was erected at the end of the eighteenth century over the...","protected":false},"author":1,"featured_media":0,"parent":23451,"menu_order":0,"comment_status":"closed","ping_status":"closed","template":"","meta":[],"_links":{"self":[{"href":"https:\/\/sacredeasttravel.com\/fr\/wp-json\/wp\/v2\/pages\/23783"}],"collection":[{"href":"https:\/\/sacredeasttravel.com\/fr\/wp-json\/wp\/v2\/pages"}],"about":[{"href":"https:\/\/sacredeasttravel.com\/fr\/wp-json\/wp\/v2\/types\/page"}],"author":[{"embeddable":true,"href":"https:\/\/sacredeasttravel.com\/fr\/wp-json\/wp\/v2\/users\/1"}],"replies":[{"embeddable":true,"href":"https:\/\/sacredeasttravel.com\/fr\/wp-json\/wp\/v2\/comments?post=23783"}],"version-history":[{"count":2,"href":"https:\/\/sacredeasttravel.com\/fr\/wp-json\/wp\/v2\/pages\/23783\/revisions"}],"predecessor-version":[{"id":24553,"href":"https:\/\/sacredeasttravel.com\/fr\/wp-json\/wp\/v2\/pages\/23783\/revisions\/24553"}],"up":[{"embeddable":true,"href":"https:\/\/sacredeasttravel.com\/fr\/wp-json\/wp\/v2\/pages\/23451"}],"wp:attachment":[{"href":"https:\/\/sacredeasttravel.com\/fr\/wp-json\/wp\/v2\/media?parent=23783"}],"curies":[{"name":"wp","href":"https:\/\/api.w.org\/{rel}","templated":true}]}}